{"id":217,"date":"2014-02-24T19:01:21","date_gmt":"2014-02-24T19:01:21","guid":{"rendered":"http:\/\/www2.unicentro.br\/proaf\/?page_id=217"},"modified":"2025-12-18T21:28:57","modified_gmt":"2025-12-18T21:28:57","slug":"comunicado","status":"publish","type":"page","link":"https:\/\/www2.unicentro.br\/proaf\/comunicado\/","title":{"rendered":"Comunicado"},"content":{"rendered":"<ul>\n<li><a href=\"https:\/\/www2.unicentro.br\/proaf\/files\/2025\/12\/Comunicado_Conjunto_001_2026_DIRF_DIRORC_694456da1082b.pdf\">Comunicado Conjunto N\u00ba 001\/2026 &#8211; DIRF\/DIRORC-UNICENTRO<\/a><\/li>\n<li><a href=\"https:\/\/www2.unicentro.br\/proaf\/files\/2025\/01\/Comunicado_Conjunto_001_2025_DIRF_DIRORC_677ec9dc4f2fc.pdf\">Comunicado Conjunto N\u00b0 001\/2025 &#8211; DIRF\/DIRORC-UNICENTRO <\/a><\/li>\n<li><a href=\"https:\/\/www2.unicentro.br\/proaf\/files\/2025\/01\/UNICENTRO_Centros_de_Custos_2025_677d599c147b1.pdf\">Centro de Custos 2025<\/a><\/li>\n<li><a href=\"https:\/\/www2.unicentro.br\/proaf\/files\/2024\/09\/tickets2024.pdf\">Comunica\u00e7\u00e3o: Emiss\u00e3o de tickets<\/a><\/li>\n<li><a href=\"https:\/\/www2.unicentro.br\/proaf\/files\/2023\/01\/Memorando_Circular_002_2023_DIRORC_Libera_o_or_ament_ria_do_1_trimestre_de_2023_e_orienta_es_sobre_pedidos_de_empenhos_63c5a11415065.pdf\">Memorando Circular n\u00ba 02\/2023 &#8211; Libera\u00e7\u00e3o or\u00e7ament\u00e1ria do 1\u00ba trimestre e orienta\u00e7\u00f5es sobre pedidos de empenhos de 2023<\/a><\/li>\n<li><a href=\"https:\/\/www2.unicentro.br\/proaf\/files\/2023\/01\/Memorando_Circular_001_2023_DIRORC_Orienta_es_sobre_pedidos_de_empenhos_de_2023_63c5a113ba8df.pdf\">Memorando Circular n\u00ba 01\/2023 &#8211; Orienta\u00e7\u00f5es sobre pedidos de empenhos de 2023<\/a><\/li>\n<li><a href=\"http:\/\/www2.unicentro.br\/proaf\/files\/2014\/02\/COMUNICADO_ABERTURA_SGUWEB_DI_RIAS_55c372813cbc1.pdf\" target=\"_blank\" rel=\"noopener\">Comunicado:\u00a0pedidos de empenhos e pedidos de di\u00e1rias por endere\u00e7o eletr\u00f4nico<\/a><\/li>\n<li><a href=\"http:\/\/www2.unicentro.br\/proaf\/files\/2014\/02\/COMUNICADO_02_DIRFIN_ASSINATURA_E_TRAMITA_O_ELETR_NICA_DE_PEDIDOS_DE_EMPENHOS_55c37294ef3e1.pdf\" target=\"_blank\" rel=\"noopener\">Comunicado:\u00a0pedidos retidos no sistema sem a devida aprova\u00e7\u00e3o<\/a><\/li>\n<li><a href=\"http:\/\/www2.unicentro.br\/proaf\/files\/2014\/02\/Comunicado_di_rias_545ba1f26c939.pdf\">Comunicado: emiss\u00e3o de di\u00e1rias [.pdf]<\/a><\/li>\n<\/ul>\n","protected":false},"excerpt":{"rendered":"<p>Comunicado Conjunto N\u00ba 001\/2026 &#8211; DIRF\/DIRORC-UNICENTRO Comunicado Conjunto N\u00b0 001\/2025 &#8211; DIRF\/DIRORC-UNICENTRO Centro de Custos 2025 Comunica\u00e7\u00e3o: Emiss\u00e3o de tickets Memorando Circular n\u00ba 02\/2023 &#8211; Libera\u00e7\u00e3o or\u00e7ament\u00e1ria do 1\u00ba trimestre e orienta\u00e7\u00f5es sobre pedidos de empenhos de 2023 Memorando Circular n\u00ba 01\/2023 &#8211; Orienta\u00e7\u00f5es sobre pedidos de empenhos de 2023 Comunicado:\u00a0pedidos de empenhos e pedidos [&hellip;]<\/p>\n","protected":false},"author":2,"featured_media":0,"parent":0,"menu_order":0,"comment_status":"closed","ping_status":"closed","template":"onecolumn-page.php","meta":{"_exactmetrics_skip_tracking":false,"_exactmetrics_sitenote_active":false,"_exactmetrics_sitenote_note":"","_exactmetrics_sitenote_category":0,"ngg_post_thumbnail":0,"footnotes":"","_links_to":"","_links_to_target":""},"class_list":["post-217","page","type-page","status-publish","hentry"],"_links":{"self":[{"href":"https:\/\/www2.unicentro.br\/proaf\/wp-json\/wp\/v2\/pages\/217","targetHints":{"allow":["GET"]}}],"collection":[{"href":"https:\/\/www2.unicentro.br\/proaf\/wp-json\/wp\/v2\/pages"}],"about":[{"href":"https:\/\/www2.unicentro.br\/proaf\/wp-json\/wp\/v2\/types\/page"}],"author":[{"embeddable":true,"href":"https:\/\/www2.unicentro.br\/proaf\/wp-json\/wp\/v2\/users\/2"}],"replies":[{"embeddable":true,"href":"https:\/\/www2.unicentro.br\/proaf\/wp-json\/wp\/v2\/comments?post=217"}],"version-history":[{"count":11,"href":"https:\/\/www2.unicentro.br\/proaf\/wp-json\/wp\/v2\/pages\/217\/revisions"}],"predecessor-version":[{"id":992,"href":"https:\/\/www2.unicentro.br\/proaf\/wp-json\/wp\/v2\/pages\/217\/revisions\/992"}],"wp:attachment":[{"href":"https:\/\/www2.unicentro.br\/proaf\/wp-json\/wp\/v2\/media?parent=217"}],"curies":[{"name":"wp","href":"https:\/\/api.w.org\/{rel}","templated":true}]}}