{"id":196,"date":"2013-05-16T13:19:38","date_gmt":"2013-05-16T13:19:38","guid":{"rendered":"http:\/\/www2.unicentro.br\/proaf\/?page_id=196"},"modified":"2026-04-13T19:35:26","modified_gmt":"2026-04-13T19:35:26","slug":"instrucoes-normativas","status":"publish","type":"page","link":"https:\/\/www2.unicentro.br\/proaf\/instrucoes-normativas\/","title":{"rendered":"Instru\u00e7\u00f5es Normativas"},"content":{"rendered":"<ul>\n<li><a href=\"https:\/\/www2.unicentro.br\/proaf\/files\/2026\/04\/INSTRU_O_NORMATIVA_N_02_2026_PROAF_69dd415d02465.pdf\"><strong>MINUTA DE INSTRU\u00c7\u00c3O NORMATIVA N\u00ba 02\/2026 \u2013 PROAF\/UNICENTRO<\/strong> &#8211; Estabelece procedimentos para o controle de materiais bibliogr\u00e1ficos por meio de rela\u00e7\u00e3o carga, no \u00e2mbito da Universidade Estadual do Centro-Oeste<\/a><\/li>\n<li><a href=\"https:\/\/www2.unicentro.br\/proaf\/files\/2026\/03\/IN_Complementar_01_2026_IN_001_206_PROAF_UNICENTRO_docx_69c2bf857bb33.pdf\"><strong>INSTRU\u00c7\u00c3O NORMATIVA COMPLEMENTAR N\u00ba 01\/2026 \u00c0 IN N\u00b0 001\/2026 \u2013 PROAF\/UNICENTRO<\/strong> &#8211; Estabelece normas complementares para a aplica\u00e7\u00e3o da Instru\u00e7\u00e3o Normativa n\u00ba 001\/2026-PROAF\/UNICENTRO, que disp\u00f5e sobre a implementa\u00e7\u00e3o da tramita\u00e7\u00e3o de documentos de despesas via eProtocolo<\/a><\/li>\n<li><span style=\"font-family: georgia, palatino, serif\"><a href=\"https:\/\/www2.unicentro.br\/proaf\/files\/2026\/01\/IN_2026_PROAF_697b4d49e3ee6.pdf\"><strong>INSTRU\u00c7\u00c3O NORMATIVA PROAF N\u00ba 01\/2026 &#8211; Estabelece normas visando implementar a tramita\u00e7\u00e3o de documentos de despesas via eProtocolo<\/strong><\/a><\/span><\/li>\n<li><a href=\"https:\/\/www2.unicentro.br\/proaf\/files\/2025\/08\/INSTRU_O_NORMATIVA_ENCERRAMENTO_DO_EXERC_CIO_2025_68a8674ff3ac5.pdf\"><strong>INSTRU\u00c7\u00c3O NORMATIVA PROAF N\u00b0 02\/2025<\/strong> &#8211; Estabelece normas visando disciplinar o encerramento cont\u00e1bil, financeiro, or\u00e7ament\u00e1rio e compras do exerc\u00edcio de 2025 e in\u00edcio de 2026<\/a><\/li>\n<li><a href=\"https:\/\/www2.unicentro.br\/proaf\/files\/2025\/06\/Instru_o_normativa_01_2025_PROAF_regulamento_almox_68595f09c384e.pdf\"><strong>INSTRU\u00c7\u00c3O NORMATIVA PROAF N\u00ba 01\/2025<\/strong> &#8211; Estabelece normas visando disciplinar o acesso e as atividades no Almoxarifado Central da Unicentro<\/a><\/li>\n<li><a href=\"https:\/\/www2.unicentro.br\/proaf\/files\/2024\/08\/INSTRU_O_NORMATIVA_N_012024_PROAF_UNICENTRO_atualizado.pdf\">Instru\u00e7\u00e3o Normativa n\u00b0 01\/2024-Proaf &#8211; Estabelece normas visando disciplinar o encerramento cont\u00e1bil, financeiro, or\u00e7ament\u00e1rio e compras do exerc\u00edcio de 2024 e in\u00edcio de 2025<\/a><\/li>\n<li><a href=\"https:\/\/www2.unicentro.br\/proaf\/files\/2023\/09\/INSTRU_O_NORMATIVA_ENCERRAMENTO_DO_EXERC_CIO_2023_docx_1_6502eb2e29fbd.pdf\">Instru\u00e7\u00e3o Normativa n\u00b0 03\/2023-Proaf &#8211; Estabelece normas visando disciplinar o encerramento cont\u00e1bil, financeiro, or\u00e7ament\u00e1rio e compras do exerc\u00edcio de 2023 e in\u00edcio de 2024<\/a><\/li>\n<li><a href=\"https:\/\/www2.unicentro.br\/proaf\/files\/2023\/08\/IN_02_2023_PROAF_Habilita_o_econ_mico_financeira_64dbcb636ce5b.pdf\">Instru\u00e7\u00e3o Normativa n\u00ba 02\/2023-Proaf &#8211; Estabelece crit\u00e9rios para qualifica\u00e7\u00e3o econ\u00f4mico-financeira a serem utilizados nas contrata\u00e7\u00f5es regidas pela Lei n\u00ba. 14.133, de 1\u00ba de abril de 2021, e pelo Decreto n\u00ba. 10.086, de 17 de Janeiro de 2022<\/a><\/li>\n<li><a href=\"https:\/\/www2.unicentro.br\/proaf\/files\/2023\/07\/Instru_o_Normativa_01_2023_PROAF_64a401dc06ce4.pdf\">Instru\u00e7\u00e3o Normativa n\u00b0 01\/2023-Proaf &#8211; Normatiza os procedimentos internos para compras e contrata\u00e7\u00f5es, para fins de cumprimento da Lei Federal n\u00ba 14.133\/2021 de 01 de abril de 2021 e do Decreto Estadual n\u00ba 10.086\/2022 de 17 de janeiro de 2022<\/a><\/li>\n<li>.&nbsp;<a href=\"https:\/\/www2.unicentro.br\/proaf\/files\/2022\/11\/INSTRU_O_NORMATIVA_03_2022_NORMAS_E_PROCEDIMENTOS_DE_CONCILIA_O_BANC_RIA_63504e5f4cce3.pdf\">Instru\u00e7\u00e3o Normativa n\u00b0 03\/2022-Proaf &#8211; Em complemento a Orienta\u00e7\u00e3o T\u00e9cnica Cont\u00e1bil n\u00ba 008\/2021-DNC\/DCG\/SEFA<\/a><\/li>\n<li><a href=\"https:\/\/www2.unicentro.br\/proaf\/files\/2022\/08\/INSTRU_O_NORMATIVA_02_2022_dec_2575_630fab0de05a2.pdf\">Instru\u00e7\u00e3o Normativa n\u00ba 002\/2022-Proaf &#8211; Estabelece normas visando atender ao Decreto Estadual n\u00ba 2575\/2019 e seus Anexos<\/a><\/li>\n<li><a href=\"https:\/\/www2.unicentro.br\/proaf\/files\/2022\/08\/INSTRU_O_NORMATIVA_01_2022_ENCERRAMENTO_DO_EXERC_CIO_2022_630fab0d93369.pdf\">Instru\u00e7\u00e3o Normativa n\u00ba 001\/2022-Proaf &#8211; Estabelece normas visando disciplinar o encerramento cont\u00e1bil, financeiro, or\u00e7ament\u00e1rio e compras do exerc\u00edcio de 2022 e in\u00edcio de 2023<\/a><\/li>\n<li><a href=\"https:\/\/www2.unicentro.br\/proaf\/files\/2021\/09\/Instrucao-Normativa-01_2021-PROAF-Encerramento-do-Exercicio-de-2021.pdf\">Instru\u00e7\u00e3o Normativa n\u00ba 001\/2021-Proaf &#8211; Estabelece normas visando disciplinar o encerramento cont\u00e1bil, financeiro, or\u00e7ament\u00e1rio e compras do exerc\u00edcio de 2021 e in\u00edcio de 2022<\/a><\/li>\n<li><a href=\"https:\/\/www2.unicentro.br\/proaf\/files\/2020\/11\/IN_03_2020_PROAF_INVENT_RIO_5fa1987e6a133.pdf\">Instru\u00e7\u00e3o Normativa n\u00ba 003\/2020-Proaf &#8211; Normatiza Procedimentos, para o invent\u00e1rio, prepara\u00e7\u00e3o e migra\u00e7\u00e3o dos dados dos bens m\u00f3veis e im\u00f3veis para os sistemas Gest\u00e3o de Patrim\u00f4nio de Bens M\u00f3veis &#8211; GPM e Sistema de Gest\u00e3o de Patrim\u00f4nio de Bens Im\u00f3veis \u2013 GPI<\/a><\/li>\n<li><a href=\"https:\/\/www2.unicentro.br\/proaf\/files\/2020\/11\/ANEXO_IN_003_2020_PROAF_INVENT_RIO_5fa1989684c83.pdf\">ANEXO Instru\u00e7\u00e3o Normativa n\u00ba 003\/2020-Proaf<\/a><\/li>\n<li><a href=\"https:\/\/www2.unicentro.br\/proaf\/files\/2020\/11\/IN_02_2020_PROAF_COPPA_5fa19860514cd.pdf\">Instru\u00e7\u00e3o Normativa n\u00ba 002\/2020-Proaf &#8211; Normatiza Procedimentos Cont\u00e1beis Patrimoniais para Reconhecimento, Mensura\u00e7\u00e3o, Evidencia\u00e7\u00e3o, Reavalia\u00e7\u00e3o, dos Bens M\u00f3veis, Bens Im\u00f3veis, Ativos de Infraestrutura, Bens do Patrim\u00f4nio Cultural, Ativos Intang\u00edveis e Semoventes da Unicentro<\/a><\/li>\n<li><a href=\"https:\/\/www2.unicentro.br\/proaf\/files\/2020\/07\/INSTRU_O_NORMATIVA_001_2020_PROAF_UNICENTRO_5eff2c52704ec.pdf\">Instru\u00e7\u00e3o Normativa n\u00ba 01\/2020-Proaf &#8211; Estabelece normas visando determinar a entrega de documentos financeiros na forma original e presencial para o segundo semestre de 2020<\/a><\/li>\n<li><a href=\"https:\/\/www2.unicentro.br\/proaf\/files\/2019\/11\/Instru_o_Normativa_02_2019_PROAF_5de01d0e92ba8.pdf\">Instru\u00e7\u00e3o Normativa n\u00ba 02\/2019-Proaf &#8211; Estabelece normas visando determinar o uso dos contratos para os servi\u00e7os realizados na forma de eventos de extens\u00e3o, cursos de p\u00f3-sgradua\u00e7\u00e3o e presta\u00e7\u00e3o de servi\u00e7os diversos quando se tratarem de pagamentos parcelados<\/a><\/li>\n<li><a href=\"http:\/\/www2.unicentro.br\/proaf\/files\/2013\/05\/INSTRU_O_PARA_UTILIZA_O_DE_RECURSOS_DE_PROJETOS_5810b20793878.pdf\">Instru\u00e7\u00f5es para utiliza\u00e7\u00e3o de super\u00e1vit gerado em projetos institucionais<\/a><\/li>\n<li><a href=\"http:\/\/www2.unicentro.br\/proaf\/files\/2013\/05\/Instru_o_Normativa_01_2015_Normas_para_Capta_o_de_Recursos_com_Projetos_55c942aabbece.pdf\">Instru\u00e7\u00e3o Normativa n\u00ba 01\/2015-Proaf &#8211; Normas visando disciplinar o tr\u00e2mite de projetos e de planos de aplica\u00e7\u00e3o de fundos que envolvem recursos or\u00e7ament\u00e1rios, para sua inser\u00e7\u00e3o no SGU<\/a><\/li>\n<li><a href=\"http:\/\/www2.unicentro.br\/proaf\/files\/2013\/05\/PLANO_DE_CONTAS_2015_54995b21a85d5.pdf\" target=\"_blank\" rel=\"noopener noreferrer\">Plano de Contas de Despesas de 2015<\/a><\/li>\n<li><a href=\"http:\/\/www2.unicentro.br\/dicon\/files\/2015\/07\/Manual_de_Concess_o_de_Di_rias_SGU_FINANCEIRO_v2_55ba7b4e38c4b.pdf\">Manual de procedimentos para solicita\u00e7\u00e3o de di\u00e1rias<\/a><\/li>\n<li><a href=\"http:\/\/www2.unicentro.br\/dicon\/files\/2015\/07\/PASSO_A_PASSO_CONCESS_O_DE_DI_RIAS_55ba7b79a90fe.pdf\">Passo a passo &#8211; Fluxo de Tramita\u00e7\u00e3o do Pedido de Di\u00e1ria por Empenho<\/a><\/li>\n<li><a href=\"http:\/\/www2.unicentro.br\/proaf\/files\/2013\/05\/CARTILHA_NO_ES_B_SICAS_DA_EXECU_O_DA_DESPESA_P_BLICA_55ba8cc85fe6f.pdf\">Cartilha de no\u00e7\u00f5es b\u00e1sicas da despesa p\u00fablica<\/a><\/li>\n<li><a href=\"http:\/\/www2.unicentro.br\/proaf\/files\/2013\/05\/TABELA_DE_VALORES_LIMITES_PARA_DI_RIAS_VIAGENS_NACIONAIS_545ba604f0c07.pdf\">Tabela de valores limites para di\u00e1rias &#8211; viagens nacionais<\/a><\/li>\n<li><a href=\"http:\/\/www2.unicentro.br\/proaf\/files\/2013\/05\/TABELA_DE_VALORES_LIMITES_PARA_DI_RIAS_VIAGENS_INTERNACIONAIS_545ba62ba1eda.pdf\">Tabela de valores limites para di\u00e1rias &#8211; viagens internacionais<\/a><\/li>\n<li><a href=\"http:\/\/www2.unicentro.br\/proaf\/files\/2013\/05\/IN-01-2013.pdf\">Instru\u00e7\u00e3o Normativa 001\/2013 &#8211; Normas, prazos e procedimentos para aquisi\u00e7\u00e3o de bens e servi\u00e7os<\/a><\/li>\n<\/ul>\n","protected":false},"excerpt":{"rendered":"<p>MINUTA DE INSTRU\u00c7\u00c3O NORMATIVA N\u00ba 02\/2026 \u2013 PROAF\/UNICENTRO &#8211; Estabelece procedimentos para o controle de materiais bibliogr\u00e1ficos por meio de rela\u00e7\u00e3o carga, no \u00e2mbito da Universidade Estadual do Centro-Oeste INSTRU\u00c7\u00c3O NORMATIVA COMPLEMENTAR N\u00ba 01\/2026 \u00c0 IN N\u00b0 001\/2026 \u2013 PROAF\/UNICENTRO &#8211; Estabelece normas complementares para a aplica\u00e7\u00e3o da Instru\u00e7\u00e3o Normativa n\u00ba 001\/2026-PROAF\/UNICENTRO, que disp\u00f5e sobre [&hellip;]<\/p>\n","protected":false},"author":2,"featured_media":0,"parent":0,"menu_order":0,"comment_status":"closed","ping_status":"closed","template":"onecolumn-page.php","meta":{"_exactmetrics_skip_tracking":false,"_exactmetrics_sitenote_active":false,"_exactmetrics_sitenote_note":"","_exactmetrics_sitenote_category":0,"ngg_post_thumbnail":0,"footnotes":"","_links_to":"","_links_to_target":""},"class_list":["post-196","page","type-page","status-publish","hentry"],"_links":{"self":[{"href":"https:\/\/www2.unicentro.br\/proaf\/wp-json\/wp\/v2\/pages\/196","targetHints":{"allow":["GET"]}}],"collection":[{"href":"https:\/\/www2.unicentro.br\/proaf\/wp-json\/wp\/v2\/pages"}],"about":[{"href":"https:\/\/www2.unicentro.br\/proaf\/wp-json\/wp\/v2\/types\/page"}],"author":[{"embeddable":true,"href":"https:\/\/www2.unicentro.br\/proaf\/wp-json\/wp\/v2\/users\/2"}],"replies":[{"embeddable":true,"href":"https:\/\/www2.unicentro.br\/proaf\/wp-json\/wp\/v2\/comments?post=196"}],"version-history":[{"count":30,"href":"https:\/\/www2.unicentro.br\/proaf\/wp-json\/wp\/v2\/pages\/196\/revisions"}],"predecessor-version":[{"id":1017,"href":"https:\/\/www2.unicentro.br\/proaf\/wp-json\/wp\/v2\/pages\/196\/revisions\/1017"}],"wp:attachment":[{"href":"https:\/\/www2.unicentro.br\/proaf\/wp-json\/wp\/v2\/media?parent=196"}],"curies":[{"name":"wp","href":"https:\/\/api.w.org\/{rel}","templated":true}]}}