{"id":188,"date":"2013-05-03T17:22:33","date_gmt":"2013-05-03T17:22:33","guid":{"rendered":"http:\/\/www2.unicentro.br\/proaf\/?page_id=188"},"modified":"2015-03-25T13:15:34","modified_gmt":"2015-03-25T13:15:34","slug":"legislacao","status":"publish","type":"page","link":"https:\/\/www2.unicentro.br\/proaf\/legislacao\/","title":{"rendered":"Legisla\u00e7\u00e3o"},"content":{"rendered":"<ul>\n<li><a href=\"http:\/\/www2.unicentro.br\/proaf\/files\/2013\/05\/INSTRU_O_NORMATIVA_RFB_971_2009_Legisla_o_Previdenci_ria_551205a8452bf.pdf\"><strong>INSTRU\u00c7\u00c3O NORMATIVA RFB N\u00ba 971, DE 13 DE NOVEMBRO DE 2009<\/strong> &#8211; Disp\u00f5e sobre normas gerais de tributa\u00e7\u00e3o previdenci\u00e1ria e de arrecada\u00e7\u00e3o das contribui\u00e7\u00f5es sociais destinadas \u00e0 Previd\u00eancia Social e as destinadas a outras entidades ou fundos, administradas pela Secretaria da Receita Federal do Brasil (RFB)<\/a><\/li>\n<li><a href=\"http:\/\/www2.unicentro.br\/proaf\/files\/2013\/05\/LEI_COMPLEMENTAR_017_2006_IMPOSTO_SOBRE_SERVI_OS_DE_QUALQUER_NATUREZA_ISSQN_GUARAPUAVA_551205d25e145.pdf\"><strong>LEI COMPLEMENTAR N\u00b0 017\/2006<\/strong> &#8211; Disp\u00f5e sobre o IMPOSTO SOBRE SERVI\u00c7OS DE QUALQUER NATUREZA \u2013 ISSQN do Munic\u00edpio de Guarapuava e institui a nova lista de servi\u00e7os<\/a><\/li>\n<li><a href=\"http:\/\/www2.unicentro.br\/proaf\/files\/2013\/05\/TABELA_IRRF_2015_MEDIDA_PROVIS_RIA_670_2015_1_5512054f6fd78.pdf\"><strong>MEDIDA PROVIS\u00d3RIA N\u00ba 670, de 10 de mar\u00e7o de 2015<\/strong> &#8211; Altera a Lei n\u00ba 11.482, de 31 de maio de 20107, para dispor sobre os valores da tabela mensal do Imposto de Renda da Pessoa F\u00edsica; a Lei n\u00ba 7.713, de 22 de dezembro de 1988; e a Lei n\u00ba 9.250, de 26 de dezembro de 1995<\/a><\/li>\n<\/ul>\n","protected":false},"excerpt":{"rendered":"<p>INSTRU\u00c7\u00c3O NORMATIVA RFB N\u00ba 971, DE 13 DE NOVEMBRO DE 2009 &#8211; Disp\u00f5e sobre normas gerais de tributa\u00e7\u00e3o previdenci\u00e1ria e de arrecada\u00e7\u00e3o das contribui\u00e7\u00f5es sociais destinadas \u00e0 Previd\u00eancia Social e as destinadas a outras entidades ou fundos, administradas pela Secretaria da Receita Federal do Brasil (RFB) LEI COMPLEMENTAR N\u00b0 017\/2006 &#8211; Disp\u00f5e sobre o IMPOSTO [&hellip;]<\/p>\n","protected":false},"author":2,"featured_media":0,"parent":0,"menu_order":0,"comment_status":"closed","ping_status":"closed","template":"onecolumn-page.php","meta":{"_exactmetrics_skip_tracking":false,"_exactmetrics_sitenote_active":false,"_exactmetrics_sitenote_note":"","_exactmetrics_sitenote_category":0,"ngg_post_thumbnail":0,"footnotes":"","_links_to":"","_links_to_target":""},"class_list":["post-188","page","type-page","status-publish","hentry"],"_links":{"self":[{"href":"https:\/\/www2.unicentro.br\/proaf\/wp-json\/wp\/v2\/pages\/188","targetHints":{"allow":["GET"]}}],"collection":[{"href":"https:\/\/www2.unicentro.br\/proaf\/wp-json\/wp\/v2\/pages"}],"about":[{"href":"https:\/\/www2.unicentro.br\/proaf\/wp-json\/wp\/v2\/types\/page"}],"author":[{"embeddable":true,"href":"https:\/\/www2.unicentro.br\/proaf\/wp-json\/wp\/v2\/users\/2"}],"replies":[{"embeddable":true,"href":"https:\/\/www2.unicentro.br\/proaf\/wp-json\/wp\/v2\/comments?post=188"}],"version-history":[{"count":4,"href":"https:\/\/www2.unicentro.br\/proaf\/wp-json\/wp\/v2\/pages\/188\/revisions"}],"predecessor-version":[{"id":324,"href":"https:\/\/www2.unicentro.br\/proaf\/wp-json\/wp\/v2\/pages\/188\/revisions\/324"}],"wp:attachment":[{"href":"https:\/\/www2.unicentro.br\/proaf\/wp-json\/wp\/v2\/media?parent=188"}],"curies":[{"name":"wp","href":"https:\/\/api.w.org\/{rel}","templated":true}]}}