{"id":627,"date":"2017-03-21T12:38:21","date_gmt":"2017-03-21T12:38:21","guid":{"rendered":"http:\/\/www2.unicentro.br\/ppgvet\/?page_id=627"},"modified":"2024-08-30T17:48:38","modified_gmt":"2024-08-30T17:48:38","slug":"imagens","status":"publish","type":"page","link":"https:\/\/www2.unicentro.br\/ppgvet\/imagens\/","title":{"rendered":"Imagens"},"content":{"rendered":"<div class=\"wp-block-image\"><\/div>\n<p><a href=\"http:\/\/www2.unicentro.br\/ppgvet\/files\/2017\/03\/images.jpg\"><img loading=\"lazy\" decoding=\"async\" class=\"alignnone size-full wp-image-686\" src=\"http:\/\/www2.unicentro.br\/ppgvet\/files\/2017\/03\/images.jpg\" alt=\"\" width=\"259\" height=\"194\" \/><\/a><\/p>\n<div id=\"attachment_906\" style=\"width: 310px\" class=\"wp-caption alignnone\"><a href=\"http:\/\/www2.unicentro.br\/ppgvet\/files\/2017\/11\/fotos.jpg\"><img loading=\"lazy\" decoding=\"async\" aria-describedby=\"caption-attachment-906\" class=\"size-medium wp-image-906\" src=\"http:\/\/www2.unicentro.br\/ppgvet\/files\/2017\/11\/fotos-300x225.jpg\" alt=\"\" width=\"300\" height=\"225\" srcset=\"https:\/\/www2.unicentro.br\/ppgvet\/files\/2017\/11\/fotos-300x225.jpg 300w, https:\/\/www2.unicentro.br\/ppgvet\/files\/2017\/11\/fotos-768x576.jpg 768w, https:\/\/www2.unicentro.br\/ppgvet\/files\/2017\/11\/fotos-1024x768.jpg 1024w, https:\/\/www2.unicentro.br\/ppgvet\/files\/2017\/11\/fotos.jpg 1058w\" sizes=\"auto, (max-width: 300px) 100vw, 300px\" \/><\/a><p id=\"caption-attachment-906\" class=\"wp-caption-text\">Atividade de Extens\u00e3o realizada pelos mestrandos em parceria com o Col\u00e9gio Agr\u00edcola.<\/p><\/div>\n<p>&nbsp;<\/p>\n<div id=\"attachment_902\" style=\"width: 310px\" class=\"wp-caption alignnone\"><a href=\"http:\/\/www2.unicentro.br\/ppgvet\/files\/2017\/11\/IMG_3419.jpg\"><img loading=\"lazy\" decoding=\"async\" aria-describedby=\"caption-attachment-902\" class=\"size-medium wp-image-902\" src=\"http:\/\/www2.unicentro.br\/ppgvet\/files\/2017\/11\/IMG_3419-300x225.jpg\" alt=\"\" width=\"300\" height=\"225\" srcset=\"https:\/\/www2.unicentro.br\/ppgvet\/files\/2017\/11\/IMG_3419-300x225.jpg 300w, https:\/\/www2.unicentro.br\/ppgvet\/files\/2017\/11\/IMG_3419-768x576.jpg 768w, https:\/\/www2.unicentro.br\/ppgvet\/files\/2017\/11\/IMG_3419-1024x768.jpg 1024w, https:\/\/www2.unicentro.br\/ppgvet\/files\/2017\/11\/IMG_3419.jpg 1032w\" sizes=\"auto, (max-width: 300px) 100vw, 300px\" \/><\/a><p id=\"caption-attachment-902\" class=\"wp-caption-text\">Atividade de Extens\u00e3o dos mestrandos na disciplina de Educa\u00e7\u00e3o Cientifica no Ensino Fundamental, M\u00e9dio e Superior, ministrada no 2 semestre\/2017 na CFR-Pinh\u00e3o.<\/p><\/div>\n","protected":false},"excerpt":{"rendered":"<p>&nbsp;<\/p>\n","protected":false},"author":2,"featured_media":0,"parent":0,"menu_order":0,"comment_status":"closed","ping_status":"closed","template":"Twocolums-page.php","meta":{"_exactmetrics_skip_tracking":false,"_exactmetrics_sitenote_active":false,"_exactmetrics_sitenote_note":"","_exactmetrics_sitenote_category":0,"ngg_post_thumbnail":0,"footnotes":"","_links_to":"","_links_to_target":""},"class_list":["post-627","page","type-page","status-publish","hentry"],"_links":{"self":[{"href":"https:\/\/www2.unicentro.br\/ppgvet\/wp-json\/wp\/v2\/pages\/627","targetHints":{"allow":["GET"]}}],"collection":[{"href":"https:\/\/www2.unicentro.br\/ppgvet\/wp-json\/wp\/v2\/pages"}],"about":[{"href":"https:\/\/www2.unicentro.br\/ppgvet\/wp-json\/wp\/v2\/types\/page"}],"author":[{"embeddable":true,"href":"https:\/\/www2.unicentro.br\/ppgvet\/wp-json\/wp\/v2\/users\/2"}],"replies":[{"embeddable":true,"href":"https:\/\/www2.unicentro.br\/ppgvet\/wp-json\/wp\/v2\/comments?post=627"}],"version-history":[{"count":9,"href":"https:\/\/www2.unicentro.br\/ppgvet\/wp-json\/wp\/v2\/pages\/627\/revisions"}],"predecessor-version":[{"id":2178,"href":"https:\/\/www2.unicentro.br\/ppgvet\/wp-json\/wp\/v2\/pages\/627\/revisions\/2178"}],"wp:attachment":[{"href":"https:\/\/www2.unicentro.br\/ppgvet\/wp-json\/wp\/v2\/media?parent=627"}],"curies":[{"name":"wp","href":"https:\/\/api.w.org\/{rel}","templated":true}]}}