{"id":623,"date":"2017-03-21T12:37:38","date_gmt":"2017-03-21T12:37:38","guid":{"rendered":"http:\/\/www2.unicentro.br\/ppgvet\/?page_id=623"},"modified":"2017-03-23T18:13:00","modified_gmt":"2017-03-23T18:13:00","slug":"laboratorios","status":"publish","type":"page","link":"https:\/\/www2.unicentro.br\/ppgvet\/laboratorios\/","title":{"rendered":"Laborat\u00f3rios"},"content":{"rendered":"<h1>\u00a0 \u00a0 \u00a0 Laborat\u00f3rios do PPGCV:<\/h1>\n<ul>\n<li>Laborat\u00f3rio de Plantas de Lavoura &#8211; Coordenador Professor Dr. Itacir Eloi Sandini<\/li>\n<\/ul>\n<ul>\n<li>Laborat\u00f3rio de Anemia Infecciosa Equina &#8211; Coordenadora Professora Dra. Karen Regina Lemos<\/li>\n<\/ul>\n<ul>\n<li>Laborat\u00f3rio de Patologia Cl\u00ednica Animal &#8211; Coordenadora \u00a0Professora Dra. Margarete Kimie Falbo<\/li>\n<\/ul>\n<ul>\n<li>\u00a0Laborat\u00f3rio de Nutri\u00e7\u00e3o Animal \u00a0&#8211;\u00a0Coordenador Professor Dr. Mikael Neumann<\/li>\n<\/ul>\n","protected":false},"excerpt":{"rendered":"<p>\u00a0 \u00a0 \u00a0 Laborat\u00f3rios do PPGCV: Laborat\u00f3rio de Plantas de Lavoura &#8211; Coordenador Professor Dr. Itacir Eloi Sandini Laborat\u00f3rio de Anemia Infecciosa Equina &#8211; Coordenadora Professora Dra. Karen Regina Lemos Laborat\u00f3rio de Patologia Cl\u00ednica Animal &#8211; Coordenadora \u00a0Professora Dra. Margarete Kimie Falbo \u00a0Laborat\u00f3rio de Nutri\u00e7\u00e3o Animal \u00a0&#8211;\u00a0Coordenador Professor Dr. Mikael Neumann<\/p>\n","protected":false},"author":2,"featured_media":0,"parent":0,"menu_order":0,"comment_status":"closed","ping_status":"closed","template":"Twocolums-page.php","meta":{"_exactmetrics_skip_tracking":false,"_exactmetrics_sitenote_active":false,"_exactmetrics_sitenote_note":"","_exactmetrics_sitenote_category":0,"ngg_post_thumbnail":0,"footnotes":"","_links_to":"","_links_to_target":""},"class_list":["post-623","page","type-page","status-publish","hentry"],"_links":{"self":[{"href":"https:\/\/www2.unicentro.br\/ppgvet\/wp-json\/wp\/v2\/pages\/623","targetHints":{"allow":["GET"]}}],"collection":[{"href":"https:\/\/www2.unicentro.br\/ppgvet\/wp-json\/wp\/v2\/pages"}],"about":[{"href":"https:\/\/www2.unicentro.br\/ppgvet\/wp-json\/wp\/v2\/types\/page"}],"author":[{"embeddable":true,"href":"https:\/\/www2.unicentro.br\/ppgvet\/wp-json\/wp\/v2\/users\/2"}],"replies":[{"embeddable":true,"href":"https:\/\/www2.unicentro.br\/ppgvet\/wp-json\/wp\/v2\/comments?post=623"}],"version-history":[{"count":3,"href":"https:\/\/www2.unicentro.br\/ppgvet\/wp-json\/wp\/v2\/pages\/623\/revisions"}],"predecessor-version":[{"id":674,"href":"https:\/\/www2.unicentro.br\/ppgvet\/wp-json\/wp\/v2\/pages\/623\/revisions\/674"}],"wp:attachment":[{"href":"https:\/\/www2.unicentro.br\/ppgvet\/wp-json\/wp\/v2\/media?parent=623"}],"curies":[{"name":"wp","href":"https:\/\/api.w.org\/{rel}","templated":true}]}}