{"id":617,"date":"2017-03-21T12:36:32","date_gmt":"2017-03-21T12:36:32","guid":{"rendered":"http:\/\/www2.unicentro.br\/ppgvet\/?page_id=617"},"modified":"2026-03-12T11:22:47","modified_gmt":"2026-03-12T11:22:47","slug":"discentes","status":"publish","type":"page","link":"https:\/\/www2.unicentro.br\/ppgvet\/discentes\/","title":{"rendered":"Corpo Discente"},"content":{"rendered":"<p><span style=\"font-size: 26pt\"><a href=\"http:\/\/www2.unicentro.br\/ppgvet\/files\/2017\/03\/TURMAS-INGRESSANTES-DESDE-O-IN\u00cdCIO-DO-PROGRAMA-MESTRADO-1.doc\">TURMAS INGRESSANTES DESDE O IN\u00cdCIO DO PROGRAMA &#8211; MESTRADO<\/a><\/span><\/p>\n<p align=\"left\"><span style=\"font-size: large\"><b>MATR\u00cdCULAS 2026<\/b><\/span><\/p>\n<p align=\"left\">AMABILE FRANCESCONI GOTARDO<\/p>\n<p align=\"left\">BRENO PINTO FERREIRA<\/p>\n<p align=\"left\">FABIANA STADLER TONON<\/p>\n<p align=\"left\">IVAN CARLOS PARECY JUNIOR<\/p>\n<p align=\"left\">JO\u00c3O VICTOR AMARAL GRIEGER<\/p>\n<p align=\"left\">L\u00cdVIA ALESSI IENKE<\/p>\n<p align=\"left\">MARIA EDUARDA HARMATIUK DE OLIVEIRA<\/p>\n<p align=\"left\">MARIA LAURA BINI<\/p>\n<p align=\"left\">MILENA HUMENHUK CEBULSKI<\/p>\n<p align=\"left\">NICOLLI SOETHE MOKOCHINSKI<\/p>\n<p align=\"left\">TALIA CESAR AGNER<\/p>\n<p align=\"left\">WILLIAM URBANOVICZ<\/p>\n<p align=\"left\"><span style=\"color: #ffffff\">.<\/span><\/p>\n<p align=\"left\"><span style=\"color: #ffffff\">.<\/span><\/p>\n<p align=\"left\"><span style=\"font-size: 14pt\"><strong>Alunos regulares de 2025<\/strong><\/span><\/p>\n<p align=\"left\">CAROLINA BEATRIZ GON\u00c7ALVES MEDEIROS DE SOUZA<\/p>\n<p align=\"left\">DANIELI PADILHA BONFIM<\/p>\n<p align=\"left\">DIEGO SINIGAGLIA PASE<\/p>\n<p align=\"left\">FERNANDA MARQUES DE OLIVEIRA<\/p>\n<p align=\"left\">GABRIELE BAUMEL<\/p>\n<p align=\"left\">GUILHERME OLIVEIRA HENSCHEL<\/p>\n<p align=\"left\">MATHEUS SLEDZ BARCELOS<\/p>\n<p align=\"left\">SABRINA ABREU<\/p>\n<p align=\"left\"><span style=\"color: #ffffff\">.<\/span><\/p>\n<p align=\"left\"><span style=\"font-size: 14pt\"><strong>Alunos regulares de 2024<\/strong><\/span><\/p>\n<p align=\"left\">AMANDA DENECHEVICZ FIUZA<\/p>\n<p align=\"left\">ELOARA GIOVANNA AGUIAR BONASSOLI DE OLIVEIRA MARTINS<\/p>\n<p align=\"left\">ELOISE CARLA DE ALMEIDA<\/p>\n<p align=\"left\">FLAVIA SUELEN NARDO PIEMONTEZ DE OLIVEIRA<\/p>\n<p align=\"left\">GEOVANA THA\u00cdS MOTTA<\/p>\n<p align=\"left\">GUILHERME JOSE KRYSA<\/p>\n<p align=\"left\">MARIANA PEDROSO HILLER<\/p>\n<p align=\"left\">NICOLE CHEMIN BERALDO<\/p>\n<p align=\"left\">PAULO HENRIQUE CAMPOS<\/p>\n<p align=\"left\">ROBERTHA MAGNAGO TOSI<\/p>\n<p align=\"left\">VANESSA ELOISA DALLABRIDA<\/p>\n<p align=\"left\"><span style=\"color: #ffffff\">.<\/span><\/p>\n<p class=\"western\" align=\"left\"><span style=\"font-size: 14pt\"><strong>Alunos regulares de 2023<\/strong><\/span><\/p>\n<p align=\"left\">EDUARDO GLINSKI<\/p>\n<p align=\"left\">FERNANDA KALISKEVISKI SCHEIS<\/p>\n<p align=\"left\">GUILHERME CAMARGO DE MACEDO<\/p>\n<p align=\"left\">MARCELA CALCIOLARI BRANQUINHO<\/p>\n<p align=\"left\">MARINA SZYCHTA<\/p>\n<p align=\"left\">PAULO VICTOR PINHEIRO CESAR<\/p>\n<p align=\"left\">RAFAEL IGOR MATTEI<\/p>\n<p align=\"left\">SAMANTHA LAIS SANTOS NUNES<\/p>\n<p align=\"left\">VIN\u00cdCIUS GABRIEL STINGELIN<br \/>\nDORNELLES<\/p>\n<p align=\"left\"><span style=\"color: #ffffff\">.<\/span><span style=\"color: #ffffff\">.<\/span><\/p>\n<p align=\"left\"><span style=\"font-size: 14pt\"><strong>Alunos regulares de 2022<\/strong><\/span><\/p>\n<p class=\"western\" align=\"left\">C\u00c1SSIO HENRIQUE MARTINS MORAIS<\/p>\n<p class=\"western\" align=\"left\">DANIELLE LOUISY BAHIA DOS SANTOS<\/p>\n<p class=\"western\" align=\"left\">FATIMA ABOU GHAOUCHE DE MORAES<\/p>\n<p class=\"western\" align=\"left\">JULIANA HORST IURKIW<\/p>\n<p class=\"western\" align=\"left\">KEILA GARCIA FAVAR\u00c3O<\/p>\n<p class=\"western\" align=\"left\">LARISSA SCHIMANSKI<\/p>\n<p class=\"western\" align=\"left\">LAYSSA FERREIRA SILVA<\/p>\n<p class=\"western\" align=\"left\">LU\u00cdSA DA COSTA<\/p>\n<p class=\"western\" align=\"left\">MARCOS RAFAEL DE ANDRADE<\/p>\n<p class=\"western\" align=\"left\">MURILO VIOMAR<\/p>\n<p class=\"western\" align=\"left\">PATRICIA TEREZINHA SCHRAM<\/p>\n<p align=\"left\"><span style=\"color: #ffffff\">.<\/span><\/p>\n<p><span style=\"font-size: 14pt\"><strong>Alunos regulares de 2021<\/strong><\/span><\/p>\n<p class=\"western\" align=\"left\"><span style=\"font-family: Times New Roman, serif\"><span style=\"font-size: small\">ANDREIA MIKOWSKI<\/span><\/span><\/p>\n<p class=\"western\" align=\"left\"><span style=\"font-family: Times New Roman, serif\"><span style=\"font-size: small\">ANDRESSA DELIBERALLI<\/span><\/span><\/p>\n<p class=\"western\" align=\"left\"><span style=\"font-family: Times New Roman, serif\"><span style=\"font-size: small\">ANNA PAULA NEUMANN DE ARA\u00daJO<\/span><\/span><\/p>\n<p class=\"western\" align=\"left\"><span style=\"font-family: Times New Roman, serif\"><span style=\"font-size: small\">EMERSON MILLA<\/span><\/span><\/p>\n<p class=\"western\" align=\"left\"><span style=\"font-family: Times New Roman, serif\"><span style=\"font-size: small\">GIOVANA CAMARGO DE SOUZA<\/span><\/span><\/p>\n<p class=\"western\" align=\"left\"><span style=\"font-family: Times New Roman, serif\"><span style=\"font-size: small\">JESSICA MAIRA DERHON<\/span><\/span><\/p>\n<p class=\"western\" align=\"left\"><span style=\"font-family: Times New Roman, serif\"><span style=\"font-size: small\">KATLIN GREICIELY PRIMEL<\/span><\/span><\/p>\n<p class=\"western\" align=\"left\"><span style=\"font-family: Times New Roman, serif\"><span style=\"font-size: small\">LUANA DE M\u00c9LO<\/span><\/span><\/p>\n<p class=\"western\" align=\"left\"><span style=\"font-family: Times New Roman, serif\"><span style=\"font-size: small\">PAMELA RAFHAELA DE PAULA BRYK<\/span><\/span><\/p>\n<p class=\"western\" lang=\"en-US\" align=\"left\"><span style=\"font-family: Times New Roman, serif\"><span style=\"font-size: small\">TATIANA BISCHOF CHICALSKI<\/span><\/span><\/p>\n<p>&nbsp;<\/p>\n<p><span style=\"font-size: 14pt\"><strong>Alunos regulares de 2020<\/strong><\/span><\/p>\n<p><span style=\"color: #000000\"><span style=\"font-family: Calibri, serif\"><span style=\"font-size: medium\">BRUNA FERNANDA ZDEPSKI<\/span><\/span><\/span><\/p>\n<p><span style=\"color: #000000\"><span style=\"font-family: Calibri, serif\"><span style=\"font-size: medium\">EDUARDO RODRIGUES DE ALMEIDA<\/span><\/span><\/span><\/p>\n<p><span style=\"color: #000000\"><span style=\"font-family: Calibri, serif\"><span style=\"font-size: medium\">KAMILA LIBANO DE SOUZA<\/span><\/span><\/span><\/p>\n<p><span style=\"color: #000000\"><span style=\"font-family: Calibri, serif\"><span style=\"font-size: medium\">LET\u00cdCIA ALVES SALM\u00d3RIA<\/span><\/span><\/span><\/p>\n<p><span style=\"color: #000000\"><span style=\"font-family: Calibri, serif\"><span style=\"font-size: medium\">PAULO EDUARDO PIEMONTEZ DE OLIVEIRA<\/span><\/span><\/span><\/p>\n<p><span style=\"color: #000000\"><span style=\"font-family: Calibri, serif\"><span style=\"font-size: medium\">SHAIANA SALETE MACIAG<\/span><\/span><\/span><\/p>\n<p>&nbsp;<\/p>\n<p><span style=\"font-size: 14pt\"><strong>Alunos regulares de 2019<\/strong><\/span><\/p>\n<p>ALEXSANDER RIBEIRO DE SENE<\/p>\n<p>ANDRESSA HIROMI SAGAE<\/p>\n<p>BRUNA NAT\u00c1LLI BORTOLUZZI<\/p>\n<p>CARLOS EDUARDO DOS SANTOS<\/p>\n<p>DALVANE DI DOMENICO<\/p>\n<p>FERNANDO BRAGA CRISTO<\/p>\n<p>GABRIELA GARBOSSA<\/p>\n<p>GIOVANNA BOBATO PONTAROLO<\/p>\n<p>IARA GOLDONI<\/p>\n<p>KARINE CRISTINE ALMEIDA<\/p>\n<p>LUCIANA DO AMARAL OLIVEIRA<\/p>\n<p>MAYARA SILVESTRI<\/p>\n<p>MIRODION SANTOS OLIVEIRA<\/p>\n<p>ODAIR APARECIDO GREGORIO<\/p>\n<p>&nbsp;<\/p>\n<p><span style=\"font-size: 14pt\"><strong>Alunos regulares de 2018<\/strong><\/span><\/p>\n<p><span style=\"font-family: georgia, palatino, serif;font-size: 12pt\">ALICE REGINA MACHADO RABBERS<\/span><\/p>\n<p><span style=\"font-family: georgia, palatino, serif;font-size: 12pt\">CRISTINA WEDDERHOFF HERRMANN<\/span><\/p>\n<p><span style=\"font-family: georgia, palatino, serif;font-size: 12pt\">DAILIS DELAZERI<\/span><\/p>\n<p><span style=\"font-family: georgia, palatino, serif;font-size: 12pt\">EDELMIR SILVIO STADLER JUNIOR<\/span><\/p>\n<p><span style=\"font-family: georgia, palatino, serif;font-size: 12pt\">LUDMILA MUDRI HUL<\/span><\/p>\n<p><span style=\"font-family: georgia, palatino, serif;font-size: 12pt\">MARI JANE TAUBE <\/span><\/p>\n<p><span style=\"font-family: georgia, palatino, serif;font-size: 12pt\">NAIDIEL REN\u00c2 GALON<\/span><\/p>\n<p><span style=\"font-family: georgia, palatino, serif;font-size: 12pt\">PAULO MICHEL PEREIRA<\/span><\/p>\n<p><span style=\"font-family: georgia, palatino, serif;font-size: 12pt\">RENATA DINIEWICZ RIFFERT<\/span><\/p>\n<p><span style=\"font-family: georgia, palatino, serif;font-size: 12pt\">TAINA MARIA PEREIRA CHIQUITO<\/span><\/p>\n<p>&nbsp;<\/p>\n<p><span style=\"font-size: 14pt\"><strong>Alunos regulares de 2017<\/strong><\/span><\/p>\n<p>Alessandra Sterza<\/p>\n<p>Antonio Serafini Filho<\/p>\n<p>Bruno Jos\u00e9 Venancio<\/p>\n<p>Danielle Karine Schoenberger<\/p>\n<p>Darlan Schmitt<\/p>\n<p>Denise Guimar\u00e3es Oliveira<\/p>\n<p>Gislane de Almeida<\/p>\n<p>Helen Cristina Nogueira Motta<\/p>\n<p>Layla Moura de Souza Dal&#8217;maso<\/p>\n<p>Leslei Caroline Santos<\/p>\n<p>Luana Gon\u00e7alves Guindani<\/p>\n<p>Mariane Queiroz da Costa<\/p>\n<p>Mauricio Paulo Virmond<\/p>\n<p>Patricia Santos Rossi<\/p>\n<p>Tania Mara Becher Ribas<\/p>\n<p>Tereza Cristina Camargo de Rocco<\/p>\n<p>Vanessa de F\u00e1tima Maciel<\/p>\n<p>&nbsp;<\/p>\n<p><span style=\"font-size: 14pt\"><strong>Alunos regulares de 2016<\/strong><\/span><\/p>\n<p>Desiree Vera Pontarolo<\/p>\n<p>Diessyca de Mello<\/p>\n<p>Fabio Teixeira Sampaio<\/p>\n<p>Gabriela Leticia Delai Vigne<\/p>\n<p>Helton Felipe Stremel<\/p>\n<p>Marcia Szymanski Iankoski<\/p>\n<p>Neventon Ubirajara Moreira de Carvalho<\/p>\n<p>Priscila Andriely Bosak<\/p>\n<p>Pollyana Araujo Malagrino<\/p>\n<p>Rita Jandira Rech<\/p>\n<p>Renata Severo Perez<\/p>\n<p>&nbsp;<\/p>\n<p><span style=\"font-size: 14pt\"><strong>Alunos regulares de 2015<\/strong><\/span><\/p>\n<p>Angela Maria Rech<\/p>\n<p>Adriana Cristina Tussi<\/p>\n<p>Gabriela Basilio Roberto<\/p>\n<p>Julio Cezar Heker Junior<\/p>\n<p>La\u00eds Cristine Werner<\/p>\n<p>Larissa Emi Ishiy<\/p>\n<p>M\u00f4nica Degraf Cavallin<\/p>\n<p>Rebeca Wilk<\/p>\n<p>Sthefany Kamile dos Santos<\/p>\n<p>&nbsp;<\/p>\n","protected":false},"excerpt":{"rendered":"<p>TURMAS INGRESSANTES DESDE O IN\u00cdCIO DO PROGRAMA &#8211; MESTRADO MATR\u00cdCULAS 2026 AMABILE FRANCESCONI GOTARDO BRENO PINTO FERREIRA FABIANA STADLER TONON IVAN CARLOS PARECY JUNIOR JO\u00c3O VICTOR AMARAL GRIEGER L\u00cdVIA ALESSI IENKE MARIA EDUARDA HARMATIUK DE OLIVEIRA MARIA LAURA BINI MILENA HUMENHUK CEBULSKI NICOLLI SOETHE MOKOCHINSKI TALIA CESAR AGNER WILLIAM URBANOVICZ . . Alunos regulares de [&hellip;]<\/p>\n","protected":false},"author":2,"featured_media":0,"parent":0,"menu_order":0,"comment_status":"closed","ping_status":"closed","template":"Twocolums-page.php","meta":{"_exactmetrics_skip_tracking":false,"_exactmetrics_sitenote_active":false,"_exactmetrics_sitenote_note":"","_exactmetrics_sitenote_category":0,"ngg_post_thumbnail":0,"footnotes":"","_links_to":"","_links_to_target":""},"class_list":["post-617","page","type-page","status-publish","hentry"],"_links":{"self":[{"href":"https:\/\/www2.unicentro.br\/ppgvet\/wp-json\/wp\/v2\/pages\/617","targetHints":{"allow":["GET"]}}],"collection":[{"href":"https:\/\/www2.unicentro.br\/ppgvet\/wp-json\/wp\/v2\/pages"}],"about":[{"href":"https:\/\/www2.unicentro.br\/ppgvet\/wp-json\/wp\/v2\/types\/page"}],"author":[{"embeddable":true,"href":"https:\/\/www2.unicentro.br\/ppgvet\/wp-json\/wp\/v2\/users\/2"}],"replies":[{"embeddable":true,"href":"https:\/\/www2.unicentro.br\/ppgvet\/wp-json\/wp\/v2\/comments?post=617"}],"version-history":[{"count":68,"href":"https:\/\/www2.unicentro.br\/ppgvet\/wp-json\/wp\/v2\/pages\/617\/revisions"}],"predecessor-version":[{"id":4168,"href":"https:\/\/www2.unicentro.br\/ppgvet\/wp-json\/wp\/v2\/pages\/617\/revisions\/4168"}],"wp:attachment":[{"href":"https:\/\/www2.unicentro.br\/ppgvet\/wp-json\/wp\/v2\/media?parent=617"}],"curies":[{"name":"wp","href":"https:\/\/api.w.org\/{rel}","templated":true}]}}