{"id":615,"date":"2017-03-21T12:34:55","date_gmt":"2017-03-21T12:34:55","guid":{"rendered":"http:\/\/www2.unicentro.br\/ppgvet\/?page_id=615"},"modified":"2025-12-03T12:22:30","modified_gmt":"2025-12-03T12:22:30","slug":"selecao","status":"publish","type":"page","link":"https:\/\/www2.unicentro.br\/ppgvet\/selecao\/","title":{"rendered":"Sele\u00e7\u00e3o"},"content":{"rendered":"<p>&nbsp;<\/p>\n<p align=\"left\"><span style=\"color: #4a4a36\"><span style=\"font-family: Verdana, Geneva, Arial, Helvetica, sans-serif\"><span style=\"font-size: small\">Em 2026, o processo de sele\u00e7\u00e3o ocorrer\u00e1 em 26 e 27 de Fevereiro de 2026, conforme Edital n\u00ba 12.\/2025.<\/span><\/span><\/span><\/p>\n<p align=\"left\"><span style=\"color: #4a4a36\"><span style=\"font-family: Verdana, Geneva, Arial, Helvetica, sans-serif\"><span style=\"font-size: small\">Artigos para sele\u00e7\u00e3o: A partir do dia 09 de fevereiro de 2025.<\/span><\/span><\/span><\/p>\n<p><a href=\"https:\/\/www2.unicentro.br\/ppgvet\/files\/2025\/11\/Edital-12-2025-ABERTURA-DE-INSCRICOES-PARA-SELECAO-NO-PROGRAMA-DE-POS-GRADUACAO-STRICTO-SENSU-EM-CIENCIAS-VETERINARIAS-SELECAO-2026.pdf\">Edital-12-2025 ABERTURA DE INSCRI\u00c7\u00d5ES PARA SELE\u00c7\u00c3O NO PROGRAMA DE P\u00d3S-GRADUA\u00c7\u00c3O STRICTO SENSU EM CI\u00caNCIAS VETERIN\u00c1RIAS &#8211; SELE\u00c7\u00c3O 2026<\/a><\/p>\n<p>&nbsp;<\/p>\n<p>&nbsp;<\/p>\n<p class=\"s1\">\n","protected":false},"excerpt":{"rendered":"<p>&nbsp; Em 2026, o processo de sele\u00e7\u00e3o ocorrer\u00e1 em 26 e 27 de Fevereiro de 2026, conforme Edital n\u00ba 12.\/2025. Artigos para sele\u00e7\u00e3o: A partir do dia 09 de fevereiro de 2025. Edital-12-2025 ABERTURA DE INSCRI\u00c7\u00d5ES PARA SELE\u00c7\u00c3O NO PROGRAMA DE P\u00d3S-GRADUA\u00c7\u00c3O STRICTO SENSU EM CI\u00caNCIAS VETERIN\u00c1RIAS &#8211; SELE\u00c7\u00c3O 2026 &nbsp; &nbsp;<\/p>\n","protected":false},"author":2,"featured_media":0,"parent":0,"menu_order":0,"comment_status":"closed","ping_status":"closed","template":"Twocolums-page.php","meta":{"_exactmetrics_skip_tracking":false,"_exactmetrics_sitenote_active":false,"_exactmetrics_sitenote_note":"","_exactmetrics_sitenote_category":0,"ngg_post_thumbnail":0,"footnotes":"","_links_to":"","_links_to_target":""},"class_list":["post-615","page","type-page","status-publish","hentry"],"_links":{"self":[{"href":"https:\/\/www2.unicentro.br\/ppgvet\/wp-json\/wp\/v2\/pages\/615","targetHints":{"allow":["GET"]}}],"collection":[{"href":"https:\/\/www2.unicentro.br\/ppgvet\/wp-json\/wp\/v2\/pages"}],"about":[{"href":"https:\/\/www2.unicentro.br\/ppgvet\/wp-json\/wp\/v2\/types\/page"}],"author":[{"embeddable":true,"href":"https:\/\/www2.unicentro.br\/ppgvet\/wp-json\/wp\/v2\/users\/2"}],"replies":[{"embeddable":true,"href":"https:\/\/www2.unicentro.br\/ppgvet\/wp-json\/wp\/v2\/comments?post=615"}],"version-history":[{"count":17,"href":"https:\/\/www2.unicentro.br\/ppgvet\/wp-json\/wp\/v2\/pages\/615\/revisions"}],"predecessor-version":[{"id":3991,"href":"https:\/\/www2.unicentro.br\/ppgvet\/wp-json\/wp\/v2\/pages\/615\/revisions\/3991"}],"wp:attachment":[{"href":"https:\/\/www2.unicentro.br\/ppgvet\/wp-json\/wp\/v2\/media?parent=615"}],"curies":[{"name":"wp","href":"https:\/\/api.w.org\/{rel}","templated":true}]}}