{"id":610,"date":"2017-03-21T12:25:25","date_gmt":"2017-03-21T12:25:25","guid":{"rendered":"http:\/\/www2.unicentro.br\/ppgvet\/?page_id=610"},"modified":"2026-03-17T12:51:17","modified_gmt":"2026-03-17T12:51:17","slug":"regulamentos","status":"publish","type":"page","link":"https:\/\/www2.unicentro.br\/ppgvet\/regulamentos\/","title":{"rendered":"Regulamentos"},"content":{"rendered":"<ul>\n<li><strong>PLANEJAMENTO ESTRAT\u00c9GICO DO PROGRAMA DE P\u00d3S-GRADUA\u00c7\u00c3O EM CI\u00caNCIAS VETERIN\u00c1RIAS &#8211; PPGCV\u00a0<span style=\"color: #993300\"> <a style=\"color: #993300\" href=\"https:\/\/www2.unicentro.br\/ppgvet\/files\/2025\/03\/PLANELAMENTO-ESTRATEGICO-DO-PROGRAMA-DE-POS-GRADUACAO-EM-CIENCIAS-VETERINARIAS-PPGCV-UNICENTRO.pdf\">PLANELAMENTO ESTRAT\u00c9GICO DO PROGRAMA DE P\u00d3S-GRADUA\u00c7\u00c3O EM CI\u00caNCIAS VETERIN\u00c1RIAS PPGCV UNICENTRO<\/a><\/span><\/strong><\/li>\n<\/ul>\n<p>&nbsp;<\/p>\n<ul>\n<li><strong>RESOLU\u00c7\u00c3O N\u00ba 3-PROPESP\/UNICENTRO, DE 1 DE ABRIL DE 2022<\/strong> REGULAMENTO DO PROGRAMA DE P\u00d3S-GRADUA\u00c7\u00c3O STRICTO SENSU EM CI\u00caNCIAS VETERIN\u00c1RIAS, PPGCV, N\u00cdVEL MESTRADO, DA UNIVERSIDADE ESTADUAL DO CENTRO-OESTE, UNICENTRO<a href=\"https:\/\/www2.unicentro.br\/ppgvet\/files\/2023\/07\/RESOLUCAO-No-3-PROPESP-UNICENTRO-DE-1-DE-ABRIL-DE-2022-REGULAMENTO_PPGCV.pdf\">RESOLUCAO-No-3-PROPESP-UNICENTRO-DE-1-DE-ABRIL-DE-2022-REGULAMENTO_PPGCV<\/a><\/li>\n<\/ul>\n<p>&nbsp;<\/p>\n<ul>\n<li><strong>INSTRU\u00c7\u00c3O NORMATIVA 001\/2023 &#8211; PROPESP\/UNICENTRO<\/strong> Equival\u00eancia em exame de profici\u00eancia em l\u00edngua estrangeira <a href=\"https:\/\/www2.unicentro.br\/ppgvet\/files\/2025\/12\/IN_01_23_PROPESP-Estabelece-parametros-e-condicoes-para-comprovacao-de-proficiencia-em-lingua-estrangeira-para-os-discentes-de-posgraduacao-stricto-sensu.pdf\">IN_01_23_PROPESP Estabelece par\u00e2metros e condi\u00e7\u00f5es para comprova\u00e7\u00e3o de profici\u00eancia em l\u00edngua estrangeira, para os discentes de p\u00f3sgradua\u00e7\u00e3o stricto sensu<\/a><\/li>\n<\/ul>\n<p>&nbsp;<\/p>\n<ul>\n<li><strong>INSTRU\u00c7\u00c3O NORMATIVA n\u00ba 01\/2016 &#8211; PPGCV <\/strong>Para o credenciamento de docentes ao PPGCV <a href=\"https:\/\/www2.unicentro.br\/ppgvet\/files\/2018\/08\/IN-01-2016-Credenciamento-e-Descredenciamento_PPGCV2016-1.pdf\">\u00a0Credenciamento e Descredenciamento_PPGCV2016\u00a0<\/a><\/li>\n<\/ul>\n<p>&nbsp;<\/p>\n<ul>\n<li><strong>INSTRU\u00c7\u00c3O NORMATIVA n\u00ba 01\/2018 &#8211; PPGCV<\/strong> <a href=\"https:\/\/www2.unicentro.br\/ppgvet\/files\/2018\/08\/IN-01-2018-Credenciamento-e-Descredenciamento_PPGCV2018.pdf\">IN 01-2018 Credenciamento e Descredenciamento_PPGCV2018<\/a><\/li>\n<\/ul>\n<p>&nbsp;<\/p>\n<ul>\n<li><strong>INSTRU\u00c7\u00c3O NORMATIVA n\u00ba 01\/2020 &#8211; PPGCV<\/strong>\u00a0 <a href=\"https:\/\/www2.unicentro.br\/ppgvet\/files\/2020\/09\/IN-01-2020-Credenciamento-e-Descredenciamento_PPGCV.pdf\">IN 01-2020 Credenciamento e Descredenciamento_PPGCV<\/a><\/li>\n<\/ul>\n<p>&nbsp;<\/p>\n<ul>\n<li><strong>INSTRU\u00c7\u00c3O NORMATIVA n\u00ba 01\/2026 &#8211; PPGCV <a href=\"https:\/\/www2.unicentro.br\/ppgvet\/files\/2026\/03\/IN-01-2026-Credenciamento-e-Descredenciamento.pdf\">IN 01-2026 Credenciamento e Descredenciamento PPGCV<\/a><\/strong><\/li>\n<\/ul>\n<p>&nbsp;<\/p>\n<ul>\n<li><del><strong>INSTRU\u00c7\u00c3O NORMATIVA n\u00ba 01\/2024 &#8211; PPGCV <\/strong>Situa\u00e7\u00f5es especiais para as disciplinas de P\u00f3sgradua\u00e7\u00e3o, Desafios na Oncologia Veterin\u00e1ria- MCV 107 e em Atividades Complementares MCV-115<span style=\"color: #0000ff\">\u00a0<\/span><\/del><\/li>\n<\/ul>\n<p>&nbsp;<\/p>\n<ul>\n<li><strong>INSTRU\u00c7\u00c3O NORMATIVA n\u00ba 02\/2024 &#8211; PPGCV\u00a0 <\/strong>Estabelece normas para concess\u00e3o, manuten\u00e7\u00e3o, ac\u00famulo e suspens\u00e3o de bolsas de estudos aos alunos de<br \/>\nMestrado, do Programa de P\u00f3s-Gradua\u00e7\u00e3o Stricto sensu em Ci\u00eancias Veterin\u00e1rias <a href=\"https:\/\/www2.unicentro.br\/ppgvet\/files\/2024\/04\/Instrucao-Normativa-02-2024_Criterios-e-normas-para-bolsas-de-estudo-PPGCV.pdf\">Instrucao-Normativa-02-2024_Criterios-e-normas-para-bolsas-de-estudo PPGCV<\/a><\/li>\n<\/ul>\n<p>&nbsp;<\/p>\n<ul>\n<li><strong><strong>INSTRU\u00c7\u00c3O NORMATIVA n\u00ba 04\/2024 &#8211; PPGCV <\/strong><\/strong>NORMATIZA A COMPOSI\u00c7\u00c3O DE MEMBROS DE BANCAS DE DEFESA DO PROGRAMA DE P\u00d3S-GRADUA\u00c7\u00c3O EM CI\u00caNCIAS VETERIN\u00c1RIAS <a href=\"https:\/\/www2.unicentro.br\/ppgvet\/files\/2024\/12\/IN-04_2024_PPGCV-Bancas-de-defesa_.pdf\">IN 04_2024_PPGCV Bancas de defesa_<\/a><\/li>\n<\/ul>\n<p>&nbsp;<\/p>\n<ul>\n<li><strong>INSTRU\u00c7\u00c3O NORMATIVA n\u00ba 03\/2025 \u2013 PPGCV DE 01 DE SETEMBRO DE 2025 <\/strong>Comiss\u00e3o de Bolsas do Programa de P\u00f3s-Gradua\u00e7\u00e3o em Ci\u00eancias Veterin\u00e1rias (Mestrado) da Universidade Estadual do Centro-Oeste UNICENTRO <a href=\"https:\/\/www2.unicentro.br\/ppgvet\/files\/2025\/10\/Instrucao-Normativa-no-003_2025-DE-01-DE-SETEMBRO-DE-2025.pdf\">Instru\u00e7\u00e3o Normativa &#8211; n\u00ba 003_2025 DE 01 DE SETEMBRO DE 2025<\/a><\/li>\n<\/ul>\n<p>&nbsp;<\/p>\n<ul>\n<li><strong>MANUAL PARA NORMALIZA\u00c7\u00c3O T\u00c9CNICA DE DISSERTA\u00c7\u00d5ES &#8211; <\/strong>PROGRAMA DE P\u00d3S-GRADUA\u00c7\u00c3O EM CI\u00caNCIAS VETERIN\u00c1RIAS DA UNIVERSIDADE ESTADUAL DO CENTRO OESTE\u00a0<a href=\"https:\/\/www2.unicentro.br\/ppgvet\/2025\/06\/13\/manual-para-normalizacao-tecnica-de-dissertacoes\/\">Manual para normaliza\u00e7\u00e3o t\u00e9cnica de disserta\u00e7\u00f5es PPGCV\u00a0<\/a><\/li>\n<\/ul>\n<p>&nbsp;<\/p>\n<ul>\n<li style=\"text-align: left\"><strong><strong>PROCEDIMENTOS PARA EXAME DE QUALIFICA\u00c7\u00c3O E DEFESA DE DISSERTA\u00c7\u00c3O <a href=\"https:\/\/www2.unicentro.br\/ppgvet\/files\/2025\/07\/Procedimentos-para-exame-de-qualificacao-e-defesa-de-dissertacao-do-Programa-de-Pos-Graduacao-em-Ciencias-Veterinarias.pdf\">Procedimentos para exame de qualifica\u00e7\u00e3o e defesa de disserta\u00e7\u00e3o do Programa de P\u00f3s-Gradua\u00e7\u00e3o em Ci\u00eancias Veterin\u00e1rias<\/a><\/strong><\/strong><br \/>\n<span style=\"color: #ffffff\">.<\/span><\/li>\n<li><strong><strong>INSTRU\u00c7\u00c3O NORMATIVA n\u00ba 01\/2025 \u2013 PPGCV DE 09 DE JULHO DE 2025 <\/strong><\/strong>Normatiza os requisitos m\u00ednimos dos espa\u00e7os f\u00edsicos para a realiza\u00e7\u00e3o do Exame de Qualifica\u00e7\u00e3o e Defesa da Disserta\u00e7\u00e3o. <a href=\"https:\/\/www2.unicentro.br\/ppgvet\/files\/2025\/07\/IN-01-2025-Espacos-Fisicos-para-Realizacao-do-Exame-de-Qualificacao-e-Defesa-da-Dissertacao.pdf\">IN 01-2025 Espa\u00e7os F\u00edsicos para Realiza\u00e7\u00e3o do Exame de Qualifica\u00e7\u00e3o e Defesa da Disserta\u00e7\u00e3o\u00a0<\/a><\/li>\n<\/ul>\n<p>&nbsp;<\/p>\n<ul>\n<li><strong>INSTRU\u00c7\u00c3O NORMATIVA n\u00ba 02\/2025 \u2013 PPGCV DE 01 DE SETEMBRO DE 2025 <\/strong>OBRIGA\u00c7\u00d5ES DOS ESTUDANTES BOLSISTAS PARA A PERMAN\u00caNCIA DA BOLSA CAPES E OUTRAS BOLSAS\u00a0<a href=\"https:\/\/www2.unicentro.br\/ppgvet\/files\/2025\/09\/Instrucao-Normativa-002-2025_Estabelece-normas-e-metas-para-a-permanencia-de-bolsistas-no-ambito-do-PPGCVUNICENTRO.pdf\">Instrucao-Normativa-002-2025_Estabelece-normas-e-metas-para-a-permanencia-de-bolsistas-no-ambito-do-PPGCVUNICENTRO.pdf<\/a><\/li>\n<\/ul>\n<p>&nbsp;<\/p>\n<ul>\n<li><strong>INSTRU\u00c7\u00c3O NORMATIVA n\u00ba 04\/2025 \u2013 PPGCV DE 02 DE DEZEMBRO DE 2025 <\/strong>INSTITUI CRIT\u00c9RIOS DE MONITORAMENTO DA QUALIDADE DAS DISSERTA\u00c7\u00d5ES E DA PRODU\u00c7\u00c3O CIENT\u00cdFICA DISCENTE E DOCENTE NO \u00c2MBITO DO PPGCV\/UNICENTRO <a href=\"https:\/\/www2.unicentro.br\/ppgvet\/files\/2025\/12\/Instrucao-Normativa-004-2025-Institui-criterios-de-monitoramento-da-qualidade-das-dissertacoes-e-da-producao-cientifica-discente-e-docente-no-ambito-do-PPGCV-UNICENTRO.pdf\">Instru\u00e7\u00e3o Normativa 004-2025 Institui crit\u00e9rios de monitoramento da qualidade das disserta\u00e7\u00f5es e da produ\u00e7\u00e3o cient\u00edfica discente e docente no \u00e2mbito do PPGCV UNICENTRO.<\/a><\/li>\n<\/ul>\n<p>&nbsp;<\/p>\n<ul>\n<li><strong>ABNT NBR 10520<span style=\"color: #000000\">_2023<\/span><\/strong> Informa\u00e7\u00e3o e documenta\u00e7\u00e3o \u2014 Cita\u00e7\u00f5es em documentos \u2014 Apresenta\u00e7\u00e3o (<span style=\"color: #0000ff\"><strong>Solicitar ao PPGCV<\/strong><\/span>)<\/li>\n<\/ul>\n<p>&nbsp;<\/p>\n<ul>\n<li><strong>INSTRU\u00c7\u00c3O NORMATIVA n\u00ba 02\/2026 &#8211; PPGCV <\/strong>Situa\u00e7\u00f5es especiais para as disciplinas de P\u00f3s-gradua\u00e7\u00e3o, Desafios na Oncologia Veterin\u00e1ria e em Atividades Complementares <span style=\"color: #0000ff\">\u00a0<strong>(Atualizado 2026) <a href=\"https:\/\/www2.unicentro.br\/ppgvet\/files\/2026\/03\/IN-02-2026-Situacoes-especiais-para-as-disciplinas-de-pos-graduacao-Desafios-na-Oncologia-Veterinaria-2100603-e-Atividades-complementares-2100611.pdf\">IN 02-2026 Situa\u00e7\u00f5es especiais para as disciplinas de p\u00f3s gradua\u00e7\u00e3o, Desafios na Oncologia Veterin\u00e1ria- 2100603 e Atividades complementares 2100611<\/a><\/strong><\/span><\/li>\n<\/ul>\n","protected":false},"excerpt":{"rendered":"<p>PLANEJAMENTO ESTRAT\u00c9GICO DO PROGRAMA DE P\u00d3S-GRADUA\u00c7\u00c3O EM CI\u00caNCIAS VETERIN\u00c1RIAS &#8211; PPGCV\u00a0 PLANELAMENTO ESTRAT\u00c9GICO DO PROGRAMA DE P\u00d3S-GRADUA\u00c7\u00c3O EM CI\u00caNCIAS VETERIN\u00c1RIAS PPGCV UNICENTRO &nbsp; RESOLU\u00c7\u00c3O N\u00ba 3-PROPESP\/UNICENTRO, DE 1 DE ABRIL DE 2022 REGULAMENTO DO PROGRAMA DE P\u00d3S-GRADUA\u00c7\u00c3O STRICTO SENSU EM CI\u00caNCIAS VETERIN\u00c1RIAS, PPGCV, N\u00cdVEL MESTRADO, DA UNIVERSIDADE ESTADUAL DO CENTRO-OESTE, UNICENTRORESOLUCAO-No-3-PROPESP-UNICENTRO-DE-1-DE-ABRIL-DE-2022-REGULAMENTO_PPGCV &nbsp; INSTRU\u00c7\u00c3O NORMATIVA 001\/2023 [&hellip;]<\/p>\n","protected":false},"author":2,"featured_media":0,"parent":0,"menu_order":0,"comment_status":"closed","ping_status":"closed","template":"Twocolums-page.php","meta":{"_exactmetrics_skip_tracking":false,"_exactmetrics_sitenote_active":false,"_exactmetrics_sitenote_note":"","_exactmetrics_sitenote_category":0,"ngg_post_thumbnail":0,"footnotes":"","_links_to":"","_links_to_target":""},"class_list":["post-610","page","type-page","status-publish","hentry"],"_links":{"self":[{"href":"https:\/\/www2.unicentro.br\/ppgvet\/wp-json\/wp\/v2\/pages\/610","targetHints":{"allow":["GET"]}}],"collection":[{"href":"https:\/\/www2.unicentro.br\/ppgvet\/wp-json\/wp\/v2\/pages"}],"about":[{"href":"https:\/\/www2.unicentro.br\/ppgvet\/wp-json\/wp\/v2\/types\/page"}],"author":[{"embeddable":true,"href":"https:\/\/www2.unicentro.br\/ppgvet\/wp-json\/wp\/v2\/users\/2"}],"replies":[{"embeddable":true,"href":"https:\/\/www2.unicentro.br\/ppgvet\/wp-json\/wp\/v2\/comments?post=610"}],"version-history":[{"count":60,"href":"https:\/\/www2.unicentro.br\/ppgvet\/wp-json\/wp\/v2\/pages\/610\/revisions"}],"predecessor-version":[{"id":4187,"href":"https:\/\/www2.unicentro.br\/ppgvet\/wp-json\/wp\/v2\/pages\/610\/revisions\/4187"}],"wp:attachment":[{"href":"https:\/\/www2.unicentro.br\/ppgvet\/wp-json\/wp\/v2\/media?parent=610"}],"curies":[{"name":"wp","href":"https:\/\/api.w.org\/{rel}","templated":true}]}}