{"id":608,"date":"2017-03-21T12:24:50","date_gmt":"2017-03-21T12:24:50","guid":{"rendered":"http:\/\/www2.unicentro.br\/ppgvet\/?page_id=608"},"modified":"2018-10-30T12:17:45","modified_gmt":"2018-10-30T12:17:45","slug":"apresentacao","status":"publish","type":"page","link":"https:\/\/www2.unicentro.br\/ppgvet\/apresentacao\/","title":{"rendered":"Apresenta\u00e7\u00e3o"},"content":{"rendered":"<p><strong>HIST\u00d3RICO E CONTEXTUALIZA\u00c7\u00c3O DO PPGCV<\/strong><\/p>\n<p>O Programa de P\u00f3s Gradua\u00e7\u00e3o em Ci\u00eancias Veterin\u00e1rias\u00a0 da Universidade Estadual do Centro Oeste &#8211; Unicentro, com \u00e1rea de concentra\u00e7\u00e3o em Sa\u00fade e Produ\u00e7\u00e3o Animal Sustent\u00e1vel teve seu in\u00edcio em Janeiro de 2015.<\/p>\n<p>A fundamental import\u00e2ncia da UNICENTRO no contexto regional reside em produzir, disseminar e propiciar a guarda e o acesso ao Conhecimento Cient\u00edfico, \u00e0 Cultura, \u00e0 Arte e \u00e0 Tecnologia, formando cidad\u00e3os, profissionais \u00e9ticos, agentes atuantes e transformadores da realidade socioecon\u00f4mica e pol\u00edtica local, nacional e mundial.<\/p>\n<p>Neste contexto, a proposta do Programa de P\u00f3s Gradua\u00e7\u00e3o em Ci\u00eancias Veterin\u00e1rias, busca consolidar a forma\u00e7\u00e3o do profissional ligado a Ci\u00eancias Agr\u00e1rias atrav\u00e9s da din\u00e2mica da interdisciplinaridade entre as \u00e1reas de sa\u00fade animal, produ\u00e7\u00e3o e modelos de sustentabilidade econ\u00f4mica, ambiental e social, formando profissionais capacitados a atuarem em institui\u00e7\u00f5es de pesquisas, Universidades e no setor produtivo do nosso pa\u00eds.<\/p>\n<p>O Mestrado em Ci\u00eancias Veterin\u00e1rias da UNICENTRO tem por objetivos:<\/p>\n<p>1. Formar profissionais capacitados com qualifica\u00e7\u00e3o superior para doc\u00eancia, aptos a realizarem investiga\u00e7\u00e3o cient\u00edfica, desenvolvimento e inova\u00e7\u00e3o tecnol\u00f3gica que atendam as demandas nacionais e regionais, visando aumento de produtividade de forma sustent\u00e1vel, associado a melhorias na sa\u00fade animal.<\/p>\n<p>2. Formar recursos humanos, com perfil t\u00e9cnico-cient\u00edfico, postura \u00e9tica e cr\u00edtica, capacidade criativa e empreendedora. Apresentaremos \u00e0 sociedade profissionais capazes de interferir positivamente nas pol\u00edticas p\u00fablicas regionais, desenvolvendo produtos e aprimorando processos<\/p>\n<p>3. Fomentar o desenvolvimento regional a partir da inser\u00e7\u00e3o dos resultados das pesquisas em sa\u00fade, produ\u00e7\u00e3o e sustentabilidade social e ambiental, de forma humana e profissional, traduzindo-se em indicadores sociais positivos.<\/p>\n<p>4. Aplicar conceitos pr\u00e1ticos e t\u00e9cnicas estabelecidos na forma de disserta\u00e7\u00f5es, teses e publica\u00e7\u00f5es cient\u00edficas de maneira a contribuir para a capacita\u00e7\u00e3o de recursos humanos de elevado padr\u00e3o cient\u00edfico e consolida\u00e7\u00e3o de unidades de apoio em centros de excel\u00eancia de atividades de pesquisa.<\/p>\n<p>5. Participar do processo de verticaliza\u00e7\u00e3o da Institui\u00e7\u00e3o e associa-lo \u00e0 gera\u00e7\u00e3o de conv\u00eanios e parcerias com Institui\u00e7\u00f5es de import\u00e2ncia Nacional e Internacional, ampliando a base de conhecimento e experi\u00eancia profissional.<\/p>\n<p>Perfil do profissional a ser formado:<\/p>\n<p>O car\u00e1ter multidisciplinar do Programa levar\u00e1 a qualifica\u00e7\u00e3o de um profissional habilitado a identificar os desequil\u00edbrios sanit\u00e1rios e ambientais na regi\u00e3o, o qual saber\u00e1 diagnosticar suas origens e propor solu\u00e7\u00f5es que visem a sustentabilidade por meio de medidas de controle e profilaxia, e intervir atrav\u00e9s de solu\u00e7\u00f5es pr\u00e1ticas e econ\u00f4micas no desenvolvimento de pol\u00edticas p\u00fablicas, produtos e servi\u00e7os. Atuar\u00e1 de forma interdisciplinar, com base nos princ\u00edpios cient\u00edficos atualizados, de maneira \u00e9tica, cr\u00edtica e reflexiva na doc\u00eancia, na pesquisa e na extens\u00e3o. Al\u00e9m disso, saber\u00e1 propor solu\u00e7\u00f5es empreendedoras e originais nos campos da sa\u00fade e da produ\u00e7\u00e3o animal voltadas \u00e0 conserva\u00e7\u00e3o dos recursos naturais, respeitando as quest\u00f5es sociais e particularidades da regi\u00e3o onde estiver inserido.<\/p>\n<p>Total de cr\u00e9ditos para a titula\u00e7\u00e3o:<\/p>\n<p>Disciplinas Obrigat\u00f3rias: 10 cr\u00e9ditos<\/p>\n<p>Disciplinas Optativas: 10 cr\u00e9ditos<\/p>\n<p>Disserta\u00e7\u00e3o: 40 cr\u00e9ditos<\/p>\n<p>Total: 60 creditos<\/p>\n<p>Periodicidade da Sele\u00e7\u00e3o: Anual<\/p>\n","protected":false},"excerpt":{"rendered":"<p>HIST\u00d3RICO E CONTEXTUALIZA\u00c7\u00c3O DO PPGCV O Programa de P\u00f3s Gradua\u00e7\u00e3o em Ci\u00eancias Veterin\u00e1rias\u00a0 da Universidade Estadual do Centro Oeste &#8211; Unicentro, com \u00e1rea de concentra\u00e7\u00e3o em Sa\u00fade e Produ\u00e7\u00e3o Animal Sustent\u00e1vel teve seu in\u00edcio em Janeiro de 2015. A fundamental import\u00e2ncia da UNICENTRO no contexto regional reside em produzir, disseminar e propiciar a guarda e [&hellip;]<\/p>\n","protected":false},"author":2,"featured_media":0,"parent":0,"menu_order":0,"comment_status":"closed","ping_status":"closed","template":"Twocolums-page.php","meta":{"_exactmetrics_skip_tracking":false,"_exactmetrics_sitenote_active":false,"_exactmetrics_sitenote_note":"","_exactmetrics_sitenote_category":0,"ngg_post_thumbnail":0,"footnotes":"","_links_to":"","_links_to_target":""},"class_list":["post-608","page","type-page","status-publish","hentry"],"_links":{"self":[{"href":"https:\/\/www2.unicentro.br\/ppgvet\/wp-json\/wp\/v2\/pages\/608","targetHints":{"allow":["GET"]}}],"collection":[{"href":"https:\/\/www2.unicentro.br\/ppgvet\/wp-json\/wp\/v2\/pages"}],"about":[{"href":"https:\/\/www2.unicentro.br\/ppgvet\/wp-json\/wp\/v2\/types\/page"}],"author":[{"embeddable":true,"href":"https:\/\/www2.unicentro.br\/ppgvet\/wp-json\/wp\/v2\/users\/2"}],"replies":[{"embeddable":true,"href":"https:\/\/www2.unicentro.br\/ppgvet\/wp-json\/wp\/v2\/comments?post=608"}],"version-history":[{"count":5,"href":"https:\/\/www2.unicentro.br\/ppgvet\/wp-json\/wp\/v2\/pages\/608\/revisions"}],"predecessor-version":[{"id":1299,"href":"https:\/\/www2.unicentro.br\/ppgvet\/wp-json\/wp\/v2\/pages\/608\/revisions\/1299"}],"wp:attachment":[{"href":"https:\/\/www2.unicentro.br\/ppgvet\/wp-json\/wp\/v2\/media?parent=608"}],"curies":[{"name":"wp","href":"https:\/\/api.w.org\/{rel}","templated":true}]}}