{"id":40,"date":"2014-12-23T02:24:31","date_gmt":"2014-12-23T02:24:31","guid":{"rendered":"http:\/\/www2.unicentro.br\/ppgvet\/?page_id=40"},"modified":"2025-05-13T12:22:33","modified_gmt":"2025-05-13T12:22:33","slug":"corpo-docente","status":"publish","type":"page","link":"https:\/\/www2.unicentro.br\/ppgvet\/corpo-docente\/","title":{"rendered":"Corpo Docente"},"content":{"rendered":"<p><img loading=\"lazy\" decoding=\"async\" class=\"foto\" style=\"font-size: 12pt;font-family: georgia, palatino, serif\" src=\"http:\/\/servicosweb.cnpq.br\/wspessoa\/servletrecuperafoto?tipo=1&amp;id=K4744339Z3\" alt=\"Foto\" width=\"130\" height=\"130\" \/> <span style=\"font-size: 18pt\"><strong><span style=\"font-family: georgia, palatino, serif\">Adriana M\u00e9rcia Guaratini Ibelli<\/span><\/strong><\/span><\/p>\n<p>Possui gradua\u00e7\u00e3o em Ci\u00eancias Biol\u00f3gicas pela Universidade Estadual Paulista J\u00falio de Mesquita Filho (2005) e Mestrado e Doutorado em Gen\u00e9tica e Evolu\u00e7\u00e3o pela Universidade Federal de S\u00e3o Carlos. Atualmente \u00e9 Analista A no Laborat\u00f3rio de Gen\u00e9tica Animal da Embrapa Su\u00ednos e Aves e Professora na Universidade do Contestado (UnC), Campus Conc\u00f3rdia. Tem experi\u00eancia na \u00e1rea de Gen\u00e9tica, com experi\u00eancia em biologia molecular, gen\u00e9tica animal, epigen\u00e9tica, an\u00e1lises de transcript\u00f4mica e metagen\u00f4mica. Tem interesse nos temas: mecanismos gen\u00e9ticos e epigen\u00e9ticos de caracter\u00edsticas de interesse para a produ\u00e7\u00e3o animal, bases gen\u00e9ticas e epigen\u00e9ticas da intera\u00e7\u00e3o parasita-hospedeiro, mecanismos gen\u00e9ticos e epigen\u00e9ticos envolvidos na intera\u00e7\u00e3o microbiota x sa\u00fade animal, mecanismos gen\u00e9ticos e epigen\u00e9ticos relacionados a rusticidade animal.<\/p>\n<p>Acesso:\u00a0\u00a0CV:<span style=\"color: #0000ff\"> <a style=\"color: #0000ff\" href=\"http:\/\/lattes.cnpq.br\/4729789236742545\">http:\/\/lattes.cnpq.br\/4729789236742545<\/a><\/span><\/p>\n<p>E-mail: adriana.ibelli@embrapa.br<\/p>\n<p><img loading=\"lazy\" decoding=\"async\" class=\"foto\" src=\"http:\/\/servicosweb.cnpq.br\/wspessoa\/servletrecuperafoto?tipo=1&amp;id=K4776309P6\" alt=\"Foto\" width=\"126\" height=\"168\" \/> <span style=\"font-size: 18pt\"><strong>Ana Paula Almeida Bastos<\/strong><\/span><\/p>\n<p>Possui gradua\u00e7\u00e3o em Medicina Veterin\u00e1ria pela Universidade de Bras\u00edlia (2004), recebeu o t\u00edtulo de doutor em Ci\u00eancias (2010), pela Faculdade de Medicina da Universidade de S\u00e3o Paulo, p\u00f3s-doutorado pela FM-USP (2010-2013) e p\u00f3s-doutorado pela Universidade de Bras\u00edlia (2013-2014). Atualmente \u00e9 Pesquisadora de Imunologia da Embrapa Su\u00edno e Aves. Tem experi\u00eancia na \u00e1rea de Imunologia e Nefrologia, com \u00eanfase em imunologia de mucosas, atuando principalmente nos seguintes temas: imunidade celular, c\u00e9lulas-tronco, imunomodula\u00e7\u00e3o e imunidade inata.<\/p>\n<p>Acesso:\u00a0CV: <span style=\"color: #0000ff\"><a style=\"color: #0000ff\" href=\"http:\/\/lattes.cnpq.br\/5062809228385556\">http:\/\/lattes.cnpq.br\/5062809228385556<\/a><\/span><\/p>\n<p>E-mail: ana.bastos@embrapa.br<\/p>\n<p class=\"name\"><span style=\"font-size: 18pt\"><a href=\"https:\/\/www2.unicentro.br\/ppgvet\/files\/2022\/10\/prof-carla.jpg\"><img loading=\"lazy\" decoding=\"async\" class=\"alignnone wp-image-2089\" src=\"https:\/\/www2.unicentro.br\/ppgvet\/files\/2022\/10\/prof-carla-238x300.jpg\" alt=\"\" width=\"143\" height=\"180\" srcset=\"https:\/\/www2.unicentro.br\/ppgvet\/files\/2022\/10\/prof-carla-238x300.jpg 238w, https:\/\/www2.unicentro.br\/ppgvet\/files\/2022\/10\/prof-carla.jpg 274w\" sizes=\"auto, (max-width: 143px) 100vw, 143px\" \/><\/a><strong>Carla Fredrichsen Moya\u00a0<\/strong><\/span><\/p>\n<p class=\"resumo\">Possui gradua\u00e7\u00e3o em Medicina Veterin\u00e1ria pela Faculdade de Ci\u00eancias Agr\u00e1rias e Veterin\u00e1ria de Jaboticabal &#8211; FCAV\/UNESP (2002), resid\u00eancia m\u00e9dica na \u00e1rea de Fisiopatologia da Reprodu\u00e7\u00e3o Animal e Obstetr\u00edcia Veterin\u00e1ria pela Faculdade de Medicina Veterin\u00e1ria e Zootecnia de Botucatu &#8211; FMVZ\/UNESP (2004), mestrado em Medicina Veterin\u00e1ria pela Faculdade de Medicina Veterin\u00e1ria e Zootecnia de Botucatu &#8211; FMVZ\/UNESP (2006) e doutorado em Medicina Veterin\u00e1ria pela Faculdade de Medicina Veterin\u00e1ria e Zootecnia de Botucatu &#8211; FMVZ\/UNESP (2009), especializa\u00e7\u00e3o em Doc\u00eancia do Ensino Superior pelas Faculdades Integradas de Ourinhos &#8211; FIO (2011). P\u00f3s-doutorado pela Faculdade de Medicina Veterin\u00e1ria e Zootecnia de Botucatu &#8211; FMVZ\/UNESP (2016). Atualmente \u00e9 professora da Universidade Estadual do Centro-Oeste &#8211; UNICENTRO, campus de Guarapuava-PR. Tem experi\u00eancia na \u00e1rea de Reprodu\u00e7\u00e3o Animal e Cl\u00ednica M\u00e9dica, com \u00eanfase em Obstetr\u00edcia, Ginecologia e Andrologia Animal e Biotecnologia da Reprodu\u00e7\u00e3o Animal.<\/p>\n<p>Acesso: \u00a0CV: <span style=\"color: #0000ff\"><a style=\"color: #0000ff\" href=\"http:\/\/lattes.cnpq.br\/8017623096370725\">http:\/\/lattes.cnpq.br\/8017623096370725<\/a><\/span><\/p>\n<p>E-mail: carlafredrichsen@yahoo.com.br<\/p>\n<p>&nbsp;<\/p>\n<div class=\"layout-cell-pad-main conteudo\">\n<div class=\"layout-cell layout-cell-9\">\n<div class=\"layout-cell-pad\">\n<div class=\"layout-cell layout-cell-12\">\n<div class=\"layout-cell-pad\">\n<div class=\"title-wrapper\">\n<div class=\"wp-block-image\"><a href=\"https:\/\/www2.unicentro.br\/ppgvet\/files\/2023\/07\/Prof-Cesar.jpg\"><img loading=\"lazy\" decoding=\"async\" class=\"alignnone wp-image-2676\" src=\"https:\/\/www2.unicentro.br\/ppgvet\/files\/2023\/07\/Prof-Cesar.jpg\" alt=\"\" width=\"152\" height=\"154\" \/> \u00a0 <\/a><strong><span style=\"font-size: 18pt\">Cesar Augusto Pospissil Garbossa<\/span><\/strong><\/div>\n<\/div>\n<\/div>\n<\/div>\n<\/div>\n<\/div>\n<\/div>\n<p>Possui gradua\u00e7\u00e3o em Medicina Veterin\u00e1ria pela Universidade Estadual do Centro Oeste do Paran\u00e1 (2008), especializa\u00e7\u00e3o em Gest\u00e3o de Agroneg\u00f3cios pela Universidade Estadual do Centro Oeste do Paran\u00e1 (2008), mestrado em Ci\u00eancias Veterin\u00e1rias pela Universidade Federal de Lavras (2010) e doutorado em produ\u00e7\u00e3o e nutri\u00e7\u00e3o de n\u00e3o ruminantes pela Universidade Federal de Lavras (2014), P\u00f3s-doutor em produ\u00e7\u00e3o e nutri\u00e7\u00e3o de n\u00e3o ruminantes pela Universidade Federal de Lavras (2016). MBA em Agroneg\u00f3cios &#8211; USP\/ESALQ (2020). Consultor da empresa AnimalNutri Ci\u00eancia e Tecnologia Animal. Atuou durante dois anos como professor adjunto da Universidade Federal Rural da Amaz\u00f4nia &#8211; Campus de Paragominas nas \u00e1reas de Nutri\u00e7\u00e3o Animal e Produ\u00e7\u00e3o de N\u00e3o Ruminantes. Atualmente \u00e9 Professor Doutor do Departamento de Nutri\u00e7\u00e3o e Produ\u00e7\u00e3o Animal (VNP) da Faculdade de Medicina Veterin\u00e1ria e Zootecnia da Universidade de S\u00e3o Paulo (FMVZ\/USP). Coordenador do Laborat\u00f3rio de Pesquisa em Su\u00ednos e do Laborat\u00f3rio Multiusu\u00e1rio de Nutri\u00e7\u00e3o Animal e Bromatologia. Atua principalmente nos seguintes temas: su\u00ednos, suinocultura, sa\u00fade intestinal, matrizes, aditivos e nutri\u00e7\u00e3o.<\/p>\n<p>Acesso: \u00a0CV: <span style=\"color: #0000ff\"><a style=\"color: #0000ff\" href=\"http:\/\/lattes.cnpq.br\/3636249165146424\">http:\/\/lattes.cnpq.br\/3636249165146424<\/a><\/span><\/p>\n<p>E-mail: cgarbossa@usp.br<\/p>\n<h1 class=\"name\"><\/h1>\n<p><a href=\"http:\/\/www2.unicentro.br\/ppgvet\/files\/2014\/12\/prof-heloisa-2.jpg\"><img loading=\"lazy\" decoding=\"async\" class=\"alignnone wp-image-816 size-thumbnail\" src=\"http:\/\/www2.unicentro.br\/ppgvet\/files\/2014\/12\/prof-heloisa-2-150x150.jpg\" alt=\"\" width=\"150\" height=\"150\" \/><\/a>\u00a0<span style=\"font-size: 14pt\"><strong>HELOISA GODOI BERTAGNON<\/strong><\/span><\/p>\n<p align=\"justify\">Possui gradua\u00e7\u00e3o em Medicina Veterin\u00e1ria pela Universidade Paulista (1999), mestrado em Cl\u00ednica Cir\u00fargica Veterin\u00e1ria pela Universidade de S\u00e3o Paulo (2003) e doutorado em ci\u00eancias Veterin\u00e1ria FMVZ-USP. Atualmente \u00e9 professor da Universidade Estadual do Centro-Oeste, em Guarapuava-PR. Tem experi\u00eancia na \u00e1rea de Medicina Veterin\u00e1ria, com \u00eanfase em Cl\u00ednica Veterin\u00e1ria.<\/p>\n<p align=\"justify\">Acesso CV: <span style=\"color: #0000ff\"><a style=\"color: #0000ff\" href=\"http:\/\/lattes.cnpq.br\/5773536284154541\">http:\/\/lattes.cnpq.br\/5773536284154541<\/a><\/span><\/p>\n<p>E-mail: hbertagnon@hotmail.com<\/p>\n<p><a href=\"http:\/\/www2.unicentro.br\/ppgvet\/files\/2014\/12\/itacir-1.jpg\"><img loading=\"lazy\" decoding=\"async\" class=\"alignnone wp-image-817 size-thumbnail\" src=\"http:\/\/www2.unicentro.br\/ppgvet\/files\/2014\/12\/itacir-1-150x150.jpg\" alt=\"\" width=\"150\" height=\"150\" \/><\/a>\u00a0<span style=\"font-size: 14pt\"><strong>ITACIR ELOI SANDINI<\/strong><\/span><\/p>\n<p align=\"justify\">Possui gradua\u00e7\u00e3o em AGRONOMIA pela Universidade Federal de Pelotas(1985), mestrado em Agronomia pela Universidade Federal de Pelotas(1990) e doutorado em Agronomia (Produ\u00e7\u00e3o Vegetal) pela Universidade Federal do Paran\u00e1(2009). Tem experi\u00eancia na \u00e1rea de Agronomia, com \u00eanfase em Fitotecnia.<\/p>\n<p align=\"justify\">Acesso CV: <span style=\"color: #0000ff\"><a style=\"color: #0000ff\" href=\"http:\/\/lattes.cnpq.br\/2626109549950930\">http:\/\/lattes.cnpq.br\/2626109549950930<\/a><\/span><\/p>\n<p align=\"justify\">E-mail: isandini@hotmail.com<\/p>\n<p>&nbsp;<\/p>\n<p><span style=\"font-size: 18pt\"><a href=\"https:\/\/www2.unicentro.br\/ppgvet\/files\/2022\/10\/ivo.jpg\"><img loading=\"lazy\" decoding=\"async\" class=\"alignnone wp-image-2086\" src=\"https:\/\/www2.unicentro.br\/ppgvet\/files\/2022\/10\/ivo-226x300.jpg\" alt=\"\" width=\"147\" height=\"195\" srcset=\"https:\/\/www2.unicentro.br\/ppgvet\/files\/2022\/10\/ivo-226x300.jpg 226w, https:\/\/www2.unicentro.br\/ppgvet\/files\/2022\/10\/ivo.jpg 260w\" sizes=\"auto, (max-width: 147px) 100vw, 147px\" \/><\/a><strong>Ivo Ilvan kerppers<\/strong><\/span><\/p>\n<p class=\"resumo\">Possui gradua\u00e7\u00e3o em Fisioterapia pela Pontif\u00edcia Universidade Cat\u00f3lica do Paran\u00e1 (1994). Atualmente \u00e9 docente do curso de Fisioterapia da Universidade Estadual do Centro- UNICENTRO , Docente do programa de Mestrado em Nanociencias e Bioci\u00eancias &#8211; Unicentro. Experi\u00eancia na \u00e1rea de Fisioterapia neurologica, mestrado em Engenharia Biom\u00e9dica pela UNIVAP, especializa\u00e7\u00e3o em Psicopedagogia, atuando principalmente na area da Neuro pediatria, com pesquisas em portadores de Paralisia Cerebral, a\u00e7\u00e3o de Laser de Baixa Intensidade no processo inflamat\u00f3rio agudo, mecanismos neurais da Dor, Dor Aguda e Cronica.<\/p>\n<p>Acesso: CV:<span style=\"color: #0000ff\"> <a style=\"color: #0000ff\" href=\"http:\/\/lattes.cnpq.br\/2107257822885032\">http:\/\/lattes.cnpq.br\/2107257822885032<\/a><\/span><\/p>\n<p>E-mail: ikerppers@gmail.com<\/p>\n<p>&nbsp;<\/p>\n<p align=\"justify\"><a href=\"http:\/\/www2.unicentro.br\/ppgvet\/files\/2014\/12\/jane.png\">\u00a0<\/a><a href=\"http:\/\/www2.unicentro.br\/ppgvet\/files\/2014\/12\/jane.png\"><img loading=\"lazy\" decoding=\"async\" class=\"alignnone wp-image-874 size-thumbnail\" src=\"http:\/\/www2.unicentro.br\/ppgvet\/files\/2014\/12\/jane-150x150.png\" alt=\"\" width=\"150\" height=\"150\" \/><\/a>\u00a0\u00a0<span style=\"font-size: 14pt\">\u00a0<strong>JANE DE OLIVEIRA PEIXOTO<\/strong><\/span><\/p>\n<p align=\"justify\">Possui gradua\u00e7\u00e3o em Zootecnia pela Universidade Federal de Vi\u00e7osa (2002), mestrado em Gen\u00e9tica e Melhoramento pela Universidade Federal de Vi\u00e7osa (2004) e doutorado em Zootecnia pela Universidade Federal de Vi\u00e7osa (2007). Atualmente \u00e9 pesquisadora na Embrapa Su\u00ednos e Aves. Tem experi\u00eancia na \u00e1rea de Zootecnia, com \u00eanfase em Gen\u00e9tica e Melhoramento dos Animais Dom\u00e9sticos, atuando principalmente em Gen\u00f4mica de su\u00ednos e aves.<\/p>\n<p align=\"justify\">\u00a0CV:<span style=\"color: #0000ff\"> <a style=\"color: #0000ff\" href=\"http:\/\/lattes.cnpq.br\/2693613497106612\">http:\/\/lattes.cnpq.br\/2693613497106612<\/a><\/span><\/p>\n<p align=\"justify\">E-mail:\u00a0jane.peixoto@embrapa.br<\/p>\n<p><a href=\"http:\/\/www2.unicentro.br\/ppgvet\/files\/2014\/12\/jorge-luiz-1.jpg\"><img loading=\"lazy\" decoding=\"async\" class=\"alignnone wp-image-814 size-thumbnail\" src=\"http:\/\/www2.unicentro.br\/ppgvet\/files\/2014\/12\/jorge-luiz-1-150x150.jpg\" alt=\"\" width=\"150\" height=\"150\" \/><\/a><strong>\u00a0<span style=\"font-size: 14pt\">JORGE LUIZ FAVARO<\/span><\/strong><\/p>\n<p>Possui gradua\u00e7\u00e3o em Medicina Veterin\u00e1ria pela Universidade Federal do Paran\u00e1 (1977), mestre em Extens\u00e3o Rural pela Universidade Federal de Santa Maria (1996), doutor em Geografia Agr\u00e1ria pela Universidade Federal do Paran\u00e1(2014). Professor da Universidade Estadual do Centro-Oeste UNICENTRO \u2013 Guarapuava \u2013 Pr, nos cursos de Agronomia e Medicina Veterin\u00e1ria. Professor\/orientador no curso de mestrado em Ci\u00eancias Veterin\u00e1ria. Extensionista da Emater Paran\u00e1(1978\/2003). Tem experi\u00eancia em Extens\u00e3o Rural, atuando principalmente nos seguintes temas: agricultura familiar\/camponesa, extens\u00e3o rural, desenvolvimento rural. Foi Pr\u00f3-Reitor de Extens\u00e3o e Cultura da Universidade Estadual do Centro-Oeste UNICENTRO\/2008-2010. Atualmente Diretor do Setor de Ci\u00eancias\u00a0Agr\u00e1rias e Ambientais \u2013 SEAA da Universidade Estadual do Centro-Oeste.<\/p>\n<p align=\"justify\">Acesso CV:<span style=\"color: #0000ff\"> <a style=\"color: #0000ff\" href=\"http:\/\/lattes.cnpq.br\/1135517199258676\">http:\/\/lattes.cnpq.br\/1135517199258676<\/a><\/span><\/p>\n<p align=\"justify\">E-mail: jorgelfavaro@uol.com.br<\/p>\n<p>&nbsp;<\/p>\n<p><a href=\"http:\/\/www2.unicentro.br\/ppgvet\/files\/2014\/12\/liane.jpg\"><img loading=\"lazy\" decoding=\"async\" class=\"alignnone wp-image-798 size-thumbnail\" src=\"http:\/\/www2.unicentro.br\/ppgvet\/files\/2014\/12\/liane-150x150.jpg\" alt=\"\" width=\"150\" height=\"150\" \/><\/a>\u00a0 <span style=\"font-size: 14pt\"><strong>LIANE ZILIOTTO<\/strong><\/span><\/p>\n<p align=\"justify\">Possui gradua\u00e7\u00e3o em Medicina Veterin\u00e1ria pela Universidade Estadual Paulista J\u00falio de Mesquita Filho (1997), mestrado em Cirurgia Veterin\u00e1ria pela Universidade Estadual Paulista J\u00falio de Mesquita Filho (2002) e doutorado em Patologia pela Universidade Estadual Paulista J\u00falio de Mesquita Filho (2008). Atualmente \u00e9 professora-adjunta da Universidade Estadual do Centro-Oeste. Tem experi\u00eancia na \u00e1rea de Medicina Veterin\u00e1ria, com \u00eanfase em Cl\u00ednica Cir\u00fargica de Pequenos Animais e Oncologia.<\/p>\n<p align=\"justify\">Acesso CV:<span style=\"color: #0000ff\"> <a style=\"color: #0000ff\" href=\"http:\/\/lattes.cnpq.br\/7294474114329405\">http:\/\/lattes.cnpq.br\/7294474114329405<\/a><\/span><\/p>\n<p align=\"justify\">E-mail: lianeziliotto@yahoo.com.br<\/p>\n<p align=\"justify\">\u00a0<a href=\"http:\/\/www2.unicentro.br\/ppgvet\/files\/2014\/12\/margarete-2.jpg\"><img loading=\"lazy\" decoding=\"async\" class=\"alignnone wp-image-810 size-thumbnail\" src=\"http:\/\/www2.unicentro.br\/ppgvet\/files\/2014\/12\/margarete-2-150x150.jpg\" alt=\"\" width=\"150\" height=\"150\" \/><\/a>\u00a0 <span style=\"font-size: 14pt\"><strong>MARGARETE KIMIE FALBO<\/strong><\/span><\/p>\n<p align=\"justify\">Possui doutorado em Processos Biotecnol\u00f3gicos \u2013 UFPR (2010), \u00e1rea Sa\u00fade Animal e mestrado em Sanidade Animal pela Universidade Estadual de Londrina (2000). Atualmente \u00e9 professora-adjunta A da Universidade Estadual do Centro-Oeste.<\/p>\n<p align=\"justify\">Acesso CV: <span style=\"color: #0000ff\"><a style=\"color: #0000ff\" href=\"http:\/\/lattes.cnpq.br\/3755905777198766\">http:\/\/lattes.cnpq.br\/3755905777198766<\/a><\/span><\/p>\n<p align=\"justify\">E-mail: margaretefalbo@hotmail.com<\/p>\n<p>&nbsp;<\/p>\n<p><a href=\"http:\/\/www2.unicentro.br\/ppgvet\/files\/2014\/12\/mikael-1.jpg\"><img loading=\"lazy\" decoding=\"async\" class=\"alignnone wp-image-811 size-thumbnail\" src=\"http:\/\/www2.unicentro.br\/ppgvet\/files\/2014\/12\/mikael-1-150x150.jpg\" alt=\"\" width=\"150\" height=\"150\" \/><\/a>\u00a0 <span style=\"font-size: 14pt\"><strong>MIKAEL NEUMANN<\/strong><\/span><\/p>\n<p align=\"justify\">Possui gradua\u00e7\u00e3o em Agronomia pela Universidade Tecnol\u00f3gica Federal do Paran\u00e1 (1999), mestrado em Zootecnia pela Universidade Federal de Santa Maria (2001) e doutorado em Zootecnia pela Universidade Federal do Rio Grande do Sul (2006). \u00c9 Professor Associado da Universidade Estadual do Centro-Oeste do Paran\u00e1. Tem experi\u00eancia na \u00e1rea de Agronomia e Zootecnia, com \u00eanfase em produ\u00e7\u00e3o vegetal e nutri\u00e7\u00e3o de ruminantes, atuando principalmente nos seguintes temas: sistemas de produ\u00e7\u00e3o de carne e leite e conserva\u00e7\u00e3o de forragens: produ\u00e7\u00e3o, confec\u00e7\u00e3o e utiliza\u00e7\u00e3o de silagens para ruminantes.<\/p>\n<p align=\"justify\">Acesso CV: <span style=\"color: #0000ff\"><a style=\"color: #0000ff\" href=\"http:\/\/lattes.cnpq.br\/6610260636799744\">http:\/\/lattes.cnpq.br\/6610260636799744<\/a><\/span><\/p>\n<p align=\"justify\">E-mail: neumann.mikael@hotmail.com<\/p>\n<p>&nbsp;<\/p>\n<p>&nbsp;<\/p>\n","protected":false},"excerpt":{"rendered":"<p>Adriana M\u00e9rcia Guaratini Ibelli Possui gradua\u00e7\u00e3o em Ci\u00eancias Biol\u00f3gicas pela Universidade Estadual Paulista J\u00falio de Mesquita Filho (2005) e Mestrado e Doutorado em Gen\u00e9tica e Evolu\u00e7\u00e3o pela Universidade Federal de S\u00e3o Carlos. Atualmente \u00e9 Analista A no Laborat\u00f3rio de Gen\u00e9tica Animal da Embrapa Su\u00ednos e Aves e Professora na Universidade do Contestado (UnC), Campus Conc\u00f3rdia. [&hellip;]<\/p>\n","protected":false},"author":2,"featured_media":0,"parent":0,"menu_order":0,"comment_status":"closed","ping_status":"closed","template":"Twocolums-page.php","meta":{"_exactmetrics_skip_tracking":false,"_exactmetrics_sitenote_active":false,"_exactmetrics_sitenote_note":"","_exactmetrics_sitenote_category":0,"ngg_post_thumbnail":0,"footnotes":"","_links_to":"","_links_to_target":""},"class_list":["post-40","page","type-page","status-publish","hentry"],"_links":{"self":[{"href":"https:\/\/www2.unicentro.br\/ppgvet\/wp-json\/wp\/v2\/pages\/40","targetHints":{"allow":["GET"]}}],"collection":[{"href":"https:\/\/www2.unicentro.br\/ppgvet\/wp-json\/wp\/v2\/pages"}],"about":[{"href":"https:\/\/www2.unicentro.br\/ppgvet\/wp-json\/wp\/v2\/types\/page"}],"author":[{"embeddable":true,"href":"https:\/\/www2.unicentro.br\/ppgvet\/wp-json\/wp\/v2\/users\/2"}],"replies":[{"embeddable":true,"href":"https:\/\/www2.unicentro.br\/ppgvet\/wp-json\/wp\/v2\/comments?post=40"}],"version-history":[{"count":34,"href":"https:\/\/www2.unicentro.br\/ppgvet\/wp-json\/wp\/v2\/pages\/40\/revisions"}],"predecessor-version":[{"id":3726,"href":"https:\/\/www2.unicentro.br\/ppgvet\/wp-json\/wp\/v2\/pages\/40\/revisions\/3726"}],"wp:attachment":[{"href":"https:\/\/www2.unicentro.br\/ppgvet\/wp-json\/wp\/v2\/media?parent=40"}],"curies":[{"name":"wp","href":"https:\/\/api.w.org\/{rel}","templated":true}]}}