{"id":31,"date":"2014-12-23T02:14:09","date_gmt":"2014-12-23T02:14:09","guid":{"rendered":"http:\/\/www2.unicentro.br\/ppgvet\/?page_id=31"},"modified":"2017-03-21T12:49:03","modified_gmt":"2017-03-21T12:49:03","slug":"area-de-concentracao","status":"publish","type":"page","link":"https:\/\/www2.unicentro.br\/ppgvet\/area-de-concentracao\/","title":{"rendered":"\u00c1rea de Concentra\u00e7\u00e3o"},"content":{"rendered":"<p><strong>Nome:\u00a0<\/strong>Sa\u00fade e Produ\u00e7\u00e3o Animal Sustent\u00e1vel<\/p>\n<p><strong>Descri\u00e7\u00e3o:\u00a0<\/strong>Promo\u00e7\u00e3o da sa\u00fade e bem estar animal por meio de novas perspectivas de abordagem sanit\u00e1ria (diagn\u00f3stico, terap\u00eautica e profilaxia) que levem em considera\u00e7\u00e3o as tecnologias atuais com baixo impacto ambiental, proporcionando a manuten\u00e7\u00e3o da sanidade animal associada \u00e0 produ\u00e7\u00e3o sustent\u00e1vel em modelos de cria\u00e7\u00e3o intensiva e em sistemas de agricultura familiar. Desenvolvimento de t\u00e9cnicas e tecnologias diagn\u00f3sticas aplic\u00e1veis \u00e0 realidade na promo\u00e7\u00e3o da sa\u00fade animal. Fomento, atrav\u00e9s do car\u00e1ter interdisciplinar do Programa, da integra\u00e7\u00e3o entre a produ\u00e7\u00e3o animal e vegetal e o estudo do impacto gerado nos diversos ecossistemas, fundamentando estrat\u00e9gias de preven\u00e7\u00e3o de danos e recupera\u00e7\u00e3o de ambientes.<\/p>\n","protected":false},"excerpt":{"rendered":"<p>Nome:\u00a0Sa\u00fade e Produ\u00e7\u00e3o Animal Sustent\u00e1vel Descri\u00e7\u00e3o:\u00a0Promo\u00e7\u00e3o da sa\u00fade e bem estar animal por meio de novas perspectivas de abordagem sanit\u00e1ria (diagn\u00f3stico, terap\u00eautica e profilaxia) que levem em considera\u00e7\u00e3o as tecnologias atuais com baixo impacto ambiental, proporcionando a manuten\u00e7\u00e3o da sanidade animal associada \u00e0 produ\u00e7\u00e3o sustent\u00e1vel em modelos de cria\u00e7\u00e3o intensiva e em sistemas de agricultura [&hellip;]<\/p>\n","protected":false},"author":2,"featured_media":0,"parent":0,"menu_order":0,"comment_status":"closed","ping_status":"closed","template":"Twocolums-page.php","meta":{"_exactmetrics_skip_tracking":false,"_exactmetrics_sitenote_active":false,"_exactmetrics_sitenote_note":"","_exactmetrics_sitenote_category":0,"ngg_post_thumbnail":0,"footnotes":"","_links_to":"","_links_to_target":""},"class_list":["post-31","page","type-page","status-publish","hentry"],"_links":{"self":[{"href":"https:\/\/www2.unicentro.br\/ppgvet\/wp-json\/wp\/v2\/pages\/31","targetHints":{"allow":["GET"]}}],"collection":[{"href":"https:\/\/www2.unicentro.br\/ppgvet\/wp-json\/wp\/v2\/pages"}],"about":[{"href":"https:\/\/www2.unicentro.br\/ppgvet\/wp-json\/wp\/v2\/types\/page"}],"author":[{"embeddable":true,"href":"https:\/\/www2.unicentro.br\/ppgvet\/wp-json\/wp\/v2\/users\/2"}],"replies":[{"embeddable":true,"href":"https:\/\/www2.unicentro.br\/ppgvet\/wp-json\/wp\/v2\/comments?post=31"}],"version-history":[{"count":1,"href":"https:\/\/www2.unicentro.br\/ppgvet\/wp-json\/wp\/v2\/pages\/31\/revisions"}],"predecessor-version":[{"id":32,"href":"https:\/\/www2.unicentro.br\/ppgvet\/wp-json\/wp\/v2\/pages\/31\/revisions\/32"}],"wp:attachment":[{"href":"https:\/\/www2.unicentro.br\/ppgvet\/wp-json\/wp\/v2\/media?parent=31"}],"curies":[{"name":"wp","href":"https:\/\/api.w.org\/{rel}","templated":true}]}}