{"id":218,"date":"2015-12-02T18:37:21","date_gmt":"2015-12-02T18:37:21","guid":{"rendered":"http:\/\/www2.unicentro.br\/ppgvet\/?page_id=218"},"modified":"2026-03-17T16:55:49","modified_gmt":"2026-03-17T16:55:49","slug":"formularios","status":"publish","type":"page","link":"https:\/\/www2.unicentro.br\/ppgvet\/formularios\/","title":{"rendered":"Formul\u00e1rios"},"content":{"rendered":"<p><span style=\"font-size: 12pt;font-family: arial, helvetica, sans-serif\"><strong><span style=\"line-height: 20px\">\u00a0 \u00a0 \u00a0 \u00a0 \u00a0 \u00a0 \u00a0 \u00a0 \u00a0 \u00a0 \u00a0 \u00a0 \u00a0 \u00a0 \u00a0 \u00a0 \u00a0 \u00a0 \u00a0 \u00a0 \u00a0 \u00a0 \u00a0 \u00a0<span style=\"font-family: 'arial black', sans-serif\"><span style=\"color: #ff0000\"><span style=\"font-size: 14pt\">\u00a0ALUNO REGULAR<\/span><\/span><\/span><\/span><\/strong><\/span><\/p>\n<p><span style=\"color: #ff0000\">\u00a0 ( Formul\u00e1rios dispon\u00edveis nos formatos: Formato port\u00e1til<strong>.pdf<\/strong> e Documento de texto Writer\/Word.<strong>doc<\/strong>)<\/span><\/p>\n<p><strong>ATEN\u00c7\u00c3O!<\/strong> Todos os requerimentos devem ser formalizados pelo e-mail:<strong> secretariappgcv@hotmail.com<\/strong><\/p>\n<p>&nbsp;<\/p>\n<p>&nbsp;<\/p>\n<ul>\n<li><span style=\"font-family: arial, helvetica, sans-serif;font-size: 12pt\"><span style=\"font-family: georgia, palatino, serif;font-size: 10pt\"><strong>RELAT\u00d3RIO DE ATIVIDADES SEMESTRAL <\/strong><span style=\"font-size: 12pt;color: #0000ff\"><strong>Atualizado 2026<\/strong>\u00a0\u00a0<a href=\"https:\/\/www2.unicentro.br\/ppgvet\/files\/2025\/01\/RS_.pdf\">(<\/a><a href=\"https:\/\/www2.unicentro.br\/ppgvet\/files\/2026\/02\/RS_-2026-PDF.pdf\">RS_ 2026 PDF<\/a><span style=\"color: #99cc00\">)\u00a0<\/span> \u00a0\u00a0 <a href=\"https:\/\/www2.unicentro.br\/ppgvet\/files\/2025\/01\/RS_.DOC.doc\">(<\/a><a href=\"https:\/\/www2.unicentro.br\/ppgvet\/files\/2026\/02\/RS_2026-DOC.doc\">RS_2026 DOC)<\/a><\/span><\/span><\/span><\/li>\n<\/ul>\n<p>&nbsp;<\/p>\n<p>&nbsp;<\/p>\n<ul>\n<li><span style=\"font-family: arial, helvetica, sans-serif;font-size: 12pt\"><span style=\"font-family: georgia, palatino, serif;font-size: 10pt\"><span style=\"color: #000000\"><strong>FORMUL\u00c1RIOS E RELAT\u00d3RIOS BOLSISTAS PPGCV <\/strong><\/span><span style=\"font-size: 12pt;color: #0000ff\"><strong>Atualizado 2026 <a href=\"https:\/\/www2.unicentro.br\/ppgvet\/files\/2025\/10\/Formulario-Bolsas.pdf\">Formul\u00e1rio Bolsas<\/a><\/strong><\/span><\/span><\/span><\/li>\n<\/ul>\n<p>&nbsp;<\/p>\n<p>&nbsp;<\/p>\n<ul>\n<li><span style=\"font-family: arial, helvetica, sans-serif\"><span style=\"font-family: arial, helvetica, sans-serif;font-size: 12pt\"> <strong><span style=\"font-family: georgia, palatino, serif;font-size: 10pt\">MANUAL PARA NORMALIZA\u00c7\u00c3O T\u00c9CNICA DE DISSERTA\u00c7\u00d5ES <span style=\"font-size: 12pt;color: #0000ff\">Atualizado 2026\u00a0<\/span> <\/span><\/strong>\u00a0<a href=\"https:\/\/www2.unicentro.br\/ppgvet\/2025\/06\/13\/manual-para-normalizacao-tecnica-de-dissertacoes\/\">MANUAL PARA NORMALIZA\u00c7\u00c3O T\u00c9CNICA DE DISSERTA\u00c7\u00d5ES<\/a><\/span><\/span><\/li>\n<\/ul>\n<p>&nbsp;<\/p>\n<p>&nbsp;<\/p>\n<ul>\n<li><span style=\"font-size: 12pt;font-family: arial, helvetica, sans-serif\"> <strong><span style=\"font-family: georgia, palatino, serif;font-size: 10pt\">SOLICITA\u00c7\u00c3O DE APROVEITAMENTO DE SUFICI\u00caNCIA <\/span><span style=\"font-family: georgia, palatino, serif;font-size: 10pt\"><span style=\"font-size: 12pt;color: #0000ff\">Atualizado 2026<\/span><\/span><span style=\"font-family: georgia, palatino, serif;font-size: 10pt\"><a href=\"https:\/\/www2.unicentro.br\/ppgvet\/files\/2024\/04\/AS.PDF.pdf\">(AS.PDF)<\/a><a href=\"https:\/\/www2.unicentro.br\/ppgvet\/files\/2024\/04\/AS.DOC.doc\">(AS.DOC)<\/a><\/span><\/strong><\/span><\/li>\n<\/ul>\n<p>&nbsp;<\/p>\n<p>&nbsp;<\/p>\n<ul>\n<li><span style=\"font-size: 12pt;font-family: arial, helvetica, sans-serif\"> <strong><span style=\"font-family: georgia, palatino, serif;font-size: 10pt\">SOLICITA\u00c7\u00c3O DE APROVEITAMENTO DE DISCIPLINAS<\/span><\/strong>.<strong><span style=\"font-family: georgia, palatino, serif;font-size: 10pt\"><span style=\"font-size: 12pt;color: #0000ff\">Atualizado 2026<\/span><\/span><\/strong>\u00a0<a href=\"https:\/\/www2.unicentro.br\/ppgvet\/files\/2024\/04\/AE.PDF.pdf\">(AE.PDF)<\/a>\u00a0 \u00a0<a href=\"https:\/\/www2.unicentro.br\/ppgvet\/files\/2024\/04\/AE.DOC.docx\">(AE.DOC)<\/a><\/span><\/li>\n<\/ul>\n<p>&nbsp;<\/p>\n<p>&nbsp;<\/p>\n<ul>\n<li><span style=\"font-size: 12pt;font-family: arial, helvetica, sans-serif\"> <strong><span style=\"font-family: georgia, palatino, serif;font-size: 10pt\">REQUERIMENTO PARA EXAME DE QUALIFICA\u00c7\u00c3O<\/span><\/strong> <span style=\"color: #0000ff;font-family: georgia, palatino, serif\"><strong>Atualizado 2026<\/strong>\u00a0 <a href=\"https:\/\/www2.unicentro.br\/ppgvet\/files\/2025\/07\/Requerimento-para-qualificacao-mestrado-2025.doc\">(Qualifica\u00e7\u00e3o.DOC)<\/a><\/span><\/span><\/li>\n<\/ul>\n<p>&nbsp;<\/p>\n<p>&nbsp;<\/p>\n<ul>\n<li><span style=\"font-size: 12pt;font-family: arial, helvetica, sans-serif\"> <strong><span style=\"font-family: georgia, palatino, serif;font-size: 10pt\">REQUERIMENTO PARA DEFESA DE DISSERTA\u00c7\u00c3O<\/span><\/strong>\u00a0 <span style=\"color: #0000ff\"><strong>Atualizado 2026<\/strong> <a href=\"https:\/\/www2.unicentro.br\/ppgvet\/files\/2025\/07\/Requerimento-defesa-mestrado-2025.doc\">(Defesa.DOC)<\/a><\/span><\/span><\/li>\n<\/ul>\n<p>&nbsp;<\/p>\n<p>&nbsp;<\/p>\n<ul>\n<li><span style=\"font-size: 12pt;font-family: arial, helvetica, sans-serif\"><span style=\"font-family: georgia, palatino, serif;font-size: 10pt\"><strong>PROCEDIMENTOS SOBRE A ENTREGA DE DISSERTA\u00c7\u00c3O\u00a0<\/strong><span style=\"color: #0000ff;font-size: 12pt\"><strong>Atualizado 2026<\/strong>\u00a0 \u00a0<a href=\"https:\/\/www2.unicentro.br\/ppgvet\/files\/2024\/04\/EF.PDF.pdf\">(<\/a><a href=\"https:\/\/www2.unicentro.br\/ppgvet\/files\/2025\/07\/E.F.pdf\">E.F.PDF<\/a><a href=\"https:\/\/www2.unicentro.br\/ppgvet\/files\/2024\/04\/EF.PDF.pdf\">)<\/a>\u00a0 \u00a0<a href=\"https:\/\/www2.unicentro.br\/ppgvet\/files\/2024\/04\/EF.DOC.doc\">(<\/a><a href=\"https:\/\/www2.unicentro.br\/ppgvet\/files\/2025\/07\/E.F.doc\">E.F.DOC<\/a><a href=\"https:\/\/www2.unicentro.br\/ppgvet\/files\/2024\/04\/EF.DOC.doc\">)<\/a><\/span><\/span><\/span><\/li>\n<\/ul>\n<p>&nbsp;<\/p>\n<p>&nbsp;<\/p>\n<ul>\n<li><span style=\"font-size: 12pt;font-family: arial, helvetica, sans-serif\"><span style=\"font-family: georgia, palatino, serif;font-size: 10pt\"><strong>REQUERIMENTO CO-ORIENTA\u00c7\u00c3O<\/strong><\/span> <a href=\"http:\/\/www2.unicentro.br\/ppgvet\/files\/2015\/12\/Requerimento-de-co-orienta\u00e7\u00e3o-PPGCV.doc\"><strong>(<\/strong>.doc<strong>)<\/strong><\/a><strong>\u00a0<\/strong><a href=\"http:\/\/www2.unicentro.br\/ppgvet\/files\/2015\/12\/Requerimento-de-co-orienta\u00e7\u00e3o.pdf\"><strong>(<\/strong>.pdf<strong>)<\/strong><\/a><strong>\u00a0<\/strong><\/span><\/li>\n<\/ul>\n<p>&nbsp;<\/p>\n<p>&nbsp;<\/p>\n<ul>\n<li><span style=\"font-size: 12pt;font-family: arial, helvetica, sans-serif\"><span style=\"font-family: georgia, palatino, serif;font-size: 10pt\"><strong>REQUERIMENTO DE TRANCAMENTO DE MATR\u00cdCULA\u00a0 ALUNO REGULAR<\/strong><\/span> <a href=\"https:\/\/www2.unicentro.br\/ppgvet\/files\/2024\/04\/TM.PDF.pdf\">(TM.PDF)<\/a> \u00a0<a href=\"https:\/\/www2.unicentro.br\/ppgvet\/files\/2024\/04\/TM.DOC.doc\">(TM.DOC)<\/a><\/span><\/li>\n<\/ul>\n<p>&nbsp;<\/p>\n<p>&nbsp;<\/p>\n<ul>\n<li><span style=\"font-size: 12pt;font-family: arial, helvetica, sans-serif\"><span style=\"font-family: georgia, palatino, serif;font-size: 10pt\"><strong>REQUERIMENTO DE CANCELAMENTO DE MATR\u00cdCULA COMO ALUNO REGULAR<\/strong> (<span style=\"color: #0000ff\"><strong>Cancelamento de matr\u00edcula em disciplina<\/strong><\/span>)<\/span> \u00a0<a href=\"https:\/\/www2.unicentro.br\/ppgvet\/files\/2024\/04\/CM.PDF.pdf\">(CM.PDF)<\/a> \u00a0 <a href=\"https:\/\/www2.unicentro.br\/ppgvet\/files\/2024\/04\/CM.DOC.doc\">(CM.DOC)<\/a><\/span><\/li>\n<\/ul>\n<p>&nbsp;<\/p>\n<p>&nbsp;<\/p>\n<ul>\n<li><span style=\"font-size: 12pt;font-family: arial, helvetica, sans-serif\"> \u00a0<span style=\"font-family: georgia, palatino, serif;font-size: 10pt\"><strong>RELAT\u00d3RIO DE PRESEN\u00c7A EM DISSERTA\u00c7\u00c3O<\/strong><\/span> <strong>(<\/strong><a href=\"http:\/\/www2.unicentro.br\/ppgvet\/files\/2015\/12\/Formul\u00e1rio-presen\u00e7a-defesa.pdf\">Formul\u00e1rio<\/a><strong>)<\/strong><\/span><\/li>\n<\/ul>\n<p>&nbsp;<\/p>\n<p>&nbsp;<\/p>\n<ul>\n<li>\u00a0<strong><span style=\"font-family: georgia, palatino, serif;font-size: 10pt\">SOLICITA\u00c7\u00c3O PRORROGA\u00c7\u00c3O PRAZO QUALIFICA\u00c7\u00c3O<\/span><\/strong><span style=\"font-family: arial, helvetica, sans-serif;font-size: 12pt\"><span style=\"font-family: georgia, palatino, serif;font-size: 12pt;color: #0000ff\"><strong>Atualizado 2026\u00a0<a href=\"https:\/\/www2.unicentro.br\/ppgvet\/files\/2025\/07\/Solicitacao_prorrogacao_prazo_qualificacao_.doc\">Solicitacao_prorrogacao_prazo_qualificacao_<\/a><\/strong><\/span><\/span><\/li>\n<\/ul>\n<p>&nbsp;<\/p>\n<p>&nbsp;<\/p>\n<ul>\n<li><span style=\"font-family: arial, helvetica, sans-serif;font-size: 12pt\"><strong><span style=\"font-family: georgia, palatino, serif;font-size: 10pt\">SOLICITA\u00c7\u00c3O PRORROGA\u00c7\u00c3O PRAZO DEFESA <\/span><\/strong><span style=\"font-family: georgia, palatino, serif;font-size: 12pt;color: #0000ff\"><strong>Atualizado 2026<\/strong>\u00a0 <a href=\"https:\/\/www2.unicentro.br\/ppgvet\/files\/2025\/07\/Prorrogacao_Prazo_Defesa_.docx\">Prorrogacao_Prazo_Defesa_<\/a><\/span><\/span><\/li>\n<\/ul>\n<p>&nbsp;<\/p>\n<p>&nbsp;<\/p>\n<ul>\n<li><span style=\"font-family: arial, helvetica, sans-serif\"><strong><span style=\"font-size: 12pt;font-family: georgia, palatino, serif\"> Termo desist\u00eancia de Bolsa <\/span><\/strong><span style=\"font-size: 12pt;font-family: georgia, palatino, serif;color: #0000ff\"><strong>Atualizado 2026<\/strong>\u00a0 <a href=\"https:\/\/www2.unicentro.br\/ppgvet\/files\/2024\/04\/DB.PDF.pdf\">(<\/a><a href=\"https:\/\/www2.unicentro.br\/ppgvet\/files\/2026\/03\/TERMO-DE-DESISTENCIA-DE-BOLSA-DB.DOC-4.pdf\">DB.PDF<\/a><span style=\"color: #99cc00\">)\u00a0<\/span> <a href=\"https:\/\/www2.unicentro.br\/ppgvet\/files\/2024\/04\/DB.DOC.docx\">(<\/a><a href=\"https:\/\/www2.unicentro.br\/ppgvet\/files\/2026\/03\/TERMO-DE-DESISTENCIA-DE-BOLSA-DB.DOC-4.docx\">DB.DOC<\/a><span style=\"color: #99cc00\">)<\/span><\/span><\/span><\/li>\n<\/ul>\n","protected":false},"excerpt":{"rendered":"<p>\u00a0 \u00a0 \u00a0 \u00a0 \u00a0 \u00a0 \u00a0 \u00a0 \u00a0 \u00a0 \u00a0 \u00a0 \u00a0 \u00a0 \u00a0 \u00a0 \u00a0 \u00a0 \u00a0 \u00a0 \u00a0 \u00a0 \u00a0 \u00a0\u00a0ALUNO REGULAR \u00a0 ( Formul\u00e1rios dispon\u00edveis nos formatos: Formato port\u00e1til.pdf e Documento de texto Writer\/Word.doc) ATEN\u00c7\u00c3O! Todos os requerimentos devem ser formalizados pelo e-mail: secretariappgcv@hotmail.com &nbsp; &nbsp; RELAT\u00d3RIO DE ATIVIDADES SEMESTRAL Atualizado [&hellip;]<\/p>\n","protected":false},"author":6,"featured_media":0,"parent":0,"menu_order":0,"comment_status":"closed","ping_status":"closed","template":"Twocolums-page.php","meta":{"_exactmetrics_skip_tracking":false,"_exactmetrics_sitenote_active":false,"_exactmetrics_sitenote_note":"","_exactmetrics_sitenote_category":0,"ngg_post_thumbnail":0,"footnotes":"","_links_to":"","_links_to_target":""},"class_list":["post-218","page","type-page","status-publish","hentry"],"_links":{"self":[{"href":"https:\/\/www2.unicentro.br\/ppgvet\/wp-json\/wp\/v2\/pages\/218","targetHints":{"allow":["GET"]}}],"collection":[{"href":"https:\/\/www2.unicentro.br\/ppgvet\/wp-json\/wp\/v2\/pages"}],"about":[{"href":"https:\/\/www2.unicentro.br\/ppgvet\/wp-json\/wp\/v2\/types\/page"}],"author":[{"embeddable":true,"href":"https:\/\/www2.unicentro.br\/ppgvet\/wp-json\/wp\/v2\/users\/6"}],"replies":[{"embeddable":true,"href":"https:\/\/www2.unicentro.br\/ppgvet\/wp-json\/wp\/v2\/comments?post=218"}],"version-history":[{"count":250,"href":"https:\/\/www2.unicentro.br\/ppgvet\/wp-json\/wp\/v2\/pages\/218\/revisions"}],"predecessor-version":[{"id":4193,"href":"https:\/\/www2.unicentro.br\/ppgvet\/wp-json\/wp\/v2\/pages\/218\/revisions\/4193"}],"wp:attachment":[{"href":"https:\/\/www2.unicentro.br\/ppgvet\/wp-json\/wp\/v2\/media?parent=218"}],"curies":[{"name":"wp","href":"https:\/\/api.w.org\/{rel}","templated":true}]}}