{"id":1229,"date":"2018-09-25T12:12:48","date_gmt":"2018-09-25T12:12:48","guid":{"rendered":"https:\/\/www2.unicentro.br\/ppgvet\/?page_id=1229"},"modified":"2025-09-22T12:30:23","modified_gmt":"2025-09-22T12:30:23","slug":"coordenacao-e-comissoes","status":"publish","type":"page","link":"https:\/\/www2.unicentro.br\/ppgvet\/coordenacao-e-comissoes\/","title":{"rendered":"Coordena\u00e7\u00e3o e Comiss\u00f5es"},"content":{"rendered":"<p><strong>COORDENA\u00c7\u00c3O DO PROGRAMA &#8211; <span style=\"color: #ff6600\">2025\/2 &#8211; 2027<\/span><\/strong><\/p>\n<p><span style=\"color: #0000ff\"><strong>Coordenadora do PPGCV<\/strong><\/span><\/p>\n<p>Prof\u00aa. Dr\u00aa. Heloisa Godoi Bertagnon<\/p>\n<p>Vice-Coordenadora do PPGCV<\/p>\n<p>Prof\u00aa. Dr\u00aa. Margarete Kimie Falbo<\/p>\n<p><span style=\"color: #0000ff\"><strong>COLEGIADO<\/strong><\/span><\/p>\n<p>Prof\u00aa. Dr\u00aa. Heloisa Godoi Bertagnon \u00a0\u2013 Titular<\/p>\n<p>Prof\u00aa. Dr\u00aa. Margarete Kimie Falbo &#8211; Titular<\/p>\n<p>Prof. Dr. Mikael Neumann \u2013 Titular<\/p>\n<p>Prof. Dr. Itacir Eloi Sandini \u2013 Titular<\/p>\n<p>Prof\u00aa. Dr\u00aa Ana Paula Almeida Bastos \u2013 Titular<\/p>\n<p>Prof\u00aa. Dr\u00aa. Carla Fredrichsen Moya \u2013 Titular<\/p>\n<p>Fernanda Marques de Oliveira \u2013 Representante Discente<\/p>\n<p><span style=\"color: #0000ff\"><strong>COMISS\u00c3O DE BOLSAS<\/strong><\/span><\/p>\n<p>Prof\u00aa. Dr\u00aa. Heloisa Godoi Bertagnon \u00a0\u2013 Titular<\/p>\n<p>Prof\u00aa. Dr\u00aa. Margarete Kimie Falbo &#8211; Titular<\/p>\n<p>Prof\u00aa. Dr\u00aa. Carla Fredrichsen Moya &#8211; Titular<\/p>\n<p>Prof. Dr. Itacir Eloi Sandini &#8211; Titular<\/p>\n<p>Fernanda Marques de Oliveira \u2013 Representante Discente<\/p>\n<p><strong><span style=\"color: #0000ff\">COMISS\u00c3O DE AUTOAVALIA\u00c7\u00c3O<\/span><\/strong><\/p>\n<p>Prof\u00aa. Dr\u00aa. Margarete Kimie Falbo \u2013 Titular<\/p>\n<p>Prof\u00aa. Dr\u00aa. Heloisa Godoi Bertagnon &#8211; Titular<\/p>\n<p>Welliton Luis Cavalheiro &#8211; Representante dos Agentes Universit\u00e1rios<\/p>\n<p>Fernanda Marques de Oliveira \u2013 Representante Discente<\/p>\n<p>Cristina Wedderhoff Herrmann\u00a0&#8211; Representante dos Egressos<\/p>\n<p>Prof. Dr. Werner Okano &#8211; Representante da Comunidade Externa<\/p>\n<p>&nbsp;<\/p>\n<p>&nbsp;<\/p>\n<p>COORDENA\u00c7\u00c3O DO PROGRAMA &#8211; 2023\/2 &#8211; 2025\/1<\/p>\n<p><span style=\"color: #000000\">Coordenador do PPGCV<\/span><\/p>\n<p>Prof\u00aa. Dr\u00aa. Liane Ziliotto<\/p>\n<p>Vice-Coordenador do PPGCV<\/p>\n<p>Prof\u00aa. Dr\u00aa. Heloisa Godoi Bertagnon<\/p>\n<p><span style=\"color: #000000\">COLEGIADO<\/span><\/p>\n<p>Prof\u00aa. Dr\u00aa. Liane Ziliotto\u00a0 \u2013 Titular<\/p>\n<p>Prof\u00aa. Dr\u00aa. Heloisa Godoi Bertagnon &#8211; Titular<\/p>\n<p>Prof\u00aa. Dr\u00aa. Margarete Kimie Falbo \u2013 Titular<\/p>\n<p>Prof\u00aa. Dr\u00aa. Jane de Oliveira Peixoto \u2013 Titular<\/p>\n<p>Prof. Dr. Mikael Neumann \u2013 Titular<\/p>\n<p>Eloise Carla de Almeida \u2013 Representante Discente\u00a0 <span style=\"color: #ff6600\">(2024\/2 &#8211; 2025\/1)<\/span><\/p>\n<p>Guilherme Jose Krysa &#8211;\u00a0 Representante Discente Suplente <span style=\"color: #ff6600\">(2024\/2 &#8211; 2025\/1)<\/span><\/p>\n<p>Paulo Victor Pinheiro Cesar\u2013 Representante Discente <span style=\"color: #ff6600\">(2023\/2 &#8211; 2024\/1)<\/span><\/p>\n<p>Marcela Calciolari Branquinho &#8211;\u00a0 Representante Discente Suplente<span style=\"color: #ff6600\"> (2023\/2 &#8211; 2024\/1)<\/span><\/p>\n<p><span style=\"color: #000000\">COMISS\u00c3O DE BOLSAS<\/span><\/p>\n<p>Prof\u00aa. Dr\u00aa. Liane Ziliotto\u00a0 \u2013 Titular<\/p>\n<p>Prof\u00aa. Dr\u00aa. Heloisa Godoi Bertagnon &#8211; Titular<\/p>\n<p>Prof\u00aa. Dr\u00aa. Carla Fredrichsen Moya &#8211; Titular<\/p>\n<p>Prof. Dr. Itacir Eloi Sandini &#8211; Titular<\/p>\n<p>Prof\u00aa. Dr\u00aa Ana Paula Almeida Bastos &#8211; Suplente<\/p>\n<p>Geovana Tha\u00eds Motta &#8211; Representante Discente<\/p>\n<p><span style=\"color: #000000\">COMISS\u00c3O DE AUTOAVALIA\u00c7\u00c3O<\/span><\/p>\n<p>Prof\u00aa. Dr\u00aa. Margarete Kimie Falbo \u2013 Titular<\/p>\n<p>Prof\u00aa. Dr\u00aa. Heloisa Godoi Bertagnon &#8211; Titular<\/p>\n<p>Prof. Dr. Ivo Ilvan Kerppers &#8211; Titular<\/p>\n<p>Welliton Luis Cavalheiro &#8211; Representante dos Agentes Universit\u00e1rios<\/p>\n<p>Eloise Carla de Almeida \u2013 Representante Discente<\/p>\n<p>Karine Cristine Almeida &#8211; Representante dos Egressos<\/p>\n<p>Prof. Dr. Werner Okano &#8211; Representante da Comunidade Externa<\/p>\n<p>&nbsp;<\/p>\n<p>COORDENA\u00c7\u00c3O DO PROGRAMA &#8211; 2023\/1<\/p>\n<p>Coordenador do PPGCV<\/p>\n<p>Prof\u00aa. Dr\u00aa. Heloisa Godoi Bertagnon<\/p>\n<p>Vice-Coordenador do PPGCV<\/p>\n<p>Prof\u00aa. Dr\u00aa. Margarete Kimie Falbo<\/p>\n<p>COLEGIADO<\/p>\n<p>Prof\u00aa. Dr\u00aa. Heloisa Godoi Bertagnon &#8211; Titular<\/p>\n<p>Prof\u00aa. Dr\u00aa. Margarete Kimie Falbo \u2013 Titular<\/p>\n<p>Prof\u00aa. Dr\u00aa. Liane Ziliotto\u00a0 \u2013 Titular<\/p>\n<p>Prof. Dr. Mikael Neumann \u2013 Titular<\/p>\n<p>Keila Garcia Favar\u00e3o\u2013 Representante Discente (2023\/1)<\/p>\n<p>Danielle Louisy Bahia dos Santos-\u00a0 Representante Discente Suplente (2023\/1)<\/p>\n<p>&nbsp;<\/p>\n<p>COORDENA\u00c7\u00c3O DO PROGRAMA &#8211; 2021-2022<\/p>\n<p>Coordenador do PPGCV<\/p>\n<p>Prof\u00aa. Dr\u00aa. Heloisa Godoi Bertagnon<\/p>\n<p>Vice-Coordenador do PPGCV<\/p>\n<p>Prof\u00aa. Dr\u00aa. Margarete Kimie Falbo<\/p>\n<p>COLEGIADO<\/p>\n<p>Prof\u00aa. Dr\u00aa. Heloisa Godoi Bertagnon &#8211; Titular<\/p>\n<p>Prof\u00aa. Dr\u00aa. Margarete Kimie Falbo \u2013 Titular<\/p>\n<p>Prof\u00aa. Dr\u00aa. Liane Ziliotto\u00a0 \u2013 Titular<\/p>\n<p>Prof. Dr. Mikael Neumann \u2013 Titular<\/p>\n<p>Eduardo Rodrigues de Almeida \u2013 Representante Discente (2021)<\/p>\n<p>Bruna Fernanda Zdepski &#8211;\u00a0 Representante Discente Suplente(2021)<\/p>\n<p>Emerson Milla \u2013 Representante Discente (2022)<\/p>\n<p>J\u00e9ssica Maira Derhon &#8211;\u00a0 Representante Discente Suplente(2022)<\/p>\n<p>Keila Garcia Favar\u00e3o\u2013 Representante Discente (2022 &#8211; A partir de 25\/11\/2022)<\/p>\n<p>Danielle Louisy Bahia dos Santos-\u00a0 Representante Discente Suplente (2022 &#8211; A partir de 25\/11\/2022)<\/p>\n<p>&nbsp;<\/p>\n<p>COORDENA\u00c7\u00c3O DO PROGRAMA &#8211; 2019-2020<\/p>\n<p>Coordenador do PPGCV<\/p>\n<p>Prof\u00aa Dr\u00aa Heloisa Godoi Bertagnon<\/p>\n<p>Vice-Coordenador do PPGCV<\/p>\n<p>Profa. Dra. Margarete Kimie Falbo<\/p>\n<p>COLEGIADO<\/p>\n<p>Prof\u00aa Dr\u00aa Heloisa Godoi Bertagnon &#8211; Titular<\/p>\n<p>Prof\u00aa. Dr\u00aa. Margarete Kimie Falbo \u2013 Titular<\/p>\n<p>Prof. Dr. Mikael Neumann \u2013 Titular<\/p>\n<p>Prof. Dr. Jorge Luiz Favaro &#8211; Titular<\/p>\n<p>Prof. Dr.Itacir Eloi Sandini &#8211;\u00a0Suplente<\/p>\n<p>Edelmir Silvio Stadler J\u00fanior \u2013 Representante Discente<\/p>\n<p>Gabriela Garbossa &#8211; Representante Discente<\/p>\n<p>Bruna Nat\u00e1li Bortoluzzi &#8211;\u00a0 Representante Discente Suplente<\/p>\n<p>&nbsp;<\/p>\n<p>&nbsp;<\/p>\n<p>COORDENA\u00c7\u00c3O DO PROGRAMA &#8211; 2017-2018<\/p>\n<p>Coordenador do PPGCV<\/p>\n<p>Profa. Dra. Margarete Kimie Falbo<\/p>\n<p>Vice-Coordenador do PPGCV<\/p>\n<p>Profa. Dra.\u00a0Karen Regina Lemos<\/p>\n<p>COLEGIADO<\/p>\n<p>Profa. Dra. Margarete Kimie Falbo \u2013\u00a0Titular<\/p>\n<p>Profa. Dra.\u00a0Karen Regina Lemos \u2013 \u00a0Titular<\/p>\n<p>Prof\u00aa. Dr\u00aa Renata Marino Romano \u2013 Titular<\/p>\n<p>Prof. Dr. Mikael Neumann \u2013 Titular<\/p>\n<p>Prof. Dr.Itacir Eloi Sandini &#8211;\u00a0Suplente<\/p>\n<p>Prof\u00aa Dr\u00aa Heloisa Godoi Bertagnon\u2013 Suplente<\/p>\n<p>Leslei Caroline Santos \u2013 Representante Discente<\/p>\n","protected":false},"excerpt":{"rendered":"<p>COORDENA\u00c7\u00c3O DO PROGRAMA &#8211; 2025\/2 &#8211; 2027 Coordenadora do PPGCV Prof\u00aa. Dr\u00aa. Heloisa Godoi Bertagnon Vice-Coordenadora do PPGCV Prof\u00aa. Dr\u00aa. Margarete Kimie Falbo COLEGIADO Prof\u00aa. Dr\u00aa. Heloisa Godoi Bertagnon \u00a0\u2013 Titular Prof\u00aa. Dr\u00aa. Margarete Kimie Falbo &#8211; Titular Prof. Dr. Mikael Neumann \u2013 Titular Prof. Dr. Itacir Eloi Sandini \u2013 Titular Prof\u00aa. Dr\u00aa Ana Paula [&hellip;]<\/p>\n","protected":false},"author":95,"featured_media":0,"parent":0,"menu_order":0,"comment_status":"closed","ping_status":"closed","template":"twocolumns-page-no-comms.php","meta":{"_exactmetrics_skip_tracking":false,"_exactmetrics_sitenote_active":false,"_exactmetrics_sitenote_note":"","_exactmetrics_sitenote_category":0,"ngg_post_thumbnail":0,"footnotes":"","_links_to":"","_links_to_target":""},"class_list":["post-1229","page","type-page","status-publish","hentry"],"_links":{"self":[{"href":"https:\/\/www2.unicentro.br\/ppgvet\/wp-json\/wp\/v2\/pages\/1229","targetHints":{"allow":["GET"]}}],"collection":[{"href":"https:\/\/www2.unicentro.br\/ppgvet\/wp-json\/wp\/v2\/pages"}],"about":[{"href":"https:\/\/www2.unicentro.br\/ppgvet\/wp-json\/wp\/v2\/types\/page"}],"author":[{"embeddable":true,"href":"https:\/\/www2.unicentro.br\/ppgvet\/wp-json\/wp\/v2\/users\/95"}],"replies":[{"embeddable":true,"href":"https:\/\/www2.unicentro.br\/ppgvet\/wp-json\/wp\/v2\/comments?post=1229"}],"version-history":[{"count":30,"href":"https:\/\/www2.unicentro.br\/ppgvet\/wp-json\/wp\/v2\/pages\/1229\/revisions"}],"predecessor-version":[{"id":3891,"href":"https:\/\/www2.unicentro.br\/ppgvet\/wp-json\/wp\/v2\/pages\/1229\/revisions\/3891"}],"wp:attachment":[{"href":"https:\/\/www2.unicentro.br\/ppgvet\/wp-json\/wp\/v2\/media?parent=1229"}],"curies":[{"name":"wp","href":"https:\/\/api.w.org\/{rel}","templated":true}]}}