{"id":941,"date":"2017-05-30T17:14:00","date_gmt":"2017-05-30T17:14:00","guid":{"rendered":"http:\/\/www2.unicentro.br\/ppgq\/?page_id=941"},"modified":"2017-05-30T17:14:00","modified_gmt":"2017-05-30T17:14:00","slug":"presentacion","status":"publish","type":"page","link":"https:\/\/www2.unicentro.br\/ppgq\/es\/maestria\/presentacion\/","title":{"rendered":"Presentaci\u00f3n"},"content":{"rendered":"<p>El curso de Maestr\u00eda en Qu\u00edmica Aplicada del Programa de Pos-Graduaci\u00f3n en Qu\u00edmica de la Universidad Estadual del Centro Oeste (UNICENTRO) fue aprobado en reuni\u00f3n realizada en el periodo del 31 de Enero al 02 de Febrero de 2006 por el consejo t\u00e9cnico cient\u00edfico (CTC) de Capes que concord\u00f3 con el parecer de la comisi\u00f3n de \u00c1rea y recomend\u00f3 el concepto 3. De esta manera la maestr\u00eda en qu\u00edmica aplicada inicio sus actividades en 2006 actuando en dos l\u00edneas de investigaci\u00f3n: (1) Materiales, interfaces, y aplicaciones (2) Metodolog\u00edas anal\u00edticas y aplicaciones.<\/p>\n<p>A lo largo de su existencias, el cuerpo docente de la maestr\u00eda en qu\u00edmica aplicada se ha comprometido en buscar el fortalecimiento de las l\u00edneas de investigaci\u00f3n, la consolidaci\u00f3n de los grupos de investigaci\u00f3n, la aprobaci\u00f3n y preparaci\u00f3n de nuevos proyectos y la publicaci\u00f3n de art\u00edculos cient\u00edficos en revistas nacionales e internacionales de alto factor de impacto.<\/p>\n<p>El programa de pos-graduaci\u00f3n en qu\u00edmica aplicada, nivel maestr\u00eda ha procurado tambi\u00e9n ofrecer a sus Mestres una formaci\u00f3n amplia y vers\u00e1til capacit\u00e1ndolos para actuar en diversos sectores industriales y acad\u00e9micos sin dejar de lado la formaci\u00f3n cient\u00edfica que permita la continuaci\u00f3n de sus estudios visando un curso de doctorado.<\/p>\n","protected":false},"excerpt":{"rendered":"<p>El curso de Maestr\u00eda en Qu\u00edmica Aplicada del Programa de Pos-Graduaci\u00f3n en Qu\u00edmica de la Universidad Estadual del Centro Oeste (UNICENTRO) fue aprobado en reuni\u00f3n realizada en el periodo del 31 de Enero al 02 de Febrero de 2006 por el consejo t\u00e9cnico cient\u00edfico (CTC) de Capes que concord\u00f3 con el parecer de la comisi\u00f3n [&hellip;]<\/p>\n","protected":false},"author":2,"featured_media":0,"parent":930,"menu_order":0,"comment_status":"closed","ping_status":"closed","template":"","meta":{"_exactmetrics_skip_tracking":false,"_exactmetrics_sitenote_active":false,"_exactmetrics_sitenote_note":"","_exactmetrics_sitenote_category":0,"ngg_post_thumbnail":0,"footnotes":"","_links_to":"","_links_to_target":""},"class_list":["post-941","page","type-page","status-publish","hentry"],"publishpress_future_action":{"enabled":false,"date":"2026-04-18 10:17:48","action":"change-status","newStatus":"draft","terms":[],"taxonomy":"language","extraData":[]},"publishpress_future_workflow_manual_trigger":{"enabledWorkflows":[]},"_links":{"self":[{"href":"https:\/\/www2.unicentro.br\/ppgq\/wp-json\/wp\/v2\/pages\/941","targetHints":{"allow":["GET"]}}],"collection":[{"href":"https:\/\/www2.unicentro.br\/ppgq\/wp-json\/wp\/v2\/pages"}],"about":[{"href":"https:\/\/www2.unicentro.br\/ppgq\/wp-json\/wp\/v2\/types\/page"}],"author":[{"embeddable":true,"href":"https:\/\/www2.unicentro.br\/ppgq\/wp-json\/wp\/v2\/users\/2"}],"replies":[{"embeddable":true,"href":"https:\/\/www2.unicentro.br\/ppgq\/wp-json\/wp\/v2\/comments?post=941"}],"version-history":[{"count":1,"href":"https:\/\/www2.unicentro.br\/ppgq\/wp-json\/wp\/v2\/pages\/941\/revisions"}],"predecessor-version":[{"id":942,"href":"https:\/\/www2.unicentro.br\/ppgq\/wp-json\/wp\/v2\/pages\/941\/revisions\/942"}],"up":[{"embeddable":true,"href":"https:\/\/www2.unicentro.br\/ppgq\/wp-json\/wp\/v2\/pages\/930"}],"wp:attachment":[{"href":"https:\/\/www2.unicentro.br\/ppgq\/wp-json\/wp\/v2\/media?parent=941"}],"curies":[{"name":"wp","href":"https:\/\/api.w.org\/{rel}","templated":true}]}}