{"id":939,"date":"2017-05-30T17:12:49","date_gmt":"2017-05-30T17:12:49","guid":{"rendered":"http:\/\/www2.unicentro.br\/ppgq\/?page_id=939"},"modified":"2017-05-30T17:12:49","modified_gmt":"2017-05-30T17:12:49","slug":"ingreso","status":"publish","type":"page","link":"https:\/\/www2.unicentro.br\/ppgq\/es\/maestria\/ingreso\/","title":{"rendered":"Ingreso"},"content":{"rendered":"<p>El proceso selectivo para el ingreso en la maestr\u00eda en Qu\u00edmica Aplicada es realizado anualmente, normalmente en los meses de febrero y marzo por la\u00a0 Comisi\u00f3n de Becas nombrada por el Colegiado do Programa. El\u00a0 proceso de selecci\u00f3n de los candidatos es compuesto por dos etapas:<\/p>\n<ol>\n<li>Proba escrita de conocimientos espec\u00edficos en Qu\u00edmica General<\/li>\n<li>An\u00e1lisis del Curriculum Lattes;<\/li>\n<\/ol>\n<p>El detallamiento de las etapas del proceso de selecci\u00f3n bien como el \u00a0programa y la bibliograf\u00eda sugerida para la proba escrita es divulgado anualmente en el Edital espec\u00edfico, normalmente entre los meses de octubre y noviembre.<\/p>\n","protected":false},"excerpt":{"rendered":"<p>El proceso selectivo para el ingreso en la maestr\u00eda en Qu\u00edmica Aplicada es realizado anualmente, normalmente en los meses de febrero y marzo por la\u00a0 Comisi\u00f3n de Becas nombrada por el Colegiado do Programa. El\u00a0 proceso de selecci\u00f3n de los candidatos es compuesto por dos etapas: Proba escrita de conocimientos espec\u00edficos en Qu\u00edmica General An\u00e1lisis [&hellip;]<\/p>\n","protected":false},"author":2,"featured_media":0,"parent":930,"menu_order":0,"comment_status":"closed","ping_status":"closed","template":"","meta":{"_exactmetrics_skip_tracking":false,"_exactmetrics_sitenote_active":false,"_exactmetrics_sitenote_note":"","_exactmetrics_sitenote_category":0,"ngg_post_thumbnail":0,"footnotes":"","_links_to":"","_links_to_target":""},"class_list":["post-939","page","type-page","status-publish","hentry"],"publishpress_future_action":{"enabled":false,"date":"2026-04-18 10:17:44","action":"change-status","newStatus":"draft","terms":[],"taxonomy":"language","extraData":[]},"publishpress_future_workflow_manual_trigger":{"enabledWorkflows":[]},"_links":{"self":[{"href":"https:\/\/www2.unicentro.br\/ppgq\/wp-json\/wp\/v2\/pages\/939","targetHints":{"allow":["GET"]}}],"collection":[{"href":"https:\/\/www2.unicentro.br\/ppgq\/wp-json\/wp\/v2\/pages"}],"about":[{"href":"https:\/\/www2.unicentro.br\/ppgq\/wp-json\/wp\/v2\/types\/page"}],"author":[{"embeddable":true,"href":"https:\/\/www2.unicentro.br\/ppgq\/wp-json\/wp\/v2\/users\/2"}],"replies":[{"embeddable":true,"href":"https:\/\/www2.unicentro.br\/ppgq\/wp-json\/wp\/v2\/comments?post=939"}],"version-history":[{"count":1,"href":"https:\/\/www2.unicentro.br\/ppgq\/wp-json\/wp\/v2\/pages\/939\/revisions"}],"predecessor-version":[{"id":940,"href":"https:\/\/www2.unicentro.br\/ppgq\/wp-json\/wp\/v2\/pages\/939\/revisions\/940"}],"up":[{"embeddable":true,"href":"https:\/\/www2.unicentro.br\/ppgq\/wp-json\/wp\/v2\/pages\/930"}],"wp:attachment":[{"href":"https:\/\/www2.unicentro.br\/ppgq\/wp-json\/wp\/v2\/media?parent=939"}],"curies":[{"name":"wp","href":"https:\/\/api.w.org\/{rel}","templated":true}]}}