{"id":937,"date":"2017-05-30T17:10:53","date_gmt":"2017-05-30T17:10:53","guid":{"rendered":"http:\/\/www2.unicentro.br\/ppgq\/?page_id=937"},"modified":"2017-05-30T17:10:53","modified_gmt":"2017-05-30T17:10:53","slug":"infraestructura-de-investigacion","status":"publish","type":"page","link":"https:\/\/www2.unicentro.br\/ppgq\/es\/maestria\/infraestructura-de-investigacion\/","title":{"rendered":"Infraestructura de Investigaci\u00f3n"},"content":{"rendered":"<p>El programa de Maestr\u00eda en Qu\u00edmica Aplicada cuenta desde su formaci\u00f3n con una buena infraestructura de Investigaci\u00f3n financiada por FINEP, CNPq y Fundaci\u00f3n Araucaria y que est\u00e1 en amplia expansi\u00f3n. Inicio sus actividades en 2006 contando con el Centro Institucional Multidisciplinar de Pesquisa Cient\u00edfica y Tecnol\u00f3gica (CIMPE), edificaci\u00f3n construida con el apoyo de FINEP a trav\u00e9s de la aprobaci\u00f3n del proyecto en CT-Infra\/2005.<\/p>\n<div id=\"attachment_709\" style=\"width: 435px\" class=\"wp-caption aligncenter\"><img loading=\"lazy\" decoding=\"async\" aria-describedby=\"caption-attachment-709\" id=\"longdesc-return-709\" class=\"size-full wp-image-709\" src=\"http:\/\/www2.unicentro.br\/ppgq\/files\/2016\/10\/infra1.jpg\" alt=\"Cimpe\" width=\"425\" height=\"239\" longdesc=\"http:\/\/www2.unicentro.br\/ppgq?longdesc=709&amp;referrer=707\" srcset=\"https:\/\/www2.unicentro.br\/ppgq\/files\/2016\/10\/infra1.jpg 425w, https:\/\/www2.unicentro.br\/ppgq\/files\/2016\/10\/infra1-300x169.jpg 300w\" sizes=\"auto, (max-width: 425px) 100vw, 425px\" \/><p id=\"caption-attachment-709\" class=\"wp-caption-text\">Foto do Cimpe \u2013 Centro Institucional Multidisciplinar de Pesquisa Cient\u00edfica y\u00a0Tecnol\u00f3gica<\/p><\/div>\n<p>En el a\u00f1o 2012, fue aprobado, en el proyecto CT-Infra\/2012 de FINEP, la construcci\u00f3n de una nueva edificaci\u00f3n de 800 m<sup>2<\/sup> constituida por 13 laboratorios con infraestructura de investigaci\u00f3n multiusuario correspondiente al Centro de Ciencias Moleculares y Nanotecnolog\u00eda (CCMN) que fue inaugurado en 2016. Actualmente, el programa posee dos becarios de p\u00f3s-doctorado y\u00a0 dos becarios de apoyo t\u00e9cnico de la Fundaci\u00f3n Araucaria para auxiliar los grupos de Investigaci\u00f3n y para la realizaci\u00f3n de an\u00e1lisis multiusuarios.<\/p>\n<div id=\"attachment_711\" style=\"width: 435px\" class=\"wp-caption aligncenter\"><img loading=\"lazy\" decoding=\"async\" aria-describedby=\"caption-attachment-711\" id=\"longdesc-return-711\" class=\"wp-image-711 size-full\" src=\"http:\/\/www2.unicentro.br\/ppgq\/files\/2016\/10\/infra2.jpg\" alt=\"CCMN\" width=\"425\" height=\"239\" longdesc=\"http:\/\/www2.unicentro.br\/ppgq?longdesc=711&amp;referrer=707\" srcset=\"https:\/\/www2.unicentro.br\/ppgq\/files\/2016\/10\/infra2.jpg 425w, https:\/\/www2.unicentro.br\/ppgq\/files\/2016\/10\/infra2-300x169.jpg 300w\" sizes=\"auto, (max-width: 425px) 100vw, 425px\" \/><p id=\"caption-attachment-711\" class=\"wp-caption-text\">CCMN<\/p><\/div>\n<div id=\"attachment_712\" style=\"width: 435px\" class=\"wp-caption aligncenter\"><img loading=\"lazy\" decoding=\"async\" aria-describedby=\"caption-attachment-712\" id=\"longdesc-return-712\" class=\"size-full wp-image-712\" src=\"http:\/\/www2.unicentro.br\/ppgq\/files\/2016\/10\/infra3.jpg\" alt=\"Fotos do CCMN \u2013 Centro de Ci\u00eancias Moleculares e Nanotecnologia\" width=\"425\" height=\"239\" longdesc=\"http:\/\/www2.unicentro.br\/ppgq?longdesc=712&amp;referrer=707\" srcset=\"https:\/\/www2.unicentro.br\/ppgq\/files\/2016\/10\/infra3.jpg 425w, https:\/\/www2.unicentro.br\/ppgq\/files\/2016\/10\/infra3-300x169.jpg 300w\" sizes=\"auto, (max-width: 425px) 100vw, 425px\" \/><p id=\"caption-attachment-712\" class=\"wp-caption-text\">Fotos do CCMN \u2013 Centro de Ci\u00eancias Moleculares y\u00a0Nanotecnologia<\/p><\/div>\n<p>El CCMN es un centro de investigaci\u00f3n multiusuario dedicado a la realizaci\u00f3n de pesquisa en 5 ejes tem\u00e1ticos principales &#8211; 1) Remoci\u00f3n y an\u00e1lisis de contaminantes inorg\u00e1nicos y org\u00e1nicos de diversas matrices; 2) Desarrollo, caracterizaci\u00f3n y aplicaci\u00f3n de nanomateriales como sensores, catalizadores, pigmentos, entre otros 3) Qu\u00edmica de productos naturales; 4) Adsorci\u00f3n y cat\u00e1lisis; 5) F\u00edsico-Qu\u00edmica Te\u00f3rica y Modelaje Molecular \u2013 todos ellos relacionados a la investigaci\u00f3n experimental y te\u00f3rica de la estructura de la materia al nivel de mol\u00e9culas, macromol\u00e9culas, interfaces y Nanopart\u00edculas. Este tipo de investigaci\u00f3n est\u00e1 fuertemente unida a t\u00e9cnicas experimentales refinadas y altamente especializadas que son comunes a los 5 ejes tem\u00e1ticos relacionados. Actualmente el CCMN es constituido por los siguientes laboratorios:<\/p>\n<ol>\n<li><strong>Laboratorio Multiusuario de Microscopia<\/strong>. Inaugurado en 2013, presta los servicios de microscopia electr\u00f3nica de varredura, microscopia \u00f3ptica y metalograf\u00eda, para la caracterizaci\u00f3n de nuevos materiales, Nanopart\u00edculas, muestras ambientales, alimentos, entre otras.<\/li>\n<li><strong>Laboratorios Multiusuarios de An\u00e1lisis Elementar y An\u00e1lisis de Trazas.<\/strong> Este laboratorio inicio sus actividades en el a\u00f1o 2000 con la realizaci\u00f3n de servicios de an\u00e1lisis de agua y de suelos principalmente a trav\u00e9s de la t\u00e9cnica de absorci\u00f3n at\u00f3mica con atomizaci\u00f3n en flama. En 2008 con la adquisici\u00f3n de equipamiento de atomizaci\u00f3n electrot\u00e9rmica en horno de grafiti, el laboratorio se capacito para la realizaci\u00f3n de an\u00e1lisis de trazas. En 2017, el laboratorio deber\u00e1 incorporar equipamiento de espectroscopia de emisi\u00f3n at\u00f3mica de plasma acoplado inductivamente, ya existente en la instituci\u00f3n. Este laboratorio presta diversos servicios a trav\u00e9s del an\u00e1lisis de aguas, suelos, productos ap\u00edcolas, alimentos, bebidas y productos asociados a la cadena productiva de hierba-mate.<\/li>\n<li><strong>Laboratorio Multiusuario de Cromatograf\u00eda y Productos Naturales.<\/strong> El laboratorio inicio sus actividades en 2009 y realiza an\u00e1lisis de cromatograf\u00eda l\u00edquida e gaseosa. La cromatograf\u00eda l\u00edquida es realizada a trav\u00e9s de equipamiento de cromatograf\u00eda l\u00edquida de alta eficiencia (HPLC), con detectores de ultravioleta, \u00edndice de refracci\u00f3n y fluorescencia adquirida en 2009. La cromatograf\u00eda gaseosa es realizada en un cromat\u00f3grafo acoplado a espectr\u00f3metro de masas (CG-MS) adquirido en 2013. En 2017 ser\u00e1 instalado un equipamiento de cromatograf\u00eda liquida de ultra-eficiencia acoplado a espectrometr\u00eda de masas (UPLC-MS\/MS). Este laboratorio da soporte a pesquisas en el \u00e1rea de productos ap\u00edcolas y otros productos alimenticios en convenio con productores locales, ya habiendo generado diversas patentes y algunos productos comercializados. Adem\u00e1s, el laboratorio atiende a un n\u00famero muy elevado de investigadores internos y externos de UNICENTRO.<\/li>\n<li><strong>Laboratorio Multiusuario de Electroqu\u00edmica y Electroanal\u00edtica.<\/strong> Este laboratorio inicio sus actividades en 2016 reuniendo tres grupos de investigaci\u00f3n pr\u00e9-existentes en el \u00e1rea de electroqu\u00edmica y Electroanal\u00edtica. El laboratorio cuenta con dos potenciostatos modelo micro-autolab con compliancia de 12V\/80 mA, un potenciostato modelo Gamry 600 con compliancia de 15 V\/600 mA y un polar\u00f3grafo Methrom. Este laboratorio ha soportado innumerables investigaciones y tiene enormes potencialidades para convenios con el sector productivo en las \u00e1reas de galvanoplastia, an\u00e1lisis de f\u00e1rmacos y test de bater\u00edas.<\/li>\n<li><strong>Laboratorio Multiusuario de Rayos-X.<\/strong> Este laboratorio inicio sus actividades en 2008 y da soporte a las investigaciones en el \u00e1rea de nuevos materiales. El laboratorio atiende innumerables investigadores de UNICENTRO y de otras instituciones. Est\u00e1 equipado con un Difractometros de Rayos-X con detector de alta resoluci\u00f3n adquirido en 2008.<\/li>\n<li><strong>Laboratorio Multiusuario de An\u00e1lisis T\u00e9rmico<\/strong>. El laboratorio inicio sus actividades en 2008 con la adquisici\u00f3n de un equipamiento de an\u00e1lisis Termogravimetrico y an\u00e1lisis t\u00e9rmico diferencial (TG-DTA) adem\u00e1s da soporte a las investigaciones en el \u00e1rea de nuevos materiales, alimentos, f\u00e1rmacos y muestras ambientales.<\/li>\n<li><strong>Laboratorio Multiusuario de Espectroscopia<\/strong>. El laboratorio de espectroscopia cuenta con equipamientos de espectroscopia vibracional, electr\u00f3nica y espaciamiento RAMAN, este laboratorio ha atendido diversos grupos de investigaci\u00f3n, especialmente para la caracterizaci\u00f3n de nuevos materiales.<\/li>\n<li><strong>Laboratorio de Procesamiento de Materiales<\/strong>. Este es un laboratorio, creado en 2012, para atender los diversos grupos en la producci\u00f3n de nuevos materiales. Cuenta con muflas, hornos, estufas, prensas y termoprensas.<\/li>\n<\/ol>\n","protected":false},"excerpt":{"rendered":"<p>El programa de Maestr\u00eda en Qu\u00edmica Aplicada cuenta desde su formaci\u00f3n con una buena infraestructura de Investigaci\u00f3n financiada por FINEP, CNPq y Fundaci\u00f3n Araucaria y que est\u00e1 en amplia expansi\u00f3n. Inicio sus actividades en 2006 contando con el Centro Institucional Multidisciplinar de Pesquisa Cient\u00edfica y Tecnol\u00f3gica (CIMPE), edificaci\u00f3n construida con el apoyo de FINEP a [&hellip;]<\/p>\n","protected":false},"author":2,"featured_media":0,"parent":930,"menu_order":0,"comment_status":"closed","ping_status":"closed","template":"","meta":{"_exactmetrics_skip_tracking":false,"_exactmetrics_sitenote_active":false,"_exactmetrics_sitenote_note":"","_exactmetrics_sitenote_category":0,"ngg_post_thumbnail":0,"footnotes":"","_links_to":"","_links_to_target":""},"class_list":["post-937","page","type-page","status-publish","hentry"],"publishpress_future_action":{"enabled":false,"date":"2026-04-18 10:17:45","action":"change-status","newStatus":"draft","terms":[],"taxonomy":"language","extraData":[]},"publishpress_future_workflow_manual_trigger":{"enabledWorkflows":[]},"_links":{"self":[{"href":"https:\/\/www2.unicentro.br\/ppgq\/wp-json\/wp\/v2\/pages\/937","targetHints":{"allow":["GET"]}}],"collection":[{"href":"https:\/\/www2.unicentro.br\/ppgq\/wp-json\/wp\/v2\/pages"}],"about":[{"href":"https:\/\/www2.unicentro.br\/ppgq\/wp-json\/wp\/v2\/types\/page"}],"author":[{"embeddable":true,"href":"https:\/\/www2.unicentro.br\/ppgq\/wp-json\/wp\/v2\/users\/2"}],"replies":[{"embeddable":true,"href":"https:\/\/www2.unicentro.br\/ppgq\/wp-json\/wp\/v2\/comments?post=937"}],"version-history":[{"count":1,"href":"https:\/\/www2.unicentro.br\/ppgq\/wp-json\/wp\/v2\/pages\/937\/revisions"}],"predecessor-version":[{"id":938,"href":"https:\/\/www2.unicentro.br\/ppgq\/wp-json\/wp\/v2\/pages\/937\/revisions\/938"}],"up":[{"embeddable":true,"href":"https:\/\/www2.unicentro.br\/ppgq\/wp-json\/wp\/v2\/pages\/930"}],"wp:attachment":[{"href":"https:\/\/www2.unicentro.br\/ppgq\/wp-json\/wp\/v2\/media?parent=937"}],"curies":[{"name":"wp","href":"https:\/\/api.w.org\/{rel}","templated":true}]}}