{"id":896,"date":"2017-05-24T17:43:36","date_gmt":"2017-05-24T17:43:36","guid":{"rendered":"http:\/\/www2.unicentro.br\/ppgq\/?page_id=896"},"modified":"2017-10-17T01:52:32","modified_gmt":"2017-10-17T01:52:32","slug":"contact","status":"publish","type":"page","link":"https:\/\/www2.unicentro.br\/ppgq\/en\/master\/contact\/","title":{"rendered":"Contact"},"content":{"rendered":"<p style=\"text-align: center\"><strong>Current Management (2016 \u2013 2019)<\/strong><\/p>\n<p style=\"text-align: center\"><strong>Coordenation<\/strong><\/p>\n<p style=\"text-align: center\">Professor Ph.D. Maria Lurdes Felsner<\/p>\n<p style=\"text-align: center\">E-mail: <a href=\"mailto:mlfelsner@yahoo.com.br\">mlfelsner@yahoo.com.br<\/a><\/p>\n<p style=\"text-align: center\">Fone Number: +55 (42) 3629-8302<\/p>\n<p style=\"text-align: center\"><strong>Collegiate Composition<\/strong><\/p>\n<p style=\"text-align: center\">Professor Ph.D. Maria Lurdes Felsner (<a href=\"mailto:mlfelsner@yahoo.com.br\">mlfelsner@yahoo.com.br<\/a>)<\/p>\n<p style=\"text-align: center\">Professor Ph.D. Eryza Guimar\u00e3es de Castro (<a href=\"mailto:eryza.castro@gmail.com\">eryza.castro@gmail.com<\/a>)<\/p>\n<p style=\"text-align: center\">Professor Ph.D. Yohandra Reyes Torres (<a href=\"mailto:ryohandra@yahoo.com.br\">ryohandra@yahoo.com.br<\/a>)<\/p>\n<p style=\"text-align: center\">Professor Ph.D.Rafael Marangoni (<a href=\"mailto:rafael.unicentro@gmail.com\">rafael.unicentro@gmail.com<\/a>)<\/p>\n<p style=\"text-align: center\">Student Representative: Jamille S. Correa (<a href=\"mailto:jamille.s.correa@hotmail.com\">jamille.s.correa@hotmail.com<\/a>)<\/p>\n<p style=\"text-align: center\"><strong>Scholarship Commission<\/strong><\/p>\n<p style=\"text-align: center\">Professor Ph.D. \u00a0Andressa Galli (<a href=\"mailto:andressagalli@gmail.com\">andressagalli@gmail.com<\/a>)<\/p>\n<p style=\"text-align: center\">Professor Ph.D. \u00a0Fauze Jac\u00f3 Anaissi (<a href=\"mailto:fjanaissi@gmail.com\">fjanaissi@gmail.com<\/a>)<\/p>\n<p style=\"text-align: center\">Student Representative: Bianca Vanjura (<a href=\"mailto:biavanjura@yahoo.com.br\">biavanjura@yahoo.com.br<\/a>)<\/p>\n<p style=\"text-align: center\"><strong>\u00a0<\/strong><\/p>\n<p style=\"text-align: center\"><strong>\u00a0Chemistry Graduate Program Staff <\/strong><\/p>\n<p style=\"text-align: center\">Neusa Delgado (secretariappgq@gmail.com) Fone Number: +55 (42) 3629-8301<\/p>\n<p style=\"text-align: center\">Unicentro \u2013 Universidade Estadual do Centro Oeste &#8211; Cedeteg Campus<\/p>\n<p style=\"text-align: center\">Secretaria do Programa de P\u00f3s Gradua\u00e7\u00e3o em Qu\u00edmica<\/p>\n<p style=\"text-align: center\">Rua Sime\u00e3o Camargo Varela de S\u00e1 03, Vila Carli, Guarapuava, PR, 85040-080<\/p>\n<p style=\"text-align: center\">Chemistry Graduate Program Group in Facebook: <a href=\"https:\/\/www.facebook.com\/groups\/538112439584483\/?fref=ts\">https:\/\/www.facebook.com\/groups\/538112439584483\/?fref=ts<\/a><\/p>\n","protected":false},"excerpt":{"rendered":"<p>Current Management (2016 \u2013 2019) Coordenation Professor Ph.D. Maria Lurdes Felsner E-mail: mlfelsner@yahoo.com.br Fone Number: +55 (42) 3629-8302 Collegiate Composition Professor Ph.D. Maria Lurdes Felsner (mlfelsner@yahoo.com.br) Professor Ph.D. Eryza Guimar\u00e3es de Castro (eryza.castro@gmail.com) Professor Ph.D. Yohandra Reyes Torres (ryohandra@yahoo.com.br) Professor Ph.D.Rafael Marangoni (rafael.unicentro@gmail.com) Student Representative: Jamille S. Correa (jamille.s.correa@hotmail.com) Scholarship Commission Professor Ph.D. \u00a0Andressa Galli [&hellip;]<\/p>\n","protected":false},"author":2,"featured_media":0,"parent":890,"menu_order":0,"comment_status":"closed","ping_status":"closed","template":"","meta":{"_exactmetrics_skip_tracking":false,"_exactmetrics_sitenote_active":false,"_exactmetrics_sitenote_note":"","_exactmetrics_sitenote_category":0,"ngg_post_thumbnail":0,"footnotes":"","_links_to":"","_links_to_target":""},"class_list":["post-896","page","type-page","status-publish","hentry"],"publishpress_future_action":{"enabled":false,"date":"2026-04-18 10:17:50","action":"change-status","newStatus":"draft","terms":[],"taxonomy":"language","extraData":[]},"publishpress_future_workflow_manual_trigger":{"enabledWorkflows":[]},"_links":{"self":[{"href":"https:\/\/www2.unicentro.br\/ppgq\/wp-json\/wp\/v2\/pages\/896","targetHints":{"allow":["GET"]}}],"collection":[{"href":"https:\/\/www2.unicentro.br\/ppgq\/wp-json\/wp\/v2\/pages"}],"about":[{"href":"https:\/\/www2.unicentro.br\/ppgq\/wp-json\/wp\/v2\/types\/page"}],"author":[{"embeddable":true,"href":"https:\/\/www2.unicentro.br\/ppgq\/wp-json\/wp\/v2\/users\/2"}],"replies":[{"embeddable":true,"href":"https:\/\/www2.unicentro.br\/ppgq\/wp-json\/wp\/v2\/comments?post=896"}],"version-history":[{"count":3,"href":"https:\/\/www2.unicentro.br\/ppgq\/wp-json\/wp\/v2\/pages\/896\/revisions"}],"predecessor-version":[{"id":1004,"href":"https:\/\/www2.unicentro.br\/ppgq\/wp-json\/wp\/v2\/pages\/896\/revisions\/1004"}],"up":[{"embeddable":true,"href":"https:\/\/www2.unicentro.br\/ppgq\/wp-json\/wp\/v2\/pages\/890"}],"wp:attachment":[{"href":"https:\/\/www2.unicentro.br\/ppgq\/wp-json\/wp\/v2\/media?parent=896"}],"curies":[{"name":"wp","href":"https:\/\/api.w.org\/{rel}","templated":true}]}}