{"id":691,"date":"2016-10-17T00:15:09","date_gmt":"2016-10-17T00:15:09","guid":{"rendered":"http:\/\/www2.unicentro.br\/ppgq\/?page_id=691"},"modified":"2019-08-28T17:31:11","modified_gmt":"2019-08-28T20:31:11","slug":"contato","status":"publish","type":"page","link":"https:\/\/www2.unicentro.br\/ppgq\/pt\/mestrado\/contato\/","title":{"rendered":"Contato &#8211; Mestrado"},"content":{"rendered":"<p style=\"text-align: center\"><strong>Gest\u00e3o Atual (2016 \u2013 2019)<\/strong><\/p>\n<p style=\"text-align: center\"><strong>Coordena\u00e7\u00e3o<\/strong><\/p>\n<p style=\"text-align: center\">Profa. Dr\u00aa. Eryza Guimar\u00e3es de Castro<\/p>\n<p style=\"text-align: center\">E-mail:\u00a0<a href=\"mailto:eryza.castro@gmail.com\">eryza.castro@gmail.com<\/a><\/p>\n<p style=\"text-align: center\">Telefone: (42) 3629-8302<\/p>\n<p style=\"text-align: center\"><strong>Composi\u00e7\u00e3o do Colegiado<\/strong><\/p>\n<p style=\"text-align: center\">Profa. Dra. Maria Lurdes Felsner (<a href=\"mailto:mlfelsner@yahoo.com.br\">mlfelsner@yahoo.com.br<\/a>)<\/p>\n<p style=\"text-align: center\">Profa. Dra. Eryza Guimar\u00e3es de Castro (<a href=\"mailto:eryza.castro@gmail.com\">eryza.castro@gmail.com<\/a>)<\/p>\n<p style=\"text-align: center\">Profa. Dra. Yohandra Reyes Torres (<a href=\"mailto:ryohandra@yahoo.com.br\">ryohandra@yahoo.com.br<\/a>)<\/p>\n<p style=\"text-align: center\">Prof. Dr. Rafael Marangoni (<a href=\"mailto:rafael.unicentro@gmail.com\">rafael.unicentro@gmail.com<\/a>)<\/p>\n<p style=\"text-align: center\">Representante Discente: Jamille S. Correa (<a href=\"mailto:jamille.s.correa@hotmail.com\">jamille.s.correa@hotmail.com<\/a>)<\/p>\n<p style=\"text-align: center\"><strong>Comiss\u00e3o de Bolsas<\/strong><\/p>\n<p style=\"text-align: center\">Profa. Dra. Andressa Galli (<a href=\"mailto:andressagalli@gmail.com\">andressagalli@gmail.com<\/a>)<\/p>\n<p style=\"text-align: center\">Prof. Dr. Fauze Jac\u00f3 Anaissi (<a href=\"mailto:fjanaissi@gmail.com\">fjanaissi@gmail.com<\/a>)<\/p>\n<p style=\"text-align: center\">Representante Discente: Bianca Vanjura (<a href=\"mailto:biavanjura@yahoo.com.br\">biavanjura@yahoo.com.br<\/a>)<\/p>\n<p style=\"text-align: center\"><strong>\u00a0<\/strong><\/p>\n<p style=\"text-align: center\"><strong>Secretaria do PPGQ<\/strong><\/p>\n<p style=\"text-align: center\">Neusa Delgado (secretariappgq@gmail.com) Telefone: (42) 3629-8301<\/p>\n<p style=\"text-align: center\">Unicentro \u2013 Universidade Estadual do Centro Oeste &#8211; Campus Cedeteg<\/p>\n<p style=\"text-align: center\">Secretaria do Programa de P\u00f3s Gradua\u00e7\u00e3o em Qu\u00edmica Rua Sime\u00e3o Camargo Varela de S\u00e1 03, Vila Carli, Guarapuava, PR, 85040-080<\/p>\n<p style=\"text-align: center\">Grupo do PPGQ no Facebook:<br \/>\n<a href=\"https:\/\/www.facebook.com\/groups\/538112439584483\/?fref=ts\">https:\/\/www.facebook.com\/groups\/538112439584483\/?fref=ts<\/a><\/p>\n","protected":false},"excerpt":{"rendered":"<p>Gest\u00e3o Atual (2016 \u2013 2019) Coordena\u00e7\u00e3o Profa. Dr\u00aa. Eryza Guimar\u00e3es de Castro E-mail:\u00a0eryza.castro@gmail.com Telefone: (42) 3629-8302 Composi\u00e7\u00e3o do Colegiado Profa. Dra. Maria Lurdes Felsner (mlfelsner@yahoo.com.br) Profa. Dra. Eryza Guimar\u00e3es de Castro (eryza.castro@gmail.com) Profa. Dra. Yohandra Reyes Torres (ryohandra@yahoo.com.br) Prof. Dr. Rafael Marangoni (rafael.unicentro@gmail.com) Representante Discente: Jamille S. Correa (jamille.s.correa@hotmail.com) Comiss\u00e3o de Bolsas Profa. Dra. Andressa [&hellip;]<\/p>\n","protected":false},"author":2,"featured_media":0,"parent":685,"menu_order":0,"comment_status":"closed","ping_status":"closed","template":"","meta":{"_exactmetrics_skip_tracking":false,"_exactmetrics_sitenote_active":false,"_exactmetrics_sitenote_note":"","_exactmetrics_sitenote_category":0,"ngg_post_thumbnail":0,"footnotes":"","_links_to":"","_links_to_target":""},"class_list":["post-691","page","type-page","status-publish","hentry"],"publishpress_future_action":{"enabled":false,"date":"2026-04-18 08:50:22","action":"change-status","newStatus":"draft","terms":[],"taxonomy":"language","extraData":[]},"publishpress_future_workflow_manual_trigger":{"enabledWorkflows":[]},"_links":{"self":[{"href":"https:\/\/www2.unicentro.br\/ppgq\/wp-json\/wp\/v2\/pages\/691","targetHints":{"allow":["GET"]}}],"collection":[{"href":"https:\/\/www2.unicentro.br\/ppgq\/wp-json\/wp\/v2\/pages"}],"about":[{"href":"https:\/\/www2.unicentro.br\/ppgq\/wp-json\/wp\/v2\/types\/page"}],"author":[{"embeddable":true,"href":"https:\/\/www2.unicentro.br\/ppgq\/wp-json\/wp\/v2\/users\/2"}],"replies":[{"embeddable":true,"href":"https:\/\/www2.unicentro.br\/ppgq\/wp-json\/wp\/v2\/comments?post=691"}],"version-history":[{"count":8,"href":"https:\/\/www2.unicentro.br\/ppgq\/wp-json\/wp\/v2\/pages\/691\/revisions"}],"predecessor-version":[{"id":1270,"href":"https:\/\/www2.unicentro.br\/ppgq\/wp-json\/wp\/v2\/pages\/691\/revisions\/1270"}],"up":[{"embeddable":true,"href":"https:\/\/www2.unicentro.br\/ppgq\/wp-json\/wp\/v2\/pages\/685"}],"wp:attachment":[{"href":"https:\/\/www2.unicentro.br\/ppgq\/wp-json\/wp\/v2\/media?parent=691"}],"curies":[{"name":"wp","href":"https:\/\/api.w.org\/{rel}","templated":true}]}}