{"id":685,"date":"2016-10-17T00:06:53","date_gmt":"2016-10-17T00:06:53","guid":{"rendered":"http:\/\/www2.unicentro.br\/ppgq\/?page_id=685"},"modified":"2022-01-22T14:33:53","modified_gmt":"2022-01-22T17:33:53","slug":"mestrado","status":"publish","type":"page","link":"https:\/\/www2.unicentro.br\/ppgq\/pt\/mestrado\/","title":{"rendered":"Inicial &#8211; Mestrado"},"content":{"rendered":"<p style=\"text-align: center\"><a href=\"https:\/\/www2.unicentro.br\/ppgq\/files\/2021\/03\/WhatsApp-Image-2021-03-12-at-14.03.25.jpeg\"><img loading=\"lazy\" decoding=\"async\" class=\"alignnone size-medium wp-image-1520\" src=\"https:\/\/www2.unicentro.br\/ppgq\/files\/2021\/03\/WhatsApp-Image-2021-03-12-at-14.03.25-300x300.jpeg\" alt=\"\" width=\"300\" height=\"300\" srcset=\"https:\/\/www2.unicentro.br\/ppgq\/files\/2021\/03\/WhatsApp-Image-2021-03-12-at-14.03.25-300x300.jpeg 300w, https:\/\/www2.unicentro.br\/ppgq\/files\/2021\/03\/WhatsApp-Image-2021-03-12-at-14.03.25-1024x1024.jpeg 1024w, https:\/\/www2.unicentro.br\/ppgq\/files\/2021\/03\/WhatsApp-Image-2021-03-12-at-14.03.25-150x150.jpeg 150w, https:\/\/www2.unicentro.br\/ppgq\/files\/2021\/03\/WhatsApp-Image-2021-03-12-at-14.03.25-768x768.jpeg 768w, https:\/\/www2.unicentro.br\/ppgq\/files\/2021\/03\/WhatsApp-Image-2021-03-12-at-14.03.25.jpeg 1280w\" sizes=\"auto, (max-width: 300px) 100vw, 300px\" \/><\/a><\/p>\n<p style=\"text-align: center\"><a href=\"https:\/\/www2.unicentro.br\/ppgq\/files\/2021\/03\/Edital-004-2021-PPGQA-Selecao-Vagas-Remanescentes-Mestrado-Turma-2021.pdf\">Acesse o edital aqui!<\/a><\/p>\n<p style=\"text-align: center\"><a href=\"https:\/\/www2.unicentro.br\/ppgq\/files\/2021\/03\/Edital-004-2021-PPGQA-Selecao-Vagas-Remanescentes-Mestrado-Turma-2021-ANEXOS.docx\">Para acessar a ficha de inscri\u00e7\u00e3o clique aqui ou no banner!<\/a><\/p>\n<p>&nbsp;<\/p>\n<p>&nbsp;<\/p>\n<p>&nbsp;<\/p>\n<p><a href=\"https:\/\/www2.unicentro.br\/ppgq\/files\/2020\/12\/Edital-Selecao-PPGQ-UNICENTRO-Turmas-2021.pdf\">Para acessar o Edital de sele\u00e7\u00e3o Clique no no Cartaz ou Aqui!<\/a><\/p>\n<p>&nbsp;<\/p>\n<p><strong><a href=\"https:\/\/www2.unicentro.br\/ppgq\/files\/2021\/02\/Edital-001-2021-PPGQA-Homologacao-Inscricoes.pdf\">Edital de Homologa\u00e7\u00e3o das inscri\u00e7\u00f5es Mestrado\/Doutorado 2021. Clique Aqui.<\/a><\/strong><\/p>\n<p>&nbsp;<\/p>\n<p>&nbsp;<\/p>\n<p>&nbsp;<\/p>\n<p><a href=\"https:\/\/www2.unicentro.br\/ppgq\/files\/2020\/05\/avisopandemiappgq.png\"><img loading=\"lazy\" decoding=\"async\" class=\"alignnone wp-image-1432\" src=\"https:\/\/www2.unicentro.br\/ppgq\/files\/2020\/05\/avisopandemiappgq-1024x622.png\" alt=\"\" width=\"698\" height=\"424\" srcset=\"https:\/\/www2.unicentro.br\/ppgq\/files\/2020\/05\/avisopandemiappgq-1024x622.png 1024w, https:\/\/www2.unicentro.br\/ppgq\/files\/2020\/05\/avisopandemiappgq-300x182.png 300w, https:\/\/www2.unicentro.br\/ppgq\/files\/2020\/05\/avisopandemiappgq-768x466.png 768w, https:\/\/www2.unicentro.br\/ppgq\/files\/2020\/05\/avisopandemiappgq.png 1395w\" sizes=\"auto, (max-width: 698px) 100vw, 698px\" \/><\/a><\/p>\n<p><a href=\"https:\/\/www2.unicentro.br\/ppgq\/files\/2020\/03\/inicio-das-aulas-malu.png\"><img loading=\"lazy\" decoding=\"async\" class=\"alignnone wp-image-1412\" src=\"https:\/\/www2.unicentro.br\/ppgq\/files\/2020\/03\/inicio-das-aulas-malu-1024x205.png\" alt=\"\" width=\"699\" height=\"140\" srcset=\"https:\/\/www2.unicentro.br\/ppgq\/files\/2020\/03\/inicio-das-aulas-malu-1024x205.png 1024w, https:\/\/www2.unicentro.br\/ppgq\/files\/2020\/03\/inicio-das-aulas-malu-300x60.png 300w, https:\/\/www2.unicentro.br\/ppgq\/files\/2020\/03\/inicio-das-aulas-malu-768x154.png 768w, https:\/\/www2.unicentro.br\/ppgq\/files\/2020\/03\/inicio-das-aulas-malu.png 2044w\" sizes=\"auto, (max-width: 699px) 100vw, 699px\" \/><\/a><\/p>\n<p><img loading=\"lazy\" decoding=\"async\" class=\"alignnone wp-image-1403\" src=\"https:\/\/www2.unicentro.br\/ppgq\/files\/2020\/03\/inicio-das-aulas-ppgq-300x106.png\" alt=\"\" width=\"699\" height=\"247\" srcset=\"https:\/\/www2.unicentro.br\/ppgq\/files\/2020\/03\/inicio-das-aulas-ppgq-300x106.png 300w, https:\/\/www2.unicentro.br\/ppgq\/files\/2020\/03\/inicio-das-aulas-ppgq-768x270.png 768w, https:\/\/www2.unicentro.br\/ppgq\/files\/2020\/03\/inicio-das-aulas-ppgq-1024x360.png 1024w, https:\/\/www2.unicentro.br\/ppgq\/files\/2020\/03\/inicio-das-aulas-ppgq.png 2044w\" sizes=\"auto, (max-width: 699px) 100vw, 699px\" \/><\/p>\n<p><a href=\"https:\/\/www2.unicentro.br\/ppgq\/files\/2019\/12\/Edital_011_2019_classifica\u00e7\u00e3o-mestrado.pdf\"><img loading=\"lazy\" decoding=\"async\" class=\"alignnone wp-image-1375\" src=\"https:\/\/www2.unicentro.br\/ppgq\/files\/2019\/12\/ClassificacaoMestrado2020-300x74.png\" alt=\"\" width=\"697\" height=\"172\" srcset=\"https:\/\/www2.unicentro.br\/ppgq\/files\/2019\/12\/ClassificacaoMestrado2020-300x74.png 300w, https:\/\/www2.unicentro.br\/ppgq\/files\/2019\/12\/ClassificacaoMestrado2020-768x189.png 768w, https:\/\/www2.unicentro.br\/ppgq\/files\/2019\/12\/ClassificacaoMestrado2020-1024x252.png 1024w, https:\/\/www2.unicentro.br\/ppgq\/files\/2019\/12\/ClassificacaoMestrado2020.png 1214w\" sizes=\"auto, (max-width: 697px) 100vw, 697px\" \/><\/a><\/p>\n<p><a href=\"https:\/\/www2.unicentro.br\/ppgq\/files\/2019\/11\/Edital10-2019_homologacao_inscricoes_mestrado_2020.pdf\"><img loading=\"lazy\" decoding=\"async\" class=\"alignnone wp-image-1361\" src=\"https:\/\/www2.unicentro.br\/ppgq\/files\/2019\/11\/homologa\u00e7\u00e3o-inscricoes-mestrado-2020-300x122.png\" alt=\"\" width=\"701\" height=\"285\" srcset=\"https:\/\/www2.unicentro.br\/ppgq\/files\/2019\/11\/homologa\u00e7\u00e3o-inscricoes-mestrado-2020-300x122.png 300w, https:\/\/www2.unicentro.br\/ppgq\/files\/2019\/11\/homologa\u00e7\u00e3o-inscricoes-mestrado-2020-768x311.png 768w, https:\/\/www2.unicentro.br\/ppgq\/files\/2019\/11\/homologa\u00e7\u00e3o-inscricoes-mestrado-2020.png 886w\" sizes=\"auto, (max-width: 701px) 100vw, 701px\" \/><\/a><\/p>\n<p><a href=\"https:\/\/www2.unicentro.br\/ppgq\/files\/2019\/11\/EDITAL-009-2019-segunda-retifica\u00e7\u00e3o.pdf\"><img loading=\"lazy\" decoding=\"async\" class=\"alignnone wp-image-1325\" src=\"https:\/\/www2.unicentro.br\/ppgq\/files\/2019\/11\/2a-retifica\u00e7\u00e3o-edital-mestrado.png\" alt=\"\" width=\"700\" height=\"353\" srcset=\"https:\/\/www2.unicentro.br\/ppgq\/files\/2019\/11\/2a-retifica\u00e7\u00e3o-edital-mestrado.png 591w, https:\/\/www2.unicentro.br\/ppgq\/files\/2019\/11\/2a-retifica\u00e7\u00e3o-edital-mestrado-300x151.png 300w\" sizes=\"auto, (max-width: 700px) 100vw, 700px\" \/><\/a><\/p>\n<div id=\"attachment_1284\" style=\"width: 695px\" class=\"wp-caption alignleft\"><a href=\"https:\/\/www2.unicentro.br\/ppgq\/files\/2019\/10\/EDITAL-005-2019-1a-selecao-mestrado-2020.pdf\"><img loading=\"lazy\" decoding=\"async\" aria-describedby=\"caption-attachment-1284\" class=\"wp-image-1284\" src=\"https:\/\/www2.unicentro.br\/ppgq\/files\/2019\/09\/cartaz_PPGQ_2020_p001-724x1024.jpg\" alt=\"\" width=\"685\" height=\"969\" srcset=\"https:\/\/www2.unicentro.br\/ppgq\/files\/2019\/09\/cartaz_PPGQ_2020_p001-724x1024.jpg 724w, https:\/\/www2.unicentro.br\/ppgq\/files\/2019\/09\/cartaz_PPGQ_2020_p001-212x300.jpg 212w, https:\/\/www2.unicentro.br\/ppgq\/files\/2019\/09\/cartaz_PPGQ_2020_p001-768x1087.jpg 768w, https:\/\/www2.unicentro.br\/ppgq\/files\/2019\/09\/cartaz_PPGQ_2020_p001.jpg 1241w\" sizes=\"auto, (max-width: 685px) 100vw, 685px\" \/><\/a><p id=\"caption-attachment-1284\" class=\"wp-caption-text\"><span style=\"font-size: 16pt\"><a href=\"https:\/\/www2.unicentro.br\/ppgq\/files\/2019\/10\/EDITAL-005-2019-1a-selecao-mestrado-2020.pdf\"><strong>Clique para acessar o edital e fazer a sua inscri\u00e7\u00e3o!!!<\/strong><\/a><\/span><\/p><\/div>\n<p>&nbsp;<\/p>\n<p>&nbsp;<\/p>\n<p>&nbsp;<\/p>\n<p>&nbsp;<\/p>\n<p>&nbsp;<\/p>\n","protected":false},"excerpt":{"rendered":"<p>Acesse o edital aqui! Para acessar a ficha de inscri\u00e7\u00e3o clique aqui ou no banner! &nbsp; &nbsp; &nbsp; Para acessar o Edital de sele\u00e7\u00e3o Clique no no Cartaz ou Aqui! &nbsp; Edital de Homologa\u00e7\u00e3o das inscri\u00e7\u00f5es Mestrado\/Doutorado 2021. Clique Aqui. &nbsp; &nbsp; &nbsp; &nbsp; &nbsp; &nbsp; &nbsp; &nbsp;<\/p>\n","protected":false},"author":2,"featured_media":0,"parent":0,"menu_order":0,"comment_status":"closed","ping_status":"closed","template":"","meta":{"_exactmetrics_skip_tracking":false,"_exactmetrics_sitenote_active":false,"_exactmetrics_sitenote_note":"","_exactmetrics_sitenote_category":0,"ngg_post_thumbnail":0,"footnotes":"","_links_to":"","_links_to_target":""},"class_list":["post-685","page","type-page","status-publish","hentry"],"publishpress_future_action":{"enabled":false,"date":"2026-04-18 07:15:28","action":"change-status","newStatus":"draft","terms":[],"taxonomy":"language","extraData":[]},"publishpress_future_workflow_manual_trigger":{"enabledWorkflows":[]},"_links":{"self":[{"href":"https:\/\/www2.unicentro.br\/ppgq\/wp-json\/wp\/v2\/pages\/685","targetHints":{"allow":["GET"]}}],"collection":[{"href":"https:\/\/www2.unicentro.br\/ppgq\/wp-json\/wp\/v2\/pages"}],"about":[{"href":"https:\/\/www2.unicentro.br\/ppgq\/wp-json\/wp\/v2\/types\/page"}],"author":[{"embeddable":true,"href":"https:\/\/www2.unicentro.br\/ppgq\/wp-json\/wp\/v2\/users\/2"}],"replies":[{"embeddable":true,"href":"https:\/\/www2.unicentro.br\/ppgq\/wp-json\/wp\/v2\/comments?post=685"}],"version-history":[{"count":26,"href":"https:\/\/www2.unicentro.br\/ppgq\/wp-json\/wp\/v2\/pages\/685\/revisions"}],"predecessor-version":[{"id":1612,"href":"https:\/\/www2.unicentro.br\/ppgq\/wp-json\/wp\/v2\/pages\/685\/revisions\/1612"}],"wp:attachment":[{"href":"https:\/\/www2.unicentro.br\/ppgq\/wp-json\/wp\/v2\/media?parent=685"}],"curies":[{"name":"wp","href":"https:\/\/api.w.org\/{rel}","templated":true}]}}