{"id":62,"date":"2013-11-04T18:05:34","date_gmt":"2013-11-04T18:05:34","guid":{"rendered":"http:\/\/www2.unicentro.br\/ppgq\/?page_id=62"},"modified":"2017-05-24T17:04:58","modified_gmt":"2017-05-24T17:04:58","slug":"grupos-de-pesquisa","status":"publish","type":"page","link":"https:\/\/www2.unicentro.br\/ppgq\/pt\/doutorado\/grupos-de-pesquisa\/","title":{"rendered":"Grupos de Pesquisa"},"content":{"rendered":"<p style=\"text-align: center\"><strong>GRUPO DE AN\u00c1LISES DE TRA\u00c7OS E INSTRUMENTA\u00c7\u00c3O &#8211; GATI<\/strong><\/p>\n<p style=\"text-align: center\">PROFA. DRA SUELI P\u00c9RCIO QUIN\u00c1IA<\/p>\n<p style=\"text-align: center\">PROF. DR EDGARD MOREIRA GANZAROLLI<\/p>\n<p style=\"text-align: center\">PROFA. DRA. KARIN CRISTIANE JUSTI<\/p>\n<p style=\"text-align: center\">PROFA. DR FABIO LUIZ MELQUIADES<\/p>\n<p style=\"text-align: center\">PROFA. DRA MARIA LURDES FELSNER<\/p>\n","protected":false},"excerpt":{"rendered":"<p>GRUPO DE AN\u00c1LISES DE TRA\u00c7OS E INSTRUMENTA\u00c7\u00c3O &#8211; GATI PROFA. DRA SUELI P\u00c9RCIO QUIN\u00c1IA PROF. DR EDGARD MOREIRA GANZAROLLI PROFA. DRA. KARIN CRISTIANE JUSTI PROFA. DR FABIO LUIZ MELQUIADES PROFA. DRA MARIA LURDES FELSNER<\/p>\n","protected":false},"author":2,"featured_media":0,"parent":47,"menu_order":0,"comment_status":"closed","ping_status":"closed","template":"","meta":{"_exactmetrics_skip_tracking":false,"_exactmetrics_sitenote_active":false,"_exactmetrics_sitenote_note":"","_exactmetrics_sitenote_category":0,"ngg_post_thumbnail":0,"footnotes":"","_links_to":"","_links_to_target":""},"class_list":["post-62","page","type-page","status-publish","hentry"],"publishpress_future_action":{"enabled":false,"date":"2026-04-18 09:54:05","action":"change-status","newStatus":"draft","terms":[],"taxonomy":"language","extraData":[]},"publishpress_future_workflow_manual_trigger":{"enabledWorkflows":[]},"_links":{"self":[{"href":"https:\/\/www2.unicentro.br\/ppgq\/wp-json\/wp\/v2\/pages\/62","targetHints":{"allow":["GET"]}}],"collection":[{"href":"https:\/\/www2.unicentro.br\/ppgq\/wp-json\/wp\/v2\/pages"}],"about":[{"href":"https:\/\/www2.unicentro.br\/ppgq\/wp-json\/wp\/v2\/types\/page"}],"author":[{"embeddable":true,"href":"https:\/\/www2.unicentro.br\/ppgq\/wp-json\/wp\/v2\/users\/2"}],"replies":[{"embeddable":true,"href":"https:\/\/www2.unicentro.br\/ppgq\/wp-json\/wp\/v2\/comments?post=62"}],"version-history":[{"count":3,"href":"https:\/\/www2.unicentro.br\/ppgq\/wp-json\/wp\/v2\/pages\/62\/revisions"}],"predecessor-version":[{"id":107,"href":"https:\/\/www2.unicentro.br\/ppgq\/wp-json\/wp\/v2\/pages\/62\/revisions\/107"}],"up":[{"embeddable":true,"href":"https:\/\/www2.unicentro.br\/ppgq\/wp-json\/wp\/v2\/pages\/47"}],"wp:attachment":[{"href":"https:\/\/www2.unicentro.br\/ppgq\/wp-json\/wp\/v2\/media?parent=62"}],"curies":[{"name":"wp","href":"https:\/\/api.w.org\/{rel}","templated":true}]}}