{"id":58,"date":"2013-11-04T18:04:54","date_gmt":"2013-11-04T18:04:54","guid":{"rendered":"http:\/\/www2.unicentro.br\/ppgq\/?page_id=58"},"modified":"2017-05-24T17:04:57","modified_gmt":"2017-05-24T17:04:57","slug":"discentes","status":"publish","type":"page","link":"https:\/\/www2.unicentro.br\/ppgq\/pt\/doutorado\/discentes\/","title":{"rendered":"Discentes"},"content":{"rendered":"<p><strong>DOUTORANDOS<\/strong><\/p>\n<p><span style=\"text-decoration: underline\"><strong>Turma 2015<\/strong><\/span><\/p>\n<ul>\n<li class=\"western\" style=\"text-align: left\"><strong><span style=\"font-family: Arial, sans-serif\"><span style=\"font-size: medium\">Aldo Przybysz<\/span><\/span><\/strong><\/li>\n<li class=\"western\" style=\"text-align: left\"><strong><span style=\"font-family: Arial, sans-serif\"><span style=\"font-size: medium\">Daniele Gon\u00e7alves Vieira<\/span><\/span><\/strong><\/li>\n<li class=\"western\" style=\"text-align: left\"><strong><span style=\"font-family: Arial, sans-serif\"><span style=\"font-size: medium\">Erivelton C\u00e9sar Stroparo<\/span><\/span><\/strong><\/li>\n<li class=\"western\" style=\"text-align: left\"><strong><span style=\"font-family: Arial, sans-serif\"><span style=\"font-size: medium\">Fernando Ratuchne<\/span><\/span><\/strong><\/li>\n<li class=\"western\" style=\"text-align: left\"><strong><span style=\"font-family: Arial, sans-serif\"><span style=\"font-size: medium\">Genice Iurckevicz<\/span><\/span><\/strong><\/li>\n<li class=\"western\" style=\"text-align: left\"><strong><span style=\"font-family: Arial, sans-serif\"><span style=\"font-size: medium\">Graziella dos Santos Portes Silva<\/span><\/span><\/strong><\/li>\n<li class=\"western\" style=\"text-align: left\"><strong><span style=\"font-family: Arial, sans-serif\"><span style=\"font-size: medium\">Guilherme Jos\u00e9 Turcatel Alves<\/span><\/span><\/strong><\/li>\n<li class=\"western\" style=\"text-align: left\"><strong><span style=\"font-family: Arial, sans-serif\"><span style=\"font-size: medium\">Isabela Angeli de Lima<\/span><\/span><\/strong><\/li>\n<li class=\"western\" style=\"text-align: left\"><strong><span style=\"font-family: Arial, sans-serif\"><span style=\"font-size: medium\">Jeferson Meira dos Santos<\/span><\/span><\/strong><\/li>\n<li class=\"western\" style=\"text-align: left\"><strong><span style=\"font-family: Arial, sans-serif\"><span style=\"font-size: medium\">Juliane Maria Bergamin<\/span><\/span><\/strong><\/li>\n<li class=\"western\" style=\"text-align: left\"><strong><span style=\"font-family: Arial, sans-serif\"><span style=\"font-size: medium\">Marcelo Muller<\/span><\/span><\/strong><\/li>\n<li class=\"western\" style=\"text-align: left\"><strong><span style=\"font-family: Arial, sans-serif\"><span style=\"font-size: medium\">Marcus Dennison Machado Ara\u00fajo<\/span><\/span><\/strong><\/li>\n<li class=\"western\" style=\"text-align: left\"><strong><span style=\"font-family: Arial, sans-serif\"><span style=\"font-size: medium\">Tatiane Mil\u00e3o de Oliveira<\/span><\/span><\/strong><\/li>\n<li class=\"western\" style=\"text-align: left\"><strong><span style=\"font-family: Arial, sans-serif\"><span style=\"font-size: medium\">Tiago Sawczen<\/span><\/span><\/strong><\/li>\n<\/ul>\n<p><span style=\"text-decoration: underline\"><em><strong>Turma 2014<\/strong><\/em><\/span><\/p>\n<ul>\n<li><strong>Camila Kulek de Andrade<\/strong><\/li>\n<li><strong>Chalder Nogueira Nunes<\/strong><\/li>\n<li><strong>Christiane Machado Kolk<\/strong><\/li>\n<li><strong>Cristiane Antoniazzi<\/strong><\/li>\n<li><strong>Daniel Brustolin Ludwig<\/strong><\/li>\n<li><strong>Ellen Bernardi<\/strong><\/li>\n<li><strong>Larissa Matos<\/strong><\/li>\n<li><strong>Mariane Dalpasquale<\/strong><\/li>\n<li><strong>Osmar dos Reis Antunes<\/strong><\/li>\n<li><strong>Paulo Vitor Sochodolak<\/strong><\/li>\n<li><strong>Tamara Maria de Andrade<\/strong><\/li>\n<\/ul>\n<p><span style=\"text-decoration: underline\"><i><b>Turma 2013<\/b><\/i>\u00a0<\/span><\/p>\n<ul>\n<li>\n<p style=\"text-align: left\" align=\"CENTER\"><b>Aline Viomar<\/b><\/p>\n<\/li>\n<li>\n<p style=\"text-align: left\" align=\"CENTER\"><b>Andressa Antunes Bortoti<\/b><\/p>\n<\/li>\n<li>\n<p style=\"text-align: left\" align=\"CENTER\"><b>C\u00edcero Ven\u00e2ncio Nunes<\/b><\/p>\n<\/li>\n<li>\n<p style=\"text-align: left\" align=\"CENTER\"><b>Evaldo Batista Carneiro Neto<\/b><\/p>\n<\/li>\n<li>\n<p style=\"text-align: left\" align=\"CENTER\"><b><\/b><b>Guilherme Arielo Rodrigues Maia<\/b><\/p>\n<\/li>\n<li>\n<p style=\"text-align: left\" align=\"CENTER\"><b><\/b><b>Ismael Laurindo Costa Junior<\/b><\/p>\n<\/li>\n<li>\n<p style=\"text-align: left\" align=\"CENTER\"><b>Jo\u00e3o Paulo Niemes<\/b><\/p>\n<\/li>\n<li>\n<p style=\"text-align: left\" align=\"CENTER\"><b><\/b><b>Ligia Santos Pedroso<\/b><\/p>\n<\/li>\n<li>\n<p style=\"text-align: left\" align=\"CENTER\"><b><\/b><b>Luciana Erzinger Alves de Camargo<\/b><\/p>\n<\/li>\n<li>\n<p style=\"text-align: left\" align=\"CENTER\"><b><\/b><b>Luciane Miranda<\/b><\/p>\n<\/li>\n<\/ul>\n<p style=\"text-align: left\" align=\"JUSTIFY\"><span style=\"text-decoration: underline\"><strong>\u00a0<\/strong><em><strong><b>Turma 2012<\/b><\/strong><\/em><\/span><\/p>\n<ul>\n<li>\n<p align=\"JUSTIFY\"><strong>Andr\u00e9 Lazarin Gallina: Produ\u00e7\u00e3o de g\u00e1s hidrog\u00eanio utilizando eletrodos de a\u00e7os inoxid\u00e1veis e ligas de tit\u00e2nio.<\/strong><\/p>\n<\/li>\n<li>\n<p align=\"JUSTIFY\"><strong>Andr\u00e9ia Stadnik: Aplica\u00e7\u00e3o de eletrodos modificados com gel de cobalto como sensor de analitos presentes em alimentos e f\u00e1rmacos.<\/strong><\/p>\n<\/li>\n<li>\n<p align=\"JUSTIFY\"><strong>Elis\u00e2ngela de Souza Lima: Otimiza\u00e7\u00e3o de t\u00e9cnicas anal\u00edticas para a determina\u00e7\u00e3o de Pb e As(V) e estudos de mecanismos de intera\u00e7\u00e3o com a macr\u00f3fita\u00a0<i>Pistia Stratiotes L.<\/i><\/strong><\/p>\n<\/li>\n<li>\n<p align=\"JUSTIFY\"><strong><strong>Filipe Quadros Mariani: Prepara\u00e7\u00e3o e caracteriza\u00e7\u00e3o de novos materiai<\/strong>s constitu\u00eddos de polissacar\u00eddeos e metais de transi\u00e7\u00e3o.<\/strong><\/p>\n<\/li>\n<li>\n<p align=\"JUSTIFY\"><strong>Giseli Ducat: Influ\u00eancia de vari\u00e1veis experimentais na determina\u00e7\u00e3o termogravim\u00e9trica de umidade em a\u00e7\u00facar mascavo.<\/strong><\/p>\n<p align=\"JUSTIFY\">\n<\/li>\n<\/ul>\n<p style=\"text-align: left\" align=\"CENTER\">\n<p style=\"text-align: left\" align=\"CENTER\">\n<p style=\"text-align: left\" align=\"CENTER\"><span style=\"text-decoration: underline\"><em><strong><b>Turma 2011<\/b><\/strong><\/em><\/span><\/p>\n<ul>\n<li>\n<p align=\"JUSTIFY\"><strong>Edin\u00e9ia Paula Sartori Schmitz: Elucida\u00e7\u00e3o do<\/strong><strong>processo de atividade dos aditivos org\u00e2nicos na interface metal\/solu\u00e7\u00e3o no processo de eletrodeposi\u00e7\u00e3o de n\u00edquel.<\/strong><\/p>\n<\/li>\n<li>\n<p align=\"JUSTIFY\"><strong>Jana\u00edna Sartori Bonini: S\u00edntese de nanopart\u00edculas de cobalto.<\/strong><\/p>\n<\/li>\n<li>\n<p align=\"JUSTIFY\"><strong>Karine Ribeiro: Aplica\u00e7\u00e3o de processos oxidativos avan\u00e7ados na degrada\u00e7\u00e3o de efluentes utilizando membranas de acetato de celulose\/Fe.\u00a0<\/strong><\/p>\n<\/li>\n<li>\n<p align=\"JUSTIFY\"><strong>Kelly Cristina Nogueira Soares: Isolamento, identifica\u00e7\u00e3o e quantifica\u00e7\u00e3o de produtos naturais presentes nos extratos da\u00a0<\/strong><strong><i>Verbena minutiflora<\/i><\/strong><strong>.<\/strong><\/p>\n<\/li>\n<\/ul>\n<ul>\n<li>\n<p align=\"JUSTIFY\"><strong>Martha Tussolini:\u00a0Estudo do Comportamento Eletroqu\u00edmico de Filmes de Ni e Nb na Presen\u00e7a de NTC e SiC para Liga de Alum\u00ednio AA6061<\/strong><\/p>\n<\/li>\n<\/ul>\n<p style=\"text-align: left\" align=\"CENTER\"><span style=\"text-decoration: underline\"><em><strong><b>Turma 2010<\/b><\/strong><\/em><\/span><\/p>\n<ul>\n<li>\u00a0<strong>Marilei de F\u00e1tima Oliveira: Processos alternativos de tratamento de superf\u00edcies met\u00e1licas a base de nanocer\u00e2mica.<\/strong><\/li>\n<li>\n<p align=\"JUSTIFY\"><strong>Daiane Finger: Metodologias anal\u00edticas aplicadas \u00e0 an\u00e1lise de pr\u00f3polis.<\/strong><\/p>\n<\/li>\n<li>\n<p align=\"JUSTIFY\"><strong>M\u00e1rcio Luiz M\u00f3dolo: Desenvolvimento de eletrodos a base de carbono cer\u00e2mico.<\/strong><\/p>\n<\/li>\n<li>\n<p align=\"JUSTIFY\"><strong>Marins Danczuk: Materiais mistos eletroativos combinados pela intera\u00e7\u00e3o de n\u00edquel coloidal e argilas esmectitas.<\/strong><\/p>\n<\/li>\n<\/ul>\n<p style=\"text-align: left\" align=\"CENTER\"><span style=\"text-decoration: underline\"><em><strong><b>Turma 2009<\/b><\/strong><\/em><\/span><\/p>\n<ul>\n<li>\u00a0<strong>Cristiane de Abreu Dias: Gama-MnO<\/strong><strong>2<\/strong><strong>\u00a0nanoestruturado: S\u00edntese e propriedades eletroqu\u00edmicas como um material de eletrodo para supercapacitor.<\/strong><\/li>\n<li>\n<p align=\"JUSTIFY\"><strong>Franci\u00e9ly Ignachewski: Estudo do ambiente qu\u00edmico de \u00f3xidos mistos Fe\/Ti atrav\u00e9s da t\u00e9cnica de XAFS (X ray absortion fine structure).<\/strong><\/p>\n<\/li>\n<li>\n<p align=\"JUSTIFY\"><strong>Juan Carlo Villalba: Akagane\u00edta sint\u00e9tica [<\/strong><strong>\uf062<\/strong><strong>-FeO(OH)] identificada por refinamento de dados de difra\u00e7\u00e3o de raios X utilizando o m\u00e9todo de Rietvield.<\/strong><\/p>\n<\/li>\n<li>\n<p align=\"JUSTIFY\"><strong>Liliane Schier de Lima: Sor\u00e7\u00e3o de \u00edons met\u00e1licos em carv\u00e3o ativado pulverizado preparados a partir de diferentes materiais de partida.<\/strong><\/p>\n<\/li>\n<li>\n<p align=\"JUSTIFY\"><strong>Maico Taras da Cunha<\/strong><strong><i>:\u00a0<\/i><\/strong><strong>Estudo da eletrodeposi\u00e7\u00e3o de cobre sobre substrato ferroso em meio alcalino.<\/strong><\/p>\n<\/li>\n<li>\n<p align=\"JUSTIFY\"><strong>Neucineia Vieira Chagas: Prepara\u00e7\u00e3o e caracteriza\u00e7\u00e3o de comp\u00f3sitos carv\u00e3o ativado\/argila para aplica\u00e7\u00e3o em estudos de adsor\u00e7\u00e3o de corantes.<\/strong><\/p>\n<\/li>\n<\/ul>\n<p>&nbsp;<\/p>\n<p style=\"text-align: left\" align=\"CENTER\">\n<!--more--><\/p>\n","protected":false},"excerpt":{"rendered":"<p>DOUTORANDOS Turma 2015 Aldo Przybysz Daniele Gon\u00e7alves Vieira Erivelton C\u00e9sar Stroparo Fernando Ratuchne Genice Iurckevicz Graziella dos Santos Portes Silva Guilherme Jos\u00e9 Turcatel Alves Isabela Angeli de Lima Jeferson Meira dos Santos Juliane Maria Bergamin Marcelo Muller Marcus Dennison Machado Ara\u00fajo Tatiane Mil\u00e3o de Oliveira Tiago Sawczen Turma 2014 Camila Kulek de Andrade Chalder Nogueira [&hellip;]<\/p>\n","protected":false},"author":2,"featured_media":0,"parent":47,"menu_order":0,"comment_status":"closed","ping_status":"closed","template":"","meta":{"_exactmetrics_skip_tracking":false,"_exactmetrics_sitenote_active":false,"_exactmetrics_sitenote_note":"","_exactmetrics_sitenote_category":0,"ngg_post_thumbnail":0,"footnotes":"","_links_to":"","_links_to_target":""},"class_list":["post-58","page","type-page","status-publish","hentry"],"publishpress_future_action":{"enabled":false,"date":"2026-04-18 09:54:06","action":"change-status","newStatus":"draft","terms":[],"taxonomy":"language","extraData":[]},"publishpress_future_workflow_manual_trigger":{"enabledWorkflows":[]},"_links":{"self":[{"href":"https:\/\/www2.unicentro.br\/ppgq\/wp-json\/wp\/v2\/pages\/58","targetHints":{"allow":["GET"]}}],"collection":[{"href":"https:\/\/www2.unicentro.br\/ppgq\/wp-json\/wp\/v2\/pages"}],"about":[{"href":"https:\/\/www2.unicentro.br\/ppgq\/wp-json\/wp\/v2\/types\/page"}],"author":[{"embeddable":true,"href":"https:\/\/www2.unicentro.br\/ppgq\/wp-json\/wp\/v2\/users\/2"}],"replies":[{"embeddable":true,"href":"https:\/\/www2.unicentro.br\/ppgq\/wp-json\/wp\/v2\/comments?post=58"}],"version-history":[{"count":8,"href":"https:\/\/www2.unicentro.br\/ppgq\/wp-json\/wp\/v2\/pages\/58\/revisions"}],"predecessor-version":[{"id":537,"href":"https:\/\/www2.unicentro.br\/ppgq\/wp-json\/wp\/v2\/pages\/58\/revisions\/537"}],"up":[{"embeddable":true,"href":"https:\/\/www2.unicentro.br\/ppgq\/wp-json\/wp\/v2\/pages\/47"}],"wp:attachment":[{"href":"https:\/\/www2.unicentro.br\/ppgq\/wp-json\/wp\/v2\/media?parent=58"}],"curies":[{"name":"wp","href":"https:\/\/api.w.org\/{rel}","templated":true}]}}