{"id":47,"date":"2013-11-04T18:01:11","date_gmt":"2013-11-04T18:01:11","guid":{"rendered":"http:\/\/www2.unicentro.br\/ppgq\/?page_id=47"},"modified":"2021-03-12T17:39:48","modified_gmt":"2021-03-12T20:39:48","slug":"doutorado","status":"publish","type":"page","link":"https:\/\/www2.unicentro.br\/ppgq\/pt\/doutorado\/","title":{"rendered":"Inicial &#8211; Doutorado"},"content":{"rendered":"<p style=\"text-align: center\"><span style=\"font-size: 24pt\"><a href=\"https:\/\/www2.unicentro.br\/ppgq\/files\/2021\/03\/Edilta-no-01-PROPESP-2021-Resultado-Final-PDSE.pdf\">Resultado Final PDSE\/CAPES 2021, clique aqui!<\/a><\/span><\/p>\n<p>&nbsp;<\/p>\n<p><a href=\"https:\/\/www2.unicentro.br\/ppgq\/files\/2020\/12\/Edital-Selecao-PPGQ-UNICENTRO-Turmas-2021.pdf\"><img loading=\"lazy\" decoding=\"async\" class=\"alignnone wp-image-1468\" src=\"https:\/\/www2.unicentro.br\/ppgq\/files\/2021\/01\/Cartaz-de-Feira-de-Ciencias-Ilustrado-Azulado-1-724x1024.jpg\" alt=\"\" width=\"700\" height=\"990\" srcset=\"https:\/\/www2.unicentro.br\/ppgq\/files\/2021\/01\/Cartaz-de-Feira-de-Ciencias-Ilustrado-Azulado-1-724x1024.jpg 724w, https:\/\/www2.unicentro.br\/ppgq\/files\/2021\/01\/Cartaz-de-Feira-de-Ciencias-Ilustrado-Azulado-1-212x300.jpg 212w, https:\/\/www2.unicentro.br\/ppgq\/files\/2021\/01\/Cartaz-de-Feira-de-Ciencias-Ilustrado-Azulado-1-768x1086.jpg 768w, https:\/\/www2.unicentro.br\/ppgq\/files\/2021\/01\/Cartaz-de-Feira-de-Ciencias-Ilustrado-Azulado-1-1086x1536.jpg 1086w, https:\/\/www2.unicentro.br\/ppgq\/files\/2021\/01\/Cartaz-de-Feira-de-Ciencias-Ilustrado-Azulado-1-1448x2048.jpg 1448w, https:\/\/www2.unicentro.br\/ppgq\/files\/2021\/01\/Cartaz-de-Feira-de-Ciencias-Ilustrado-Azulado-1.jpg 1587w\" sizes=\"auto, (max-width: 700px) 100vw, 700px\" \/><\/a><\/p>\n<p><a href=\"https:\/\/www2.unicentro.br\/ppgq\/files\/2020\/12\/Edital-Selecao-PPGQ-UNICENTRO-Turmas-2021.pdf\">Para acessar o Edital de Sele\u00e7\u00e3o Clique no Cartaz ou Aqui!<\/a><\/p>\n<p><strong><a href=\"https:\/\/www2.unicentro.br\/ppgq\/files\/2021\/02\/Edital-001-2021-PPGQA-Homologacao-Inscricoes.pdf\">Edital de Homologa\u00e7\u00e3o das inscri\u00e7\u00f5es Mestrado\/Doutorado 2021. Clique Aqui.<\/a><\/strong><\/p>\n<p>&nbsp;<\/p>\n<p>&nbsp;<\/p>\n<p>&nbsp;<\/p>\n<p>&nbsp;<\/p>\n<p><a href=\"https:\/\/www2.unicentro.br\/ppgq\/files\/2020\/05\/avisopandemiappgq.png\"><img loading=\"lazy\" decoding=\"async\" class=\"alignnone wp-image-1432\" src=\"https:\/\/www2.unicentro.br\/ppgq\/files\/2020\/05\/avisopandemiappgq-1024x622.png\" alt=\"\" width=\"700\" height=\"425\" srcset=\"https:\/\/www2.unicentro.br\/ppgq\/files\/2020\/05\/avisopandemiappgq-1024x622.png 1024w, https:\/\/www2.unicentro.br\/ppgq\/files\/2020\/05\/avisopandemiappgq-300x182.png 300w, https:\/\/www2.unicentro.br\/ppgq\/files\/2020\/05\/avisopandemiappgq-768x466.png 768w, https:\/\/www2.unicentro.br\/ppgq\/files\/2020\/05\/avisopandemiappgq.png 1395w\" sizes=\"auto, (max-width: 700px) 100vw, 700px\" \/><\/a><\/p>\n<p><img loading=\"lazy\" decoding=\"async\" class=\"alignnone wp-image-1412\" src=\"https:\/\/www2.unicentro.br\/ppgq\/files\/2020\/03\/inicio-das-aulas-malu-1024x205.png\" alt=\"\" width=\"699\" height=\"140\" srcset=\"https:\/\/www2.unicentro.br\/ppgq\/files\/2020\/03\/inicio-das-aulas-malu-1024x205.png 1024w, https:\/\/www2.unicentro.br\/ppgq\/files\/2020\/03\/inicio-das-aulas-malu-300x60.png 300w, https:\/\/www2.unicentro.br\/ppgq\/files\/2020\/03\/inicio-das-aulas-malu-768x154.png 768w, https:\/\/www2.unicentro.br\/ppgq\/files\/2020\/03\/inicio-das-aulas-malu.png 2044w\" sizes=\"auto, (max-width: 699px) 100vw, 699px\" \/><\/p>\n<p><img loading=\"lazy\" decoding=\"async\" class=\"alignnone wp-image-1403\" src=\"https:\/\/www2.unicentro.br\/ppgq\/files\/2020\/03\/inicio-das-aulas-ppgq-300x106.png\" alt=\"\" width=\"696\" height=\"246\" srcset=\"https:\/\/www2.unicentro.br\/ppgq\/files\/2020\/03\/inicio-das-aulas-ppgq-300x106.png 300w, https:\/\/www2.unicentro.br\/ppgq\/files\/2020\/03\/inicio-das-aulas-ppgq-768x270.png 768w, https:\/\/www2.unicentro.br\/ppgq\/files\/2020\/03\/inicio-das-aulas-ppgq-1024x360.png 1024w, https:\/\/www2.unicentro.br\/ppgq\/files\/2020\/03\/inicio-das-aulas-ppgq.png 2044w\" sizes=\"auto, (max-width: 696px) 100vw, 696px\" \/><\/p>\n<p><a href=\"https:\/\/www2.unicentro.br\/ppgq\/files\/2020\/02\/Edital_01-2020-convoca\u00e7\u00e3o-matr\u00edcula-doutorado.pdf\"><img loading=\"lazy\" decoding=\"async\" class=\"alignnone wp-image-1400\" src=\"https:\/\/www2.unicentro.br\/ppgq\/files\/2020\/02\/matriculaDoutorado2020-1-1-300x147.png\" alt=\"\" width=\"696\" height=\"341\" srcset=\"https:\/\/www2.unicentro.br\/ppgq\/files\/2020\/02\/matriculaDoutorado2020-1-1-300x147.png 300w, https:\/\/www2.unicentro.br\/ppgq\/files\/2020\/02\/matriculaDoutorado2020-1-1-768x376.png 768w, https:\/\/www2.unicentro.br\/ppgq\/files\/2020\/02\/matriculaDoutorado2020-1-1-1024x502.png 1024w, https:\/\/www2.unicentro.br\/ppgq\/files\/2020\/02\/matriculaDoutorado2020-1-1.png 1675w\" sizes=\"auto, (max-width: 696px) 100vw, 696px\" \/><\/a><\/p>\n<p><a href=\"https:\/\/www2.unicentro.br\/ppgq\/files\/2019\/12\/Edital_08_2019_deferimento-de-inscri\u00e7\u00f5es-Doutorado-2020.pdf\"><img loading=\"lazy\" decoding=\"async\" class=\"alignnone wp-image-1365\" src=\"https:\/\/www2.unicentro.br\/ppgq\/files\/2019\/12\/Homolocacaodoutoradoinscricao2020-300x91.png\" alt=\"\" width=\"696\" height=\"211\" srcset=\"https:\/\/www2.unicentro.br\/ppgq\/files\/2019\/12\/Homolocacaodoutoradoinscricao2020-300x91.png 300w, https:\/\/www2.unicentro.br\/ppgq\/files\/2019\/12\/Homolocacaodoutoradoinscricao2020-768x234.png 768w, https:\/\/www2.unicentro.br\/ppgq\/files\/2019\/12\/Homolocacaodoutoradoinscricao2020-1024x312.png 1024w, https:\/\/www2.unicentro.br\/ppgq\/files\/2019\/12\/Homolocacaodoutoradoinscricao2020.png 1116w\" sizes=\"auto, (max-width: 696px) 100vw, 696px\" \/><\/a><\/p>\n<p><a href=\"https:\/\/www2.unicentro.br\/ppgq\/files\/2019\/11\/Edital_007_sele\u00e7\u00e3o-do-curso-de-Doutorado-2019-retificado.pdf\"><img loading=\"lazy\" decoding=\"async\" class=\"alignnone wp-image-1346\" src=\"https:\/\/www2.unicentro.br\/ppgq\/files\/2019\/11\/avisoprorrogacaodoc1-300x201.png\" alt=\"\" width=\"696\" height=\"466\" srcset=\"https:\/\/www2.unicentro.br\/ppgq\/files\/2019\/11\/avisoprorrogacaodoc1-300x201.png 300w, https:\/\/www2.unicentro.br\/ppgq\/files\/2019\/11\/avisoprorrogacaodoc1-768x515.png 768w, https:\/\/www2.unicentro.br\/ppgq\/files\/2019\/11\/avisoprorrogacaodoc1.png 885w\" sizes=\"auto, (max-width: 696px) 100vw, 696px\" \/><\/a><\/p>\n<p><a href=\"https:\/\/www2.unicentro.br\/ppgq\/files\/2019\/10\/Edital_sele\u00e7\u00e3o-do-curso-de-Doutorado-2020-1-sem-.pdf\"><img loading=\"lazy\" decoding=\"async\" class=\"alignnone wp-image-1292\" src=\"https:\/\/www2.unicentro.br\/ppgq\/files\/2019\/10\/cartaz_douturado_01_5d8bb14ed2e71-724x1024.jpg\" alt=\"\" width=\"700\" height=\"990\" srcset=\"https:\/\/www2.unicentro.br\/ppgq\/files\/2019\/10\/cartaz_douturado_01_5d8bb14ed2e71-724x1024.jpg 724w, https:\/\/www2.unicentro.br\/ppgq\/files\/2019\/10\/cartaz_douturado_01_5d8bb14ed2e71-212x300.jpg 212w, https:\/\/www2.unicentro.br\/ppgq\/files\/2019\/10\/cartaz_douturado_01_5d8bb14ed2e71-768x1086.jpg 768w\" sizes=\"auto, (max-width: 700px) 100vw, 700px\" \/><\/a><\/p>\n<p style=\"text-align: center\"><a href=\"https:\/\/www2.unicentro.br\/ppgq\/files\/2019\/10\/Edital_sele\u00e7\u00e3o-do-curso-de-Doutorado-2020-1-sem-.pdf\"><strong><span style=\"font-size: 16pt\">Clique para acessar o edital e fazer a sua inscri\u00e7\u00e3o!!!<\/span><\/strong><\/a><\/p>\n<p>&nbsp;<\/p>\n<p>&nbsp;<\/p>\n<p>&nbsp;<\/p>\n<p>&nbsp;<\/p>\n<p>&nbsp;<\/p>\n","protected":false},"excerpt":{"rendered":"<p>Resultado Final PDSE\/CAPES 2021, clique aqui! &nbsp; Para acessar o Edital de Sele\u00e7\u00e3o Clique no Cartaz ou Aqui! Edital de Homologa\u00e7\u00e3o das inscri\u00e7\u00f5es Mestrado\/Doutorado 2021. Clique Aqui. &nbsp; &nbsp; &nbsp; &nbsp; Clique para acessar o edital e fazer a sua inscri\u00e7\u00e3o!!! &nbsp; &nbsp; &nbsp; &nbsp; &nbsp;<\/p>\n","protected":false},"author":2,"featured_media":0,"parent":0,"menu_order":0,"comment_status":"closed","ping_status":"closed","template":"","meta":{"_exactmetrics_skip_tracking":false,"_exactmetrics_sitenote_active":false,"_exactmetrics_sitenote_note":"","_exactmetrics_sitenote_category":0,"ngg_post_thumbnail":0,"footnotes":"","_links_to":"","_links_to_target":""},"class_list":["post-47","page","type-page","status-publish","hentry"],"publishpress_future_action":{"enabled":false,"date":"2026-05-04 13:25:24","action":"change-status","newStatus":"draft","terms":[],"taxonomy":"language","extraData":[]},"publishpress_future_workflow_manual_trigger":{"enabledWorkflows":[]},"_links":{"self":[{"href":"https:\/\/www2.unicentro.br\/ppgq\/wp-json\/wp\/v2\/pages\/47","targetHints":{"allow":["GET"]}}],"collection":[{"href":"https:\/\/www2.unicentro.br\/ppgq\/wp-json\/wp\/v2\/pages"}],"about":[{"href":"https:\/\/www2.unicentro.br\/ppgq\/wp-json\/wp\/v2\/types\/page"}],"author":[{"embeddable":true,"href":"https:\/\/www2.unicentro.br\/ppgq\/wp-json\/wp\/v2\/users\/2"}],"replies":[{"embeddable":true,"href":"https:\/\/www2.unicentro.br\/ppgq\/wp-json\/wp\/v2\/comments?post=47"}],"version-history":[{"count":19,"href":"https:\/\/www2.unicentro.br\/ppgq\/wp-json\/wp\/v2\/pages\/47\/revisions"}],"predecessor-version":[{"id":1538,"href":"https:\/\/www2.unicentro.br\/ppgq\/wp-json\/wp\/v2\/pages\/47\/revisions\/1538"}],"wp:attachment":[{"href":"https:\/\/www2.unicentro.br\/ppgq\/wp-json\/wp\/v2\/media?parent=47"}],"curies":[{"name":"wp","href":"https:\/\/api.w.org\/{rel}","templated":true}]}}