{"id":16,"date":"2013-10-29T19:25:04","date_gmt":"2013-10-29T19:25:04","guid":{"rendered":"http:\/\/www2.unicentro.br\/ppgq\/?page_id=16"},"modified":"2019-08-28T17:32:39","modified_gmt":"2019-08-28T20:32:39","slug":"contato","status":"publish","type":"page","link":"https:\/\/www2.unicentro.br\/ppgq\/pt\/doutorado\/contato\/","title":{"rendered":"Contato"},"content":{"rendered":"<h4 style=\"text-align: center\"><strong>Programa de P\u00f3s-Gradua\u00e7\u00e3o em Qu\u00edmica<\/strong><\/h4>\n<p style=\"text-align: center\">Rua Sime\u00e3o Camargo Varela de S\u00e1, 03<br \/>\nVila Carli, CEP 85.040-080 \u2013 Guarapuava \u2013 PR<\/p>\n<p style=\"text-align: center\">Secretaria \u2013 Neusa \u2013 <a href=\"mailto:secretariappgq@gmail.com\">secretariappgq@gmail.com<\/a> \u2013 fone: (42) 3629-8301<\/p>\n<p style=\"text-align: center\">Coordena\u00e7\u00e3o Doutorado \u2013 Prof\u00aa. Dr\u00aa. Andressa Galli &#8211; <a href=\"mailto:andressagalli@gmail.com\">andressagalli@gmail.com<\/a> \u2013 fone: (42)3629-8302<\/p>\n<p style=\"text-align: center\">Coordena\u00e7\u00e3o Mestrado \u2013 Profa. Dr\u00aa. Eryza Guimar\u00e3es de Castro &#8211; E-mail:\u00a0<a href=\"mailto:eryza.castro@gmail.com\">eryza.castro@gmail.com<\/a>\u00a0\u2013 fone: (42) 3629-8302<\/p>\n<p style=\"text-align: center\">Representante discente doutorado \u2013 Fernando \u2013fratuchne@gmail.com<\/p>\n<p style=\"text-align: center\">Representante discente mestrado \u2013 Irineo -i_r_i_n_e_0@hotmail.com<\/p>\n<hr style=\"width: 70%\" width=\"70%\" \/>\n<div style=\"text-align: center\">\n<p style=\"text-align: center\">\n<div class=\"wpcf7 no-js\" id=\"wpcf7-f5-o1\" lang=\"pt-BR\" dir=\"ltr\" data-wpcf7-id=\"5\">\n<div class=\"screen-reader-response\"><p role=\"status\" aria-live=\"polite\" aria-atomic=\"true\"><\/p> <ul><\/ul><\/div>\n<form action=\"\/ppgq\/wp-json\/wp\/v2\/pages\/16#wpcf7-f5-o1\" method=\"post\" class=\"wpcf7-form init\" aria-label=\"Formul\u00e1rios de contato\" novalidate=\"novalidate\" data-status=\"init\">\n<fieldset class=\"hidden-fields-container\"><input type=\"hidden\" name=\"_wpcf7\" value=\"5\" \/><input type=\"hidden\" name=\"_wpcf7_version\" value=\"6.1.5\" \/><input type=\"hidden\" name=\"_wpcf7_locale\" value=\"pt_BR\" \/><input type=\"hidden\" name=\"_wpcf7_unit_tag\" value=\"wpcf7-f5-o1\" \/><input type=\"hidden\" name=\"_wpcf7_container_post\" value=\"0\" \/><input type=\"hidden\" name=\"_wpcf7_posted_data_hash\" value=\"\" \/>\n<\/fieldset>\n<p>Seu nome (obrigat\u00f3rio)\n<\/p>\n<p><span class=\"wpcf7-form-control-wrap\" data-name=\"your-name\"><input size=\"40\" maxlength=\"400\" class=\"wpcf7-form-control wpcf7-text wpcf7-validates-as-required\" aria-required=\"true\" aria-invalid=\"false\" value=\"\" type=\"text\" name=\"your-name\" \/><\/span>\n<\/p>\n<p>Seu e-mail (obrigat\u00f3rio)\n<\/p>\n<p><span class=\"wpcf7-form-control-wrap\" data-name=\"your-email\"><input size=\"40\" maxlength=\"400\" class=\"wpcf7-form-control wpcf7-email wpcf7-validates-as-required wpcf7-text wpcf7-validates-as-email\" aria-required=\"true\" aria-invalid=\"false\" value=\"\" type=\"email\" name=\"your-email\" \/><\/span>\n<\/p>\n<p>Assunto\n<\/p>\n<p><span class=\"wpcf7-form-control-wrap\" data-name=\"your-subject\"><input size=\"40\" maxlength=\"400\" class=\"wpcf7-form-control wpcf7-text\" aria-invalid=\"false\" value=\"\" type=\"text\" name=\"your-subject\" \/><\/span>\n<\/p>\n<p>Sua mensagem\n<\/p>\n<p><span class=\"wpcf7-form-control-wrap\" data-name=\"your-message\"><textarea cols=\"40\" rows=\"10\" maxlength=\"2000\" class=\"wpcf7-form-control wpcf7-textarea\" aria-invalid=\"false\" name=\"your-message\"><\/textarea><\/span>\n<\/p>\n<p><strong>Warning:<\/strong> The <a href=\"https:\/\/wordpress.org\/plugins\/really-simple-captcha\/\">Really Simple CAPTCHA<\/a> plugin is not active.<br \/>\n<span class=\"wpcf7-form-control-wrap\" data-name=\"captcha-510\"><input size=\"40\" class=\"wpcf7-form-control wpcf7-captchar\" autocomplete=\"off\" aria-invalid=\"false\" value=\"\" type=\"text\" name=\"captcha-510\" \/><\/span>\n<\/p>\n<p><input class=\"wpcf7-form-control wpcf7-submit has-spinner\" type=\"submit\" value=\"Enviar\" \/>\n<\/p><p style=\"display: none !important;\" class=\"akismet-fields-container\" data-prefix=\"_wpcf7_ak_\"><label>&#916;<textarea name=\"_wpcf7_ak_hp_textarea\" cols=\"45\" rows=\"8\" maxlength=\"100\"><\/textarea><\/label><input type=\"hidden\" id=\"ak_js_1\" name=\"_wpcf7_ak_js\" value=\"164\"\/><script>document.getElementById( \"ak_js_1\" ).setAttribute( \"value\", ( new Date() ).getTime() );<\/script><\/p><div class=\"wpcf7-response-output\" aria-hidden=\"true\"><\/div>\n<\/form>\n<\/div>\n\n<\/div>\n","protected":false},"excerpt":{"rendered":"<p>Programa de P\u00f3s-Gradua\u00e7\u00e3o em Qu\u00edmica Rua Sime\u00e3o Camargo Varela de S\u00e1, 03 Vila Carli, CEP 85.040-080 \u2013 Guarapuava \u2013 PR Secretaria \u2013 Neusa \u2013 secretariappgq@gmail.com \u2013 fone: (42) 3629-8301 Coordena\u00e7\u00e3o Doutorado \u2013 Prof\u00aa. Dr\u00aa. Andressa Galli &#8211; andressagalli@gmail.com \u2013 fone: (42)3629-8302 Coordena\u00e7\u00e3o Mestrado \u2013 Profa. Dr\u00aa. Eryza Guimar\u00e3es de Castro &#8211; E-mail:\u00a0eryza.castro@gmail.com\u00a0\u2013 fone: (42) 3629-8302 [&hellip;]<\/p>\n","protected":false},"author":2,"featured_media":0,"parent":47,"menu_order":0,"comment_status":"closed","ping_status":"closed","template":"","meta":{"_exactmetrics_skip_tracking":false,"_exactmetrics_sitenote_active":false,"_exactmetrics_sitenote_note":"","_exactmetrics_sitenote_category":0,"ngg_post_thumbnail":0,"footnotes":"","_links_to":"","_links_to_target":""},"class_list":["post-16","page","type-page","status-publish","hentry"],"publishpress_future_action":{"enabled":false,"date":"2026-04-18 07:08:21","action":"change-status","newStatus":"draft","terms":[],"taxonomy":"language","extraData":[]},"publishpress_future_workflow_manual_trigger":{"enabledWorkflows":[]},"_links":{"self":[{"href":"https:\/\/www2.unicentro.br\/ppgq\/wp-json\/wp\/v2\/pages\/16","targetHints":{"allow":["GET"]}}],"collection":[{"href":"https:\/\/www2.unicentro.br\/ppgq\/wp-json\/wp\/v2\/pages"}],"about":[{"href":"https:\/\/www2.unicentro.br\/ppgq\/wp-json\/wp\/v2\/types\/page"}],"author":[{"embeddable":true,"href":"https:\/\/www2.unicentro.br\/ppgq\/wp-json\/wp\/v2\/users\/2"}],"replies":[{"embeddable":true,"href":"https:\/\/www2.unicentro.br\/ppgq\/wp-json\/wp\/v2\/comments?post=16"}],"version-history":[{"count":12,"href":"https:\/\/www2.unicentro.br\/ppgq\/wp-json\/wp\/v2\/pages\/16\/revisions"}],"predecessor-version":[{"id":1272,"href":"https:\/\/www2.unicentro.br\/ppgq\/wp-json\/wp\/v2\/pages\/16\/revisions\/1272"}],"up":[{"embeddable":true,"href":"https:\/\/www2.unicentro.br\/ppgq\/wp-json\/wp\/v2\/pages\/47"}],"wp:attachment":[{"href":"https:\/\/www2.unicentro.br\/ppgq\/wp-json\/wp\/v2\/media?parent=16"}],"curies":[{"name":"wp","href":"https:\/\/api.w.org\/{rel}","templated":true}]}}