{"id":1246,"date":"2019-05-10T14:15:19","date_gmt":"2019-05-10T17:15:19","guid":{"rendered":"https:\/\/www2.unicentro.br\/ppgq\/?page_id=1246"},"modified":"2022-08-30T10:41:28","modified_gmt":"2022-08-30T13:41:28","slug":"formularios-mestrado","status":"publish","type":"page","link":"https:\/\/www2.unicentro.br\/ppgq\/pt\/mestrado\/formularios-mestrado\/","title":{"rendered":"Formul\u00e1rios"},"content":{"rendered":"<ul>\n<li><a href=\"https:\/\/www2.unicentro.br\/ppgq\/files\/2022\/08\/Pedido_de_Banca_630cfc889a5a8.doc\">REQUERIMENTO PEDIDO DE BANCA [ .doc]<\/a><\/li>\n<li><a href=\"https:\/\/www2.unicentro.br\/ppgq\/files\/2022\/03\/Requerimento_de_Matricula_PPGQA_M_D_2022_2_6222a08a0da05.doc\">REQUERIMENTO DE MATR\u00cdCULA [.doc]<\/a><\/li>\n<li><a href=\"https:\/\/www2.unicentro.br\/ppgq\/files\/2019\/06\/Solicita_o_Trancamento_5cf5763b2fd81.doc\">SOLICITA\u00c7\u00c3O DE TRANCAMENTO DE CURSO<\/a><\/li>\n<li><a href=\"https:\/\/www2.unicentro.br\/ppgq\/files\/2019\/05\/Formulario_Co_Orienta_ao_5cd57b1c86055.doc\">SOLICITA\u00c7\u00c3O FORMAL DE COORIENTA\u00c7\u00c3O<\/a><\/li>\n<li><a href=\"https:\/\/www2.unicentro.br\/ppgq\/files\/2019\/09\/Solicita_o_de_documentos_mestrado-ppgq.doc\">SOLICITA\u00c7\u00c3O DE DOCUMENTOS<\/a><\/li>\n<li><a href=\"https:\/\/www2.unicentro.br\/ppgq\/files\/2019\/09\/Requerimento_ao_Colegiado.doc\">REQUERIMENTO AO COLEGIADO<\/a><\/li>\n<\/ul>\n","protected":false},"excerpt":{"rendered":"<p>REQUERIMENTO PEDIDO DE BANCA [ .doc] REQUERIMENTO DE MATR\u00cdCULA [.doc] SOLICITA\u00c7\u00c3O DE TRANCAMENTO DE CURSO SOLICITA\u00c7\u00c3O FORMAL DE COORIENTA\u00c7\u00c3O SOLICITA\u00c7\u00c3O DE DOCUMENTOS REQUERIMENTO AO COLEGIADO<\/p>\n","protected":false},"author":6,"featured_media":0,"parent":685,"menu_order":0,"comment_status":"closed","ping_status":"closed","template":"","meta":{"_exactmetrics_skip_tracking":false,"_exactmetrics_sitenote_active":false,"_exactmetrics_sitenote_note":"","_exactmetrics_sitenote_category":0,"ngg_post_thumbnail":0,"footnotes":"","_links_to":"","_links_to_target":""},"class_list":["post-1246","page","type-page","status-publish","hentry"],"publishpress_future_action":{"enabled":false,"date":"2026-04-18 08:50:20","action":"change-status","newStatus":"draft","terms":[],"taxonomy":"language","extraData":[]},"publishpress_future_workflow_manual_trigger":{"enabledWorkflows":[]},"_links":{"self":[{"href":"https:\/\/www2.unicentro.br\/ppgq\/wp-json\/wp\/v2\/pages\/1246","targetHints":{"allow":["GET"]}}],"collection":[{"href":"https:\/\/www2.unicentro.br\/ppgq\/wp-json\/wp\/v2\/pages"}],"about":[{"href":"https:\/\/www2.unicentro.br\/ppgq\/wp-json\/wp\/v2\/types\/page"}],"author":[{"embeddable":true,"href":"https:\/\/www2.unicentro.br\/ppgq\/wp-json\/wp\/v2\/users\/6"}],"replies":[{"embeddable":true,"href":"https:\/\/www2.unicentro.br\/ppgq\/wp-json\/wp\/v2\/comments?post=1246"}],"version-history":[{"count":9,"href":"https:\/\/www2.unicentro.br\/ppgq\/wp-json\/wp\/v2\/pages\/1246\/revisions"}],"predecessor-version":[{"id":1654,"href":"https:\/\/www2.unicentro.br\/ppgq\/wp-json\/wp\/v2\/pages\/1246\/revisions\/1654"}],"up":[{"embeddable":true,"href":"https:\/\/www2.unicentro.br\/ppgq\/wp-json\/wp\/v2\/pages\/685"}],"wp:attachment":[{"href":"https:\/\/www2.unicentro.br\/ppgq\/wp-json\/wp\/v2\/media?parent=1246"}],"curies":[{"name":"wp","href":"https:\/\/api.w.org\/{rel}","templated":true}]}}