{"id":88,"date":"2014-11-25T11:44:22","date_gmt":"2014-11-25T11:44:22","guid":{"rendered":"http:\/\/www2.unicentro.br\/ppgcf\/?page_id=88"},"modified":"2020-03-09T20:11:25","modified_gmt":"2020-03-09T20:11:25","slug":"corpo-docente","status":"publish","type":"page","link":"https:\/\/www2.unicentro.br\/ppgf\/corpo-docente\/","title":{"rendered":"Corpo Docente"},"content":{"rendered":"<p>Integram o corpo docente do Curso de P\u00f3s-Gradua\u00e7\u00e3o em Ci\u00eancias Florestais professores e pesquisadores dos Departamentos de Engenharia Florestal, Engenharia Ambiental e Agronomia da Unicentro, do Departamento de Engenharia Florestal da Universidade Federal do Paran\u00e1 e do Instituto de Pesquisas Espaciais.<\/p>\n<p>&nbsp;<\/p>\n<p><strong>Professores Permanentes<\/strong><\/p>\n<table style=\"height: 616px\" width=\"708\">\n<tbody>\n<tr>\n<td style=\"background-color: #e2fcf4\"><a href=\"http:\/\/www2.unicentro.br\/ppgf\/files\/2014\/11\/Afonso.jpg\"><img loading=\"lazy\" decoding=\"async\" class=\"docentes wp-image-1282 aligncenter\" src=\"http:\/\/www2.unicentro.br\/ppgf\/files\/2014\/11\/Afonso-278x300.jpg\" width=\"118\" height=\"127\" srcset=\"https:\/\/www2.unicentro.br\/ppgf\/files\/2014\/11\/Afonso-278x300.jpg 278w, https:\/\/www2.unicentro.br\/ppgf\/files\/2014\/11\/Afonso-768x827.jpg 768w, https:\/\/www2.unicentro.br\/ppgf\/files\/2014\/11\/Afonso-950x1024.jpg 950w\" sizes=\"auto, (max-width: 118px) 100vw, 118px\" \/><\/a><\/td>\n<td style=\"background-color: #e2fcf4\">\n<h5>Afonso Figueiredo Filho<\/h5>\n<ul>\n<li>Forma\u00e7\u00e3o:\n<ul>\n<li>Engenheiro Florestal pela UFPR em 1976;<\/li>\n<li>Mestre pela UFPR em 1983;<\/li>\n<li>Doutor pela UFPR em 1991;<\/li>\n<li>P\u00f3s Doutorado pela Universidade da Georgia, Athens, EUA em 1995.<\/li>\n<\/ul>\n<\/li>\n<li>E-mail: <a href=\"mailto:afigfilho@gmail.com\">afigfilho@gmail.com<\/a><\/li>\n<li><a href=\"http:\/\/lattes.cnpq.br\/4151544991447365\">http:\/\/lattes.cnpq.br\/4151544991447365<\/a><\/li>\n<li>\u00c1rea de Atua\u00e7\u00e3o: Mensura\u00e7\u00e3o Florestal; Manejo de Florestais Plantadas e Naturais; Modelagem do Crescimento e da Produ\u00e7\u00e3o.<\/li>\n<li>Bolsista de Produtividade em Pesquisa CNPq, N\u00edvel 1C<\/li>\n<\/ul>\n<\/td>\n<\/tr>\n<tr>\n<td><a href=\"http:\/\/www2.unicentro.br\/ppgf\/files\/2014\/11\/Andrea.jpg\"><img loading=\"lazy\" decoding=\"async\" class=\"docentes wp-image-1283 aligncenter\" src=\"http:\/\/www2.unicentro.br\/ppgf\/files\/2014\/11\/Andrea-241x300.jpg\" width=\"114\" height=\"142\" srcset=\"https:\/\/www2.unicentro.br\/ppgf\/files\/2014\/11\/Andrea-241x300.jpg 241w, https:\/\/www2.unicentro.br\/ppgf\/files\/2014\/11\/Andrea-768x957.jpg 768w, https:\/\/www2.unicentro.br\/ppgf\/files\/2014\/11\/Andrea-822x1024.jpg 822w, https:\/\/www2.unicentro.br\/ppgf\/files\/2014\/11\/Andrea.jpg 1696w\" sizes=\"auto, (max-width: 114px) 100vw, 114px\" \/><\/a><\/td>\n<td>\n<h5>Andrea Nogueira Dias<\/h5>\n<ul>\n<li>Forma\u00e7\u00e3o:\n<ul>\n<li>Engenheira Florestal pela UFV em 1997;<\/li>\n<li>Mestre pela UFV em 2000;<\/li>\n<li>Doutor pela UFV em 2005.<\/li>\n<\/ul>\n<\/li>\n<li>E-mail: <a href=\"mailto:anogueiradias@hotmail.com\">anogueiradias@hotmail.com<\/a><\/li>\n<li><a href=\"http:\/\/lattes.cnpq.br\/9012244052533262\">http:\/\/lattes.cnpq.br\/9012244052533262<\/a><\/li>\n<li>\u00c1rea de Atua\u00e7\u00e3o: Modelagem do Crescimento e da Produ\u00e7\u00e3o; Manejo Florestal; Invent\u00e1rio Florestal; Estat\u00edstica e Experimenta\u00e7\u00e3o Florestal<\/li>\n<\/ul>\n<\/td>\n<\/tr>\n<tr>\n<td style=\"background-color: #e2fcf4\">\u00a0<img loading=\"lazy\" decoding=\"async\" class=\"docentes aligncenter wp-image-102 size-full\" src=\"http:\/\/www2.unicentro.br\/ppgf\/files\/2014\/11\/carlosmagno.jpg\" alt=\"carlosmagno\" width=\"112\" height=\"143\" \/><\/td>\n<td style=\"background-color: #e2fcf4\">\n<h5>Carlos Magno de Sousa Vidal<\/h5>\n<ul>\n<li>Forma\u00e7\u00e3o:\n<ul>\n<li>Gradua\u00e7\u00e3o em Ci\u00eancias Biol\u00f3gicas pela Universidade Federal de S\u00e3o Carlos em 1997;<\/li>\n<li>Mestre em Engenharia Civil pela Universidade de S\u00e3o Paulo\/Escola de Engenharia de S\u00e3o Carlos em 2001;<\/li>\n<li>Doutor em Engenharia Civil pela Universidade de S\u00e3o Paulo\/Escola de Engenharia de S\u00e3o Carlos em 2006.<\/li>\n<\/ul>\n<\/li>\n<li>E-mail: <a href=\"mailto:cmsvidal@unicentro.br\">cmsvidal@unicentro.br<\/a><\/li>\n<li><a href=\"http:\/\/lattes.cnpq.br\/1554298849674091\">http:\/\/lattes.cnpq.br\/1554298849674091<\/a><\/li>\n<li>\u00c1rea de Atua\u00e7\u00e3o: Tratamento de \u00e1guas Residu\u00e1rias; Tratamento de \u00c1guas para Abastecimento; Tratamento de Efluentes de Ind\u00fastrias de Papel e Celulose.<\/li>\n<\/ul>\n<\/td>\n<\/tr>\n<tr>\n<td>\u00a0<img loading=\"lazy\" decoding=\"async\" class=\"docentes aligncenter wp-image-103 size-full\" src=\"http:\/\/www2.unicentro.br\/ppgf\/files\/2014\/11\/eduardo.jpg\" alt=\"eduardo\" width=\"113\" height=\"142\" \/><\/td>\n<td>\n<h5>Eduardo da Silva Lopes<\/h5>\n<ul>\n<li>Forma\u00e7\u00e3o:\n<ul>\n<li>Engenheiro Florestal pela UFV em 1992;<\/li>\n<li>Mestre pela UFV em 1995;<\/li>\n<li>Doutor pela UFV em 2001.<\/li>\n<\/ul>\n<\/li>\n<li>E-mail: <a href=\"mailto:eslopes@unicentro.br\">eslopes@unicentro.br<\/a><\/li>\n<li><a href=\"http:\/\/lattes.cnpq.br\/1280835655867163\">http:\/\/lattes.cnpq.br\/1280835655867163<\/a><\/li>\n<li>\u00c1rea de Atua\u00e7\u00e3o: Colheita e Transporte Florestal; Estradas Florestais; Ergonomia Florestal.<\/li>\n<li>Bolsista de Produtividade em Pesquisa CNPq, N\u00edvel 2<\/li>\n<\/ul>\n<\/td>\n<\/tr>\n<tr>\n<td style=\"background-color: #e2fcf4\">\u00a0<a href=\"http:\/\/www2.unicentro.br\/ppgf\/files\/2014\/11\/Evandro.jpg\"><img loading=\"lazy\" decoding=\"async\" class=\"docentes aligncenter wp-image-1289\" src=\"http:\/\/www2.unicentro.br\/ppgf\/files\/2014\/11\/Evandro-272x300.jpg\" width=\"114\" height=\"126\" srcset=\"https:\/\/www2.unicentro.br\/ppgf\/files\/2014\/11\/Evandro-272x300.jpg 272w, https:\/\/www2.unicentro.br\/ppgf\/files\/2014\/11\/Evandro-768x848.jpg 768w, https:\/\/www2.unicentro.br\/ppgf\/files\/2014\/11\/Evandro-928x1024.jpg 928w\" sizes=\"auto, (max-width: 114px) 100vw, 114px\" \/><\/a><\/td>\n<td style=\"background-color: #e2fcf4\">\n<h5>Evandro Vagner Tambarussi<\/h5>\n<ul>\n<li>Forma\u00e7\u00e3o:\n<ul>\n<li>Engenheiro Florestal pela Universidade Estadual Paulista, Campus de Botucatu\u00a0em 2006;<\/li>\n<li>Mestre em Mestre em Ci\u00eancias (Fisiologia e Bioqu\u00edmica de Plantas) pela Escola Superior de Agricultura Luiz de Queiroz da Universidade de S\u00e3o Paulo em 2010;<\/li>\n<li>Doutor em Doutor em Ci\u00eancias (Gen\u00e9tica e Melhoramento de Plantas)\u00a0pela Escola Superior de Agricultura Luiz de Queiroz da Universidade de S\u00e3o Paulo em 2014;<\/li>\n<\/ul>\n<\/li>\n<li>E-mail: <a href=\"mailto:tambarussi@gmail.com\">tambarussi@gmail.com<\/a><\/li>\n<li><a href=\"http:\/\/lattes.cnpq.br\/3021997145272130\">http:\/\/lattes.cnpq.br\/3021997145272130<\/a><\/li>\n<li>\u00c1rea de Atua\u00e7\u00e3o: Gen\u00e9tica e Melhoramento Florestal.<\/li>\n<\/ul>\n<\/td>\n<\/tr>\n<tr>\n<td>\u00a0<a href=\"http:\/\/www2.unicentro.br\/ppgf\/files\/2014\/11\/\u00c9verton.jpg\"><img loading=\"lazy\" decoding=\"async\" class=\"docentes aligncenter wp-image-1288\" src=\"http:\/\/www2.unicentro.br\/ppgf\/files\/2014\/11\/\u00c9verton-252x300.jpg\" width=\"114\" height=\"136\" srcset=\"https:\/\/www2.unicentro.br\/ppgf\/files\/2014\/11\/\u00c9verton-252x300.jpg 252w, https:\/\/www2.unicentro.br\/ppgf\/files\/2014\/11\/\u00c9verton-768x916.jpg 768w, https:\/\/www2.unicentro.br\/ppgf\/files\/2014\/11\/\u00c9verton-859x1024.jpg 859w, https:\/\/www2.unicentro.br\/ppgf\/files\/2014\/11\/\u00c9verton.jpg 2033w\" sizes=\"auto, (max-width: 114px) 100vw, 114px\" \/><\/a><\/td>\n<td>\n<h5>Everton Hillig<\/h5>\n<ul>\n<li>Forma\u00e7\u00e3o:\n<ul>\n<li>Engenheiro Florestal pela UFSM em 1986;<\/li>\n<li>Mestre pela UFSM em 2000;<\/li>\n<li>Doutor pela UFPR em 2006.<\/li>\n<\/ul>\n<\/li>\n<li>E-mail: <a href=\"mailto:hillig@hotmail.com\">hillig@hotmail.com<\/a><\/li>\n<li><a href=\"http:\/\/lattes.cnpq.br\/5240619272740210\">http:\/\/lattes.cnpq.br\/5240619272740210<\/a><\/li>\n<li>\u00c1rea de Atua\u00e7\u00e3o: Pain\u00e9is de madeira, comp\u00f3sitos, caracteriza\u00e7\u00e3o e qualidade da madeira, produ\u00e7\u00e3o moveleira e res\u00edduos de madeira.<\/li>\n<li>Bolsista de Produtividade em Pesquisa da Funda\u00e7\u00e3o Arauc\u00e1ria<\/li>\n<\/ul>\n<\/td>\n<\/tr>\n<tr>\n<td><a href=\"http:\/\/www2.unicentro.br\/ppgf\/files\/2014\/11\/Fabiana-2.jpg\"><img loading=\"lazy\" decoding=\"async\" class=\"docentes aligncenter wp-image-1296\" src=\"http:\/\/www2.unicentro.br\/ppgf\/files\/2014\/11\/Fabiana-2-220x300.jpg\" width=\"112\" height=\"153\" srcset=\"https:\/\/www2.unicentro.br\/ppgf\/files\/2014\/11\/Fabiana-2-220x300.jpg 220w, https:\/\/www2.unicentro.br\/ppgf\/files\/2014\/11\/Fabiana-2-768x1046.jpg 768w, https:\/\/www2.unicentro.br\/ppgf\/files\/2014\/11\/Fabiana-2-752x1024.jpg 752w, https:\/\/www2.unicentro.br\/ppgf\/files\/2014\/11\/Fabiana-2.jpg 1393w\" sizes=\"auto, (max-width: 112px) 100vw, 112px\" \/><\/a><\/td>\n<td>\n<h5>Fabiana Schmidt Bandeira Peres<\/h5>\n<ul>\n<li>Forma\u00e7\u00e3o:\n<ul>\n<li>Engenheira Florestal pela Universidade Federal de Vi\u00e7osa em 2001;<\/li>\n<li>Mestre em Ci\u00eancias Florestais pela Universidade Federal de Vi\u00e7osa em 2004;<\/li>\n<li>Doutora\u00a0em Ci\u00eancias Florestais pela Universidade Federal de Vi\u00e7osa em 2008;<\/li>\n<\/ul>\n<\/li>\n<li>E-mail: <a href=\"bandeira.fabiana@gmail.com\">bandeira.fabiana@gmail.com<\/a><\/li>\n<li><a href=\"http:\/\/lattes.cnpq.br\/7693284421776611\">http:\/\/lattes.cnpq.br\/7693284421776611<\/a><\/li>\n<li>\u00c1rea de Atua\u00e7\u00e3o:\u00a0Silvicultura Clonal.<\/li>\n<\/ul>\n<\/td>\n<\/tr>\n<tr>\n<td style=\"background-color: #e2fcf4\">\u00a0<a href=\"http:\/\/www2.unicentro.br\/ppgf\/files\/2014\/11\/Henrique.jpg\"><img loading=\"lazy\" decoding=\"async\" class=\"docentes aligncenter wp-image-1293\" src=\"http:\/\/www2.unicentro.br\/ppgf\/files\/2014\/11\/Henrique-259x300.jpg\" width=\"114\" height=\"132\" srcset=\"https:\/\/www2.unicentro.br\/ppgf\/files\/2014\/11\/Henrique-259x300.jpg 259w, https:\/\/www2.unicentro.br\/ppgf\/files\/2014\/11\/Henrique-768x890.jpg 768w, https:\/\/www2.unicentro.br\/ppgf\/files\/2014\/11\/Henrique-884x1024.jpg 884w, https:\/\/www2.unicentro.br\/ppgf\/files\/2014\/11\/Henrique.jpg 897w\" sizes=\"auto, (max-width: 114px) 100vw, 114px\" \/><\/a><\/td>\n<td style=\"background-color: #e2fcf4\">\n<h5>Henrique Soares Koehler<\/h5>\n<ul>\n<li>Forma\u00e7\u00e3o:\n<ul>\n<li>Engenheiro Florestal pela Universidade Federal do Paran\u00e1 em 1975;<\/li>\n<li>Mestre em Forestry pela Michigan State University em 1979;<\/li>\n<li>Doutor em Engenharia Florestal pela Universidade Federal do Paran\u00e1 em 2002.<\/li>\n<\/ul>\n<\/li>\n<li>E-mail: <a href=\"mailto:koehler@ufpr.br\">koehler@ufpr.br<\/a><\/li>\n<li><a href=\"http:\/\/lattes.cnpq.br\/6197351546393048\">http:\/\/lattes.cnpq.br\/6197351546393048<\/a><\/li>\n<li>\u00c1rea de Atua\u00e7\u00e3o: Estat\u00edstica Aplicada; Energia de Biomassa Florestal &#8211; Desenvolvimento de Software; Manejo Florestal; Fitotecnia.<\/li>\n<\/ul>\n<\/td>\n<\/tr>\n<tr>\n<td><img loading=\"lazy\" decoding=\"async\" class=\"docentes aligncenter wp-image-109 size-full\" src=\"http:\/\/www2.unicentro.br\/ppgf\/files\/2014\/11\/julio-e1416917843800.jpg\" alt=\"julio\" width=\"100\" height=\"142\" \/><\/td>\n<td>\n<h5>Julio Eduardo Arce<\/h5>\n<ul>\n<li>Forma\u00e7\u00e3o:\n<ul>\n<li>Engenheiro Florestal pela Universidad de La Plata, Argentina em 1993;<\/li>\n<li>Mestre em Engenharia Florestal pela Universidade Federal do Paran\u00e1 em 1997;<\/li>\n<li>Doutor em Engenharia Florestal pela Universidade Federal do Paran\u00e1 em 2000.<\/li>\n<\/ul>\n<\/li>\n<li>E-mail: <a href=\"mailto:jarce@ufpr.br\">jarce@ufpr.br<\/a><\/li>\n<li><a href=\"http:\/\/lattes.cnpq.br\/4034397326977747\">http:\/\/lattes.cnpq.br\/4034397326977747<\/a><\/li>\n<li>\u00c1rea de Atua\u00e7\u00e3o: Invent\u00e1rio Florestal; Manejo Florestal; Planejamento Florestal; Simula\u00e7\u00e3o; Otimiza\u00e7\u00e3o e Pesquisa Operacional.<\/li>\n<li>Bolsista de Produtividade em Pesquisa CNPq, N\u00edvel 2<\/li>\n<\/ul>\n<\/td>\n<\/tr>\n<tr>\n<td style=\"background-color: #e2fcf4\">\u00a0<img loading=\"lazy\" decoding=\"async\" class=\"docentes aligncenter wp-image-110 size-full\" src=\"http:\/\/www2.unicentro.br\/ppgf\/files\/2014\/11\/luciano.jpg\" alt=\"POWERPACK\" width=\"113\" height=\"142\" \/><\/td>\n<td style=\"background-color: #e2fcf4\">\n<h5>Luciano Farinha Watzlawick<\/h5>\n<ul>\n<li>Forma\u00e7\u00e3o:\n<ul>\n<li>Engenheiro Florestal pela UFSM em 1996;<\/li>\n<li>Mestre pela UFRS em 2000;<\/li>\n<li>Doutor pela UFPR em 2003.<\/li>\n<\/ul>\n<\/li>\n<li>E-mail: <a href=\"mailto:farinha@unicentro.br\">farinha@unicentro.br<\/a><\/li>\n<li><a href=\"http:\/\/lattes.cnpq.br\/4985215075940551\">http:\/\/lattes.cnpq.br\/4985215075940551<\/a><\/li>\n<li>\u00c1rea de Atua\u00e7\u00e3o: Manejo de Florestas Naturais; Biomassa Florestal; Fixa\u00e7\u00e3o de Carbono; Sensoriamento Remoto; Experimenta\u00e7\u00e3o Florestal.\n<ul>\n<li>Bolsista de Produtividade em Pesquisa CNPq, N\u00edvel 2<\/li>\n<\/ul>\n<\/li>\n<\/ul>\n<\/td>\n<\/tr>\n<tr>\n<td style=\"background-color: #e2fcf4\">\u00a0<a href=\"http:\/\/www2.unicentro.br\/ppgf\/files\/2014\/11\/Rog\u00e9rio.jpg\"><img loading=\"lazy\" decoding=\"async\" class=\"aligncenter wp-image-1295\" src=\"http:\/\/www2.unicentro.br\/ppgf\/files\/2014\/11\/Rog\u00e9rio.jpg\" alt=\"rogerio\" width=\"114\" height=\"134\" \/><\/a><\/td>\n<td style=\"background-color: #e2fcf4\">\n<h5>Rog\u00e9rio Bobrowski<\/h5>\n<ul>\n<li>Forma\u00e7\u00e3o:\n<ul>\n<li>Engenheiro Florestal pela Universidade Estadual do Centro-Oeste em 2002;<\/li>\n<li>Mestre em\u00a0Engenharia Florestal pela Universidade Federal do Paran\u00e1 em 2011;<\/li>\n<li>Doutor\u00a0em\u00a0Engenharia Florestal pela Universidade Federal do Paran\u00e1 em 2014;<\/li>\n<\/ul>\n<\/li>\n<li>E-mail: <a href=\"mailto:bobrowski_roger@yahoo.com.br\">bobrowski_roger@yahoo.com.br<\/a><\/li>\n<li><a href=\"http:\/\/lattes.cnpq.br\/6537319749664635\">http:\/\/lattes.cnpq.br\/6537319749664635<\/a><\/li>\n<li>\u00c1rea de Atua\u00e7\u00e3o:\u00a0Silvicultura\u00a0Urbana<\/li>\n<\/ul>\n<\/td>\n<\/tr>\n<tr>\n<td>\u00a0<a href=\"http:\/\/www2.unicentro.br\/ppgf\/files\/2014\/11\/Sebasti\u00e3o.jpg\"><img loading=\"lazy\" decoding=\"async\" class=\"aligncenter wp-image-1303\" src=\"http:\/\/www2.unicentro.br\/ppgf\/files\/2014\/11\/Sebasti\u00e3o-226x300.jpg\" alt=\"sebastiao\" width=\"111\" height=\"148\" srcset=\"https:\/\/www2.unicentro.br\/ppgf\/files\/2014\/11\/Sebasti\u00e3o-226x300.jpg 226w, https:\/\/www2.unicentro.br\/ppgf\/files\/2014\/11\/Sebasti\u00e3o.jpg 545w\" sizes=\"auto, (max-width: 111px) 100vw, 111px\" \/><\/a><\/td>\n<td>\n<h5>Sebasti\u00e3o do Amaral Machado<\/h5>\n<ul>\n<li>Forma\u00e7\u00e3o:\n<ul>\n<li>Engenheiro Florestal pela UFPR em 1965;<\/li>\n<li>Mestre pelo Instituto Interamericano de Ci\u00eancias Agr\u00edcolas da Oea OEA em 1972;<\/li>\n<li>Doutor pela Universidade de Washington, EUA em 1978.<\/li>\n<\/ul>\n<\/li>\n<li>Email:\u00a0<a href=\"mailto:samachado@ufpr.br\">samachado@ufpr.br<\/a><\/li>\n<li><a href=\"http:\/\/lattes.cnpq.br\/3669322041194714\">http:\/\/lattes.cnpq.br\/3669322041194714<\/a><\/li>\n<li>\u00c1rea de Atua\u00e7\u00e3o: Manejo Florestal; Mensura\u00e7\u00e3o Florestal; Manejo de Florestais Plantadas e Naturais.<\/li>\n<li>Bolsista de Produtividade em Pesquisa CNPq, N\u00edvel 1A<\/li>\n<\/ul>\n<\/td>\n<\/tr>\n<\/tbody>\n<\/table>\n<p><strong>Professores\u00a0Colaboradores<\/strong><\/p>\n<table style=\"height: 557px\" width=\"707\">\n<tbody>\n<tr>\n<td style=\"background-color: #e2fcf4\"><a href=\"http:\/\/www2.unicentro.br\/ppgf\/files\/2014\/11\/Fabiane.jpg\"><img loading=\"lazy\" decoding=\"async\" class=\"aligncenter wp-image-1300\" src=\"http:\/\/www2.unicentro.br\/ppgf\/files\/2014\/11\/Fabiane-227x300.jpg\" alt=\"fabiane\" width=\"112\" height=\"148\" srcset=\"https:\/\/www2.unicentro.br\/ppgf\/files\/2014\/11\/Fabiane-227x300.jpg 227w, https:\/\/www2.unicentro.br\/ppgf\/files\/2014\/11\/Fabiane.jpg 316w\" sizes=\"auto, (max-width: 112px) 100vw, 112px\" \/><\/a><\/td>\n<td style=\"background-color: #e2fcf4\">\n<h5>Fabiane Aparecida Retslaff Guimar\u00e3es<\/h5>\n<ul>\n<li>Forma\u00e7\u00e3o:\n<ul>\n<li>Engenheira Florestal pela Universidade Estadual do Centro-Oeste em 2009;<\/li>\n<li>Mestre em Ci\u00eancias Florestais pela Universidade Estadual do Centro-Oeste em 2010;<\/li>\n<li>Doutora\u00a0em Engenharia Florestal pela Universidade Federal do Paran\u00e1 em 2014;<\/li>\n<\/ul>\n<\/li>\n<li>E-mail: <a href=\"mailto:faretslaff@gmail.com\">faretslaff@gmail.com<\/a><\/li>\n<li><a href=\"http:\/\/lattes.cnpq.br\/6216785304671453\">http:\/\/lattes.cnpq.br\/6216785304671453<\/a><\/li>\n<li>\u00c1rea de Atua\u00e7\u00e3o: Manejo Florestal.<\/li>\n<\/ul>\n<\/td>\n<\/tr>\n<tr>\n<td>\u00a0<a href=\"http:\/\/www2.unicentro.br\/ppgf\/files\/2014\/11\/Gilmara.jpg\"><img loading=\"lazy\" decoding=\"async\" class=\"docentes aligncenter wp-image-1297\" src=\"http:\/\/www2.unicentro.br\/ppgf\/files\/2014\/11\/Gilmara-258x300.jpg\" width=\"114\" height=\"133\" srcset=\"https:\/\/www2.unicentro.br\/ppgf\/files\/2014\/11\/Gilmara-258x300.jpg 258w, https:\/\/www2.unicentro.br\/ppgf\/files\/2014\/11\/Gilmara.jpg 280w\" sizes=\"auto, (max-width: 114px) 100vw, 114px\" \/><\/a><\/td>\n<td>\n<h5>Gilmara de Oliveira Machado<\/h5>\n<ul>\n<li>Forma\u00e7\u00e3o:\n<ul>\n<li>Gradua\u00e7\u00e3o em Ci\u00eancias Exatas pela Universidade de S\u00e3o Paulo em 1997;<\/li>\n<li>Mestre em Ci\u00eancias e Engenharia de Materiais pela Universidade de S\u00e3o Paulo em 1999;<\/li>\n<li>Doutora em Ci\u00eancias e Engenharia de Materiais pela Universidade de S\u00e3o Paulo em 2004;<\/li>\n<\/ul>\n<\/li>\n<li>E-mail: <a href=\"mailto:gomflorestal@gmail.com\">gomflorestal@gmail.com<\/a><\/li>\n<li><a href=\"http:\/\/lattes.cnpq.br\/8437491371699720\">http:\/\/lattes.cnpq.br\/8437491371699720<\/a><\/li>\n<li>\u00c1rea de Atua\u00e7\u00e3o: Qu\u00edmica; Madeira; Bioenergia.<\/li>\n<\/ul>\n<\/td>\n<\/tr>\n<tr style=\"background-color: #e2fcf4\">\n<td>\u00a0<a href=\"http:\/\/www2.unicentro.br\/ppgf\/files\/2014\/11\/Paulo.jpg\"><img loading=\"lazy\" decoding=\"async\" class=\"docentes aligncenter wp-image-1294\" src=\"http:\/\/www2.unicentro.br\/ppgf\/files\/2014\/11\/Paulo-231x300.jpg\" width=\"113\" height=\"147\" srcset=\"https:\/\/www2.unicentro.br\/ppgf\/files\/2014\/11\/Paulo-231x300.jpg 231w, https:\/\/www2.unicentro.br\/ppgf\/files\/2014\/11\/Paulo-768x996.jpg 768w, https:\/\/www2.unicentro.br\/ppgf\/files\/2014\/11\/Paulo-789x1024.jpg 789w, https:\/\/www2.unicentro.br\/ppgf\/files\/2014\/11\/Paulo.jpg 1873w\" sizes=\"auto, (max-width: 113px) 100vw, 113px\" \/><\/a><\/td>\n<td>\n<h5>Paulo Costa de Oliveira Filho<\/h5>\n<ul>\n<li>Forma\u00e7\u00e3o:\n<ul>\n<li>Engenheiro Florestal pela UFPR em 1988;<\/li>\n<li>Mestre pela UFPR em 1995;<\/li>\n<li>Doutor pela UFPR em 2000.<\/li>\n<\/ul>\n<\/li>\n<li>E-mail: <a href=\"mailto:paulocostafh@gmail.com\">paulocostafh@gmail.com<\/a><\/li>\n<li><a href=\"http:\/\/lattes.cnpq.br\/0477181220059240\">http:\/\/lattes.cnpq.br\/0477181220059240<\/a><\/li>\n<li>\u00c1rea de Atua\u00e7\u00e3o: Sensoriamento Remoto; Sistemas de Informa\u00e7\u00f5es Geogr\u00e1ficas.<\/li>\n<\/ul>\n<\/td>\n<\/tr>\n<\/tbody>\n<\/table>\n<p>&nbsp;<\/p>\n<p>&nbsp;<\/p>\n<p>&nbsp;<\/p>\n","protected":false},"excerpt":{"rendered":"<p>Integram o corpo docente do Curso de P\u00f3s-Gradua\u00e7\u00e3o em Ci\u00eancias Florestais professores e pesquisadores dos Departamentos de Engenharia Florestal, Engenharia Ambiental e Agronomia da Unicentro, do Departamento de Engenharia Florestal da Universidade Federal do Paran\u00e1 e do Instituto de Pesquisas Espaciais. &nbsp; Professores Permanentes Afonso Figueiredo Filho Forma\u00e7\u00e3o: Engenheiro Florestal pela UFPR em 1976; Mestre [&hellip;]<\/p>\n","protected":false},"author":2,"featured_media":0,"parent":0,"menu_order":0,"comment_status":"closed","ping_status":"closed","template":"","meta":{"_exactmetrics_skip_tracking":false,"_exactmetrics_sitenote_active":false,"_exactmetrics_sitenote_note":"","_exactmetrics_sitenote_category":0,"ngg_post_thumbnail":0,"footnotes":"","_links_to":"","_links_to_target":""},"class_list":["post-88","page","type-page","status-publish","hentry"],"_links":{"self":[{"href":"https:\/\/www2.unicentro.br\/ppgf\/wp-json\/wp\/v2\/pages\/88","targetHints":{"allow":["GET"]}}],"collection":[{"href":"https:\/\/www2.unicentro.br\/ppgf\/wp-json\/wp\/v2\/pages"}],"about":[{"href":"https:\/\/www2.unicentro.br\/ppgf\/wp-json\/wp\/v2\/types\/page"}],"author":[{"embeddable":true,"href":"https:\/\/www2.unicentro.br\/ppgf\/wp-json\/wp\/v2\/users\/2"}],"replies":[{"embeddable":true,"href":"https:\/\/www2.unicentro.br\/ppgf\/wp-json\/wp\/v2\/comments?post=88"}],"version-history":[{"count":46,"href":"https:\/\/www2.unicentro.br\/ppgf\/wp-json\/wp\/v2\/pages\/88\/revisions"}],"predecessor-version":[{"id":1276,"href":"https:\/\/www2.unicentro.br\/ppgf\/wp-json\/wp\/v2\/pages\/88\/revisions\/1276"}],"wp:attachment":[{"href":"https:\/\/www2.unicentro.br\/ppgf\/wp-json\/wp\/v2\/media?parent=88"}],"curies":[{"name":"wp","href":"https:\/\/api.w.org\/{rel}","templated":true}]}}