{"id":61,"date":"2014-11-21T11:34:12","date_gmt":"2014-11-21T11:34:12","guid":{"rendered":"http:\/\/www2.unicentro.br\/ppgcf\/?page_id=61"},"modified":"2017-05-11T14:21:00","modified_gmt":"2017-05-11T14:21:00","slug":"grade-curricular","status":"publish","type":"page","link":"https:\/\/www2.unicentro.br\/ppgf\/grade-curricular\/","title":{"rendered":"Grade Curricular"},"content":{"rendered":"<p>As disciplinas do PPGF s\u00e3o ofertadas semestralmente, possuindo carga hor\u00e1ria de 60 horas (4 cr\u00e9ditos), procurando atender \u00e0s linhas e projetos de pesquisas dos alunos dos Cursos de Mestrado e Doutorado.<\/p>\n<p>No Curso de Mestrado, o aluno necessita para a sua forma\u00e7\u00e3o concluir 24 cr\u00e9ditos em disciplinas regulares, al\u00e9m de cumprir o Semin\u00e1rio I (defesa do projeto de disserta\u00e7\u00e3o), Semin\u00e1rio II (defesa da disserta\u00e7\u00e3o), profici\u00eancia em l\u00edngua estrangeira (ingl\u00eas) e realizar a pr\u00e1tica em doc\u00eancia em uma disciplina da gradua\u00e7\u00e3o sob a supervis\u00e3o permanente do orientador e\/ou co-orientador.<\/p>\n<p>No Curso de Doutorado, o aluno necessita cumprir 48 cr\u00e9ditos em disciplinas regulares, podendo para aqueles que fizeram o mestrado, solicitar o aproveitamento de cr\u00e9ditos em at\u00e9 50% da carga hor\u00e1ria necess\u00e1ria para integralizar no Curso de Doutorado, desde que a disciplina tenha sido cursada em at\u00e9 5 anos. Al\u00e9m das disciplinas, o aluno necessita cumprir a disciplina de Semin\u00e1rio I (defesa do projeto de tese e defesa de tema livre), Semin\u00e1rio II (semin\u00e1rio de defesa da tese), Exame de Qualifica\u00e7\u00e3o, Pr\u00e1tica em Doc\u00eancia obrigat\u00f3rio (obrigat\u00f3ria aos alunos bolsistas CAPES, CNPq e FA e optativo aos alunos n\u00e3o bolsistas) e profici\u00eancia em duas l\u00ednguas estrangeiras, sendo o ingl\u00eas e uma segunda l\u00edngua, \u00e0 escolha.<\/p>\n<p>____________________________________________________________________________________________________________________________________________________<\/p>\n<p style=\"text-align: center\"><strong>DISCIPLINAS E ATIVIDADES OBRIGAT\u00d3RIAS<\/strong><\/p>\n<table style=\"height: 221px\" width=\"864\">\n<tbody>\n<tr>\n<td style=\"text-align: center\" width=\"85\"><strong>C\u00f3digo<\/strong><\/td>\n<td style=\"text-align: center\" width=\"378\"><strong>Disciplina<\/strong><\/td>\n<td style=\"text-align: center\" width=\"85\"><strong>Cr\u00e9ditos<\/strong><\/td>\n<td style=\"text-align: center\" width=\"94\"><strong>Carga Hor\u00e1ria<\/strong><\/td>\n<\/tr>\n<tr>\n<td style=\"text-align: center\" width=\"85\">MCF-101<\/td>\n<td width=\"378\">Experimenta\u00e7\u00e3o Florestal<\/td>\n<td style=\"text-align: center\" width=\"85\">4<\/td>\n<td style=\"text-align: center\" width=\"94\">60<\/td>\n<\/tr>\n<tr>\n<td style=\"text-align: center\" width=\"85\">DCF-101<\/td>\n<td width=\"378\">Metodologia da Pesquisa Florestal<\/td>\n<td style=\"text-align: center\" width=\"85\">4<\/td>\n<td style=\"text-align: center\" width=\"94\">60<\/td>\n<\/tr>\n<tr>\n<td style=\"text-align: center\" width=\"85\">MCF-103<\/td>\n<td width=\"378\">Semin\u00e1rio I<\/td>\n<td style=\"text-align: center\" width=\"85\">1<\/td>\n<td style=\"text-align: center\" width=\"94\">15<\/td>\n<\/tr>\n<tr>\n<td style=\"text-align: center\" width=\"85\">MCF-104<\/td>\n<td width=\"378\">Semin\u00e1rio II<\/td>\n<td style=\"text-align: center\" width=\"85\">1<\/td>\n<td style=\"text-align: center\" width=\"94\">15<\/td>\n<\/tr>\n<tr>\n<td style=\"text-align: center\" width=\"85\">MCF-212<\/td>\n<td width=\"378\">Pr\u00e1tica em Doc\u00eancia<\/td>\n<td style=\"text-align: center\" width=\"85\">&#8211;<\/td>\n<td style=\"text-align: center\" width=\"94\">&#8211;<\/td>\n<\/tr>\n<tr>\n<td style=\"text-align: center\" width=\"85\">MCF-102<\/td>\n<td width=\"378\">Pesquisa<\/td>\n<td style=\"text-align: center\" width=\"85\">&#8211;<\/td>\n<td style=\"text-align: center\" width=\"94\">&#8211;<\/td>\n<\/tr>\n<\/tbody>\n<\/table>\n<p>___________________________________________________________________________________________________________________________________________________<\/p>\n<p>&nbsp;<\/p>\n<p style=\"text-align: center\"><strong>DISCIPLINAS OPTATIVAS<\/strong><\/p>\n<p>&nbsp;<\/p>\n<table style=\"height: 1351px\" width=\"855\">\n<tbody>\n<tr>\n<td style=\"text-align: center\" width=\"85\"><strong>C\u00f3digo<\/strong><\/td>\n<td style=\"text-align: center\" width=\"378\"><strong>Disciplina<\/strong><\/td>\n<td style=\"text-align: center\" width=\"85\"><strong>Cr\u00e9ditos<\/strong><\/td>\n<td style=\"text-align: center\" width=\"94\"><strong>Carga Hor\u00e1ria<\/strong><\/td>\n<\/tr>\n<tr>\n<td style=\"text-align: center\" width=\"85\">MCF-000<\/td>\n<td width=\"378\">Arboricultura<\/td>\n<td style=\"text-align: center\" width=\"85\">4<\/td>\n<td style=\"text-align: center\" width=\"94\">60<\/td>\n<\/tr>\n<tr>\n<td style=\"text-align: center\" width=\"85\">MCF-241<\/td>\n<td width=\"378\">An\u00e1lise de Regress\u00e3o<\/td>\n<td style=\"text-align: center\" width=\"85\">4<\/td>\n<td style=\"text-align: center\" width=\"94\">60<\/td>\n<\/tr>\n<tr>\n<td style=\"text-align: center\" width=\"85\">MCF-201<\/td>\n<td width=\"378\">Avalia\u00e7\u00e3o de Biomassa e Carbono em Florestas<\/td>\n<td style=\"text-align: center\" width=\"85\">4<\/td>\n<td style=\"text-align: center\" width=\"94\">60<\/td>\n<\/tr>\n<tr>\n<td style=\"text-align: center\" width=\"85\">MCF-105<\/td>\n<td width=\"378\">Caracteriza\u00e7\u00e3o da Madeira<\/td>\n<td style=\"text-align: center\" width=\"85\">4<\/td>\n<td style=\"text-align: center\" width=\"94\">60<\/td>\n<\/tr>\n<tr>\n<td style=\"text-align: center\" width=\"85\">MCF-234<\/td>\n<td width=\"378\">Clonagem em Esp\u00e9cies Florestais<\/td>\n<td style=\"text-align: center\" width=\"85\">4<\/td>\n<td style=\"text-align: center\" width=\"94\">60<\/td>\n<\/tr>\n<tr>\n<td style=\"text-align: center\" width=\"85\">MCF-203<\/td>\n<td width=\"378\">Conserva\u00e7\u00e3o de Solos Florestais<\/td>\n<td style=\"text-align: center\" width=\"85\">4<\/td>\n<td style=\"text-align: center\" width=\"94\">60<\/td>\n<\/tr>\n<tr>\n<td style=\"text-align: center\" width=\"85\">MCF-233<\/td>\n<td width=\"378\">Controle da Polui\u00e7\u00e3o na Ind\u00fastria Florestal<\/td>\n<td style=\"text-align: center\" width=\"85\">4<\/td>\n<td style=\"text-align: center\" width=\"94\">60<\/td>\n<\/tr>\n<tr>\n<td style=\"text-align: center\" width=\"85\">MCF-242<\/td>\n<td width=\"378\">Cultura de Tecidos Vegetais<\/td>\n<td style=\"text-align: center\" width=\"85\">4<\/td>\n<td style=\"text-align: center\" width=\"94\">60<\/td>\n<\/tr>\n<tr>\n<td style=\"text-align: center\" width=\"85\">MCF-243<\/td>\n<td width=\"378\">Dendrologia e Fitossociologia<\/td>\n<td style=\"text-align: center\" width=\"85\">4<\/td>\n<td style=\"text-align: center\" width=\"94\">60<\/td>\n<\/tr>\n<tr>\n<td style=\"text-align: center\" width=\"85\">MCF-204<\/td>\n<td width=\"378\">Economia Florestal I<\/td>\n<td style=\"text-align: center\" width=\"85\">4<\/td>\n<td style=\"text-align: center\" width=\"94\">60<\/td>\n<\/tr>\n<tr>\n<td style=\"text-align: center\" width=\"85\">MCF-244<\/td>\n<td width=\"378\">Economia Florestal II<\/td>\n<td style=\"text-align: center\" width=\"85\">4<\/td>\n<td style=\"text-align: center\" width=\"94\">60<\/td>\n<\/tr>\n<tr>\n<td style=\"text-align: center\" width=\"85\">MCF-224<\/td>\n<td width=\"378\">Energia da Biomassa<\/td>\n<td style=\"text-align: center\" width=\"85\">4<\/td>\n<td style=\"text-align: center\" width=\"94\">60<\/td>\n<\/tr>\n<tr>\n<td style=\"text-align: center\" width=\"85\">MCF-106<\/td>\n<td width=\"378\">Ergonomia e Seguran\u00e7a no Trabalho Florestal<\/td>\n<td style=\"text-align: center\" width=\"85\">4<\/td>\n<td style=\"text-align: center\" width=\"94\">60<\/td>\n<\/tr>\n<tr>\n<td style=\"text-align: center\" width=\"85\">MCF-245<\/td>\n<td width=\"378\">Estat\u00edstica Espacial Aplicada<\/td>\n<td style=\"text-align: center\" width=\"85\">4<\/td>\n<td style=\"text-align: center\" width=\"94\">60<\/td>\n<\/tr>\n<tr>\n<td style=\"text-align: center\" width=\"85\">MCF-107<\/td>\n<td width=\"378\">Estat\u00edstica Multivariada Aplicada<\/td>\n<td style=\"text-align: center\" width=\"85\">4<\/td>\n<td style=\"text-align: center\" width=\"94\">60<\/td>\n<\/tr>\n<tr>\n<td style=\"text-align: center\" width=\"85\">MCF-000<\/td>\n<td width=\"378\">Fungos e Bact\u00e9rias Fitopatog\u00eanicas<\/td>\n<td style=\"text-align: center\" width=\"85\">4<\/td>\n<td style=\"text-align: center\" width=\"94\">60<\/td>\n<\/tr>\n<tr>\n<td style=\"text-align: center\" width=\"85\">MCF-000<\/td>\n<td width=\"378\">Gen\u00e9tica Aplicada ao Manejo Florestal<\/td>\n<td style=\"text-align: center\" width=\"85\">4<\/td>\n<td style=\"text-align: center\" width=\"94\">60<\/td>\n<\/tr>\n<tr>\n<td style=\"text-align: center\" width=\"85\">MCF-246<\/td>\n<td width=\"378\">Impactos Ambientais na Ind\u00fastria de Papel e Celulose<\/td>\n<td style=\"text-align: center\" width=\"85\">4<\/td>\n<td style=\"text-align: center\" width=\"94\">60<\/td>\n<\/tr>\n<tr>\n<td style=\"text-align: center\" width=\"85\">MCF-207<\/td>\n<td width=\"378\">Manejo de Florestais Naturais<\/td>\n<td style=\"text-align: center\" width=\"85\">4<\/td>\n<td style=\"text-align: center\" width=\"94\">60<\/td>\n<\/tr>\n<tr>\n<td style=\"text-align: center\" width=\"85\">MCF-247<\/td>\n<td width=\"378\">Manejo de Florestas Plantadas<\/td>\n<td style=\"text-align: center\" width=\"85\">4<\/td>\n<td style=\"text-align: center\" width=\"94\">60<\/td>\n<\/tr>\n<tr>\n<td style=\"text-align: center\" width=\"85\">MCF-238<\/td>\n<td width=\"378\">Manejo Integrado de Pragas Florestais<\/td>\n<td style=\"text-align: center\" width=\"85\">4<\/td>\n<td style=\"text-align: center\" width=\"94\">60<\/td>\n<\/tr>\n<tr>\n<td style=\"text-align: center\" width=\"85\">MCF-251<\/td>\n<td width=\"378\">Melhoramento Florestal<\/td>\n<td style=\"text-align: center\" width=\"85\">4<\/td>\n<td style=\"text-align: center\" width=\"94\">60<\/td>\n<\/tr>\n<tr>\n<td style=\"text-align: center\" width=\"85\">MCF-209<\/td>\n<td width=\"378\">Mensura\u00e7\u00e3o Florestal<\/td>\n<td style=\"text-align: center\" width=\"85\">4<\/td>\n<td style=\"text-align: center\" width=\"94\">60<\/td>\n<\/tr>\n<tr>\n<td style=\"text-align: center\" width=\"85\">MCF-210<\/td>\n<td width=\"378\">Modelagem do Crescimento e da Produ\u00e7\u00e3o<\/td>\n<td style=\"text-align: center\" width=\"85\">4<\/td>\n<td style=\"text-align: center\" width=\"94\">60<\/td>\n<\/tr>\n<tr>\n<td style=\"text-align: center\" width=\"85\">MCF-000<\/td>\n<td width=\"378\">Pain\u00e9is de Madeira<\/td>\n<td style=\"text-align: center\" width=\"85\">4<\/td>\n<td style=\"text-align: center\" width=\"94\">60<\/td>\n<\/tr>\n<tr>\n<td style=\"text-align: center\" width=\"85\">MCF-237<\/td>\n<td width=\"378\">Patologia Florestal<\/td>\n<td style=\"text-align: center\" width=\"85\">4<\/td>\n<td style=\"text-align: center\" width=\"94\">60<\/td>\n<\/tr>\n<tr>\n<td style=\"text-align: center\" width=\"85\">MCF-211<\/td>\n<td width=\"378\">Pesquisa Operacional<\/td>\n<td style=\"text-align: center\" width=\"85\">4<\/td>\n<td style=\"text-align: center\" width=\"94\">60<\/td>\n<\/tr>\n<tr>\n<td style=\"text-align: center\" width=\"85\">MCF-239<\/td>\n<td width=\"378\">Pragas Florestais<\/td>\n<td style=\"text-align: center\" width=\"85\">4<\/td>\n<td style=\"text-align: center\" width=\"94\">60<\/td>\n<\/tr>\n<tr>\n<td style=\"text-align: center\" width=\"85\">MCF-223<\/td>\n<td width=\"378\">Qualidade da Madeira<\/td>\n<td style=\"text-align: center\" width=\"85\">4<\/td>\n<td style=\"text-align: center\" width=\"94\">60<\/td>\n<\/tr>\n<tr>\n<td style=\"text-align: center\" width=\"85\">MCF-225<\/td>\n<td width=\"378\">Qu\u00edmica da Madeira<\/td>\n<td style=\"text-align: center\" width=\"85\">4<\/td>\n<td style=\"text-align: center\" width=\"94\">60<\/td>\n<\/tr>\n<tr>\n<td style=\"text-align: center\" width=\"85\">MCF-108<\/td>\n<td width=\"378\">Sensoriamento Remoto Aplicado \u00e0 Engenharia Florestal<\/td>\n<td style=\"text-align: center\" width=\"85\">4<\/td>\n<td style=\"text-align: center\" width=\"94\">60<\/td>\n<\/tr>\n<tr>\n<td style=\"text-align: center\" width=\"85\">MCF-252<\/td>\n<td width=\"378\">Silvicultura Urbana<\/td>\n<td style=\"text-align: center\" width=\"85\">4<\/td>\n<td style=\"text-align: center\" width=\"94\">60<\/td>\n<\/tr>\n<tr>\n<td style=\"text-align: center\" width=\"85\">MCF-109<\/td>\n<td width=\"378\">Sistema de Informa\u00e7\u00f5es Geogr\u00e1ficas<\/td>\n<td style=\"text-align: center\" width=\"85\">4<\/td>\n<td style=\"text-align: center\" width=\"94\">60<\/td>\n<\/tr>\n<tr>\n<td style=\"text-align: center\" width=\"85\">MCF-240<\/td>\n<td width=\"378\">Sistemas de Colheita da Madeira<\/td>\n<td style=\"text-align: center\" width=\"85\">4<\/td>\n<td style=\"text-align: center\" width=\"94\">60<\/td>\n<\/tr>\n<tr>\n<td style=\"text-align: center\" width=\"85\">MCF-110<\/td>\n<td width=\"378\">Transporte e Log\u00edstica Florestal<\/td>\n<td style=\"text-align: center\" width=\"85\">4<\/td>\n<td style=\"text-align: center\" width=\"94\">60<\/td>\n<\/tr>\n<tr>\n<td style=\"text-align: center\" width=\"85\">MCF-248<\/td>\n<td width=\"378\">T\u00e9cnicas de Amostragem em Levantamentos Florestais<\/td>\n<td style=\"text-align: center\" width=\"85\">4<\/td>\n<td style=\"text-align: center\" width=\"94\">60<\/td>\n<\/tr>\n<tr>\n<td style=\"text-align: center\" width=\"85\">MCF-000<\/td>\n<td width=\"378\">T\u00f3picos Especiais(*)<\/td>\n<td style=\"text-align: center\" width=\"85\">1 a 4<\/td>\n<td style=\"text-align: center\" width=\"94\">15 a 60<\/td>\n<\/tr>\n<\/tbody>\n<\/table>\n<p>&nbsp;<br \/>\n____________________________________________________________________________________________________________________________________________________<\/p>\n","protected":false},"excerpt":{"rendered":"<p>As disciplinas do PPGF s\u00e3o ofertadas semestralmente, possuindo carga hor\u00e1ria de 60 horas (4 cr\u00e9ditos), procurando atender \u00e0s linhas e projetos de pesquisas dos alunos dos Cursos de Mestrado e Doutorado. No Curso de Mestrado, o aluno necessita para a sua forma\u00e7\u00e3o concluir 24 cr\u00e9ditos em disciplinas regulares, al\u00e9m de cumprir o Semin\u00e1rio I (defesa [&hellip;]<\/p>\n","protected":false},"author":2,"featured_media":0,"parent":0,"menu_order":0,"comment_status":"closed","ping_status":"closed","template":"","meta":{"_exactmetrics_skip_tracking":false,"_exactmetrics_sitenote_active":false,"_exactmetrics_sitenote_note":"","_exactmetrics_sitenote_category":0,"ngg_post_thumbnail":0,"footnotes":"","_links_to":"","_links_to_target":""},"class_list":["post-61","page","type-page","status-publish","hentry"],"_links":{"self":[{"href":"https:\/\/www2.unicentro.br\/ppgf\/wp-json\/wp\/v2\/pages\/61","targetHints":{"allow":["GET"]}}],"collection":[{"href":"https:\/\/www2.unicentro.br\/ppgf\/wp-json\/wp\/v2\/pages"}],"about":[{"href":"https:\/\/www2.unicentro.br\/ppgf\/wp-json\/wp\/v2\/types\/page"}],"author":[{"embeddable":true,"href":"https:\/\/www2.unicentro.br\/ppgf\/wp-json\/wp\/v2\/users\/2"}],"replies":[{"embeddable":true,"href":"https:\/\/www2.unicentro.br\/ppgf\/wp-json\/wp\/v2\/comments?post=61"}],"version-history":[{"count":19,"href":"https:\/\/www2.unicentro.br\/ppgf\/wp-json\/wp\/v2\/pages\/61\/revisions"}],"predecessor-version":[{"id":1640,"href":"https:\/\/www2.unicentro.br\/ppgf\/wp-json\/wp\/v2\/pages\/61\/revisions\/1640"}],"wp:attachment":[{"href":"https:\/\/www2.unicentro.br\/ppgf\/wp-json\/wp\/v2\/media?parent=61"}],"curies":[{"name":"wp","href":"https:\/\/api.w.org\/{rel}","templated":true}]}}