{"id":53,"date":"2014-11-19T19:37:56","date_gmt":"2014-11-19T19:37:56","guid":{"rendered":"http:\/\/www2.unicentro.br\/ppgcf\/?page_id=53"},"modified":"2017-05-11T18:39:41","modified_gmt":"2017-05-11T18:39:41","slug":"linhas-de-pesquisa","status":"publish","type":"page","link":"https:\/\/www2.unicentro.br\/ppgf\/linhas-de-pesquisa\/","title":{"rendered":"Linhas de Pesquisa"},"content":{"rendered":"<h3><span style=\"font-size: 12pt\">Manejo de Florestas Nativas<\/span><\/h3>\n<p>Esta linha tem o prop\u00f3sito de realizar estudos que visam a conserva\u00e7\u00e3o dos recursos naturais, contemplando a mensura\u00e7\u00e3o, a din\u00e2mina e o manejo dos ecossistemas florestais, a gest\u00e3o dos recursos h\u00eddricos, estudos flor\u00edsticos, fitissociol\u00f3gicos, dendrocronologias, ecofisiologia, gerenera\u00e7\u00e3o florestal, t\u00e9cnicas de geoprocessamento, biomassa e carbono, colheita, transporte e industrializa\u00e7\u00e3o de produtos florestais.<\/p>\n<p>&nbsp;<\/p>\n<h3><span style=\"font-size: 12pt\">Manejo de Florestas Plantadas<\/span><\/h3>\n<p>Esta linha tem o prop\u00f3sito de realizar estudos relacionados com a produ\u00e7\u00e3o e a utiliza\u00e7\u00e3o sustent\u00e1vel de produtos florestais, nas \u00e1reas de mensura\u00e7\u00e3o, crescimento e produ\u00e7\u00e3o, otimiza\u00e7\u00e3o, manejo e estudos de biomassa, t\u00e9cnicas silviculturais, sistemas agroflorestais, gest\u00e3o dos recursos h\u00eddricos, t\u00e9cnicas de geoprocessamento, doen\u00e7as de esp\u00e9cies florestais, manejo de pragas, avalia\u00e7\u00e3o econ\u00f4mica, colheita e transporte, ergonomia e seguran\u00e7a do trabalho, industrializa\u00e7\u00e3o de produtos florestais e res\u00edduos industriais.<\/p>\n","protected":false},"excerpt":{"rendered":"<p>Manejo de Florestas Nativas Esta linha tem o prop\u00f3sito de realizar estudos que visam a conserva\u00e7\u00e3o dos recursos naturais, contemplando a mensura\u00e7\u00e3o, a din\u00e2mina e o manejo dos ecossistemas florestais, a gest\u00e3o dos recursos h\u00eddricos, estudos flor\u00edsticos, fitissociol\u00f3gicos, dendrocronologias, ecofisiologia, gerenera\u00e7\u00e3o florestal, t\u00e9cnicas de geoprocessamento, biomassa e carbono, colheita, transporte e industrializa\u00e7\u00e3o de produtos florestais. [&hellip;]<\/p>\n","protected":false},"author":2,"featured_media":0,"parent":0,"menu_order":0,"comment_status":"closed","ping_status":"closed","template":"","meta":{"_exactmetrics_skip_tracking":false,"_exactmetrics_sitenote_active":false,"_exactmetrics_sitenote_note":"","_exactmetrics_sitenote_category":0,"ngg_post_thumbnail":0,"footnotes":"","_links_to":"","_links_to_target":""},"class_list":["post-53","page","type-page","status-publish","hentry"],"_links":{"self":[{"href":"https:\/\/www2.unicentro.br\/ppgf\/wp-json\/wp\/v2\/pages\/53","targetHints":{"allow":["GET"]}}],"collection":[{"href":"https:\/\/www2.unicentro.br\/ppgf\/wp-json\/wp\/v2\/pages"}],"about":[{"href":"https:\/\/www2.unicentro.br\/ppgf\/wp-json\/wp\/v2\/types\/page"}],"author":[{"embeddable":true,"href":"https:\/\/www2.unicentro.br\/ppgf\/wp-json\/wp\/v2\/users\/2"}],"replies":[{"embeddable":true,"href":"https:\/\/www2.unicentro.br\/ppgf\/wp-json\/wp\/v2\/comments?post=53"}],"version-history":[{"count":2,"href":"https:\/\/www2.unicentro.br\/ppgf\/wp-json\/wp\/v2\/pages\/53\/revisions"}],"predecessor-version":[{"id":1654,"href":"https:\/\/www2.unicentro.br\/ppgf\/wp-json\/wp\/v2\/pages\/53\/revisions\/1654"}],"wp:attachment":[{"href":"https:\/\/www2.unicentro.br\/ppgf\/wp-json\/wp\/v2\/media?parent=53"}],"curies":[{"name":"wp","href":"https:\/\/api.w.org\/{rel}","templated":true}]}}