{"id":34,"date":"2014-11-19T19:32:46","date_gmt":"2014-11-19T19:32:46","guid":{"rendered":"http:\/\/www2.unicentro.br\/ppgcf\/?page_id=34"},"modified":"2017-04-25T14:32:00","modified_gmt":"2017-04-25T14:32:00","slug":"coordenacao","status":"publish","type":"page","link":"https:\/\/www2.unicentro.br\/ppgf\/coordenacao\/","title":{"rendered":"Coordena\u00e7\u00e3o"},"content":{"rendered":"<p>O Programa de P\u00f3s-Gradua\u00e7\u00e3o em Ci\u00eancias Florestais \u00e9 administrado pelo Coordenador e Vice-Coordenador e as delibera\u00e7\u00f5es s\u00e3o tomadas pelo Colegiado.<\/p>\n<p style=\"padding-left: 30px\"><strong>Coordena\u00e7\u00e3o<\/strong><br \/>\nProf. Dr. Eduardo da Silva Lopes<\/p>\n<p style=\"padding-left: 30px\"><strong>Vice-Coordena\u00e7\u00e3o<br \/>\n<\/strong>Prof. Dr. Evandro Vagner Tambarussi<strong><br \/>\n<\/strong><\/p>\n<p style=\"padding-left: 30px\"><strong>Membros do Colegiado<\/strong><br \/>\nProf\u00aa. Dra. Andrea Nogueira Dias<br \/>\nProf. Dr. \u00c9verton Hillig<br \/>\nProf. Dr. Rog\u00e9rio Bobrowski<br \/>\nJocasta Lerner (Representante Discente)<\/p>\n<p style=\"padding-left: 30px\"><strong>Secret\u00e1ria Executiva<\/strong><br \/>\nAdriane Mores da Luz<\/p>\n","protected":false},"excerpt":{"rendered":"<p>O Programa de P\u00f3s-Gradua\u00e7\u00e3o em Ci\u00eancias Florestais \u00e9 administrado pelo Coordenador e Vice-Coordenador e as delibera\u00e7\u00f5es s\u00e3o tomadas pelo Colegiado. Coordena\u00e7\u00e3o Prof. Dr. Eduardo da Silva Lopes Vice-Coordena\u00e7\u00e3o Prof. Dr. Evandro Vagner Tambarussi Membros do Colegiado Prof\u00aa. Dra. Andrea Nogueira Dias Prof. Dr. \u00c9verton Hillig Prof. Dr. Rog\u00e9rio Bobrowski Jocasta Lerner (Representante Discente) Secret\u00e1ria Executiva [&hellip;]<\/p>\n","protected":false},"author":2,"featured_media":0,"parent":0,"menu_order":0,"comment_status":"closed","ping_status":"closed","template":"","meta":{"_exactmetrics_skip_tracking":false,"_exactmetrics_sitenote_active":false,"_exactmetrics_sitenote_note":"","_exactmetrics_sitenote_category":0,"ngg_post_thumbnail":0,"footnotes":"","_links_to":"","_links_to_target":""},"class_list":["post-34","page","type-page","status-publish","hentry"],"_links":{"self":[{"href":"https:\/\/www2.unicentro.br\/ppgf\/wp-json\/wp\/v2\/pages\/34","targetHints":{"allow":["GET"]}}],"collection":[{"href":"https:\/\/www2.unicentro.br\/ppgf\/wp-json\/wp\/v2\/pages"}],"about":[{"href":"https:\/\/www2.unicentro.br\/ppgf\/wp-json\/wp\/v2\/types\/page"}],"author":[{"embeddable":true,"href":"https:\/\/www2.unicentro.br\/ppgf\/wp-json\/wp\/v2\/users\/2"}],"replies":[{"embeddable":true,"href":"https:\/\/www2.unicentro.br\/ppgf\/wp-json\/wp\/v2\/comments?post=34"}],"version-history":[{"count":5,"href":"https:\/\/www2.unicentro.br\/ppgf\/wp-json\/wp\/v2\/pages\/34\/revisions"}],"predecessor-version":[{"id":1481,"href":"https:\/\/www2.unicentro.br\/ppgf\/wp-json\/wp\/v2\/pages\/34\/revisions\/1481"}],"wp:attachment":[{"href":"https:\/\/www2.unicentro.br\/ppgf\/wp-json\/wp\/v2\/media?parent=34"}],"curies":[{"name":"wp","href":"https:\/\/api.w.org\/{rel}","templated":true}]}}