{"id":32,"date":"2014-11-19T19:31:51","date_gmt":"2014-11-19T19:31:51","guid":{"rendered":"http:\/\/www2.unicentro.br\/ppgcf\/?page_id=32"},"modified":"2017-05-11T18:38:46","modified_gmt":"2017-05-11T18:38:46","slug":"objetivos","status":"publish","type":"page","link":"https:\/\/www2.unicentro.br\/ppgf\/objetivos\/","title":{"rendered":"Objetivos"},"content":{"rendered":"<p>O Programa de P\u00f3s-Gradua\u00e7\u00e3o <em>Stricto Sensu <\/em>em Ci\u00eancias Florestais tem por objetivo geral, promover o aperfei\u00e7oamento de pessoal de n\u00edvel superior com aptid\u00e3o ao exerc\u00edcio das atividades profissionais de ensino e pesquisa, bem como produzir e disseminar conhecimentos cient\u00edfico e tecnol\u00f3gico para o estado do Paran\u00e1 e para o Brasil.<\/p>\n<p>Os objetivos espec\u00edficos do Programa s\u00e3o:<\/p>\n<ol>\n<li>Oferecer ao estudante o uma forma\u00e7\u00e3o cient\u00edfica, capacitando-o a desenvolver-se nas \u00e1reas do ensino, da pesquisa e da extens\u00e3o;<\/li>\n<li>Gerar compet\u00eancias t\u00e9cnico-cient\u00edficas para a realiza\u00e7\u00e3o de pesquisas e o exerc\u00edcio da doc\u00eancia;<\/li>\n<li>Ampliar a contribui\u00e7\u00e3o da institui\u00e7\u00e3o nas \u00e1reas do ensino e pesquisa, formando recursos humanos, ci\u00eancia e tecnologia de excel\u00eancia;<\/li>\n<li>Tornar o corpo docente apto a fomentar novas linhas de investiga\u00e7\u00e3o e de cria\u00e7\u00e3o;<\/li>\n<li>Estimular o desenvolvimento da pesquisa cient\u00edfica e tecnol\u00f3gica por meio da prepara\u00e7\u00e3o adequada de pesquisadores;<\/li>\n<li>Desenvolver no estudante a criatividade nas \u00e1reas cient\u00edfica e tecnol\u00f3gica; e<\/li>\n<li>Contribuir com o desenvolvimento local e regional, por meio da forma\u00e7\u00e3o de recursos humanos de excel\u00eancia e a transfer\u00eancia de tecnologias.<\/li>\n<\/ol>\n<p>O PPGF busca que os egressos sejam capazes de:<\/p>\n<p>1. Desenvolver o exerc\u00edcio da doc\u00eancia, formando id\u00e9ias, opini\u00f5es e transmitindo conhecimentos;<br \/>\n2. Gerar e transferir novas tecnologias para o desenvolvimento do pa\u00eds;<br \/>\n3. Atuar como l\u00edderes de grupos de pesquisa; e<br \/>\n4. Ser capazes de solucionar problemas locais, regionais e nacionais que possam contribuir com a melhoria das condi\u00e7\u00f5es socioecon\u00f4micas da sociedade.<\/p>\n<p>Neste sentido, o PPGF entrega \u00e0 sociedade recursos humanos qualificados para atuarem no ensino superior em institui\u00e7\u00f5es p\u00fablicas e privadas, no setor p\u00fablico e privado e como pesquisadores comprometidos com o desenvolvimento cient\u00edfico e tecnol\u00f3gico do pa\u00eds nas \u00e1reas das Ci\u00eancias Florestais<\/p>\n<p>&nbsp;<\/p>\n<p>&nbsp;<\/p>\n","protected":false},"excerpt":{"rendered":"<p>O Programa de P\u00f3s-Gradua\u00e7\u00e3o Stricto Sensu em Ci\u00eancias Florestais tem por objetivo geral, promover o aperfei\u00e7oamento de pessoal de n\u00edvel superior com aptid\u00e3o ao exerc\u00edcio das atividades profissionais de ensino e pesquisa, bem como produzir e disseminar conhecimentos cient\u00edfico e tecnol\u00f3gico para o estado do Paran\u00e1 e para o Brasil. Os objetivos espec\u00edficos do Programa [&hellip;]<\/p>\n","protected":false},"author":2,"featured_media":0,"parent":0,"menu_order":0,"comment_status":"closed","ping_status":"closed","template":"","meta":{"_exactmetrics_skip_tracking":false,"_exactmetrics_sitenote_active":false,"_exactmetrics_sitenote_note":"","_exactmetrics_sitenote_category":0,"ngg_post_thumbnail":0,"footnotes":"","_links_to":"","_links_to_target":""},"class_list":["post-32","page","type-page","status-publish","hentry"],"_links":{"self":[{"href":"https:\/\/www2.unicentro.br\/ppgf\/wp-json\/wp\/v2\/pages\/32","targetHints":{"allow":["GET"]}}],"collection":[{"href":"https:\/\/www2.unicentro.br\/ppgf\/wp-json\/wp\/v2\/pages"}],"about":[{"href":"https:\/\/www2.unicentro.br\/ppgf\/wp-json\/wp\/v2\/types\/page"}],"author":[{"embeddable":true,"href":"https:\/\/www2.unicentro.br\/ppgf\/wp-json\/wp\/v2\/users\/2"}],"replies":[{"embeddable":true,"href":"https:\/\/www2.unicentro.br\/ppgf\/wp-json\/wp\/v2\/comments?post=32"}],"version-history":[{"count":7,"href":"https:\/\/www2.unicentro.br\/ppgf\/wp-json\/wp\/v2\/pages\/32\/revisions"}],"predecessor-version":[{"id":1653,"href":"https:\/\/www2.unicentro.br\/ppgf\/wp-json\/wp\/v2\/pages\/32\/revisions\/1653"}],"wp:attachment":[{"href":"https:\/\/www2.unicentro.br\/ppgf\/wp-json\/wp\/v2\/media?parent=32"}],"curies":[{"name":"wp","href":"https:\/\/api.w.org\/{rel}","templated":true}]}}