{"id":30,"date":"2014-11-19T19:31:08","date_gmt":"2014-11-19T19:31:08","guid":{"rendered":"http:\/\/www2.unicentro.br\/ppgcf\/?page_id=30"},"modified":"2017-05-09T12:40:06","modified_gmt":"2017-05-09T12:40:06","slug":"historico","status":"publish","type":"page","link":"https:\/\/www2.unicentro.br\/ppgf\/historico\/","title":{"rendered":"Hist\u00f3rico"},"content":{"rendered":"<p>Criada em 1990 e reconhecida em 1997, a UNICENTRO \u00e9 uma jovem universidade do Sistema Estadual de Ensino Superior do Estado do Paran\u00e1, e teve at\u00e9 2003, um r\u00e1pido e amplo processo de crescimento, ampliando significativamente a oferta de vagas na gradua\u00e7\u00e3o. Este fator foi extremamente importante para o atendimento das demandas das regi\u00f5es Centro-Oeste e Centro-Sul do Paran\u00e1 onde atua e \u00e0 sua pr\u00f3pria consolida\u00e7\u00e3o como IES.<\/p>\n<p>A UNICENTRO conta hoje com 41 Cursos de Gradua\u00e7\u00e3o presenciais com 7.119 alunos matriculados e 14 Cursos de Especializa\u00e7\u00e3o lato sensu presenciais com 300 alunos matriculados (base 2016). Possui 21 Programas de P\u00f3s-Gradua\u00e7\u00e3o stricto sensu, sendo 16 Cursos de Mestrado com 504 aluno e 5 Cursos de Doutorado com 110 alunos (base 2016). Na Educa\u00e7\u00e3o \u00e0 Dist\u00e2ncia s\u00e3o aproximadamente 536 alunos em 4 Cursos de Gradua\u00e7\u00e3o E 2.876 alunos matriculados na lato sensu Ead, divididos em 11 Cursos (base 2016).<\/p>\n<p>O Programa de P\u00f3s-Gradua\u00e7\u00e3o em Ci\u00eancias Florestais (PPGF) est\u00e1 vinculado ao Setor de Ci\u00eancias Agr\u00e1rias e Ambientais e ao Departamento de Engenharia Florestal, situado no Campi Universit\u00e1rio de Irati. O PPGF iniciou as suas atividades com o Curso de Mestrado, criado por meio da Res. n\u00ba 007\/2006-COU\/UNICENTRO e credenciado pela CAPES em 07\/06\/2006, recebendo o conceito 3 e iniciado as atividades em mar\u00e7o de 2007.<\/p>\n<p>Na sequencia com a melhoria dos \u00edndices de avalia\u00e7\u00e3o, o PPGF submeteu em 2013 a proposta de cria\u00e7\u00e3o do Curso de Doutorado em Ci\u00eancias Florestais, que foi aprovado e iniciado as atividades em mar\u00e7o de 2014. Os Cursos de Mestrado e Doutorado possui atualmente o conceito 4 da CAPES.<\/p>\n<p>Por fim, destaca-se a grande import\u00e2ncia e contribui\u00e7\u00e3o do PPGF para o estado do Paran\u00e1 e regi\u00e3o Sul do Brasil, por meio da amplia\u00e7\u00e3o da forma\u00e7\u00e3o de recursos humanos qualificados e o desenvolvimento social e econ\u00f4mico da regi\u00e3o Sul que possui grande voca\u00e7\u00e3o florestal.<\/p>\n","protected":false},"excerpt":{"rendered":"<p>Criada em 1990 e reconhecida em 1997, a UNICENTRO \u00e9 uma jovem universidade do Sistema Estadual de Ensino Superior do Estado do Paran\u00e1, e teve at\u00e9 2003, um r\u00e1pido e amplo processo de crescimento, ampliando significativamente a oferta de vagas na gradua\u00e7\u00e3o. Este fator foi extremamente importante para o atendimento das demandas das regi\u00f5es Centro-Oeste [&hellip;]<\/p>\n","protected":false},"author":2,"featured_media":0,"parent":0,"menu_order":0,"comment_status":"closed","ping_status":"closed","template":"","meta":{"_exactmetrics_skip_tracking":false,"_exactmetrics_sitenote_active":false,"_exactmetrics_sitenote_note":"","_exactmetrics_sitenote_category":0,"ngg_post_thumbnail":0,"footnotes":"","_links_to":"","_links_to_target":""},"class_list":["post-30","page","type-page","status-publish","hentry"],"_links":{"self":[{"href":"https:\/\/www2.unicentro.br\/ppgf\/wp-json\/wp\/v2\/pages\/30","targetHints":{"allow":["GET"]}}],"collection":[{"href":"https:\/\/www2.unicentro.br\/ppgf\/wp-json\/wp\/v2\/pages"}],"about":[{"href":"https:\/\/www2.unicentro.br\/ppgf\/wp-json\/wp\/v2\/types\/page"}],"author":[{"embeddable":true,"href":"https:\/\/www2.unicentro.br\/ppgf\/wp-json\/wp\/v2\/users\/2"}],"replies":[{"embeddable":true,"href":"https:\/\/www2.unicentro.br\/ppgf\/wp-json\/wp\/v2\/comments?post=30"}],"version-history":[{"count":4,"href":"https:\/\/www2.unicentro.br\/ppgf\/wp-json\/wp\/v2\/pages\/30\/revisions"}],"predecessor-version":[{"id":1619,"href":"https:\/\/www2.unicentro.br\/ppgf\/wp-json\/wp\/v2\/pages\/30\/revisions\/1619"}],"wp:attachment":[{"href":"https:\/\/www2.unicentro.br\/ppgf\/wp-json\/wp\/v2\/media?parent=30"}],"curies":[{"name":"wp","href":"https:\/\/api.w.org\/{rel}","templated":true}]}}