{"id":1839,"date":"2017-11-08T13:34:50","date_gmt":"2017-11-08T13:34:50","guid":{"rendered":"http:\/\/www2.unicentro.br\/ppgf\/?page_id=1839"},"modified":"2017-11-08T13:34:50","modified_gmt":"2017-11-08T13:34:50","slug":"regulations","status":"publish","type":"page","link":"https:\/\/www2.unicentro.br\/ppgf\/en\/regulations\/","title":{"rendered":"Regulations"},"content":{"rendered":"<p><a href=\"http:\/\/www2.unicentro.br\/ppgf\/files\/2016\/04\/Regulamento-da-P\u00f3s-Gradua\u00e7\u00e3o-Stricto-Sensu-da-UNICENTRO-1.pdf\">Regulations of Unicentro Stricto Sensu Postgraduation<\/a><\/p>\n<p><a href=\"http:\/\/www2.unicentro.br\/ppgf\/files\/2016\/04\/Regulamento-do-Programa-de-P\u00f3s-Gradua\u00e7\u00e3o-Stricto-Sensu-em-Ci\u00eancias-Florestais.pdf\">Regulation of the Stricto Sensu Postgraduate Program in Forestry Sciences<\/a><\/p>\n<p><a href=\"http:\/\/www2.unicentro.br\/ppgf\/files\/2016\/04\/Regulamento-de-Exame-de-Qualifica\u00e7\u00e3o-PPGF.pdf\">Qualification Examination Regulations &#8211; PPGF<\/a><\/p>\n<p><a href=\"http:\/\/www2.unicentro.br\/ppgf\/files\/2016\/04\/Regulamento-Credenciamento-e-Recredenciamento-PPFG-2016.pdf\">Accreditation and Re-accreditation Regulation &#8211; PPGF<\/a><\/p>\n<p><a href=\"http:\/\/www2.unicentro.br\/ppgf\/files\/2016\/04\/Regulamento-para-Concess\u00e3o-e-Manuten\u00e7\u00e3o-de-Bolsa-de-Estudos-PPGF.pdf\">Regulation for Scholarship Grant and Maintenance &#8211; PPGF<\/a><\/p>\n<p><a href=\"http:\/\/www2.unicentro.br\/ppgf\/files\/2016\/04\/Regulamento-do-Programa-de-Demanda-Social-\u2013-DS-1.pdf\">Regulation of the Social Demand Program &#8211; DS<\/a><\/p>\n<p><a href=\"http:\/\/www2.unicentro.br\/ppgf\/files\/2016\/04\/Regulamento-do-Programa-Nacional-de-P\u00f3s-Doutorado-PNPD.pdf\">Regulation of the National Postdoctoral Program &#8211; PNPD<\/a><\/p>\n<p><a href=\"http:\/\/www2.unicentro.br\/ppgf\/files\/2016\/04\/Regulamento-Programa-de-Doutorado-Sandu\u00edche-no-Exterior-PDSE.pdf\">Regulation of the Abroad split-site Doctoral Program &#8211; PDSE <\/a><\/p>\n","protected":false},"excerpt":{"rendered":"<p>Regulations of Unicentro Stricto Sensu Postgraduation Regulation of the Stricto Sensu Postgraduate Program in Forestry Sciences Qualification Examination Regulations &#8211; PPGF Accreditation and Re-accreditation Regulation &#8211; PPGF Regulation for Scholarship Grant and Maintenance &#8211; PPGF Regulation of the Social Demand Program &#8211; DS Regulation of the National Postdoctoral Program &#8211; PNPD Regulation of the Abroad [&hellip;]<\/p>\n","protected":false},"author":2,"featured_media":0,"parent":0,"menu_order":0,"comment_status":"closed","ping_status":"closed","template":"","meta":{"_exactmetrics_skip_tracking":false,"_exactmetrics_sitenote_active":false,"_exactmetrics_sitenote_note":"","_exactmetrics_sitenote_category":0,"ngg_post_thumbnail":0,"footnotes":"","_links_to":"","_links_to_target":""},"class_list":["post-1839","page","type-page","status-publish","hentry"],"_links":{"self":[{"href":"https:\/\/www2.unicentro.br\/ppgf\/wp-json\/wp\/v2\/pages\/1839","targetHints":{"allow":["GET"]}}],"collection":[{"href":"https:\/\/www2.unicentro.br\/ppgf\/wp-json\/wp\/v2\/pages"}],"about":[{"href":"https:\/\/www2.unicentro.br\/ppgf\/wp-json\/wp\/v2\/types\/page"}],"author":[{"embeddable":true,"href":"https:\/\/www2.unicentro.br\/ppgf\/wp-json\/wp\/v2\/users\/2"}],"replies":[{"embeddable":true,"href":"https:\/\/www2.unicentro.br\/ppgf\/wp-json\/wp\/v2\/comments?post=1839"}],"version-history":[{"count":1,"href":"https:\/\/www2.unicentro.br\/ppgf\/wp-json\/wp\/v2\/pages\/1839\/revisions"}],"predecessor-version":[{"id":1840,"href":"https:\/\/www2.unicentro.br\/ppgf\/wp-json\/wp\/v2\/pages\/1839\/revisions\/1840"}],"wp:attachment":[{"href":"https:\/\/www2.unicentro.br\/ppgf\/wp-json\/wp\/v2\/media?parent=1839"}],"curies":[{"name":"wp","href":"https:\/\/api.w.org\/{rel}","templated":true}]}}