{"id":1831,"date":"2017-11-08T13:17:57","date_gmt":"2017-11-08T13:17:57","guid":{"rendered":"http:\/\/www2.unicentro.br\/ppgf\/?page_id=1831"},"modified":"2017-11-08T13:26:59","modified_gmt":"2017-11-08T13:26:59","slug":"faculty-members","status":"publish","type":"page","link":"https:\/\/www2.unicentro.br\/ppgf\/en\/faculty-members\/","title":{"rendered":"Faculty Members"},"content":{"rendered":"<p>Professors and researchers from the Departments of Forestry, Environmental Engineering and Agronomy of UNICENTRO, the Forest Engineering Department from the Federal University of Paran\u00e1 and the National Institute for Space Research are part of the Unicentro Postgraduate Course in Forestry Sciences.<\/p>\n<p>&nbsp;<\/p>\n<p><strong>Permanent Members<\/strong><\/p>\n<table style=\"height: 616px\" width=\"708\">\n<tbody>\n<tr>\n<td style=\"background-color: #e2fcf4\"><a href=\"http:\/\/www2.unicentro.br\/ppgf\/files\/2014\/11\/Afonso.jpg\"><img loading=\"lazy\" decoding=\"async\" class=\"docentes wp-image-1282 aligncenter\" src=\"http:\/\/www2.unicentro.br\/ppgf\/files\/2014\/11\/Afonso-278x300.jpg\" width=\"118\" height=\"127\" srcset=\"https:\/\/www2.unicentro.br\/ppgf\/files\/2014\/11\/Afonso-278x300.jpg 278w, https:\/\/www2.unicentro.br\/ppgf\/files\/2014\/11\/Afonso-768x827.jpg 768w, https:\/\/www2.unicentro.br\/ppgf\/files\/2014\/11\/Afonso-950x1024.jpg 950w\" sizes=\"auto, (max-width: 118px) 100vw, 118px\" \/><\/a><\/td>\n<td style=\"background-color: #e2fcf4\">\n<h5>Afonso Figueiredo Filho<\/h5>\n<ul>\n<li>Qualification:\n<ul>\n<li>Post doctorate degree, University of Georgia, USA, 1995.<\/li>\n<li>Forestry Engineer, Federal University of Paran\u00e1, Brazil, 1976;<\/li>\n<li>Master&#8217;s degree, Federal University of Paran\u00e1, Brazil, 1983;<\/li>\n<li>Doctorate degree, Federal University of Paran\u00e1, Brazil, 1991;<\/li>\n<\/ul>\n<\/li>\n<li>E-mail: <a href=\"mailto:afonso.figueiredo@pq.cnpq.br\">afonso.figueiredo@pq.cnpq.br<\/a><\/li>\n<li>Curriculum: Curriculum <a href=\"http:\/\/lattes.cnpq.br\/4151544991447365\">http:\/\/lattes.cnpq.br\/4151544991447365<\/a><\/li>\n<li>Area of Expertise:&nbsp;Forest Mensuration; Management of Planted and Natural Forests; Growth and Yield Modeling.<\/li>\n<li>Productivity in Research Scholarship, CNPq holder, Level 1C<\/li>\n<\/ul>\n<\/td>\n<\/tr>\n<tr>\n<td><a href=\"http:\/\/www2.unicentro.br\/ppgf\/files\/2014\/11\/Andrea.jpg\"><img loading=\"lazy\" decoding=\"async\" class=\"docentes wp-image-1283 aligncenter\" src=\"http:\/\/www2.unicentro.br\/ppgf\/files\/2014\/11\/Andrea-241x300.jpg\" width=\"114\" height=\"142\" srcset=\"https:\/\/www2.unicentro.br\/ppgf\/files\/2014\/11\/Andrea-241x300.jpg 241w, https:\/\/www2.unicentro.br\/ppgf\/files\/2014\/11\/Andrea-768x957.jpg 768w, https:\/\/www2.unicentro.br\/ppgf\/files\/2014\/11\/Andrea-822x1024.jpg 822w, https:\/\/www2.unicentro.br\/ppgf\/files\/2014\/11\/Andrea.jpg 1696w\" sizes=\"auto, (max-width: 114px) 100vw, 114px\" \/><\/a><\/td>\n<td>\n<h5>Andrea Nogueira Dias<\/h5>\n<ul>\n<li>Qualification:\n<ul>\n<li>Forestry Engineer, Federal University of Vi\u00e7osa, Brazil, 1997;<\/li>\n<li>Master&#8217;s degree, Federal University of Vi\u00e7osa, Brazil, 2000;<\/li>\n<li>Doctoral degree, Federal University of Vi\u00e7osa, Brazil, 2005.<\/li>\n<\/ul>\n<\/li>\n<li>E-mail: <a href=\"mailto:anogueiradias@hotmail.com\">anogueiradias@hotmail.com<\/a><\/li>\n<li>Curriculum: <a href=\"http:\/\/lattes.cnpq.br\/9012244052533262\">http:\/\/lattes.cnpq.br\/9012244052533262<\/a><\/li>\n<li>Area of Expertise:&nbsp;Growth and Yield Modeling; Forest management; Forest Inventory; Forest Statistics and Experimentation.<\/li>\n<\/ul>\n<\/td>\n<\/tr>\n<tr>\n<td style=\"background-color: #e2fcf4\">&nbsp;<img loading=\"lazy\" decoding=\"async\" class=\"docentes aligncenter wp-image-102 size-full\" src=\"http:\/\/www2.unicentro.br\/ppgf\/files\/2014\/11\/carlosmagno.jpg\" alt=\"carlosmagno\" width=\"112\" height=\"143\"><\/td>\n<td style=\"background-color: #e2fcf4\">\n<h5>Carlos Magno de Sousa Vidal<\/h5>\n<ul>\n<li>Qualification:\n<ul>\n<li>Bachelor degree in Biological Sciences, Federal University of S\u00e3o Carlos, Brazil, 1997;<\/li>\n<li>Master\u2019s degree in Civil Engineering, University of S\u00e3o Paulo\/School of Engineering of S\u00e3o Carlos, Brazil, 2001;<\/li>\n<li>PhD in Civil Engineering, University of S\u00e3o Paulo\/School of Engineering of S\u00e3o Carlos, Brazil, 2006.<\/li>\n<\/ul>\n<\/li>\n<li>E-mail: <a href=\"mailto:cmsvidal@irati.unicentro.br\">cmsvidal@irati.unicentro.br<\/a><\/li>\n<li>Curriculum:&nbsp;<a href=\"http:\/\/lattes.cnpq.br\/1554298849674091\">http:\/\/lattes.cnpq.br\/1554298849674091<\/a><\/li>\n<li>Area of Expertise:&nbsp;Wastewater treatment; Supply Water Treatment; Pulp and Paper Industries effluents treatment.<\/li>\n<\/ul>\n<\/td>\n<\/tr>\n<tr>\n<td>&nbsp;<img loading=\"lazy\" decoding=\"async\" class=\"docentes aligncenter wp-image-103 size-full\" src=\"http:\/\/www2.unicentro.br\/ppgf\/files\/2014\/11\/eduardo.jpg\" alt=\"eduardo\" width=\"113\" height=\"142\"><\/td>\n<td>\n<h5>Eduardo da Silva Lopes<\/h5>\n<ul>\n<li>Qualification:\n<ul>\n<li>Forestry Engineer, Federal University of Vi\u00e7osa, Brazil, 1992;<\/li>\n<li>Master&#8217;s degree, Federal University of Vi\u00e7osa, Brazil, 1995;<\/li>\n<li>Doctoral degree, Federal University of Vi\u00e7osa, Brazil, 2001.<\/li>\n<\/ul>\n<\/li>\n<li>E-mail: <a href=\"mailto:eslopes@pq.cnpq.br\">eslopes@pq.cnpq.br<\/a><\/li>\n<li>Curriculum:&nbsp;<a href=\"http:\/\/lattes.cnpq.br\/1280835655867163\">http:\/\/lattes.cnpq.br\/1280835655867163<\/a><\/li>\n<li>Area of Expertise:&nbsp;Harvesting and Forest Transportation; Forest roads; Forest Ergonomics.<\/li>\n<li>CNPq Research Productivity Scholar, Level 2.<\/li>\n<li>Productivity in Research Scholarship holder of CNPq, Level 2.<\/li>\n<\/ul>\n<\/td>\n<\/tr>\n<tr>\n<td style=\"background-color: #e2fcf4\">&nbsp;<a href=\"http:\/\/www2.unicentro.br\/ppgf\/files\/2014\/11\/Evandro.jpg\"><img loading=\"lazy\" decoding=\"async\" class=\"docentes aligncenter wp-image-1289\" src=\"http:\/\/www2.unicentro.br\/ppgf\/files\/2014\/11\/Evandro-272x300.jpg\" width=\"114\" height=\"126\" srcset=\"https:\/\/www2.unicentro.br\/ppgf\/files\/2014\/11\/Evandro-272x300.jpg 272w, https:\/\/www2.unicentro.br\/ppgf\/files\/2014\/11\/Evandro-768x848.jpg 768w, https:\/\/www2.unicentro.br\/ppgf\/files\/2014\/11\/Evandro-928x1024.jpg 928w\" sizes=\"auto, (max-width: 114px) 100vw, 114px\" \/><\/a><\/td>\n<td style=\"background-color: #e2fcf4\">\n<h5>Evandro Vagner Tambarussi<\/h5>\n<ul>\n<li>Qualification:\n<ul>\n<li>Forestry Engineer, S\u00e3o Paulo State University, Botucatu <em>Campus<\/em>, Brazil,2006;<\/li>\n<li>Master&#8217;s degree in Plant Physiology and Biochemistry, Luiz de Queiroz School of Agriculture of the University of S\u00e3o Paulo, Brazil, 2010;<\/li>\n<li>PhD in Genetics and Plant Breeding, Luiz de Queiroz School of Agriculture of the University of S\u00e3o Paulo, Brazil, 2014.<\/li>\n<\/ul>\n<\/li>\n<li>E-mail: <a href=\"mailto:tambarussi@gmail.com\">tambarussi@gmail.com<\/a><\/li>\n<li>Curriculum: <a href=\"http:\/\/lattes.cnpq.br\/3021997145272130\">http:\/\/lattes.cnpq.br\/3021997145272130<\/a><\/li>\n<li>Area of Expertise: Genetics and Forest Breeding.<\/li>\n<\/ul>\n<\/td>\n<\/tr>\n<tr>\n<td>&nbsp;<a href=\"http:\/\/www2.unicentro.br\/ppgf\/files\/2014\/11\/\u00c9verton.jpg\"><img loading=\"lazy\" decoding=\"async\" class=\"docentes aligncenter wp-image-1288\" src=\"http:\/\/www2.unicentro.br\/ppgf\/files\/2014\/11\/\u00c9verton-252x300.jpg\" width=\"114\" height=\"136\" srcset=\"https:\/\/www2.unicentro.br\/ppgf\/files\/2014\/11\/\u00c9verton-252x300.jpg 252w, https:\/\/www2.unicentro.br\/ppgf\/files\/2014\/11\/\u00c9verton-768x916.jpg 768w, https:\/\/www2.unicentro.br\/ppgf\/files\/2014\/11\/\u00c9verton-859x1024.jpg 859w, https:\/\/www2.unicentro.br\/ppgf\/files\/2014\/11\/\u00c9verton.jpg 2033w\" sizes=\"auto, (max-width: 114px) 100vw, 114px\" \/><\/a><\/td>\n<td>\n<h5>Everton Hillig<\/h5>\n<ul>\n<li>Qualification:\n<ul>\n<li>Doctoral degree, Federal University of Paran\u00e1, Brazil, 2006.<\/li>\n<li>Forestry Engineer, Federal University of Santa Maria, Brazil, 1986;<\/li>\n<li>Master&#8217;s degree, Federal University of Santa Maria, Brazil, 2000;<\/li>\n<\/ul>\n<\/li>\n<li>E-mail: <a href=\"mailto:hillig@hotmail.com\">hillig@hotmail.com<\/a><\/li>\n<li>Curriculum:&nbsp;<a href=\"http:\/\/lattes.cnpq.br\/5240619272740210\">http:\/\/lattes.cnpq.br\/5240619272740210<\/a><\/li>\n<li>Area of Expertise:&nbsp;Wood panels, composites, characterization and quality of wood, furniture production and wood residues.<\/li>\n<li>Productivity in Research Scholarship holder from the&nbsp;<em>Arauc\u00e1ria<\/em> Foundation.<\/li>\n<\/ul>\n<\/td>\n<\/tr>\n<tr>\n<td style=\"background-color: #e2fcf4\">&nbsp;<a href=\"http:\/\/www2.unicentro.br\/ppgf\/files\/2014\/11\/Henrique.jpg\"><img loading=\"lazy\" decoding=\"async\" class=\"docentes aligncenter wp-image-1293\" src=\"http:\/\/www2.unicentro.br\/ppgf\/files\/2014\/11\/Henrique-259x300.jpg\" width=\"114\" height=\"132\" srcset=\"https:\/\/www2.unicentro.br\/ppgf\/files\/2014\/11\/Henrique-259x300.jpg 259w, https:\/\/www2.unicentro.br\/ppgf\/files\/2014\/11\/Henrique-768x890.jpg 768w, https:\/\/www2.unicentro.br\/ppgf\/files\/2014\/11\/Henrique-884x1024.jpg 884w, https:\/\/www2.unicentro.br\/ppgf\/files\/2014\/11\/Henrique.jpg 897w\" sizes=\"auto, (max-width: 114px) 100vw, 114px\" \/><\/a><\/td>\n<td style=\"background-color: #e2fcf4\">\n<h5>Henrique Soares Koehler<\/h5>\n<ul>\n<li>Qualification:\n<ul>\n<li>Forestry Engineer, Federal University of Paran\u00e1, Brazil, 1975;<\/li>\n<li>Master&#8217;s degree, Michigan State University, USA, 1979;<\/li>\n<li>Doctoral degree, Federal University of Paran\u00e1, Brazil, 2002.<\/li>\n<\/ul>\n<\/li>\n<li>E-mail: <a href=\"mailto:koehler@ufpr.br\">koehler@ufpr.br<\/a><\/li>\n<li>Curriculum:&nbsp;<a href=\"http:\/\/lattes.cnpq.br\/6197351546393048\">http:\/\/lattes.cnpq.br\/6197351546393048<\/a><\/li>\n<li>Area of Expertise:&nbsp;Applied statistics; Forest Biomass Energy &#8211; Software Development; Forest management; Plant Science.<\/li>\n<\/ul>\n<\/td>\n<\/tr>\n<tr>\n<td><img loading=\"lazy\" decoding=\"async\" class=\"docentes aligncenter wp-image-109 size-full\" src=\"http:\/\/www2.unicentro.br\/ppgf\/files\/2014\/11\/julio-e1416917843800.jpg\" alt=\"julio\" width=\"100\" height=\"142\"><\/td>\n<td>\n<h5>Julio Eduardo Arce<\/h5>\n<ul>\n<li>Qualification:\n<ul>\n<li>Forestry Engineer, La Plata University, Argentina, 1993;<\/li>\n<li>Master&#8217;s degree, Federal University of Paran\u00e1, Brazil, 1997;<\/li>\n<li>Doctoral degree, Federal University of Paran\u00e1, Brazil, 2000.<\/li>\n<\/ul>\n<\/li>\n<li>E-mail: <a href=\"mailto:jarce@ufpr.br\">jarce@ufpr.br<\/a><\/li>\n<li>Curriculum:&nbsp;<a href=\"http:\/\/lattes.cnpq.br\/4034397326977747\">http:\/\/lattes.cnpq.br\/4034397326977747<\/a><\/li>\n<li>Area of Expertise: Forest Inventory; Forest management; Forest Planning; Simulation; Optimization and Operational Research.<\/li>\n<li>CNPq Productivity in Research Scholarship holder, Level 2.<\/li>\n<\/ul>\n<\/td>\n<\/tr>\n<tr>\n<td style=\"background-color: #e2fcf4\">&nbsp;<img loading=\"lazy\" decoding=\"async\" class=\"docentes aligncenter wp-image-110 size-full\" src=\"http:\/\/www2.unicentro.br\/ppgf\/files\/2014\/11\/luciano.jpg\" alt=\"POWERPACK\" width=\"113\" height=\"142\"><\/td>\n<td style=\"background-color: #e2fcf4\">\n<h5>Luciano Farinha Watzlawick<\/h5>\n<ul>\n<li>Qualification:\n<ul>\n<li>Forestry Engineer, Federal University of Santa Maria, Brazil, 1996;<\/li>\n<li>Master&#8217;s degree, Federal University of Rio Grande do Sul, Brazil, 2000;<\/li>\n<li>Doctoral degree, Federal University of Paran\u00e1, Brazil, 2003.<\/li>\n<\/ul>\n<\/li>\n<li>E-mail: <a href=\"mailto:farinha@unicentro.br\">farinha@unicentro.br<\/a><\/li>\n<li>Curriculum:&nbsp;<a href=\"http:\/\/lattes.cnpq.br\/4985215075940551\">http:\/\/lattes.cnpq.br\/4985215075940551<\/a><\/li>\n<li>Area of Expertise:&nbsp;Management of Natural Forests; Forest Biomass; Carbon Fixation; Remote sensing; Forest Experimentation.<\/li>\n<li>CNPq Productivity in Research Scholarship holder, Level 2.<\/li>\n<\/ul>\n<\/td>\n<\/tr>\n<tr>\n<td>&nbsp;<a href=\"http:\/\/www2.unicentro.br\/ppgf\/files\/2014\/11\/Paulo.jpg\"><img loading=\"lazy\" decoding=\"async\" class=\"docentes aligncenter wp-image-1294\" src=\"http:\/\/www2.unicentro.br\/ppgf\/files\/2014\/11\/Paulo-231x300.jpg\" width=\"113\" height=\"147\" srcset=\"https:\/\/www2.unicentro.br\/ppgf\/files\/2014\/11\/Paulo-231x300.jpg 231w, https:\/\/www2.unicentro.br\/ppgf\/files\/2014\/11\/Paulo-768x996.jpg 768w, https:\/\/www2.unicentro.br\/ppgf\/files\/2014\/11\/Paulo-789x1024.jpg 789w, https:\/\/www2.unicentro.br\/ppgf\/files\/2014\/11\/Paulo.jpg 1873w\" sizes=\"auto, (max-width: 113px) 100vw, 113px\" \/><\/a><\/td>\n<td>\n<h5>Paulo Costa de Oliveira Filho<\/h5>\n<ul>\n<li>Qualification:\n<ul>\n<li>Forestry Engineer, Federal University of Paran\u00e1, Brazil, 1988;<\/li>\n<li>Master&#8217;s degree, Federal University of Paran\u00e1, Brazil, 1995;<\/li>\n<li>Doctoral degree, Federal University of Paran\u00e1, Brazil, 2000.<\/li>\n<\/ul>\n<\/li>\n<li>E-mail: <a href=\"mailto:paulocostafh@gmail.com\">paulocostafh@gmail.com<\/a><\/li>\n<li>Curriculum:&nbsp;<a href=\"http:\/\/lattes.cnpq.br\/0477181220059240\">http:\/\/lattes.cnpq.br\/0477181220059240<\/a><\/li>\n<li>Area of Expertise:&nbsp;Remote sensing; Geographic Information Systems.<\/li>\n<\/ul>\n<\/td>\n<\/tr>\n<tr>\n<td style=\"background-color: #e2fcf4\">&nbsp;<a href=\"http:\/\/www2.unicentro.br\/ppgf\/files\/2014\/11\/Rog\u00e9rio.jpg\"><img loading=\"lazy\" decoding=\"async\" class=\"aligncenter wp-image-1295\" src=\"http:\/\/www2.unicentro.br\/ppgf\/files\/2014\/11\/Rog\u00e9rio.jpg\" alt=\"rogerio\" width=\"114\" height=\"134\"><\/a><\/td>\n<td style=\"background-color: #e2fcf4\">\n<h5>Rog\u00e9rio Bobrowski<\/h5>\n<ul>\n<li>Qualification:\n<ul>\n<li>Forestry Engineer, State University of the Central-West, Brazil, 2002;<\/li>\n<li>Master&#8217;s degree, Federal University of Paran\u00e1, Brazil, 2011;<\/li>\n<li>Doctoral degree, Federal University of Paran\u00e1, Brazil, 2014.<\/li>\n<\/ul>\n<\/li>\n<li>E-mail: <a href=\"mailto:bobrowski_roger@yahoo.com.br\">bobrowski_roger@yahoo.com.br<\/a><\/li>\n<li>Curriculum:&nbsp;<a href=\"http:\/\/lattes.cnpq.br\/6537319749664635\">http:\/\/lattes.cnpq.br\/6537319749664635<\/a><\/li>\n<li>\u00c1rea de Atua\u00e7\u00e3o: Urban Forestry<\/li>\n<\/ul>\n<\/td>\n<\/tr>\n<tr>\n<td>&nbsp;<a href=\"http:\/\/www2.unicentro.br\/ppgf\/files\/2014\/11\/Sebasti\u00e3o.jpg\"><img loading=\"lazy\" decoding=\"async\" class=\"aligncenter wp-image-1303\" src=\"http:\/\/www2.unicentro.br\/ppgf\/files\/2014\/11\/Sebasti\u00e3o-226x300.jpg\" alt=\"sebastiao\" width=\"111\" height=\"148\" srcset=\"https:\/\/www2.unicentro.br\/ppgf\/files\/2014\/11\/Sebasti\u00e3o-226x300.jpg 226w, https:\/\/www2.unicentro.br\/ppgf\/files\/2014\/11\/Sebasti\u00e3o.jpg 545w\" sizes=\"auto, (max-width: 111px) 100vw, 111px\" \/><\/a><\/td>\n<td>\n<h5>Sebasti\u00e3o do Amaral Machado<\/h5>\n<ul>\n<li>Qualification:\n<ul>\n<li>Forestry Engineer, Federal University of Paran\u00e1, Brazil, 1965;<\/li>\n<li>Master&#8217;s degree, Inter-American Institute for Cooperation on Agriculture &#8211; OEA, Costa Rica, 1972;<\/li>\n<li>Doctoral degree, Washington University, USA, 1978.<\/li>\n<\/ul>\n<\/li>\n<li>Curriculum:&nbsp;<a href=\"http:\/\/lattes.cnpq.br\/3669322041194714\">http:\/\/lattes.cnpq.br\/3669322041194714<\/a><\/li>\n<li>Area of Expertise:&nbsp;Forest management; Forest Measurement; Management of Planted and Natural Forests.<\/li>\n<li>CNPq Productivity in Research Scholarship holder, Level 1A.<\/li>\n<\/ul>\n<\/td>\n<\/tr>\n<\/tbody>\n<\/table>\n<p><strong>Collaborating Members<\/strong><\/p>\n<table style=\"height: 557px\" width=\"707\">\n<tbody>\n<tr>\n<td style=\"background-color: #e2fcf4\"><a href=\"http:\/\/www2.unicentro.br\/ppgf\/files\/2014\/11\/Fabiana-2.jpg\"><img loading=\"lazy\" decoding=\"async\" class=\"docentes aligncenter wp-image-1296\" src=\"http:\/\/www2.unicentro.br\/ppgf\/files\/2014\/11\/Fabiana-2-220x300.jpg\" width=\"112\" height=\"153\" srcset=\"https:\/\/www2.unicentro.br\/ppgf\/files\/2014\/11\/Fabiana-2-220x300.jpg 220w, https:\/\/www2.unicentro.br\/ppgf\/files\/2014\/11\/Fabiana-2-768x1046.jpg 768w, https:\/\/www2.unicentro.br\/ppgf\/files\/2014\/11\/Fabiana-2-752x1024.jpg 752w, https:\/\/www2.unicentro.br\/ppgf\/files\/2014\/11\/Fabiana-2.jpg 1393w\" sizes=\"auto, (max-width: 112px) 100vw, 112px\" \/><\/a><\/td>\n<td style=\"background-color: #e2fcf4\">\n<h5>Fabiana Schmidt Bandeira Peres<\/h5>\n<ul>\n<li>Qualification:\n<ul>\n<li>Forestry Engineer, Federal University of Vi\u00e7osa, Brazil, 2001;<\/li>\n<li>Master&#8217;s degree, Federal University of Vi\u00e7osa, Brazil, 2004;<\/li>\n<li>Doctoral degree, Federal University of Vi\u00e7osa, Brazil, 2008.<\/li>\n<\/ul>\n<\/li>\n<li>E-mail: <a href=\"mailto:fsbandeira@hotmail.com\">fsbandeira@hotmail.com<\/a><\/li>\n<li>Curriculum:&nbsp;<a href=\"http:\/\/lattes.cnpq.br\/7693284421776611\">http:\/\/lattes.cnpq.br\/7693284421776611<\/a><\/li>\n<li>Area of Expertise: Clonal Forestry.<\/li>\n<\/ul>\n<\/td>\n<\/tr>\n<tr>\n<td>&nbsp;<a href=\"http:\/\/www2.unicentro.br\/ppgf\/files\/2014\/11\/Fabiane.jpg\"><img loading=\"lazy\" decoding=\"async\" class=\"aligncenter wp-image-1300\" src=\"http:\/\/www2.unicentro.br\/ppgf\/files\/2014\/11\/Fabiane-227x300.jpg\" alt=\"fabiane\" width=\"112\" height=\"148\" srcset=\"https:\/\/www2.unicentro.br\/ppgf\/files\/2014\/11\/Fabiane-227x300.jpg 227w, https:\/\/www2.unicentro.br\/ppgf\/files\/2014\/11\/Fabiane.jpg 316w\" sizes=\"auto, (max-width: 112px) 100vw, 112px\" \/><\/a><\/td>\n<td>\n<h5>Fabiane Aparecida Retslaff Guimar\u00e3es<\/h5>\n<ul>\n<li>Qualification:\n<ul>\n<li>Forestry Engineer, Central-West State University, Brazil, 2009;<\/li>\n<li>Master&#8217;s degree, Central-West State University, Brazil, 2010;<\/li>\n<li>Doctoral degree, Federal University of Paran\u00e1, Brazil, 2014.<\/li>\n<\/ul>\n<\/li>\n<li>E-mail: <a href=\"mailto:faretslaff@irati.unicentro.br\">faretslaff@irati.unicentro.br<\/a><\/li>\n<li>Curriculum:&nbsp;<a href=\"http:\/\/lattes.cnpq.br\/6216785304671453\">http:\/\/lattes.cnpq.br\/6216785304671453<\/a><\/li>\n<li>Area of Expertise: Forest Management.<\/li>\n<\/ul>\n<\/td>\n<\/tr>\n<tr style=\"background-color: #e2fcf4\">\n<td>&nbsp;<a href=\"http:\/\/www2.unicentro.br\/ppgf\/files\/2014\/11\/Gilmara.jpg\"><img loading=\"lazy\" decoding=\"async\" class=\"docentes aligncenter wp-image-1297\" src=\"http:\/\/www2.unicentro.br\/ppgf\/files\/2014\/11\/Gilmara-258x300.jpg\" width=\"114\" height=\"133\" srcset=\"https:\/\/www2.unicentro.br\/ppgf\/files\/2014\/11\/Gilmara-258x300.jpg 258w, https:\/\/www2.unicentro.br\/ppgf\/files\/2014\/11\/Gilmara.jpg 280w\" sizes=\"auto, (max-width: 114px) 100vw, 114px\" \/><\/a><\/td>\n<td>\n<h5>Gilmara de Oliveira Machado<\/h5>\n<ul>\n<li>Qualification:\n<ul>\n<li>Bachelor\u2019s Degree in Exact Sciences, University of S\u00e3o Paulo, Brazil, 1997;<\/li>\n<li>Master\u2019s Degree in Science and Materials Engineering, University of S\u00e3o Paulo, Brazil, 1999;<\/li>\n<li>PhD in Sciences and Materials Engineering, University of S\u00e3o Paulo, Brazil, 2004.<\/li>\n<\/ul>\n<\/li>\n<li>E-mail: <a href=\"mailto:gomflorestal@gmail.com\">gomflorestal@gmail.com<\/a><\/li>\n<li>Curriculum: <a href=\"http:\/\/lattes.cnpq.br\/8437491371699720\">http:\/\/lattes.cnpq.br\/8437491371699720<\/a><\/li>\n<li>Area of Expertise: Chemistry; Wood; Bioenergy.<\/li>\n<\/ul>\n<\/td>\n<\/tr>\n<tr style=\"background-color: #ffffff\">\n<td>&nbsp;<a href=\"http:\/\/www2.unicentro.br\/ppgf\/files\/2014\/11\/Jeanette.jpg\"><img loading=\"lazy\" decoding=\"async\" class=\"docentes aligncenter wp-image-1298\" src=\"http:\/\/www2.unicentro.br\/ppgf\/files\/2014\/11\/Jeanette-235x300.jpg\" width=\"112\" height=\"143\" srcset=\"https:\/\/www2.unicentro.br\/ppgf\/files\/2014\/11\/Jeanette-235x300.jpg 235w, https:\/\/www2.unicentro.br\/ppgf\/files\/2014\/11\/Jeanette-768x981.jpg 768w, https:\/\/www2.unicentro.br\/ppgf\/files\/2014\/11\/Jeanette-802x1024.jpg 802w, https:\/\/www2.unicentro.br\/ppgf\/files\/2014\/11\/Jeanette.jpg 1617w\" sizes=\"auto, (max-width: 112px) 100vw, 112px\" \/><\/a><\/td>\n<td>\n<h5>Jeanette Beber de Souza<\/h5>\n<ul>\n<li>Qualification:\n<ul>\n<li>Graduation in Civil Engineering, Federal University of Ouro Preto, Brazil, 1997;<\/li>\n<li>Master\u2019s Degree in Civil Engineering, University of S\u00e3o Paulo, Brazil, 2000;<\/li>\n<li>PhD in Civil Engineering &#8211; Hydraulics and Sanitation, University of S\u00e3o Paulo, Brazil, 2006.<\/li>\n<\/ul>\n<\/li>\n<li>E-mail: <a href=\"mailto:jeanette@irati.unicentro.br\">jeanette@irati.unicentro.br<\/a><\/li>\n<li>Curriculum:&nbsp;<a href=\"http:\/\/lattes.cnpq.br\/965519485265546\">http:\/\/lattes.cnpq.br\/965519485265546<\/a><\/li>\n<li>Area of Expertise:&nbsp;Water treatment; Disinfection processes; Waste from Forest Based Industry.<\/li>\n<\/ul>\n<\/td>\n<\/tr>\n<\/tbody>\n<\/table>\n<p>&nbsp;<\/p>\n<p>&nbsp;<\/p>\n<p>&nbsp;<\/p>\n","protected":false},"excerpt":{"rendered":"<p>Professors and researchers from the Departments of Forestry, Environmental Engineering and Agronomy of UNICENTRO, the Forest Engineering Department from the Federal University of Paran\u00e1 and the National Institute for Space Research are part of the Unicentro Postgraduate Course in Forestry Sciences. &nbsp; Permanent Members Afonso Figueiredo Filho Qualification: Post doctorate degree, University of Georgia, USA, [&hellip;]<\/p>\n","protected":false},"author":2,"featured_media":0,"parent":0,"menu_order":0,"comment_status":"closed","ping_status":"closed","template":"","meta":{"_exactmetrics_skip_tracking":false,"_exactmetrics_sitenote_active":false,"_exactmetrics_sitenote_note":"","_exactmetrics_sitenote_category":0,"ngg_post_thumbnail":0,"footnotes":"","_links_to":"","_links_to_target":""},"class_list":["post-1831","page","type-page","status-publish","hentry"],"_links":{"self":[{"href":"https:\/\/www2.unicentro.br\/ppgf\/wp-json\/wp\/v2\/pages\/1831","targetHints":{"allow":["GET"]}}],"collection":[{"href":"https:\/\/www2.unicentro.br\/ppgf\/wp-json\/wp\/v2\/pages"}],"about":[{"href":"https:\/\/www2.unicentro.br\/ppgf\/wp-json\/wp\/v2\/types\/page"}],"author":[{"embeddable":true,"href":"https:\/\/www2.unicentro.br\/ppgf\/wp-json\/wp\/v2\/users\/2"}],"replies":[{"embeddable":true,"href":"https:\/\/www2.unicentro.br\/ppgf\/wp-json\/wp\/v2\/comments?post=1831"}],"version-history":[{"count":5,"href":"https:\/\/www2.unicentro.br\/ppgf\/wp-json\/wp\/v2\/pages\/1831\/revisions"}],"predecessor-version":[{"id":1836,"href":"https:\/\/www2.unicentro.br\/ppgf\/wp-json\/wp\/v2\/pages\/1831\/revisions\/1836"}],"wp:attachment":[{"href":"https:\/\/www2.unicentro.br\/ppgf\/wp-json\/wp\/v2\/media?parent=1831"}],"curies":[{"name":"wp","href":"https:\/\/api.w.org\/{rel}","templated":true}]}}