{"id":165,"date":"2014-11-25T17:27:21","date_gmt":"2014-11-25T17:27:21","guid":{"rendered":"http:\/\/www2.unicentro.br\/ppgcf\/?page_id=165"},"modified":"2017-05-11T17:55:21","modified_gmt":"2017-05-11T17:55:21","slug":"areas-experimentais","status":"publish","type":"page","link":"https:\/\/www2.unicentro.br\/ppgf\/areas-experimentais\/","title":{"rendered":"\u00c1reas Experimentais"},"content":{"rendered":"<p>O Programa de P\u00f3s-Gradua\u00e7\u00e3o em Ci\u00eancias Florestais conta com as seguintes \u00e1reas experimentais para a execu\u00e7\u00e3o de pesquisas:<\/p>\n<h5>No Campus Irati<\/h5>\n<p>O PPGF possui dentro do pr\u00f3prio <em>Campus<\/em> de Irati de \u00e1reas experimentais com plantios de Pinus sp. e Eucalyptus sp., que tem permitido o desenvolvimento de pesquisas na linha de pesquisa de manejo de florestas plantadas. Possui ainda um viveiro florestal onde s\u00e3o conduzidas diversas pesquisas e possuindo os seguintes itens: casa de vegeta\u00e7\u00e3o n\u00e3o climatizada com \u00e1rea de 80 m<sup>2<\/sup>; casa de vegeta\u00e7\u00e3o com \u00e1rea de 208 m<sup>2<\/sup>, estrutura de metal e revestida por pl\u00e1stico polipropileno e canteiros n\u00e3o suspensos, com sistema de climatiza\u00e7\u00e3o controlado por antec\u00e2mara frontal e de irriga\u00e7\u00e3o automatizado e infraestrutura de aclimata\u00e7\u00e3o \u00e0 sombra e rustifica\u00e7\u00e3o a pleno sol com dimens\u00e3o total de 480 m<sup>2<\/sup>.<\/p>\n<p>&nbsp;<\/p>\n<table class=\" aligncenter\" style=\"height: 257px\" width=\"614\">\n<tbody>\n<tr>\n<td><a href=\"http:\/\/www2.unicentro.br\/ppgf\/files\/2014\/11\/pinus_um2.jpg\"><img loading=\"lazy\" decoding=\"async\" class=\"aligncenter wp-image-167 size-medium\" src=\"http:\/\/www2.unicentro.br\/ppgf\/files\/2014\/11\/pinus_um2-300x225.jpg\" alt=\"\" width=\"300\" height=\"225\" srcset=\"https:\/\/www2.unicentro.br\/ppgf\/files\/2014\/11\/pinus_um2-300x225.jpg 300w, https:\/\/www2.unicentro.br\/ppgf\/files\/2014\/11\/pinus_um2.jpg 564w\" sizes=\"auto, (max-width: 300px) 100vw, 300px\" \/><\/a><\/td>\n<td><a href=\"http:\/\/www2.unicentro.br\/ppgf\/files\/2014\/11\/pinus_dois2.jpg\"><img loading=\"lazy\" decoding=\"async\" class=\"aligncenter wp-image-166 size-medium\" src=\"http:\/\/www2.unicentro.br\/ppgf\/files\/2014\/11\/pinus_dois2-300x225.jpg\" alt=\"\" width=\"300\" height=\"225\" srcset=\"https:\/\/www2.unicentro.br\/ppgf\/files\/2014\/11\/pinus_dois2-300x225.jpg 300w, https:\/\/www2.unicentro.br\/ppgf\/files\/2014\/11\/pinus_dois2.jpg 564w\" sizes=\"auto, (max-width: 300px) 100vw, 300px\" \/><\/a><\/td>\n<\/tr>\n<\/tbody>\n<\/table>\n<p>&nbsp;<\/p>\n<p><strong>Floresta Nacional de Irati (Flona)<\/strong><\/p>\n<p>O PPGF conta ainda com um laborat\u00f3rio <em>in situ<\/em>, que \u00e9 a Floresta Nacional de Irati (FLONA), que representa um importante espa\u00e7o que o Programa disp\u00f5e para a realiza\u00e7\u00e3o de pesquisas dentro da tem\u00e1tica \u201cManejo de Recursos Florestais\u201d. A FLONA est\u00e1 localizada a apenas 15 km do <em>campus<\/em>, possuindo uma \u00e1rea total de 3.495 hectares sendo, sendo 1.308,71 ha de florestas plantadas e 1.272,90 h\u00e1 de floresta nativa de Arauc\u00e1ria (Floresta Ombr\u00f3fila Mista), al\u00e9m de \u00e1reas de v\u00e1rzea, capoeira, floresta pluvial subtropical e \u00e1rea n\u00e3o florestal. A FLONA se constitui em um espa\u00e7o sem similar para pesquisa, possuindo plantios de Pinus spp., Araucaria angustifolia, dentre outras esp\u00e9cies, que foram implantadas e manejadas a partir da d\u00e9cada de 1940. Possui ainda importantes fragmentos de Floresta Ombr\u00f3fila Mista, onde foram instaladas e medidas por professores e alunos do Departamento de Engenharia Florestal e do PPGF, a partir de 2002, 25 parcelas permanentes que s\u00e3o remedidas periodicamente para o monitoramento da din\u00e2mica da floresta.<\/p>\n<p>&nbsp;<\/p>\n<table class=\" aligncenter\" style=\"height: 459px\" width=\"602\">\n<tbody>\n<tr>\n<td><a href=\"http:\/\/www2.unicentro.br\/ppgf\/files\/2014\/11\/flona_um2.jpg\"><img loading=\"lazy\" decoding=\"async\" class=\"aligncenter wp-image-169 size-medium\" src=\"http:\/\/www2.unicentro.br\/ppgf\/files\/2014\/11\/flona_um2-300x225.jpg\" alt=\"\" width=\"300\" height=\"225\" srcset=\"https:\/\/www2.unicentro.br\/ppgf\/files\/2014\/11\/flona_um2-300x225.jpg 300w, https:\/\/www2.unicentro.br\/ppgf\/files\/2014\/11\/flona_um2.jpg 573w\" sizes=\"auto, (max-width: 300px) 100vw, 300px\" \/><\/a><\/td>\n<td><a href=\"http:\/\/www2.unicentro.br\/ppgf\/files\/2014\/11\/flona_dois2.jpg\"><img loading=\"lazy\" decoding=\"async\" class=\"aligncenter wp-image-170 size-medium\" src=\"http:\/\/www2.unicentro.br\/ppgf\/files\/2014\/11\/flona_dois2-300x225.jpg\" alt=\"\" width=\"300\" height=\"225\" srcset=\"https:\/\/www2.unicentro.br\/ppgf\/files\/2014\/11\/flona_dois2-300x225.jpg 300w, https:\/\/www2.unicentro.br\/ppgf\/files\/2014\/11\/flona_dois2.jpg 564w\" sizes=\"auto, (max-width: 300px) 100vw, 300px\" \/><\/a><\/td>\n<\/tr>\n<tr>\n<td><a href=\"http:\/\/www2.unicentro.br\/ppgf\/files\/2014\/11\/flona_quatro2.jpg\"><img loading=\"lazy\" decoding=\"async\" class=\"aligncenter wp-image-168 size-medium\" src=\"http:\/\/www2.unicentro.br\/ppgf\/files\/2014\/11\/flona_quatro2-300x225.jpg\" alt=\"\" width=\"300\" height=\"225\" srcset=\"https:\/\/www2.unicentro.br\/ppgf\/files\/2014\/11\/flona_quatro2-300x225.jpg 300w, https:\/\/www2.unicentro.br\/ppgf\/files\/2014\/11\/flona_quatro2.jpg 573w\" sizes=\"auto, (max-width: 300px) 100vw, 300px\" \/><\/a><\/td>\n<td><a href=\"http:\/\/www2.unicentro.br\/ppgf\/files\/2014\/11\/flona_tres2.jpg\"><img loading=\"lazy\" decoding=\"async\" class=\"aligncenter wp-image-171 size-medium\" src=\"http:\/\/www2.unicentro.br\/ppgf\/files\/2014\/11\/flona_tres2-300x200.jpg\" alt=\"\" width=\"300\" height=\"200\" srcset=\"https:\/\/www2.unicentro.br\/ppgf\/files\/2014\/11\/flona_tres2-300x200.jpg 300w, https:\/\/www2.unicentro.br\/ppgf\/files\/2014\/11\/flona_tres2.jpg 645w\" sizes=\"auto, (max-width: 300px) 100vw, 300px\" \/><\/a><\/td>\n<\/tr>\n<\/tbody>\n<\/table>\n","protected":false},"excerpt":{"rendered":"<p>O Programa de P\u00f3s-Gradua\u00e7\u00e3o em Ci\u00eancias Florestais conta com as seguintes \u00e1reas experimentais para a execu\u00e7\u00e3o de pesquisas: No Campus Irati O PPGF possui dentro do pr\u00f3prio Campus de Irati de \u00e1reas experimentais com plantios de Pinus sp. e Eucalyptus sp., que tem permitido o desenvolvimento de pesquisas na linha de pesquisa de manejo de [&hellip;]<\/p>\n","protected":false},"author":2,"featured_media":0,"parent":0,"menu_order":0,"comment_status":"closed","ping_status":"closed","template":"","meta":{"_exactmetrics_skip_tracking":false,"_exactmetrics_sitenote_active":false,"_exactmetrics_sitenote_note":"","_exactmetrics_sitenote_category":0,"ngg_post_thumbnail":0,"footnotes":"","_links_to":"","_links_to_target":""},"class_list":["post-165","page","type-page","status-publish","hentry"],"_links":{"self":[{"href":"https:\/\/www2.unicentro.br\/ppgf\/wp-json\/wp\/v2\/pages\/165","targetHints":{"allow":["GET"]}}],"collection":[{"href":"https:\/\/www2.unicentro.br\/ppgf\/wp-json\/wp\/v2\/pages"}],"about":[{"href":"https:\/\/www2.unicentro.br\/ppgf\/wp-json\/wp\/v2\/types\/page"}],"author":[{"embeddable":true,"href":"https:\/\/www2.unicentro.br\/ppgf\/wp-json\/wp\/v2\/users\/2"}],"replies":[{"embeddable":true,"href":"https:\/\/www2.unicentro.br\/ppgf\/wp-json\/wp\/v2\/comments?post=165"}],"version-history":[{"count":5,"href":"https:\/\/www2.unicentro.br\/ppgf\/wp-json\/wp\/v2\/pages\/165\/revisions"}],"predecessor-version":[{"id":1648,"href":"https:\/\/www2.unicentro.br\/ppgf\/wp-json\/wp\/v2\/pages\/165\/revisions\/1648"}],"wp:attachment":[{"href":"https:\/\/www2.unicentro.br\/ppgf\/wp-json\/wp\/v2\/media?parent=165"}],"curies":[{"name":"wp","href":"https:\/\/api.w.org\/{rel}","templated":true}]}}