{"id":163,"date":"2014-11-25T17:19:33","date_gmt":"2014-11-25T17:19:33","guid":{"rendered":"http:\/\/www2.unicentro.br\/ppgcf\/?page_id=163"},"modified":"2017-05-11T18:02:40","modified_gmt":"2017-05-11T18:02:40","slug":"informatica","status":"publish","type":"page","link":"https:\/\/www2.unicentro.br\/ppgf\/informatica\/","title":{"rendered":"Inform\u00e1tica"},"content":{"rendered":"<p>O campus de Irati possui sete laborat\u00f3rios de inform\u00e1tica, devidamente mobiliados e equipados com um total de 200 computadores, destinados para as aulas da gradua\u00e7\u00e3o e p\u00f3s-gradua\u00e7\u00e3o, sendo quatro multiusu\u00e1rios.<\/p>\n<p>&nbsp;<\/p>\n","protected":false},"excerpt":{"rendered":"<p>O campus de Irati possui sete laborat\u00f3rios de inform\u00e1tica, devidamente mobiliados e equipados com um total de 200 computadores, destinados para as aulas da gradua\u00e7\u00e3o e p\u00f3s-gradua\u00e7\u00e3o, sendo quatro multiusu\u00e1rios. &nbsp;<\/p>\n","protected":false},"author":2,"featured_media":0,"parent":0,"menu_order":0,"comment_status":"closed","ping_status":"closed","template":"","meta":{"_exactmetrics_skip_tracking":false,"_exactmetrics_sitenote_active":false,"_exactmetrics_sitenote_note":"","_exactmetrics_sitenote_category":0,"ngg_post_thumbnail":0,"footnotes":"","_links_to":"","_links_to_target":""},"class_list":["post-163","page","type-page","status-publish","hentry"],"_links":{"self":[{"href":"https:\/\/www2.unicentro.br\/ppgf\/wp-json\/wp\/v2\/pages\/163","targetHints":{"allow":["GET"]}}],"collection":[{"href":"https:\/\/www2.unicentro.br\/ppgf\/wp-json\/wp\/v2\/pages"}],"about":[{"href":"https:\/\/www2.unicentro.br\/ppgf\/wp-json\/wp\/v2\/types\/page"}],"author":[{"embeddable":true,"href":"https:\/\/www2.unicentro.br\/ppgf\/wp-json\/wp\/v2\/users\/2"}],"replies":[{"embeddable":true,"href":"https:\/\/www2.unicentro.br\/ppgf\/wp-json\/wp\/v2\/comments?post=163"}],"version-history":[{"count":2,"href":"https:\/\/www2.unicentro.br\/ppgf\/wp-json\/wp\/v2\/pages\/163\/revisions"}],"predecessor-version":[{"id":1651,"href":"https:\/\/www2.unicentro.br\/ppgf\/wp-json\/wp\/v2\/pages\/163\/revisions\/1651"}],"wp:attachment":[{"href":"https:\/\/www2.unicentro.br\/ppgf\/wp-json\/wp\/v2\/media?parent=163"}],"curies":[{"name":"wp","href":"https:\/\/api.w.org\/{rel}","templated":true}]}}