{"id":161,"date":"2014-11-25T17:19:00","date_gmt":"2014-11-25T17:19:00","guid":{"rendered":"http:\/\/www2.unicentro.br\/ppgcf\/?page_id=161"},"modified":"2017-05-11T17:57:20","modified_gmt":"2017-05-11T17:57:20","slug":"biblioteca","status":"publish","type":"page","link":"https:\/\/www2.unicentro.br\/ppgf\/biblioteca\/","title":{"rendered":"Biblioteca"},"content":{"rendered":"<p>O PPGF tem acesso ao sistema integrado de bibliotecas da UNICENTRO, que possui tr\u00eas bibliotecas principais, localizadas nos <em>Campus<\/em> de Guarapuava (Santa Cruz e Cedeteg) e Irati. As bibliotecas possuem os seguintes acervos: cole\u00e7\u00f5es de obras de refer\u00eancia, livros, folhetos, peri\u00f3dicos, monografias, disserta\u00e7\u00f5es, teses, mapas, materiais de multim\u00eddia (DVDs e CD-Roms), com 109.171 t\u00edtulos e 147.108 exemplares, sendo 1.935 t\u00edtulos de peri\u00f3dicos e 41.008 fasc\u00edculos de peri\u00f3dicos.<\/p>\n<p>Pode ser consultado pelo site: <a href=\"http:\/\/unicentro.phlnet.com.br\/\">http:\/\/unicentro.phlnet.com.br<\/a>, incluindo as bibliotecas do <em>Campus<\/em> de Irati, <em>Campus<\/em> Santa Cruz. <em>Campus<\/em> CEDETEG, <em>Campus<\/em> Avan\u00e7ado de Prudent\u00f3polis, <em>Campus<\/em> Avan\u00e7ado de Pitanga, Campus Avan\u00e7ado de Laranjeiras do Sul, <em>Campus<\/em> Avan\u00e7ado de Chopinzinho, Extens\u00e3o de Mallet e Extens\u00e3o de Coronel Vivida. A Classifica\u00e7\u00e3o utilizada \u00e9 a Decimal de Dewey (CDD). Todas as bibliotecas principais da UNICENTRO possuem sistema de seguran\u00e7a da empresa MULTISYSTEMS, baseado em antenas e etiquetas magnetizadas protetoras. A partir de 2009, foi implantado na biblioteca o Programa Personal Home Library \u2013 PHL em substitui\u00e7\u00e3o ao WINISIS. O PHL \u00e9 um sistema especialmente desenvolvido para a administra\u00e7\u00e3o de cole\u00e7\u00f5es e servi\u00e7os de bibliotecas, centros de informa\u00e7\u00f5es e museus, disponibilizado <em>online<\/em>, oferecendo uma presta\u00e7\u00e3o de servi\u00e7os de melhor qualidade aos usu\u00e1rios, este integra as bases de dados das bibliotecas da institui\u00e7\u00e3o em um mesmo sistema.<\/p>\n<p>As bibliotecas da UNICENTRO disponibilizam dos seguintes servi\u00e7os:<\/p>\n<ol>\n<li>Acesso ao acervo via sistema PHL, dispon\u00edvel na Internet (http:\/\/unicentro.phlnet.com.br).<\/li>\n<li>Reposit\u00f3rio de Teses e Disserta\u00e7\u00f5es produzidas na UNICENTRO, no endere\u00e7o <a href=\"http:\/\/tede.unicentro.br\/\">http:\/\/tede.unicentro.br\/<\/a>.<\/li>\n<li>Demais servi\u00e7os: empr\u00e9stimo domiciliar, empr\u00e9stimo entre bibliotecas (EEB), servi\u00e7os de alerta, assist\u00eancia e instru\u00e7\u00e3o no uso da biblioteca, comuta\u00e7\u00e3o, consulta ao cat\u00e1logo e reservas pela internet.<\/li>\n<li>Acesso ao Portal de Peri\u00f3dico da CAPES.<\/li>\n<\/ol>\n<p>No <em>Campus<\/em> de Irati, atualmente a biblioteca possui um acervo de 38.739 t\u00edtulos e 50.438 exemplares, sendo 688 t\u00edtulos de peri\u00f3dicos, 25.619 t\u00edtulos de livros e 220 t\u00edtulos de teses. Na \u00e1rea de Ci\u00eancias Agr\u00e1rias possui 3.241 t\u00edtulos e 3.707 exemplares, sendo 739 fasc\u00edculos de peri\u00f3dicos na \u00e1rea de Engenharia Florestal.<\/p>\n","protected":false},"excerpt":{"rendered":"<p>O PPGF tem acesso ao sistema integrado de bibliotecas da UNICENTRO, que possui tr\u00eas bibliotecas principais, localizadas nos Campus de Guarapuava (Santa Cruz e Cedeteg) e Irati. As bibliotecas possuem os seguintes acervos: cole\u00e7\u00f5es de obras de refer\u00eancia, livros, folhetos, peri\u00f3dicos, monografias, disserta\u00e7\u00f5es, teses, mapas, materiais de multim\u00eddia (DVDs e CD-Roms), com 109.171 t\u00edtulos e [&hellip;]<\/p>\n","protected":false},"author":2,"featured_media":0,"parent":0,"menu_order":0,"comment_status":"closed","ping_status":"closed","template":"","meta":{"_exactmetrics_skip_tracking":false,"_exactmetrics_sitenote_active":false,"_exactmetrics_sitenote_note":"","_exactmetrics_sitenote_category":0,"ngg_post_thumbnail":0,"footnotes":"","_links_to":"","_links_to_target":""},"class_list":["post-161","page","type-page","status-publish","hentry"],"_links":{"self":[{"href":"https:\/\/www2.unicentro.br\/ppgf\/wp-json\/wp\/v2\/pages\/161","targetHints":{"allow":["GET"]}}],"collection":[{"href":"https:\/\/www2.unicentro.br\/ppgf\/wp-json\/wp\/v2\/pages"}],"about":[{"href":"https:\/\/www2.unicentro.br\/ppgf\/wp-json\/wp\/v2\/types\/page"}],"author":[{"embeddable":true,"href":"https:\/\/www2.unicentro.br\/ppgf\/wp-json\/wp\/v2\/users\/2"}],"replies":[{"embeddable":true,"href":"https:\/\/www2.unicentro.br\/ppgf\/wp-json\/wp\/v2\/comments?post=161"}],"version-history":[{"count":3,"href":"https:\/\/www2.unicentro.br\/ppgf\/wp-json\/wp\/v2\/pages\/161\/revisions"}],"predecessor-version":[{"id":1649,"href":"https:\/\/www2.unicentro.br\/ppgf\/wp-json\/wp\/v2\/pages\/161\/revisions\/1649"}],"wp:attachment":[{"href":"https:\/\/www2.unicentro.br\/ppgf\/wp-json\/wp\/v2\/media?parent=161"}],"curies":[{"name":"wp","href":"https:\/\/api.w.org\/{rel}","templated":true}]}}