{"id":1595,"date":"2017-05-05T20:25:30","date_gmt":"2017-05-05T20:25:30","guid":{"rendered":"http:\/\/www2.unicentro.br\/ppgf\/?page_id=1595"},"modified":"2019-04-01T18:56:39","modified_gmt":"2019-04-01T18:56:39","slug":"formularios","status":"publish","type":"page","link":"https:\/\/www2.unicentro.br\/ppgf\/formularios\/","title":{"rendered":"Formul\u00e1rios"},"content":{"rendered":"<p><a href=\"http:\/\/www2.unicentro.br\/ppgf\/files\/2017\/05\/Aproveitamento-de-Cr\u00e9ditos.pdf\">Aproveitamento de Cr\u00e9ditos<\/a><\/p>\n<p><a href=\"http:\/\/www2.unicentro.br\/ppgf\/files\/2017\/05\/Bolsa-de-Estudos.pdf\">Bolsa de Estudos<\/a><\/p>\n<p><a href=\"https:\/\/www2.unicentro.br\/ppgf\/files\/2019\/04\/Comit\u00ea-de-Orienta\u00e7\u00e3o.pdf\">Comit\u00ea de Orienta\u00e7\u00e3o<\/a><\/p>\n<p><a href=\"http:\/\/www2.unicentro.br\/ppgf\/files\/2017\/05\/Credenciamento-de-Docentes.pdf\">Credenciamento de Docentes<\/a><\/p>\n<p><a href=\"http:\/\/www2.unicentro.br\/ppgf\/files\/2017\/05\/Declara\u00e7\u00e3o-de-Cumprimento-de-Pr\u00e1tica-em-Doc\u00eancia.pdf\">Declara\u00e7\u00e3o de Cumprimento de Pr\u00e1tica em Doc\u00eancia<\/a><\/p>\n<p><a href=\"http:\/\/www2.unicentro.br\/ppgf\/files\/2017\/05\/Exame-de-Qualifica\u00e7\u00e3o.pdf\">Exame de Qualifica\u00e7\u00e3o<\/a><\/p>\n<p><a href=\"http:\/\/www2.unicentro.br\/ppgf\/files\/2017\/05\/Plano-de-Atividades-Pr\u00e1tica-em-Doc\u00eancia.pdf\">Plano de Atividades &#8211; Pr\u00e1tica em Doc\u00eancia<\/a><\/p>\n<p><a href=\"http:\/\/www2.unicentro.br\/ppgf\/files\/2017\/05\/Relat\u00f3rio-Semestral-de-Atividades-Discente.pdf\">Relat\u00f3rio Semestral de Atividades Discente<\/a><\/p>\n<p><a href=\"http:\/\/www2.unicentro.br\/ppgf\/files\/2017\/05\/Solicita\u00e7\u00e3o-de-Defesa-P\u00fablica-Mestrado-e-Doutorado.pdf\">Solicita\u00e7\u00e3o de Defesa P\u00fablica &#8211; Mestrado e Doutorado<\/a><\/p>\n<p><a href=\"http:\/\/www2.unicentro.br\/ppgf\/files\/2017\/05\/Solicita\u00e7\u00e3o-de-Matr\u00edcula-Aluno-Regular.pdf\">Solicita\u00e7\u00e3o de Matr\u00edcula &#8211; Aluno Regular<\/a><\/p>\n<p><a href=\"http:\/\/www2.unicentro.br\/ppgf\/files\/2017\/05\/Solicita\u00e7\u00e3o-de-Matr\u00edcula-Aluno-N\u00e3o-Regular.pdf\">Solicita\u00e7\u00e3o de Matr\u00edcula &#8211; Aluno N\u00e3o Regular<\/a><\/p>\n<p>&nbsp;<\/p>\n","protected":false},"excerpt":{"rendered":"<p>Aproveitamento de Cr\u00e9ditos Bolsa de Estudos Comit\u00ea de Orienta\u00e7\u00e3o Credenciamento de Docentes Declara\u00e7\u00e3o de Cumprimento de Pr\u00e1tica em Doc\u00eancia Exame de Qualifica\u00e7\u00e3o Plano de Atividades &#8211; Pr\u00e1tica em Doc\u00eancia Relat\u00f3rio Semestral de Atividades Discente Solicita\u00e7\u00e3o de Defesa P\u00fablica &#8211; Mestrado e Doutorado Solicita\u00e7\u00e3o de Matr\u00edcula &#8211; Aluno Regular Solicita\u00e7\u00e3o de Matr\u00edcula &#8211; Aluno N\u00e3o Regular [&hellip;]<\/p>\n","protected":false},"author":2,"featured_media":0,"parent":0,"menu_order":0,"comment_status":"closed","ping_status":"closed","template":"","meta":{"_exactmetrics_skip_tracking":false,"_exactmetrics_sitenote_active":false,"_exactmetrics_sitenote_note":"","_exactmetrics_sitenote_category":0,"ngg_post_thumbnail":0,"footnotes":"","_links_to":"","_links_to_target":""},"class_list":["post-1595","page","type-page","status-publish","hentry"],"_links":{"self":[{"href":"https:\/\/www2.unicentro.br\/ppgf\/wp-json\/wp\/v2\/pages\/1595","targetHints":{"allow":["GET"]}}],"collection":[{"href":"https:\/\/www2.unicentro.br\/ppgf\/wp-json\/wp\/v2\/pages"}],"about":[{"href":"https:\/\/www2.unicentro.br\/ppgf\/wp-json\/wp\/v2\/types\/page"}],"author":[{"embeddable":true,"href":"https:\/\/www2.unicentro.br\/ppgf\/wp-json\/wp\/v2\/users\/2"}],"replies":[{"embeddable":true,"href":"https:\/\/www2.unicentro.br\/ppgf\/wp-json\/wp\/v2\/comments?post=1595"}],"version-history":[{"count":4,"href":"https:\/\/www2.unicentro.br\/ppgf\/wp-json\/wp\/v2\/pages\/1595\/revisions"}],"predecessor-version":[{"id":2099,"href":"https:\/\/www2.unicentro.br\/ppgf\/wp-json\/wp\/v2\/pages\/1595\/revisions\/2099"}],"wp:attachment":[{"href":"https:\/\/www2.unicentro.br\/ppgf\/wp-json\/wp\/v2\/media?parent=1595"}],"curies":[{"name":"wp","href":"https:\/\/api.w.org\/{rel}","templated":true}]}}