{"id":136,"date":"2014-11-25T16:32:13","date_gmt":"2014-11-25T16:32:13","guid":{"rendered":"http:\/\/www2.unicentro.br\/ppgcf\/?page_id=136"},"modified":"2017-05-11T17:50:44","modified_gmt":"2017-05-11T17:50:44","slug":"laboratorios","status":"publish","type":"page","link":"https:\/\/www2.unicentro.br\/ppgf\/laboratorios\/","title":{"rendered":"Laborat\u00f3rios e Centro de Pesquisa"},"content":{"rendered":"<p>O Programa de P\u00f3s-Gradua\u00e7\u00e3o em Ci\u00eancias Florestais (PPGF) est\u00e1 inserido no <em>Campus <\/em>Universit\u00e1rio de Irati e vinculado ao Departamento de Engenharia Florestal, dispondo de importante infraestrutura para o apoio \u00e0s atividades de ensino, pesquisa e extens\u00e3o aos cursos de gradua\u00e7\u00e3o e p\u00f3s-gradua\u00e7\u00e3o.\u00a0O PPGF faz uso de diversos laborat\u00f3rios instalados no Departamento de Engenharia Florestal, al\u00e9m da infraestrutura existente em outros Programas de P\u00f3s-Gradua\u00e7\u00e3o da institui\u00e7\u00e3o. Os laborat\u00f3rios que o PPGF disp\u00f5e atualmente s\u00e3o listados a seguir com os principais equipamentos dispon\u00edveis.<\/p>\n<p><strong><em>1. Laborat\u00f3rios<\/em><\/strong><\/p>\n<p><strong><em>Gen\u00e9tica e Melhoramento Florestal<\/em><\/strong><strong>:<br \/>\n<\/strong><span style=\"line-height: 1.5\">Possui ultrafreezer, autoclave, termociclador, cuba para eletroforese e lupas binocular com sistema de capta\u00e7\u00e3o de imagens.<\/span><\/p>\n<p><strong><em>Microscopia<\/em><\/strong><strong>: <\/strong>Trata-se de um laborat\u00f3rio multiusu\u00e1rio, que disp\u00f5e de microsc\u00f3pios \u00f3ticos de luz; l\u00e2minas permanentes de esp\u00e9cies florestais; microsc\u00f3pio \u00f3tico de luz equipado com sistema de captura e transmiss\u00e3o de imagens para v\u00eddeo monitor acoplado.<\/p>\n<p><strong><em>Solos Florestais, Fertilidade e Nutri\u00e7\u00e3o de Plantas<\/em><\/strong><strong>: <\/strong><\/p>\n<p>Disp\u00f5e dos seguintes equipamentos: Analisador elementar CHNS-O; espectrofot\u00f4metro UV-VIS; espectrofot\u00f4metro VIS; fot\u00f4metro de chamas; buretas digitais; refrigeradores; capela de exaust\u00e3o; balan\u00e7as eletr\u00f4nicas de precis\u00e3o; osmose reversa; chapa aquecedora com agitador magn\u00e9tico; mesa agitadora; estufas de esteriliza\u00e7\u00e3o e secagem; mufla; moinho tipo Wlley; centr\u00edfuga refrigerada; liofilizador; trados e amostradores de solo; e vidrarias em geral. O laborat\u00f3rio de solos est\u00e1 vinculado \u00e0 CELA (Comiss\u00e3o Estadual de Laborat\u00f3rios de An\u00e1lises Agron\u00f4micas), que avalia e certifica a qualidade das an\u00e1lises qu\u00edmicas de rotina de solos.<\/p>\n<p>&nbsp;<\/p>\n<table class=\" aligncenter\" style=\"height: 232px\" width=\"615\">\n<tbody>\n<tr>\n<td><img loading=\"lazy\" decoding=\"async\" class=\"alignleft wp-image-138 size-medium\" src=\"http:\/\/www2.unicentro.br\/ppgf\/files\/2014\/11\/solos_um-300x199.jpg\" alt=\"solos_um\" width=\"300\" height=\"199\" srcset=\"https:\/\/www2.unicentro.br\/ppgf\/files\/2014\/11\/solos_um-300x199.jpg 300w, https:\/\/www2.unicentro.br\/ppgf\/files\/2014\/11\/solos_um.jpg 778w\" sizes=\"auto, (max-width: 300px) 100vw, 300px\" \/><\/td>\n<td><a href=\"http:\/\/www2.unicentro.br\/ppgf\/files\/2014\/11\/solos_dois-e1423659456720.jpg\"><img loading=\"lazy\" decoding=\"async\" class=\"aligncenter wp-image-137 size-medium\" src=\"http:\/\/www2.unicentro.br\/ppgf\/files\/2014\/11\/solos_dois-e1423659456720-300x200.jpg\" alt=\"\" width=\"300\" height=\"200\" srcset=\"https:\/\/www2.unicentro.br\/ppgf\/files\/2014\/11\/solos_dois-e1423659456720-300x200.jpg 300w, https:\/\/www2.unicentro.br\/ppgf\/files\/2014\/11\/solos_dois-e1423659456720.jpg 778w\" sizes=\"auto, (max-width: 300px) 100vw, 300px\" \/><\/a><\/td>\n<\/tr>\n<\/tbody>\n<\/table>\n<p><strong><em><br \/>\nSilvicultura<\/em><\/strong><strong>:<\/strong><\/p>\n<p>Disp\u00f5e de diversos equipamentos, tais como: c\u00e2mara para armazenamento de sementes; autoclave horizontal semi-autom\u00e1tica; c\u00e2maras germinadoras; microsc\u00f3pios; c\u00e2maras de fluxo laminar; estufas de secagem; phmetro de bancada; balan\u00e7as anal\u00edticas de precis\u00e3o; purificador de \u00e1gua em sistema de osmose reversa; banho-maria; agitador magn\u00e9tico sem sistema de aquecimento, etc. \u00c9 de responsabilidade do laborat\u00f3rio de Silvicultura, o Viveiro Florestal, onde s\u00e3o conduzidas diversas pesquisas e possuindo os seguintes itens: casa de vegeta\u00e7\u00e3o n\u00e3o climatizada com \u00e1rea de 80 m<sup>2<\/sup>; casa de vegeta\u00e7\u00e3o com \u00e1rea de 208 m<sup>2<\/sup>, estrutura de metal e revestida por pl\u00e1stico polipropileno e canteiros n\u00e3o suspensos, com sistema de climatiza\u00e7\u00e3o controlado por antec\u00e2mara frontal e de irriga\u00e7\u00e3o automatizado e infraestrutura de aclimata\u00e7\u00e3o \u00e0 sombra e rustifica\u00e7\u00e3o a pleno sol com dimens\u00e3o total de 480 m<sup>2<\/sup>.<\/p>\n<p><strong><em>Silvicultura Urbana<\/em>: <\/strong>Disp\u00f5e de medidor de fotoss\u00edntese port\u00e1til (ADC Lci), c\u00e2mera fotogr\u00e1fica profissional, refrigerador, etc<\/p>\n<p><strong><em>Geotecnologia Ambiental<\/em><\/strong><strong>:<br \/>\n<\/strong>Disp\u00f5e de estereosc\u00f3pios de espelho; esta\u00e7\u00e3o total; teodolitos eletr\u00f4nicos; trenas eletr\u00f4nicas; receptor DGPS; b\u00fassolas; clin\u00f4metros; equipamentos e acess\u00f3rios diversos e softwares (ArcGis, ENVI, TrackMaker, etc).<br \/>\n<strong><em><br \/>\nPropriedades F\u00edsicas e Mec\u00e2nicas da Madeira<\/em><\/strong><strong>: <\/strong>Disp\u00f5e de m\u00e1quina universal de testes f\u00edsicos e mec\u00e2nicos da madeira; microcomputador com placa de aquisi\u00e7\u00e3o de dados e software TESC; chapa aquecedora; serra de fita estreita; lixadeira; paqu\u00edmetros digitais; rel\u00f3gio comparador; medidor el\u00e9trico de umidade da madeira; c\u00e2mara de climatiza\u00e7\u00e3o; tanque para ensaios de estabilidade dimensional da madeira e derivados; estufa sem circula\u00e7\u00e3o de ar; moinho.<\/p>\n<p><strong><em>Pain\u00e9is de Madeira<\/em><\/strong><strong>: <\/strong>Disp\u00f5e de prensa hidr\u00e1ulica para produ\u00e7\u00e3o de pain\u00e9is; tambor misturador de adesivo; caixas formadoras; estufas de secagem com circula\u00e7\u00e3o de ar.<\/p>\n<p style=\"padding-left: 60px\"><a href=\"http:\/\/www2.unicentro.br\/ppgf\/files\/2014\/11\/tecnologia_um.jpg\"><img loading=\"lazy\" decoding=\"async\" class=\"aligncenter wp-image-144 size-medium\" src=\"http:\/\/www2.unicentro.br\/ppgf\/files\/2014\/11\/tecnologia_um-300x199.jpg\" alt=\"\" width=\"300\" height=\"199\" srcset=\"https:\/\/www2.unicentro.br\/ppgf\/files\/2014\/11\/tecnologia_um-300x199.jpg 300w, https:\/\/www2.unicentro.br\/ppgf\/files\/2014\/11\/tecnologia_um.jpg 774w\" sizes=\"auto, (max-width: 300px) 100vw, 300px\" \/><\/a><\/p>\n<h5 style=\"padding-left: 30px\"><\/h5>\n<p><strong><em>Qu\u00edmica da Madeira<\/em><\/strong><strong>: <\/strong>Disp\u00f5e de bomba calorim\u00e9trica; estufa de secagem sem circula\u00e7\u00e3o de ar; estufa de secagem com circula\u00e7\u00e3o de ar; extratores tipo soxhlet; capela de exaust\u00e3o e vidrarias em geral.<\/p>\n<p><strong><em>Manejo Floresta<\/em><\/strong><strong>l:<br \/>\n<\/strong>Disp\u00f5e dos seguintes equipamentos: relasc\u00f3pio de espelhos de Bitterlich (banda larga e estreita); relasc\u00f3pio eletr\u00f4nico Criterion RD 1000; GPS Map 76CSx; sutas (40, 50 65 e 80 cm); suta laser; hips\u00f4metros Vertex IV; hips\u00f4metro Vertex laser; hips\u00f4metros Blume Leiss; hips\u00f4metro Suunto; trados de incremento (30, 40 e 50 cm); trado com motor; trupulse; trenas laser; visor de di\u00e2metro de Bitterlich; vara telesc\u00f3pica; fitas diam\u00e9tricas; fita diam\u00e9trica em fibra de vidro; garfo de di\u00e2metro; medidores de espessura de casca; balan\u00e7a digital 3T; bin\u00f3culo; dendr\u00f4metro eletr\u00f4nico; dendr\u00f4metro anal\u00f3gico; clin\u00f4metros eletr\u00f4nicos; estufa para esteriliza\u00e7\u00e3o e secagem; refrigerador; BOD; microomputadores; e um moderno Sistema para estudos Dendrocronol\u00f3gicos (LINTAB II e softwares espec\u00edficos).<\/p>\n<h5 style=\"padding-left: 30px\"><\/h5>\n<table class=\" aligncenter\" style=\"height: 237px\" width=\"610\">\n<tbody>\n<tr>\n<td><a href=\"http:\/\/www2.unicentro.br\/ppgf\/files\/2014\/11\/manejo_um.jpg\"><img loading=\"lazy\" decoding=\"async\" class=\"aligncenter wp-image-145 size-medium\" src=\"http:\/\/www2.unicentro.br\/ppgf\/files\/2014\/11\/manejo_um-300x199.jpg\" alt=\"\" width=\"300\" height=\"199\" srcset=\"https:\/\/www2.unicentro.br\/ppgf\/files\/2014\/11\/manejo_um-300x199.jpg 300w, https:\/\/www2.unicentro.br\/ppgf\/files\/2014\/11\/manejo_um.jpg 774w\" sizes=\"auto, (max-width: 300px) 100vw, 300px\" \/><\/a><\/td>\n<td><a href=\"http:\/\/www2.unicentro.br\/ppgf\/files\/2014\/11\/manejo_dois.jpg\"><img loading=\"lazy\" decoding=\"async\" class=\"aligncenter wp-image-146 size-medium\" src=\"http:\/\/www2.unicentro.br\/ppgf\/files\/2014\/11\/manejo_dois-300x199.jpg\" alt=\"\" width=\"300\" height=\"199\" srcset=\"https:\/\/www2.unicentro.br\/ppgf\/files\/2014\/11\/manejo_dois-300x199.jpg 300w, https:\/\/www2.unicentro.br\/ppgf\/files\/2014\/11\/manejo_dois.jpg 774w\" sizes=\"auto, (max-width: 300px) 100vw, 300px\" \/><\/a><\/td>\n<\/tr>\n<\/tbody>\n<\/table>\n<p><strong><em>Ergonomia, Colheita e Transporte Florestal<\/em><\/strong><strong>:<br \/>\n<\/strong>Disp\u00f5e de motosserras; motopodas; motoro\u00e7adeira; dinam\u00f4metro; cron\u00f4metros; filmadora; m\u00e1quina fotogr\u00e1fica; tac\u00f4metro, trena laser; hips\u00f4metro; GPS; penetr\u00f3grafos (manual e eletr\u00f4nico digital); amostrador de solos; projetores multim\u00eddia, etc. Al\u00e9m disso, o laborat\u00f3rio abriga o Centro de Forma\u00e7\u00e3o de Operadores Florestais (CENFOR), projeto de destaque e reconhecido no pa\u00eds e exterior, que possui 12 licen\u00e7as de softwares de simuladores de realidade virtual port\u00e1teis, montados em microcomputadores e 2 licen\u00e7as de softwares instalados em microcomputadores e televisores de tela plana e em cadeiras de m\u00e1quinas florestais, al\u00e9m de todos possu\u00edrem pares de joysticks. Em rela\u00e7\u00e3o ao laborat\u00f3rio de Ergonomia, disp\u00f5e de diversos equipamentos, tais como: medidor de vibra\u00e7\u00e3o do corpo humano; medidor de vibra\u00e7\u00e3o port\u00e1til, medidor de gases; monitores de frequ\u00eancia card\u00edaca; lux\u00edmetros; decibel\u00edmetros; dos\u00edmetros; anem\u00f4metro; cron\u00f4metros; balan\u00e7a e cadeira antropom\u00e9trica.<\/p>\n<table class=\" aligncenter\" style=\"height: 262px\" width=\"611\">\n<tbody>\n<tr>\n<td><a href=\"http:\/\/www2.unicentro.br\/ppgf\/files\/2014\/11\/colheita_um.jpg\"><img loading=\"lazy\" decoding=\"async\" class=\"aligncenter wp-image-147 size-medium\" src=\"http:\/\/www2.unicentro.br\/ppgf\/files\/2014\/11\/colheita_um-300x225.jpg\" alt=\"\" width=\"300\" height=\"225\" srcset=\"https:\/\/www2.unicentro.br\/ppgf\/files\/2014\/11\/colheita_um-300x225.jpg 300w, https:\/\/www2.unicentro.br\/ppgf\/files\/2014\/11\/colheita_um.jpg 768w\" sizes=\"auto, (max-width: 300px) 100vw, 300px\" \/><\/a><\/td>\n<td><a href=\"http:\/\/www2.unicentro.br\/ppgf\/files\/2014\/11\/colheita_dois.jpg\"><img loading=\"lazy\" decoding=\"async\" class=\"aligncenter wp-image-148 size-medium\" src=\"http:\/\/www2.unicentro.br\/ppgf\/files\/2014\/11\/colheita_dois-300x225.jpg\" alt=\"\" width=\"300\" height=\"225\" srcset=\"https:\/\/www2.unicentro.br\/ppgf\/files\/2014\/11\/colheita_dois-300x225.jpg 300w, https:\/\/www2.unicentro.br\/ppgf\/files\/2014\/11\/colheita_dois.jpg 768w\" sizes=\"auto, (max-width: 300px) 100vw, 300px\" \/><\/a><\/td>\n<\/tr>\n<\/tbody>\n<\/table>\n<p><strong><em>Economia e Mercado<\/em><\/strong><strong>:<br \/>\n<\/strong>Este laborat\u00f3rio apoia as atividades do PPGF, possuindo basicamente microcomputadores; calculadoras e acervo bibliogr\u00e1fico.<\/p>\n<p><strong><em>Dendrologia e Ecofisiologia Vegeta<\/em><\/strong><strong>l:<br \/>\n<\/strong>Possui diversos equipamentos, tais como estufas de secagem com circula\u00e7\u00e3o for\u00e7ada de ar; balan\u00e7as eletr\u00f4nicas; refrigeradores; estereosc\u00f3pios e computadores. Faz parte ainda deste laborat\u00f3rio, um Herb\u00e1rio que oferece importante suporte \u00e0s pesquisas desenvolvidas no PPGF, contando com mais de 5.856 exemplares identificados, registrados e em processo de informatiza\u00e7\u00e3o com o software Brahms. Atualmente, o acervo possui 8.000 amostras, por meio de interc\u00e2mbio com outros herb\u00e1rios do pa\u00eds.<\/p>\n<table class=\" aligncenter\" style=\"height: 244px\" width=\"640\">\n<tbody>\n<tr>\n<td><a href=\"http:\/\/www2.unicentro.br\/ppgf\/files\/2014\/11\/fisiologia_um.jpg\"><img loading=\"lazy\" decoding=\"async\" class=\"wp-image-149 alignright\" src=\"http:\/\/www2.unicentro.br\/ppgf\/files\/2014\/11\/fisiologia_um-300x199.jpg\" alt=\"\" width=\"297\" height=\"197\" srcset=\"https:\/\/www2.unicentro.br\/ppgf\/files\/2014\/11\/fisiologia_um-300x199.jpg 300w, https:\/\/www2.unicentro.br\/ppgf\/files\/2014\/11\/fisiologia_um.jpg 778w\" sizes=\"auto, (max-width: 297px) 100vw, 297px\" \/><\/a><\/td>\n<td><a href=\"http:\/\/www2.unicentro.br\/ppgf\/files\/2014\/11\/fisiologia_dois.jpg\"><img loading=\"lazy\" decoding=\"async\" class=\"wp-image-150  alignright\" src=\"http:\/\/www2.unicentro.br\/ppgf\/files\/2014\/11\/fisiologia_dois-300x225.jpg\" alt=\"\" width=\"264\" height=\"198\" srcset=\"https:\/\/www2.unicentro.br\/ppgf\/files\/2014\/11\/fisiologia_dois-300x225.jpg 300w, https:\/\/www2.unicentro.br\/ppgf\/files\/2014\/11\/fisiologia_dois.jpg 768w\" sizes=\"auto, (max-width: 264px) 100vw, 264px\" \/><\/a><\/td>\n<\/tr>\n<\/tbody>\n<\/table>\n<p><strong><em>Patologia Florestal<\/em><\/strong><strong>: <\/strong>Disp\u00f5e de espectrofot\u00f4metros; c\u00e2maras de fluxo lamina; microsc\u00f3pios; lupas estereosc\u00f3picas binoculares; estufa de esteriliza\u00e7\u00e3o e secagem; Incubadora tipo BOD; balan\u00e7as anal\u00edticas; medidor de pH; banho-maria; compressor e aer\u00f3grafo para inocula\u00e7\u00e3o; centr\u00edfuga para eppendorfs; agitador magn\u00e9tico com sistema de aquecimento; refrigeradores e virarias em geral.<\/p>\n<p><strong><em>Entomologia<\/em><\/strong><strong> <em>Floresta<\/em>l: <\/strong>Disp\u00f5e de microcomputadores; lupas estereosc\u00f3picas binoculares e microsc\u00f3pios, bem como cole\u00e7\u00e3o entomol\u00f3gica com mais de 10.000 esp\u00e9cimes de insetos. Al\u00e9m disso, conta com equipamentos b\u00e1sicos para estudos de inc\u00eandios florestais, como: abafadores; lan\u00e7a-chamas para contra-fogo dentre outros.<\/p>\n<p>&nbsp;<\/p>\n<table class=\" aligncenter\" style=\"height: 244px\" width=\"615\">\n<tbody>\n<tr>\n<td><a href=\"http:\/\/www2.unicentro.br\/ppgf\/files\/2014\/11\/protecao_um.jpg\"><img loading=\"lazy\" decoding=\"async\" class=\"aligncenter wp-image-151 size-medium\" src=\"http:\/\/www2.unicentro.br\/ppgf\/files\/2014\/11\/protecao_um-300x199.jpg\" alt=\"\" width=\"300\" height=\"199\" srcset=\"https:\/\/www2.unicentro.br\/ppgf\/files\/2014\/11\/protecao_um-300x199.jpg 300w, https:\/\/www2.unicentro.br\/ppgf\/files\/2014\/11\/protecao_um.jpg 774w\" sizes=\"auto, (max-width: 300px) 100vw, 300px\" \/><\/a><\/td>\n<td><a href=\"http:\/\/www2.unicentro.br\/ppgf\/files\/2014\/11\/protecao_dois.jpg\"><img loading=\"lazy\" decoding=\"async\" class=\"aligncenter wp-image-152 size-medium\" src=\"http:\/\/www2.unicentro.br\/ppgf\/files\/2014\/11\/protecao_dois-300x199.jpg\" alt=\"\" width=\"300\" height=\"199\" srcset=\"https:\/\/www2.unicentro.br\/ppgf\/files\/2014\/11\/protecao_dois-300x199.jpg 300w, https:\/\/www2.unicentro.br\/ppgf\/files\/2014\/11\/protecao_dois.jpg 774w\" sizes=\"auto, (max-width: 300px) 100vw, 300px\" \/><\/a><\/td>\n<\/tr>\n<\/tbody>\n<\/table>\n<p><strong><em>Saneamento e Qualidade da \u00c1gua<\/em><\/strong><strong>:<br \/>\n<\/strong>Este laborat\u00f3rio vinculado ao Departamento de Engenharia Ambiental tem apoiado o PPGF pode meio de diversas pesquisas na linha de \u201cTratamento de Efluentes\u201d de ind\u00fastria de celulose e papel. Possui agitadores magn\u00e9tico; balan\u00e7as anal\u00edticas; banho maria; barriletes para dep\u00f3sito de \u00e1gua; buretas digitais eletr\u00f4nicas; capela de exaust\u00e3o de gases; chapa de aquecimento anal\u00f3gica; compressor de ar; destilador para determina\u00e7\u00e3o de Nitrog\u00eanio 6 provas; digestor DQO; dispensadores autom\u00e1ticos autoclav\u00e1veis; eletrodos \u00edon seletivo fluoreto e nitrato; espectrofot\u00f4metro vis\u00edvel 340-900 nm; estufa; Flotatest &#8211; Flotador por ar dissolvido; forno mufla Magnus; Manta aquecedora; Micropipetas mec\u00e2nicas de volume vari\u00e1veis; Phmetro de bancada; potenci\u00f4metro de bancada digital Analyser; reator de radia\u00e7\u00e3o ultravioleta com 6 l\u00e2mpadas; sistema de osmose reversa; turbid\u00edmetro; unidades piloto de microfiltra\u00e7\u00e3o e ultrafiltrac\u00e3o; digestor\/destilador de nitrog\u00eanio total 6 provas com vidrarias; jarras anaer\u00f3bicas de laborat\u00f3rio; cromat\u00f3grafo Agilent com padr\u00f5es anal\u00edticos.<\/p>\n<p>&nbsp;<\/p>\n<p><strong>2. Centros Avan\u00e7ados de Pesquisa Multiusu\u00e1rio<\/strong><\/p>\n<p>O PPGF disp\u00f5e do Centro de Pesquisas Multiusu\u00e1rio Biomassa, Bionergia e Bioecnologia (BIO-3), localizado no <em>Campus <\/em>de Irati. Trata-de um Centro Avan\u00e7ado de pesquisa aprovado pela FINEP, com \u00e1rea total constru\u00edda de 750 m<sup>2<\/sup> e diversos laborat\u00f3rios interligados nas \u00e1reas de Biotecnologia, Manejo Florestal, Biomassa e Bionergia, de modo a atender ao objetivo estrat\u00e9gico do Centro de Pesquisa, que \u00e9 o desenvolvimento de estudos para a produ\u00e7\u00e3o e o manejo sustent\u00e1vel de biomassa, sua melhoria gen\u00e9tica e transforma\u00e7\u00e3o por processos de biotecnologia, para a produ\u00e7\u00e3o de energia renov\u00e1vel.<\/p>\n<p>O\u00a0PPGF tem \u00e0 disposi\u00e7\u00e3o no <em>Campus<\/em> CEDETEG, o Centro Institucional Multidisciplinar de Pesquisa Cient\u00edfica e Tecnol\u00f3gica (CIMPE), o Centro de Pesquisas Avan\u00e7adas Ambientais, Bioenerg\u00e9ticas e Biotecnol\u00f3gicas (AMBIOTEC) e o Centro de Ci\u00eancias Moleculares e Nanotecnologia (CCMN).<\/p>\n","protected":false},"excerpt":{"rendered":"<p>O Programa de P\u00f3s-Gradua\u00e7\u00e3o em Ci\u00eancias Florestais (PPGF) est\u00e1 inserido no Campus Universit\u00e1rio de Irati e vinculado ao Departamento de Engenharia Florestal, dispondo de importante infraestrutura para o apoio \u00e0s atividades de ensino, pesquisa e extens\u00e3o aos cursos de gradua\u00e7\u00e3o e p\u00f3s-gradua\u00e7\u00e3o.\u00a0O PPGF faz uso de diversos laborat\u00f3rios instalados no Departamento de Engenharia Florestal, al\u00e9m [&hellip;]<\/p>\n","protected":false},"author":2,"featured_media":0,"parent":0,"menu_order":0,"comment_status":"closed","ping_status":"closed","template":"","meta":{"_exactmetrics_skip_tracking":false,"_exactmetrics_sitenote_active":false,"_exactmetrics_sitenote_note":"","_exactmetrics_sitenote_category":0,"ngg_post_thumbnail":0,"footnotes":"","_links_to":"","_links_to_target":""},"class_list":["post-136","page","type-page","status-publish","hentry"],"_links":{"self":[{"href":"https:\/\/www2.unicentro.br\/ppgf\/wp-json\/wp\/v2\/pages\/136","targetHints":{"allow":["GET"]}}],"collection":[{"href":"https:\/\/www2.unicentro.br\/ppgf\/wp-json\/wp\/v2\/pages"}],"about":[{"href":"https:\/\/www2.unicentro.br\/ppgf\/wp-json\/wp\/v2\/types\/page"}],"author":[{"embeddable":true,"href":"https:\/\/www2.unicentro.br\/ppgf\/wp-json\/wp\/v2\/users\/2"}],"replies":[{"embeddable":true,"href":"https:\/\/www2.unicentro.br\/ppgf\/wp-json\/wp\/v2\/comments?post=136"}],"version-history":[{"count":17,"href":"https:\/\/www2.unicentro.br\/ppgf\/wp-json\/wp\/v2\/pages\/136\/revisions"}],"predecessor-version":[{"id":1646,"href":"https:\/\/www2.unicentro.br\/ppgf\/wp-json\/wp\/v2\/pages\/136\/revisions\/1646"}],"wp:attachment":[{"href":"https:\/\/www2.unicentro.br\/ppgf\/wp-json\/wp\/v2\/media?parent=136"}],"curies":[{"name":"wp","href":"https:\/\/api.w.org\/{rel}","templated":true}]}}