{"id":127,"date":"2014-11-25T12:57:50","date_gmt":"2014-11-25T12:57:50","guid":{"rendered":"http:\/\/www2.unicentro.br\/ppgcf\/?page_id=127"},"modified":"2015-02-11T12:55:51","modified_gmt":"2015-02-11T12:55:51","slug":"sede","status":"publish","type":"page","link":"https:\/\/www2.unicentro.br\/ppgf\/sede\/","title":{"rendered":"Sede"},"content":{"rendered":"<p><strong>Infraestrutura Administrativa do PPCF:<\/strong><\/p>\n<p>O Programa de P\u00f3s-Gradua\u00e7\u00e3o em Ci\u00eancias Florestais (PPGF) possui um pr\u00e9dio pr\u00f3prio, que atualmente atende exclusivamente ao Curso de Mestrado, com \u00e1rea total de 220 m<sup>2<\/sup>. No pr\u00e9dio h\u00e1 acesso \u00e0 internet por meio de conex\u00e3o wireless, dispon\u00edvel para os docentes, discentes e funcion\u00e1rios, com as seguintes depend\u00eancias:<\/p>\n<ul>\n<li>Sala da coordena\u00e7\u00e3o do curso e de reuni\u00e3o do colegiado, equipada com microcomputador ligado a internet, impressora e linha telef\u00f4nica, mesa de reuni\u00e3o e cadeiras.<\/li>\n<li>Sala que abriga a secretaria do curso equipada com mesa, arm\u00e1rios, cadeiras, microcomputador ligado \u00e0 internet, duas impressoras L.A.S.E.R., linha telef\u00f4nica. Ressalta-se ainda que o Programa disp\u00f5es de um secret\u00e1ria do quadro de funcion\u00e1rios efetivos da universidade, com dedica\u00e7\u00e3o exclusiva.<\/li>\n<li>Duas Salas de estudos para os discentes, sendo de uso exclusivo da P\u00f3s-Gradua\u00e7\u00e3o, equipadas com mobili\u00e1rios e arm\u00e1rios individualizados, mesa de estudo e cadeiras.<\/li>\n<li>Duas Salas de aulas equipadas com 20 carteiras individualizadas e equipadas com projetores multim\u00eddia, sendo de uso exclusivo da P\u00f3s-Gradua\u00e7\u00e3o..<\/li>\n<\/ul>\n<p>Al\u00e9m disso, existem 18 gabinetes individuais para todos os docentes do Departamento de Engenharia Florestal, os quais est\u00e3o situados junto aos seus respectivos laborat\u00f3rios, com \u00e1rea variando de 9 a 32 m<sup>2<\/sup>, com todo o mobili\u00e1rio b\u00e1sico.<\/p>\n<p><strong>Outras Estruturas:<\/strong><\/p>\n<p>O PPGF utiliza-se ainda de outros espa\u00e7os dentro do Campus Universit\u00e1rio de Irati, podendo-se citar:<\/p>\n<ul>\n<li>Audit\u00f3rio com 400 assentos, equipado com tel\u00e3o, projetor multim\u00eddia e sistema de som.<\/li>\n<li>Miniaudit\u00f3rio com 80 assentos, equipado com projetor multim\u00eddia, sistema de som e sistema de videoconfer\u00eancia.<\/li>\n<li>Restaurante Universit\u00e1rio, com \u00e1rea de 600 m<sup>2<\/sup> e oferta de 500 refei\u00e7\u00f5es di\u00e1rias.<\/li>\n<li>7 laborat\u00f3rios de inform\u00e1tica, dos quais quatro s\u00e3o multiusu\u00e1rios. Todos os laborat\u00f3rios est\u00e3o devidamente mobiliados e equipados com um total de 150 computadores.<\/li>\n<li>Todos os pr\u00e9dios do Campus universit\u00e1rio possui a rede de acesso wireless \u00e0 internet.<\/li>\n<\/ul>\n<p><strong>Infraestrutura em Constru\u00e7\u00e3o<\/strong><\/p>\n<p>Estar\u00e1 em breve iniciando a constru\u00e7\u00e3o do Centro de Pesquisa de Biomassa, Biotecnologia e Bioenergia, denominado BIO-3, com t\u00e9rmino previsto para junho de 2014. O BIO-3 foi aprovado na Chamada P\u00fablica MCT\/Finep\/CT-Infra-Proinfra 02\/2010, no valor de R$ 750.000,00, tendo sido elaborado e encaminhado pelo PPGF. Trata-se de um Centro de Pesquisa com \u00e1rea total de 700 m<sup>2<\/sup> e que possuir\u00e1 tr\u00eas blocos principais: Biotecnologia, Manejo Florestal, Biomassa e Bionergia, com seus respectivos laborat\u00f3rios. Estes laborat\u00f3rios espec\u00edficos ser\u00e3o interligados, de modo a atender ao objetivo estrat\u00e9gico do Centro de Pesquisa que ser\u00e1 o desenvolvimento de estudos para a produ\u00e7\u00e3o e o manejo sustent\u00e1vel de biomassa, sua melhoria gen\u00e9tica e transforma\u00e7\u00e3o por processos de biotecnologia, para a produ\u00e7\u00e3o de bioenergia, com \u00eanfase em tecnologias de ponta para a obten\u00e7\u00e3o de etanol celul\u00f3sico, isobutanol e outros biocombust\u00edveis.<\/p>\n<p><a href=\"http:\/\/www2.unicentro.br\/ppgf\/files\/2014\/11\/irati_campus.jpg\"><img loading=\"lazy\" decoding=\"async\" class=\"alignleft wp-image-129 size-medium\" src=\"http:\/\/www2.unicentro.br\/ppgf\/files\/2014\/11\/irati_campus-300x163.jpg\" alt=\"irati_campus\" width=\"300\" height=\"163\" srcset=\"https:\/\/www2.unicentro.br\/ppgf\/files\/2014\/11\/irati_campus-300x163.jpg 300w, https:\/\/www2.unicentro.br\/ppgf\/files\/2014\/11\/irati_campus.jpg 768w\" sizes=\"auto, (max-width: 300px) 100vw, 300px\" \/><\/a><a href=\"http:\/\/www2.unicentro.br\/ppgf\/files\/2014\/11\/sede.jpg\"><img loading=\"lazy\" decoding=\"async\" class=\"alignleft wp-image-128 size-medium\" src=\"http:\/\/www2.unicentro.br\/ppgf\/files\/2014\/11\/sede-300x176.jpg\" alt=\"sede\" width=\"300\" height=\"176\" srcset=\"https:\/\/www2.unicentro.br\/ppgf\/files\/2014\/11\/sede-300x176.jpg 300w, https:\/\/www2.unicentro.br\/ppgf\/files\/2014\/11\/sede.jpg 798w\" sizes=\"auto, (max-width: 300px) 100vw, 300px\" \/><\/a><\/p>\n","protected":false},"excerpt":{"rendered":"<p>Infraestrutura Administrativa do PPCF: O Programa de P\u00f3s-Gradua\u00e7\u00e3o em Ci\u00eancias Florestais (PPGF) possui um pr\u00e9dio pr\u00f3prio, que atualmente atende exclusivamente ao Curso de Mestrado, com \u00e1rea total de 220 m2. No pr\u00e9dio h\u00e1 acesso \u00e0 internet por meio de conex\u00e3o wireless, dispon\u00edvel para os docentes, discentes e funcion\u00e1rios, com as seguintes depend\u00eancias: Sala da coordena\u00e7\u00e3o [&hellip;]<\/p>\n","protected":false},"author":2,"featured_media":0,"parent":0,"menu_order":0,"comment_status":"closed","ping_status":"closed","template":"","meta":{"_exactmetrics_skip_tracking":false,"_exactmetrics_sitenote_active":false,"_exactmetrics_sitenote_note":"","_exactmetrics_sitenote_category":0,"ngg_post_thumbnail":0,"footnotes":"","_links_to":"","_links_to_target":""},"class_list":["post-127","page","type-page","status-publish","hentry"],"_links":{"self":[{"href":"https:\/\/www2.unicentro.br\/ppgf\/wp-json\/wp\/v2\/pages\/127","targetHints":{"allow":["GET"]}}],"collection":[{"href":"https:\/\/www2.unicentro.br\/ppgf\/wp-json\/wp\/v2\/pages"}],"about":[{"href":"https:\/\/www2.unicentro.br\/ppgf\/wp-json\/wp\/v2\/types\/page"}],"author":[{"embeddable":true,"href":"https:\/\/www2.unicentro.br\/ppgf\/wp-json\/wp\/v2\/users\/2"}],"replies":[{"embeddable":true,"href":"https:\/\/www2.unicentro.br\/ppgf\/wp-json\/wp\/v2\/comments?post=127"}],"version-history":[{"count":6,"href":"https:\/\/www2.unicentro.br\/ppgf\/wp-json\/wp\/v2\/pages\/127\/revisions"}],"predecessor-version":[{"id":486,"href":"https:\/\/www2.unicentro.br\/ppgf\/wp-json\/wp\/v2\/pages\/127\/revisions\/486"}],"wp:attachment":[{"href":"https:\/\/www2.unicentro.br\/ppgf\/wp-json\/wp\/v2\/media?parent=127"}],"curies":[{"name":"wp","href":"https:\/\/api.w.org\/{rel}","templated":true}]}}