{"id":1003,"date":"2016-04-28T19:46:49","date_gmt":"2016-04-28T19:46:49","guid":{"rendered":"http:\/\/www2.unicentro.br\/ppgf\/?page_id=1003"},"modified":"2020-07-23T23:42:31","modified_gmt":"2020-07-23T23:42:31","slug":"regulamentos","status":"publish","type":"page","link":"https:\/\/www2.unicentro.br\/ppgf\/regulamentos\/","title":{"rendered":"Regulamentos"},"content":{"rendered":"<p><a href=\"http:\/\/www2.unicentro.br\/ppgf\/files\/2016\/04\/Regulamento-da-P\u00f3s-Gradua\u00e7\u00e3o-Stricto-Sensu-da-UNICENTRO-1.pdf\">Regulamento da P\u00f3s-Gradua\u00e7\u00e3o Stricto Sensu da UNICENTRO<\/a><\/p>\n<p><a href=\"http:\/\/www2.unicentro.br\/ppgf\/files\/2016\/04\/Regulamento-do-Programa-de-P\u00f3s-Gradua\u00e7\u00e3o-Stricto-Sensu-em-Ci\u00eancias-Florestais.pdf\">Regulamento do Programa de P\u00f3s-Gradua\u00e7\u00e3o Stricto Sensu em Ci\u00eancias Florestais<\/a><\/p>\n<p><a href=\"http:\/\/www2.unicentro.br\/ppgf\/files\/2016\/04\/Regulamento-de-Exame-de-Qualifica\u00e7\u00e3o-PPGF.pdf\">Regulamento de Exame de Qualifica\u00e7\u00e3o &#8211; PPGF<\/a><\/p>\n<p><a href=\"https:\/\/www2.unicentro.br\/ppgf\/files\/2020\/07\/Regulamento-para-Credenciamento-e-Recredenciamento-de-Docentes.pdf\">Regulamento para Credenciamento e Recredenciamento de Docentes<\/a><a href=\"http:\/\/www2.unicentro.br\/ppgf\/files\/2016\/04\/Regulamento-Credenciamento-e-Recredenciamento-PPFG-2016.pdf\">\u00a0&#8211; PPGF<\/a><\/p>\n<p><a href=\"https:\/\/www2.unicentro.br\/ppgf\/files\/2018\/12\/Regulamento-Concess\u00e3o-e-Manuten\u00e7\u00e3o-de-Bolsa-de-Estudos-PPGF_Dez2018.pdf\">Regulamento para Concess\u00e3o e Manuten\u00e7\u00e3o de Bolsa de Estudos &#8211; PPGF<\/a><\/p>\n<p><a href=\"http:\/\/www2.unicentro.br\/ppgf\/files\/2016\/04\/Regulamento-do-Programa-de-Demanda-Social-\u2013-DS-1.pdf\">Regulamento do Programa de Demanda Social &#8211; DS<\/a><\/p>\n<p><a href=\"http:\/\/www2.unicentro.br\/ppgf\/files\/2016\/04\/Regulamento-do-Programa-Nacional-de-P\u00f3s-Doutorado-PNPD.pdf\">Regulamento do Programa Nacional de P\u00f3s-Doutorado &#8211; PNPD<\/a><\/p>\n<p><a href=\"http:\/\/www2.unicentro.br\/ppgf\/files\/2016\/04\/Regulamento-Programa-de-Doutorado-Sandu\u00edche-no-Exterior-PDSE.pdf\">Regulamento do Programa de Doutorado Sandu\u00edche no Exterior &#8211; PDSE<\/a><\/p>\n","protected":false},"excerpt":{"rendered":"<p>Regulamento da P\u00f3s-Gradua\u00e7\u00e3o Stricto Sensu da UNICENTRO Regulamento do Programa de P\u00f3s-Gradua\u00e7\u00e3o Stricto Sensu em Ci\u00eancias Florestais Regulamento de Exame de Qualifica\u00e7\u00e3o &#8211; PPGF Regulamento para Credenciamento e Recredenciamento de Docentes\u00a0&#8211; PPGF Regulamento para Concess\u00e3o e Manuten\u00e7\u00e3o de Bolsa de Estudos &#8211; PPGF Regulamento do Programa de Demanda Social &#8211; DS Regulamento do Programa Nacional [&hellip;]<\/p>\n","protected":false},"author":2,"featured_media":0,"parent":0,"menu_order":0,"comment_status":"closed","ping_status":"closed","template":"","meta":{"_exactmetrics_skip_tracking":false,"_exactmetrics_sitenote_active":false,"_exactmetrics_sitenote_note":"","_exactmetrics_sitenote_category":0,"ngg_post_thumbnail":0,"footnotes":"","_links_to":"","_links_to_target":""},"class_list":["post-1003","page","type-page","status-publish","hentry"],"_links":{"self":[{"href":"https:\/\/www2.unicentro.br\/ppgf\/wp-json\/wp\/v2\/pages\/1003","targetHints":{"allow":["GET"]}}],"collection":[{"href":"https:\/\/www2.unicentro.br\/ppgf\/wp-json\/wp\/v2\/pages"}],"about":[{"href":"https:\/\/www2.unicentro.br\/ppgf\/wp-json\/wp\/v2\/types\/page"}],"author":[{"embeddable":true,"href":"https:\/\/www2.unicentro.br\/ppgf\/wp-json\/wp\/v2\/users\/2"}],"replies":[{"embeddable":true,"href":"https:\/\/www2.unicentro.br\/ppgf\/wp-json\/wp\/v2\/comments?post=1003"}],"version-history":[{"count":22,"href":"https:\/\/www2.unicentro.br\/ppgf\/wp-json\/wp\/v2\/pages\/1003\/revisions"}],"predecessor-version":[{"id":2207,"href":"https:\/\/www2.unicentro.br\/ppgf\/wp-json\/wp\/v2\/pages\/1003\/revisions\/2207"}],"wp:attachment":[{"href":"https:\/\/www2.unicentro.br\/ppgf\/wp-json\/wp\/v2\/media?parent=1003"}],"curies":[{"name":"wp","href":"https:\/\/api.w.org\/{rel}","templated":true}]}}