{"id":9096,"date":"2026-01-22T10:45:48","date_gmt":"2026-01-22T13:45:48","guid":{"rendered":"https:\/\/www2.unicentro.br\/ppge\/?page_id=9096"},"modified":"2026-01-22T10:53:12","modified_gmt":"2026-01-22T13:53:12","slug":"dissertacoes-2026","status":"publish","type":"page","link":"https:\/\/www2.unicentro.br\/ppge\/dissertacoes-2026\/","title":{"rendered":"Disserta\u00e7\u00f5es 2026"},"content":{"rendered":"<table style=\"border-color: #ffffff;background-color: #ffffff;width: 100%;height: 70px\">\n<tbody>\n<tr style=\"background-color: #c4c4c4\">\n<td style=\"height: 50px;width: 22.8517%;text-align: center\"><strong>AUTOR(A)<\/strong><\/td>\n<td style=\"text-align: center;height: 50px;width: 42.3041%\"><strong>T\u00cdTULO<\/strong><\/td>\n<td style=\"text-align: center;height: 50px;width: 19.3579%\"><strong>ORIENTADOR(A)<\/strong><\/td>\n<td style=\"text-align: center;height: 50px;width: 14.5442%\"><strong>DISSERTA\u00c7\u00c3O<\/strong><\/td>\n<\/tr>\n<tr style=\"height: 10px\">\n<td style=\"width: 22.8517%;height: 10px;background-color: #ffffff;text-align: center\">&nbsp;<\/td>\n<td style=\"width: 42.3041%;height: 10px;background-color: #ffffff\">&nbsp;<\/td>\n<td style=\"width: 19.3579%;height: 10px;background-color: #ffffff\">&nbsp;<\/td>\n<td style=\"width: 14.5442%;height: 10px;background-color: #ffffff\">&nbsp;<\/td>\n<\/tr>\n<tr style=\"height: 10px\">\n<td style=\"width: 22.8517%;text-align: center;height: 10px;background-color: #a3d5f0\">&nbsp;<\/td>\n<td style=\"width: 42.3041%;height: 10px;text-align: center;background-color: #a3d5f0\">&nbsp;<\/td>\n<td style=\"width: 19.3579%;height: 10px;text-align: center;background-color: #a3d5f0\">&nbsp;<\/td>\n<td style=\"width: 14.5442%;height: 10px;text-align: center;background-color: #a3d5f0\">&nbsp;<\/td>\n<\/tr>\n<\/tbody>\n<\/table>\n","protected":false},"excerpt":{"rendered":"<p>AUTOR(A) T\u00cdTULO ORIENTADOR(A) DISSERTA\u00c7\u00c3O &nbsp; &nbsp; &nbsp; &nbsp; &nbsp; &nbsp; &nbsp; &nbsp;<\/p>\n","protected":false},"author":6,"featured_media":0,"parent":0,"menu_order":0,"comment_status":"closed","ping_status":"closed","template":"","meta":{"_exactmetrics_skip_tracking":false,"_exactmetrics_sitenote_active":false,"_exactmetrics_sitenote_note":"","_exactmetrics_sitenote_category":0,"ngg_post_thumbnail":0,"footnotes":"","_links_to":"","_links_to_target":""},"class_list":["post-9096","page","type-page","status-publish","hentry"],"publishpress_future_action":{"enabled":false,"date":"2026-04-17 11:51:30","action":"change-status","newStatus":"draft","terms":[],"taxonomy":"","extraData":[]},"publishpress_future_workflow_manual_trigger":{"enabledWorkflows":[]},"_links":{"self":[{"href":"https:\/\/www2.unicentro.br\/ppge\/wp-json\/wp\/v2\/pages\/9096","targetHints":{"allow":["GET"]}}],"collection":[{"href":"https:\/\/www2.unicentro.br\/ppge\/wp-json\/wp\/v2\/pages"}],"about":[{"href":"https:\/\/www2.unicentro.br\/ppge\/wp-json\/wp\/v2\/types\/page"}],"author":[{"embeddable":true,"href":"https:\/\/www2.unicentro.br\/ppge\/wp-json\/wp\/v2\/users\/6"}],"replies":[{"embeddable":true,"href":"https:\/\/www2.unicentro.br\/ppge\/wp-json\/wp\/v2\/comments?post=9096"}],"version-history":[{"count":7,"href":"https:\/\/www2.unicentro.br\/ppge\/wp-json\/wp\/v2\/pages\/9096\/revisions"}],"predecessor-version":[{"id":9109,"href":"https:\/\/www2.unicentro.br\/ppge\/wp-json\/wp\/v2\/pages\/9096\/revisions\/9109"}],"wp:attachment":[{"href":"https:\/\/www2.unicentro.br\/ppge\/wp-json\/wp\/v2\/media?parent=9096"}],"curies":[{"name":"wp","href":"https:\/\/api.w.org\/{rel}","templated":true}]}}