{"id":8535,"date":"2025-06-16T16:21:24","date_gmt":"2025-06-16T19:21:24","guid":{"rendered":"https:\/\/www2.unicentro.br\/ppge\/?page_id=8535"},"modified":"2025-06-17T09:18:36","modified_gmt":"2025-06-17T12:18:36","slug":"plano-de-desenvolvimento-institucional","status":"publish","type":"page","link":"https:\/\/www2.unicentro.br\/ppge\/plano-de-desenvolvimento-institucional\/","title":{"rendered":"Plano de Desenvolvimento Institucional"},"content":{"rendered":"<p>O Plano de Desenvolvimento Institucional \u2013 PDI, elaborado para um per\u00edodo de 5 (cinco) anos, trata-se do documento que identifica a Institui\u00e7\u00e3o de Ensino Superior (IES), no que diz respeito \u00e0 filosofia de trabalho, \u00e0 miss\u00e3o que a Universidade se prop\u00f5e, apresentando suas diretrizes pedag\u00f3gicas e acad\u00eamicas, e a sua estrutura organizacional laboral, em termos de gest\u00e3o Institucional. Trata-se de importante instrumento de Planejamento da Universidade, que torna leg\u00edtima a miss\u00e3o da institui\u00e7\u00e3o, bem como sua vis\u00e3o, seus valores, seus princ\u00edpios e estrat\u00e9gias, a fim de atingir objetivos e metas no per\u00edodo de 5 anos.<\/p>\n<ul>\n<li><a href=\"https:\/\/www3.unicentro.br\/proplan\/wp-content\/uploads\/sites\/17\/2024\/02\/PDI_DIGITAL_65d8ef9744086.pdf\">PLANO DE DESENVOLVIMENTO INSTITUCIONAL 2023-2027<\/a><\/li>\n<li><a href=\"https:\/\/www3.unicentro.br\/proplan\/wp-content\/uploads\/sites\/17\/2019\/08\/PDI-Completo-com-Resolu%C3%A7%C3%A3o-08-08-19.pdf\">PLANO DE DESENVOLVIMENTO INSTITUCIONAL 2018-2022<\/a><\/li>\n<\/ul>\n","protected":false},"excerpt":{"rendered":"<p>O Plano de Desenvolvimento Institucional \u2013 PDI, elaborado para um per\u00edodo de 5 (cinco) anos, trata-se do documento que identifica a Institui\u00e7\u00e3o de Ensino Superior (IES), no que diz respeito \u00e0 filosofia de trabalho, \u00e0 miss\u00e3o que a Universidade se prop\u00f5e, apresentando suas diretrizes pedag\u00f3gicas e acad\u00eamicas, e a sua estrutura organizacional laboral, em termos [&hellip;]<\/p>\n","protected":false},"author":6,"featured_media":0,"parent":0,"menu_order":0,"comment_status":"closed","ping_status":"closed","template":"","meta":{"_exactmetrics_skip_tracking":false,"_exactmetrics_sitenote_active":false,"_exactmetrics_sitenote_note":"","_exactmetrics_sitenote_category":0,"ngg_post_thumbnail":0,"footnotes":"","_links_to":"","_links_to_target":""},"class_list":["post-8535","page","type-page","status-publish","hentry"],"publishpress_future_action":{"enabled":false,"date":"2026-04-17 08:55:48","action":"change-status","newStatus":"draft","terms":[],"taxonomy":"","extraData":[]},"publishpress_future_workflow_manual_trigger":{"enabledWorkflows":[]},"_links":{"self":[{"href":"https:\/\/www2.unicentro.br\/ppge\/wp-json\/wp\/v2\/pages\/8535","targetHints":{"allow":["GET"]}}],"collection":[{"href":"https:\/\/www2.unicentro.br\/ppge\/wp-json\/wp\/v2\/pages"}],"about":[{"href":"https:\/\/www2.unicentro.br\/ppge\/wp-json\/wp\/v2\/types\/page"}],"author":[{"embeddable":true,"href":"https:\/\/www2.unicentro.br\/ppge\/wp-json\/wp\/v2\/users\/6"}],"replies":[{"embeddable":true,"href":"https:\/\/www2.unicentro.br\/ppge\/wp-json\/wp\/v2\/comments?post=8535"}],"version-history":[{"count":4,"href":"https:\/\/www2.unicentro.br\/ppge\/wp-json\/wp\/v2\/pages\/8535\/revisions"}],"predecessor-version":[{"id":8547,"href":"https:\/\/www2.unicentro.br\/ppge\/wp-json\/wp\/v2\/pages\/8535\/revisions\/8547"}],"wp:attachment":[{"href":"https:\/\/www2.unicentro.br\/ppge\/wp-json\/wp\/v2\/media?parent=8535"}],"curies":[{"name":"wp","href":"https:\/\/api.w.org\/{rel}","templated":true}]}}