{"id":80,"date":"2014-02-06T19:13:46","date_gmt":"2014-02-06T19:13:46","guid":{"rendered":"http:\/\/www2.unicentro.br\/ppge\/?page_id=80"},"modified":"2025-10-09T13:30:20","modified_gmt":"2025-10-09T16:30:20","slug":"formularios","status":"publish","type":"page","link":"https:\/\/www2.unicentro.br\/ppge\/formularios\/","title":{"rendered":"Formul\u00e1rios"},"content":{"rendered":"<div class=\"expandir\">\n<span class=\"collapseomatic \" id=\"id69d8f769267f2\" rel=\"animal-highlander\" tabindex=\"0\" title=\"Matr\u00edculas\"    >Matr\u00edculas<\/span><div id=\"target-id69d8f769267f2\" class=\"collapseomatic_content \">\n<ul>\n<li>Requerimento de Matr\u00edcula Mestrado [<a href=\"https:\/\/www2.unicentro.br\/ppge\/files\/2021\/06\/Requerimento-Matricula-modelo-1-mestrado.doc\">.doc<\/a>] [<a href=\"https:\/\/www2.unicentro.br\/ppge\/files\/2021\/06\/Requerimento-Matricula-modelo-1-mestrado.pdf\">.pdf<\/a>]<\/li>\n<li>Requerimento de Matr\u00edcula Doutorado [.<a href=\"https:\/\/www2.unicentro.br\/ppge\/files\/2021\/06\/Requerimento-Matricula-modelo-1-Doutorado.doc\">doc<\/a>] [.<a href=\"https:\/\/www2.unicentro.br\/ppge\/files\/2021\/06\/Requerimento-Matricula-modelo-1-Doutorado.pdf\">pdf<\/a>]<\/li>\n<\/ul>\n<\/div>\n<\/div>\n<div class=\"expandir\">\n<span class=\"collapseomatic \" id=\"id69d8f76926875\" rel=\"animal-highlander\" tabindex=\"0\" title=\"Aluno n\u00e3o regular\"    >Aluno n\u00e3o regular<\/span><div id=\"target-id69d8f76926875\" class=\"collapseomatic_content \">\n<ul>\n<li>Ficha de Inscri\u00e7\u00e3o para Aluno n\u00e3o regular\u00a0[<a href=\"\/ppge\/files\/2014\/02\/Ficha_de_inscri_o_Aluno_especial_18-06-14a.doc\">.doc<\/a>] [<a href=\"\/ppge\/files\/2014\/02\/Ficha_de_inscri_o_Aluno_especial_18-06-14.pdf\">.pdf<\/a>]<\/li>\n<\/ul>\n<\/div>\n<\/div>\n<div class=\"expandir\">\n<span class=\"collapseomatic \" id=\"id69d8f769268b0\" rel=\"animal-highlander\" tabindex=\"0\" title=\"Aluno regular\"    >Aluno regular<\/span><div id=\"target-id69d8f769268b0\" class=\"collapseomatic_content \">\n<ul>\n<li>Altera\u00e7\u00e3o do objeto de estudo [<a href=\"https:\/\/www2.unicentro.br\/ppge\/files\/2021\/06\/SOLICITACAO-DE-ALTERACAO-DO-OBJETO-DE-ESTUDO.doc\">.doc<\/a>] [<a href=\"https:\/\/www2.unicentro.br\/ppge\/files\/2021\/06\/SOLICITACAO-DE-ALTERACAO-DO-OBJETO-DE-ESTUDO.pdf\">.pdf<\/a>]<\/li>\n<li>Aproveitamento de cr\u00e9ditos cursados [<a href=\"https:\/\/www2.unicentro.br\/ppge\/files\/2021\/07\/aproveiamento_creditos.doc\">.doc<\/a>] [<a href=\"https:\/\/www2.unicentro.br\/ppge\/files\/2021\/07\/aproveiamento_creditos.pdf\">.pdf<\/a>]<\/li>\n<li>Aproveitamento &#8211; profici\u00eancia [<a href=\"https:\/\/www2.unicentro.br\/ppge\/files\/2023\/04\/IN_001-_2023-EXAME-DE-PROFICIENCIA-Anexos.doc\">.doc<\/a>] [<a href=\"https:\/\/www2.unicentro.br\/ppge\/files\/2023\/04\/IN_001-_2023-EXAME-DE-PROFICIENCIA-Anexos.pdf\">.pdf<\/a>]<\/li>\n<li>Cancelamento de disciplinas [<a href=\"http:\/\/www2.unicentro.br\/ppge\/files\/2014\/02\/cancelamento_disciplinas.doc\">.doc<\/a>] [<a href=\"http:\/\/www2.unicentro.br\/ppge\/files\/2014\/02\/cancelamento_disciplinas.pdf\">.pdf<\/a>]<\/li>\n<li>Ficha de cadastro de Aluno Regular [<a href=\"https:\/\/www2.unicentro.br\/ppge\/files\/2021\/06\/Ficha_de_cadastro_Aluno_regular.doc\">.doc<\/a>] [<a href=\"https:\/\/www2.unicentro.br\/ppge\/files\/2021\/06\/Ficha_de_cadastro_Aluno_regular.pdf\">.pdf<\/a>]<\/li>\n<li>Prorroga\u00e7\u00e3o de prazo de conclus\u00e3o de curso [<a href=\"https:\/\/www2.unicentro.br\/ppge\/files\/2022\/06\/IN_002-_2021-ANEXO-IV.doc\">.doc<\/a>] [<a href=\"https:\/\/www2.unicentro.br\/ppge\/files\/2022\/06\/IN_002-_2021-ANEXO-IV.pdf\">.pdf<\/a>]<\/li>\n<li>Reabertura de matr\u00edcula [<a href=\"https:\/\/www2.unicentro.br\/ppge\/files\/2022\/06\/IN_002-_2021-ANEXO-III.doc\">.doc<\/a>] [<a href=\"https:\/\/www2.unicentro.br\/ppge\/files\/2022\/06\/IN_002-_2021-ANEXO-III.pdf\">.pdf<\/a>]<\/li>\n<li>Requerimento de coorienta\u00e7\u00e3o [<a href=\"https:\/\/www2.unicentro.br\/ppge\/files\/2021\/06\/requerimento_coorientacao.doc\">.doc<\/a>] [<a href=\"https:\/\/www2.unicentro.br\/ppge\/files\/2021\/06\/requerimento_coorientacao.pdf\">.pdf<\/a>]<\/li>\n<li>Termo de desist\u00eancia de curso [<a href=\"https:\/\/www2.unicentro.br\/ppge\/files\/2021\/06\/TERMO-DE-DESISTENCIA-DO-CURSO.doc\">.doc<\/a>] [<a href=\"https:\/\/www2.unicentro.br\/ppge\/files\/2021\/06\/TERMO-DE-DESISTENCIA-DO-CURSO.pdf\">.pdf<\/a>]<\/li>\n<li>Trancamento de matr\u00edcula [<a href=\"https:\/\/www2.unicentro.br\/ppge\/files\/2022\/06\/IN_002-_2021-Anexo-II.doc\">.doc<\/a>] [<a href=\"https:\/\/www2.unicentro.br\/ppge\/files\/2022\/06\/IN_002-_2021-Anexo-II.pdf\">.pdf<\/a>]<\/li>\n<li>Transfer\u00eancia de orientador \u2013 aluno regular [<a href=\"http:\/\/www2.unicentro.br\/ppge\/files\/2014\/02\/TRANSFER_NCIA_DE_ORIENTADOR.doc\">.doc<\/a>] [<a href=\"http:\/\/www2.unicentro.br\/ppge\/files\/2014\/02\/TRANSFER_NCIA_DE_ORIENTADOR.pdf\">.pdf<\/a>]<\/li>\n<\/ul>\n<\/div>\n<\/div>\n<div class=\"expandir\">\n<span class=\"collapseomatic \" id=\"id69d8f769268f3\" rel=\"animal-highlander\" tabindex=\"0\" title=\"Atividades Complementares\"    >Atividades Complementares<\/span><div id=\"target-id69d8f769268f3\" class=\"collapseomatic_content \">\n<ul>\n<li>Tabela Relat\u00f3rio de Atividades Complementares Realizadas IN001\/2022 &#8211; PPGE [<a href=\"https:\/\/www2.unicentro.br\/ppge\/files\/2023\/03\/Atividades-complementares.docx\">.doc<\/a>] [<a href=\"https:\/\/www2.unicentro.br\/ppge\/files\/2023\/03\/Atividades-complementares.pdf\">.pdf<\/a>]\u00a0 \u00a0[<a href=\"https:\/\/www2.unicentro.br\/ppge\/files\/2022\/05\/Comunicado-004.2022-PPGE.pdf\">ORIENTA\u00c7\u00d5ES SOBRE O ENVIO<\/a>]<\/li>\n<\/ul>\n<\/div>\n<\/div>\n<div class=\"expandir\">\n<span class=\"collapseomatic \" id=\"id69d8f76926928\" rel=\"animal-highlander\" tabindex=\"0\" title=\"Est\u00e1gio de doc\u00eancia\"    >Est\u00e1gio de doc\u00eancia<\/span><div id=\"target-id69d8f76926928\" class=\"collapseomatic_content \">\n<ul>\n<li>Plano de Atividades [<a href=\"https:\/\/www2.unicentro.br\/ppge\/files\/2021\/06\/PLANO_DE_ATIVIDADES_ESTAGIO_DE_DOCENCIA.doc\">.doc<\/a>] [<a href=\"https:\/\/www2.unicentro.br\/ppge\/files\/2021\/06\/PLANO_DE_ATIVIDADES_ESTAGIO_DE_DOCENCIA.pdf\">.pdf<\/a>]<\/li>\n<li>Relat\u00f3rio de est\u00e1gio de doc\u00eancia[<a href=\"https:\/\/www2.unicentro.br\/ppge\/files\/2021\/06\/RELATORIO_ESTAGIO_DE_DOCENCIA.doc\">.doc<\/a>]\u00a0[<a href=\"https:\/\/www2.unicentro.br\/ppge\/files\/2021\/06\/RELATORIO_ESTAGIO_DE_DOCENCIA.pdf\">.pdf<\/a>]<\/li>\n<li>Requerimento de Realiza\u00e7\u00e3o de Est\u00e1gio de Doc\u00eancia\u00a0 [<a href=\"https:\/\/www2.unicentro.br\/ppge\/files\/2021\/06\/REQUERIMENTO_DE_EST_GIO_DE_DOC_NCIA1.doc\">.doc<\/a>]\u00a0[<a href=\"https:\/\/www2.unicentro.br\/ppge\/files\/2021\/06\/REQUERIMENTO_DE_EST_GIO_DE_DOC_NCIA1.pdf\">.pdf<\/a>]<\/li>\n<\/ul>\n<\/div>\n<\/div>\n<div class=\"expandir\">\n<span class=\"collapseomatic \" id=\"id69d8f76926954\" rel=\"animal-highlander\" tabindex=\"0\" title=\"Bolsista\"    >Bolsista<\/span><div id=\"target-id69d8f76926954\" class=\"collapseomatic_content \">\n<ul>\n<li><a href=\"https:\/\/www2.unicentro.br\/ppge\/files\/2025\/10\/formul_rio_relat_rio_semestral_bolsistas-atualizado.doc\">Modelo de relat\u00f3rio semestral de atividades<\/a><\/li>\n<\/ul>\n<\/div>\n<\/div>\n<div class=\"expandir\">\n<span class=\"collapseomatic \" id=\"id69d8f76926977\" rel=\"animal-highlander\" tabindex=\"0\" title=\"Qualifica\u00e7\u00e3o\"    >Qualifica\u00e7\u00e3o<\/span><div id=\"target-id69d8f76926977\" class=\"collapseomatic_content \">\n<ul>\n<li><a href=\"https:\/\/www2.unicentro.br\/ppge\/files\/2025\/07\/Procedimentos-para-Requerimento-de-Exame-de-Qualificacao-de-Mestrado.pdf\">Procedimentos para Requerimento de Exame de Qualifica\u00e7\u00e3o de Mestrado<\/a><\/li>\n<li><a href=\"https:\/\/www2.unicentro.br\/ppge\/files\/2025\/07\/Procedimentos-para-Requerimento-de-Exame-de-Qualificacao-de-Doutorado.pdf\">Procedimentos para Requerimento de Exame de Qualifica\u00e7\u00e3o de Doutorado<\/a><\/li>\n<li><strong><span style=\"line-height: 1.5em\">Formul\u00e1rios:<\/span><\/strong>\n<ul>\n<li><a href=\"https:\/\/www2.unicentro.br\/ppge\/files\/2023\/02\/Requerimento-Qualificacao-Mestrado.doc\">Requerimento de Exame de Qualifica\u00e7\u00e3o Mestrado<\/a><\/li>\n<li><a href=\"https:\/\/www2.unicentro.br\/ppge\/files\/2023\/08\/Requerimento-Qualificacao-Doutorado-1-1.doc\">Requerimento de Exame de Qualifica\u00e7\u00e3o Doutorado<\/a><\/li>\n<li><a href=\"https:\/\/www2.unicentro.br\/ppge\/files\/2023\/08\/FICHA-ATIVIDADES-PARA-QUALIFICACAO-MESTRADO.pdf\">Ficha de cumprimento das atividades exigidas para qualifica\u00e7\u00e3o Mestrado<\/a><\/li>\n<li><a href=\"https:\/\/www2.unicentro.br\/ppge\/files\/2023\/08\/FICHA-ATIVIDADES-PARA-QUALIFICACAO-DOUTORADO.pdf\">Ficha de cumprimento das atividades exigidas para qualifica\u00e7\u00e3o Doutorado<\/a><\/li>\n<li>Cadastro de membro titular da banca de qualifica\u00e7\u00e3o de Mestrado e Doutorado em Educa\u00e7\u00e3o \u00a0[<a href=\"https:\/\/www2.unicentro.br\/ppge\/files\/2021\/06\/Cadastro_de_membro_externo_.doc\">.doc<\/a>] [<a href=\"https:\/\/www2.unicentro.br\/ppge\/files\/2021\/06\/Cadastro_de_membro_externo_.pdf\">.pdf<\/a>]<\/li>\n<li><a href=\"https:\/\/www2.unicentro.br\/ppge\/files\/2025\/09\/CONVITE-BANCA-PPGE.doc\">Modelo de convite para membros da banca<\/a><\/li>\n<li><a href=\"https:\/\/www2.unicentro.br\/ppge\/files\/2021\/06\/ANEXO_IV_A_da_IN_006_2013_Parecer_Individual_do_Examinador-1-1-1.pdf\">Modelo de parecer individual do examinador externo<\/a><\/li>\n<\/ul>\n<\/li>\n<\/ul>\n<\/div>\n<\/div>\n<div class=\"expandir\">\n<span class=\"collapseomatic \" id=\"id69d8f769269a6\" rel=\"animal-highlander\" tabindex=\"0\" title=\"Financeiro\"    >Financeiro<\/span><div id=\"target-id69d8f769269a6\" class=\"collapseomatic_content \">\n<ul>\n<li>Aux\u00edlio para participa\u00e7\u00e3o em eventos [<a href=\"https:\/\/www2.unicentro.br\/ppge\/files\/2025\/10\/formulario-pedido-evento.doc\">.doc<\/a>] [<a href=\"https:\/\/www2.unicentro.br\/ppge\/files\/2025\/10\/formulario-pedido-evento.pdf\">.pdf<\/a>]<\/li>\n<li>Aux\u00edlio para trabalho de campo [<a href=\"https:\/\/www2.unicentro.br\/ppge\/files\/2025\/10\/Formulario-pesquisa-de-campo.doc\">.doc<\/a>] [<a href=\"https:\/\/www2.unicentro.br\/ppge\/files\/2025\/10\/Formulario-pesquisa-de-campo.pdf\">.pdf<\/a>]<\/li>\n<li>Relat\u00f3rio de presta\u00e7\u00e3o de contas [<a href=\"https:\/\/www2.unicentro.br\/ppge\/files\/2025\/10\/relatorio-de-trabalho-de-campo.doc\">.doc<\/a>] [<a href=\"https:\/\/www2.unicentro.br\/ppge\/files\/2025\/10\/relatorio-de-trabalho-de-campo.pdf\">.pdf<\/a>]<\/li>\n<li><a href=\"https:\/\/www2.unicentro.br\/ppge\/files\/2024\/03\/REGRAMENTO-PARA-USO-DOS-RECURSOS-CAPES.pdf\">Regramento para uso dos recursos CAPES oriundos dos Editais 2460\/2022 P\u00f3s-Doc Estrat\u00e9gico (PDPG) e 2591\/2022 PDPG Consolida\u00e7\u00e3o da CAPES<\/a><\/li>\n<\/ul>\n<\/div>\n<\/div>\n<div class=\"expandir\">\n<span class=\"collapseomatic \" id=\"id69d8f769269d4\" rel=\"animal-highlander\" tabindex=\"0\" title=\"Defesa\"    >Defesa<\/span><div id=\"target-id69d8f769269d4\" class=\"collapseomatic_content \">\n<ul>\n<li><a href=\"https:\/\/www2.unicentro.br\/ppge\/files\/2025\/07\/Procedimentos-para-Requerimento-de-Defesa-de-Mestrado.pdf\">Procedimentos para Requerimento de Defesa de Mestrado<\/a><\/li>\n<li><a href=\"https:\/\/www2.unicentro.br\/ppge\/files\/2025\/07\/Procedimentos-para-Requerimento-de-Defesa-de-Doutorado.pdf\">Procedimentos para Requerimento de Defesa de Doutorado<\/a><\/li>\n<li><strong>Formul\u00e1rios:<\/strong>\n<ul>\n<li><a href=\"https:\/\/www2.unicentro.br\/ppge\/files\/2022\/04\/site_ANEXO_II_A_Requerimento_de_defesa_IN_007_13_defesa.doc\">Requerimento de defesa de Disserta\u00e7\u00e3o<\/a><\/li>\n<li><a href=\"https:\/\/www2.unicentro.br\/ppge\/files\/2023\/08\/Requerimento-Defesa-Doutorado-1.doc\">Requerimento de defesa de Tese<\/a><\/li>\n<li>Cadastro de membro titular da banca de defesa de disserta\u00e7\u00e3o e tese [<a href=\"https:\/\/www2.unicentro.br\/ppge\/files\/2021\/06\/Cadastro_de_membro_externo_-1.doc\">.doc<\/a>] [<a href=\"https:\/\/www2.unicentro.br\/ppge\/files\/2021\/06\/Cadastro_de_membro_externo_-1.pdf\">.pdf<\/a>]<\/li>\n<li><a style=\"line-height: 1.5em\" href=\"http:\/\/www2.unicentro.br\/ppge\/files\/2014\/02\/ANEXO_II_B_ficha_de_cumprimento_IN_007_13_defesa.pdf\">Ficha de cumprimento das atividades exigidas para defesa de Mestrado<\/a><\/li>\n<li><a href=\"https:\/\/www2.unicentro.br\/ppge\/files\/2023\/08\/Ficha_de_cumprimento_atividades_defesa_doutorado.pdf\">Ficha de cumprimento das atividades exigidas para defesa de Doutorado<\/a><\/li>\n<li><a href=\"https:\/\/www2.unicentro.br\/ppge\/files\/2025\/09\/CONVITE-BANCA-PPGE.doc\">Modelo de convite para membros da banca<\/a><\/li>\n<\/ul>\n<\/li>\n<\/ul>\n<\/div>\n<\/div>\n<div class=\"expandir\">\n<span class=\"collapseomatic \" id=\"id69d8f769269fd\" rel=\"animal-highlander\" tabindex=\"0\" title=\"Diploma\"    >Diploma<\/span><div id=\"target-id69d8f769269fd\" class=\"collapseomatic_content \">\n<ul>\n<li><a href=\"https:\/\/www2.unicentro.br\/ppge\/files\/2021\/06\/Requerimento_diploma_PPGE_para_DIRPG_23-05-2.doc\">Requerimento de Expedi\u00e7\u00e3o de Diploma<\/a><\/li>\n<\/ul>\n<\/div>\n<\/div>\n<div class=\"expandir\">\n<span class=\"collapseomatic \" id=\"id69d8f76926a1d\" rel=\"animal-highlander\" tabindex=\"0\" title=\"Docentes\"    >Docentes<\/span><div id=\"target-id69d8f76926a1d\" class=\"collapseomatic_content \">\n<ul>\n<li>Requerimento de coorienta\u00e7\u00e3o no PPGE [<a href=\"https:\/\/www2.unicentro.br\/ppge\/files\/2021\/06\/requerimento_coorientacao.doc\">.doc<\/a>] [<a href=\"https:\/\/www2.unicentro.br\/ppge\/files\/2021\/06\/requerimento_coorientacao.pdf\">.pdf<\/a>]<\/li>\n<\/ul>\n<\/div>\n<\/div>\n","protected":false},"excerpt":{"rendered":"","protected":false},"author":2,"featured_media":0,"parent":0,"menu_order":0,"comment_status":"closed","ping_status":"closed","template":"","meta":{"_exactmetrics_skip_tracking":false,"_exactmetrics_sitenote_active":false,"_exactmetrics_sitenote_note":"","_exactmetrics_sitenote_category":0,"ngg_post_thumbnail":0,"footnotes":"","_links_to":"","_links_to_target":""},"class_list":["post-80","page","type-page","status-publish","hentry"],"publishpress_future_action":{"enabled":false,"date":"2026-04-17 10:13:13","action":"change-status","newStatus":"draft","terms":[],"taxonomy":"","extraData":[]},"publishpress_future_workflow_manual_trigger":{"enabledWorkflows":[]},"_links":{"self":[{"href":"https:\/\/www2.unicentro.br\/ppge\/wp-json\/wp\/v2\/pages\/80","targetHints":{"allow":["GET"]}}],"collection":[{"href":"https:\/\/www2.unicentro.br\/ppge\/wp-json\/wp\/v2\/pages"}],"about":[{"href":"https:\/\/www2.unicentro.br\/ppge\/wp-json\/wp\/v2\/types\/page"}],"author":[{"embeddable":true,"href":"https:\/\/www2.unicentro.br\/ppge\/wp-json\/wp\/v2\/users\/2"}],"replies":[{"embeddable":true,"href":"https:\/\/www2.unicentro.br\/ppge\/wp-json\/wp\/v2\/comments?post=80"}],"version-history":[{"count":238,"href":"https:\/\/www2.unicentro.br\/ppge\/wp-json\/wp\/v2\/pages\/80\/revisions"}],"predecessor-version":[{"id":8938,"href":"https:\/\/www2.unicentro.br\/ppge\/wp-json\/wp\/v2\/pages\/80\/revisions\/8938"}],"wp:attachment":[{"href":"https:\/\/www2.unicentro.br\/ppge\/wp-json\/wp\/v2\/media?parent=80"}],"curies":[{"name":"wp","href":"https:\/\/api.w.org\/{rel}","templated":true}]}}