{"id":7927,"date":"2025-02-11T08:14:31","date_gmt":"2025-02-11T11:14:31","guid":{"rendered":"https:\/\/www2.unicentro.br\/ppge\/?page_id=7927"},"modified":"2026-03-30T09:42:42","modified_gmt":"2026-03-30T12:42:42","slug":"dissertacoes-2025","status":"publish","type":"page","link":"https:\/\/www2.unicentro.br\/ppge\/dissertacoes-2025\/","title":{"rendered":"Disserta\u00e7\u00f5es 2025"},"content":{"rendered":"<table style=\"border-color: #ffffff;background-color: #ffffff;width: 100%;height: 499px\">\n<tbody>\n<tr style=\"background-color: #c4c4c4\">\n<td style=\"height: 50px;width: 22.8517%;text-align: center\"><strong>AUTOR(A)<\/strong><\/td>\n<td style=\"text-align: center;height: 50px;width: 42.3041%\"><strong>T\u00cdTULO<\/strong><\/td>\n<td style=\"text-align: center;height: 50px;width: 19.3579%\"><strong>ORIENTADOR(A)<\/strong><\/td>\n<td style=\"text-align: center;height: 50px;width: 14.5442%\"><strong>DISSERTA\u00c7\u00c3O<\/strong><\/td>\n<\/tr>\n<tr style=\"height: 152px\">\n<td style=\"width: 22.8517%;height: 152px;background-color: #ffffff;text-align: center\">CAROLINE BIERNASKI ORTIS<\/td>\n<td style=\"width: 42.3041%;height: 152px;background-color: #ffffff\">\n<p align=\"center\">FORMA\u00c7\u00c3O CONTINUADA DE PROFESSORES DOS ANOS INICIAIS NAS REDES MUNICIPAIS DA MICRORREGI\u00c3O DE IRATI\/PR: IMPLICA\u00c7\u00d5ES AP\u00d3S A IMPLEMENTA\u00c7\u00c3O DA BASE NACIONAL COMUM CURRICULAR (BNCC)<\/p>\n<\/td>\n<td style=\"width: 19.3579%;height: 152px;background-color: #ffffff\">\n<p align=\"center\">Prof.\u00aa Dra. Michelle Fernandes Lima<\/p>\n<\/td>\n<td style=\"width: 14.5442%;height: 152px;background-color: #ffffff\">\n<p align=\"center\"><a href=\"https:\/\/biblioteca.sophia.com.br\/terminalri\/9566\/acervo\/detalhe\/156725?guid=1754913639443&amp;returnUrl=%2fterminalri%2f9566%2fresultado%2flistar%3fguid%3d1754913639443%26quantidadePaginas%3d1%26codigoRegistro%3d156725%23156725&amp;i=1\"><span style=\"color: #000080\"><img loading=\"lazy\" decoding=\"async\" class=\"\" src=\"http:\/\/www2.unicentro.br\/ppge\/files\/2016\/06\/d-pdf-100x100.png\" width=\"43\" height=\"43\" \/><\/span><\/a><\/p>\n<\/td>\n<\/tr>\n<tr>\n<td style=\"width: 22.8517%;text-align: center;background-color: #a3d5f0\">CRISTINA ANDRADE FILUS<\/td>\n<td style=\"width: 42.3041%;background-color: #a3d5f0\">\n<p align=\"center\">ATIVIDADES CIRCENSES E O CORPO QUE ENVELHECE<\/p>\n<\/td>\n<td style=\"width: 19.3579%;background-color: #a3d5f0\">\n<p align=\"center\">Prof.\u00aa Dra. Gl\u00e1ucia Andreza Kronbauer<\/p>\n<\/td>\n<td style=\"width: 14.5442%;background-color: #a3d5f0\">\n<p align=\"center\"><a href=\"https:\/\/biblioteca.sophia.com.br\/terminalri\/9566\/acervo\/detalhe\/157409?guid=1774874457572&amp;returnUrl=%2fterminalri%2f9566%2fresultado%2flistar%3fguid%3d1774874457572%26quantidadePaginas%3d1%26codigoRegistro%3d157409%23157409&amp;i=1\"><span style=\"color: #000080\"><img loading=\"lazy\" decoding=\"async\" class=\"\" src=\"http:\/\/www2.unicentro.br\/ppge\/files\/2016\/06\/d-pdf-100x100.png\" width=\"43\" height=\"43\" \/><\/span><\/a><\/p>\n<\/td>\n<\/tr>\n<tr>\n<td style=\"width: 22.8517%;text-align: center;background-color: #ffffff\">ELIS DAIANE RIBEIRO SAVA<\/td>\n<td style=\"width: 42.3041%;background-color: #ffffff\">\n<p align=\"center\">POL\u00cdTICAS P\u00daBLICAS DE ORGANIZA\u00c7\u00c3O E FUNCIONAMENTO DO GR\u00caMIO ESTUDANTIL: UMA AN\u00c1LISE DAS RELA\u00c7\u00d5ES DE PODER COM A GEST\u00c3O ESCOLAR<\/p>\n<\/td>\n<td style=\"width: 19.3579%;background-color: #ffffff\">\n<p align=\"center\">Prof.\u00aa Dra. Marisa Schneckenberg<\/p>\n<\/td>\n<td style=\"width: 14.5442%;background-color: #ffffff\">\n<p align=\"center\"><a href=\"https:\/\/biblioteca.sophia.com.br\/terminalri\/9566\/acervo\/detalhe\/159106?guid=1774874465030&amp;returnUrl=%2fterminalri%2f9566%2fresultado%2flistar%3fguid%3d1774874465030%26quantidadePaginas%3d1%26codigoRegistro%3d159106%23159106&amp;i=1\"><span style=\"color: #000080\"><img loading=\"lazy\" decoding=\"async\" class=\"\" src=\"http:\/\/www2.unicentro.br\/ppge\/files\/2016\/06\/d-pdf-100x100.png\" width=\"43\" height=\"43\" \/><\/span><\/a><\/p>\n<\/td>\n<\/tr>\n<tr style=\"height: 104px\">\n<td style=\"width: 22.8517%;text-align: center;height: 104px;background-color: #a3d5f0\">GUADALUPE PASQUALOTTO<\/td>\n<td style=\"width: 42.3041%;height: 104px;text-align: center;background-color: #a3d5f0\">PLANEJAMENTO E ENSINO COLABORATIVO ENTRE SALA COMUM E SALA DE RECURSOS MULTIFUNCIONAIS: O QUE REVELAM OS DOCUMENTOS E OS PROFESSORES ENVOLVIDOS<\/td>\n<td style=\"width: 19.3579%;height: 104px;text-align: center;background-color: #a3d5f0\">Prof. Dr. Khaled Omar Mohamad El Tassa<\/td>\n<td style=\"width: 14.5442%;height: 104px;text-align: center;background-color: #a3d5f0\"><a href=\"https:\/\/biblioteca.sophia.com.br\/terminalri\/9566\/acervo\/detalhe\/157149?guid=1763052210790&amp;returnUrl=%2fterminalri%2f9566%2fresultado%2flistar%3fguid%3d1763052210790%26quantidadePaginas%3d1%26codigoRegistro%3d157149%23157149&amp;i=1\"><span style=\"color: #000080\"><img loading=\"lazy\" decoding=\"async\" class=\"\" src=\"http:\/\/www2.unicentro.br\/ppge\/files\/2016\/06\/d-pdf-100x100.png\" width=\"43\" height=\"43\" \/><\/span><\/a><\/td>\n<\/tr>\n<tr style=\"height: 104px\">\n<td style=\"width: 22.8517%;text-align: center;height: 104px;background-color: #ffffff\">HELLEN CAROLINNE ROCHA<\/td>\n<td style=\"width: 42.3041%;height: 104px;text-align: center;background-color: #ffffff\">FORMA\u00c7\u00c3O DOCENTE CONTINUADA E O USO DE TECNOLOGIAS DIGITAIS NO TRABALHO PEDAG\u00d3GICO PARA ALUNOS COM ALTAS HABILIDADES<\/td>\n<td style=\"width: 19.3579%;height: 104px;text-align: center;background-color: #ffffff\">Prof.\u00aa Dra. Jamile Santinello<\/td>\n<td style=\"width: 14.5442%;height: 104px;text-align: center;background-color: #ffffff\"><a href=\"https:\/\/biblioteca.sophia.com.br\/terminalri\/9566\/acervo\/detalhe\/156721?guid=1754913675236&amp;returnUrl=%2fterminalri%2f9566%2fresultado%2flistar%3fguid%3d1754913675236%26quantidadePaginas%3d1%26codigoRegistro%3d156721%23156721&amp;i=1\"><span style=\"color: #000080\"><img loading=\"lazy\" decoding=\"async\" class=\"\" src=\"http:\/\/www2.unicentro.br\/ppge\/files\/2016\/06\/d-pdf-100x100.png\" width=\"43\" height=\"43\" \/><\/span><\/a><\/td>\n<\/tr>\n<tr>\n<td style=\"width: 22.8517%;text-align: center;background-color: #a3d5f0\">JUNIOR CEZAR DOS SANTOS<\/td>\n<td style=\"width: 42.3041%;text-align: center;background-color: #a3d5f0\">ESTUDO SOBRE O PROCESSO DE IMPLEMENTA\u00c7\u00c3O DA BNCC COMO PADRONIZA\u00c7\u00c3O DO CURR\u00cdCULO NACIONAL<\/td>\n<td style=\"width: 19.3579%;text-align: center;background-color: #a3d5f0\">Prof. Dr. Saulo Rodrigues de Carvalho<\/td>\n<td style=\"width: 14.5442%;text-align: center;background-color: #a3d5f0\"><a href=\"https:\/\/biblioteca.sophia.com.br\/terminalri\/9566\/acervo\/detalhe\/158400?guid=1769430826666&amp;returnUrl=%2fterminalri%2f9566%2fresultado%2flistar%3fguid%3d1769430826666%26quantidadePaginas%3d1%26codigoRegistro%3d158400%23158400&amp;i=1\"><span style=\"color: #000080\"><img loading=\"lazy\" decoding=\"async\" class=\"\" src=\"http:\/\/www2.unicentro.br\/ppge\/files\/2016\/06\/d-pdf-100x100.png\" width=\"43\" height=\"43\" \/><\/span><\/a><\/td>\n<\/tr>\n<tr>\n<td style=\"width: 22.8517%;text-align: center;background-color: #ffffff\">LUCAS ROBERTO DALZOTTO<\/td>\n<td style=\"width: 42.3041%;text-align: center;background-color: #ffffff\">NARRATIVAS DE PROFESSORES SURDOS SOBRE O DESENVOLVIMENTO LINGU\u00cdSTICO, CULTURAL, IDENTIT\u00c1RIO E ESCOLAR DE CRIAN\u00c7AS SURDAS<\/td>\n<td style=\"width: 19.3579%;text-align: center;background-color: #ffffff\">Prof.\u00aa Dra. Eliziane Manosso Streiechen<\/td>\n<td style=\"width: 14.5442%;text-align: center;background-color: #ffffff\"><a href=\"https:\/\/biblioteca.sophia.com.br\/terminalri\/9566\/acervo\/detalhe\/159104?guid=1774874481821&amp;returnUrl=%2fterminalri%2f9566%2fresultado%2flistar%3fguid%3d1774874481821%26quantidadePaginas%3d1%26codigoRegistro%3d159104%23159104&amp;i=1\"><span style=\"color: #000080\"><img loading=\"lazy\" decoding=\"async\" class=\"\" src=\"http:\/\/www2.unicentro.br\/ppge\/files\/2016\/06\/d-pdf-100x100.png\" width=\"43\" height=\"43\" \/><\/span><\/a><\/td>\n<\/tr>\n<tr>\n<td style=\"width: 22.8517%;text-align: center;background-color: #a3d5f0\">MARCIA SCHAIANE DE LIMA DA MAIA<\/td>\n<td style=\"width: 42.3041%;text-align: center;background-color: #a3d5f0\">EDUCA\u00c7\u00c3O, TRABALHO, &#8220;QUEST\u00c3O SOCIAL&#8221; E O ABANDONO ESCOLAR: UMA AN\u00c1LISE DO CONTEXTO PAND\u00caMICO EM GUAMIRANGA-PR<\/td>\n<td style=\"width: 19.3579%;text-align: center;background-color: #a3d5f0\">Prof.\u00aa Dra. Angela Maria Moura Costa<\/td>\n<td style=\"width: 14.5442%;text-align: center;background-color: #a3d5f0\"><a href=\"https:\/\/biblioteca.sophia.com.br\/terminalri\/9566\/acervo\/detalhe\/159107?guid=1774874493728&amp;returnUrl=%2fterminalri%2f9566%2fresultado%2flistar%3fguid%3d1774874493728%26quantidadePaginas%3d1%26codigoRegistro%3d159107%23159107&amp;i=1\"><span style=\"color: #000080\"><img loading=\"lazy\" decoding=\"async\" class=\"\" src=\"http:\/\/www2.unicentro.br\/ppge\/files\/2016\/06\/d-pdf-100x100.png\" width=\"43\" height=\"43\" \/><\/span><\/a><\/td>\n<\/tr>\n<tr>\n<td style=\"width: 22.8517%;text-align: center;background-color: #ffffff\">MONICA GRUTKA<\/td>\n<td style=\"width: 42.3041%;text-align: center;background-color: #ffffff\">GRUPOS DE PESQUISA EM POL\u00cdTICAS EDUCACIONAIS NO PARAN\u00c1: UM ESTUDO METATE\u00d3RICO SOBRE TESES E DISSERTA\u00c7\u00d5ES<\/td>\n<td style=\"width: 19.3579%;text-align: center;background-color: #ffffff\">Prof.\u00aa Dra. Marisa Schneckenberg<\/td>\n<td style=\"width: 14.5442%;text-align: center;background-color: #ffffff\"><a href=\"https:\/\/biblioteca.sophia.com.br\/terminalri\/9566\/acervo\/detalhe\/157904?guid=1769430826666&amp;returnUrl=%2fterminalri%2f9566%2fresultado%2flistar%3fguid%3d1769430826666%26quantidadePaginas%3d1%26codigoRegistro%3d157904%23157904&amp;i=1\"><span style=\"color: #000080\"><img loading=\"lazy\" decoding=\"async\" class=\"\" src=\"http:\/\/www2.unicentro.br\/ppge\/files\/2016\/06\/d-pdf-100x100.png\" width=\"43\" height=\"43\" \/><\/span><\/a><\/td>\n<\/tr>\n<tr style=\"height: 97px\">\n<td style=\"width: 22.8517%;text-align: center;height: 97px;background-color: #a3d5f0\">RAFAEL DE FARIAS SASS<\/td>\n<td style=\"width: 42.3041%;height: 97px;text-align: center;background-color: #a3d5f0\">REPRESENTA\u00c7\u00c3O SOCIAL DO PROFESSOR UNIVERSIT\u00c1RIO SOB A \u00d3TICA DE LICENCIANDOS DE PEDAGOGIA<\/td>\n<td style=\"width: 19.3579%;height: 97px;text-align: center;background-color: #a3d5f0\">Prof.\u00aa Dra. Poliana Fab\u00edula Cardozo<\/td>\n<td style=\"width: 14.5442%;height: 97px;text-align: center;background-color: #a3d5f0\"><a href=\"https:\/\/biblioteca.sophia.com.br\/terminalri\/9566\/acervo\/detalhe\/156723?guid=1754913693016&amp;returnUrl=%2fterminalri%2f9566%2fresultado%2flistar%3fguid%3d1754913693016%26quantidadePaginas%3d1%26codigoRegistro%3d156723%23156723&amp;i=1\"><span style=\"color: #000080\"><img loading=\"lazy\" decoding=\"async\" class=\"\" src=\"http:\/\/www2.unicentro.br\/ppge\/files\/2016\/06\/d-pdf-100x100.png\" width=\"43\" height=\"43\" \/><\/span><\/a><\/td>\n<\/tr>\n<\/tbody>\n<\/table>\n","protected":false},"excerpt":{"rendered":"<p>AUTOR(A) T\u00cdTULO ORIENTADOR(A) DISSERTA\u00c7\u00c3O CAROLINE BIERNASKI ORTIS FORMA\u00c7\u00c3O CONTINUADA DE PROFESSORES DOS ANOS INICIAIS NAS REDES MUNICIPAIS DA MICRORREGI\u00c3O DE IRATI\/PR: IMPLICA\u00c7\u00d5ES AP\u00d3S A IMPLEMENTA\u00c7\u00c3O DA BASE NACIONAL COMUM CURRICULAR (BNCC) Prof.\u00aa Dra. Michelle Fernandes Lima CRISTINA ANDRADE FILUS ATIVIDADES CIRCENSES E O CORPO QUE ENVELHECE Prof.\u00aa Dra. Gl\u00e1ucia Andreza Kronbauer ELIS DAIANE RIBEIRO SAVA [&hellip;]<\/p>\n","protected":false},"author":2,"featured_media":0,"parent":0,"menu_order":0,"comment_status":"closed","ping_status":"closed","template":"","meta":{"_exactmetrics_skip_tracking":false,"_exactmetrics_sitenote_active":false,"_exactmetrics_sitenote_note":"","_exactmetrics_sitenote_category":0,"ngg_post_thumbnail":0,"footnotes":"","_links_to":"","_links_to_target":""},"class_list":["post-7927","page","type-page","status-publish","hentry"],"publishpress_future_action":{"enabled":false,"date":"2026-04-17 13:34:58","action":"change-status","newStatus":"draft","terms":[],"taxonomy":"","extraData":[]},"publishpress_future_workflow_manual_trigger":{"enabledWorkflows":[]},"_links":{"self":[{"href":"https:\/\/www2.unicentro.br\/ppge\/wp-json\/wp\/v2\/pages\/7927","targetHints":{"allow":["GET"]}}],"collection":[{"href":"https:\/\/www2.unicentro.br\/ppge\/wp-json\/wp\/v2\/pages"}],"about":[{"href":"https:\/\/www2.unicentro.br\/ppge\/wp-json\/wp\/v2\/types\/page"}],"author":[{"embeddable":true,"href":"https:\/\/www2.unicentro.br\/ppge\/wp-json\/wp\/v2\/users\/2"}],"replies":[{"embeddable":true,"href":"https:\/\/www2.unicentro.br\/ppge\/wp-json\/wp\/v2\/comments?post=7927"}],"version-history":[{"count":15,"href":"https:\/\/www2.unicentro.br\/ppge\/wp-json\/wp\/v2\/pages\/7927\/revisions"}],"predecessor-version":[{"id":9251,"href":"https:\/\/www2.unicentro.br\/ppge\/wp-json\/wp\/v2\/pages\/7927\/revisions\/9251"}],"wp:attachment":[{"href":"https:\/\/www2.unicentro.br\/ppge\/wp-json\/wp\/v2\/media?parent=7927"}],"curies":[{"name":"wp","href":"https:\/\/api.w.org\/{rel}","templated":true}]}}