{"id":6867,"date":"2024-01-29T15:31:28","date_gmt":"2024-01-29T18:31:28","guid":{"rendered":"https:\/\/www2.unicentro.br\/ppge\/?page_id=6867"},"modified":"2025-02-26T16:19:36","modified_gmt":"2025-02-26T19:19:36","slug":"teses-2024","status":"publish","type":"page","link":"https:\/\/www2.unicentro.br\/ppge\/teses-2024\/","title":{"rendered":"Teses 2024"},"content":{"rendered":"<table style=\"height: 20px;width: 100.189%;background-color: #ffffff\">\n<tbody>\n<tr style=\"background-color: #c4c4c4\">\n<td style=\"height: 10px;width: 22.8517%;text-align: center\"><strong>AUTOR(A)<\/strong><\/td>\n<td style=\"text-align: center;height: 10px;width: 44.6348%\"><strong>T\u00cdTULO<\/strong><\/td>\n<td style=\"text-align: center;height: 10px;width: 23.9084%\"><strong>ORIENTADOR(A)<\/strong><\/td>\n<td style=\"text-align: center;height: 10px;width: 7.66295%\"><strong>TESE<\/strong><\/td>\n<\/tr>\n<tr style=\"height: 10px\" bgcolor=\"#02d2d2\">\n<td style=\"width: 22.8517%;height: 10px;background-color: #a3d5f0\" bgcolor=\"#ffffff\" width=\"157\">\n<p align=\"center\">FERNANDA CRISTINA ZIMMERMANN DORNE<\/p>\n<\/td>\n<td style=\"width: 44.6348%;height: 10px;background-color: #a3d5f0\" bgcolor=\"#ffffff\" width=\"313\">\n<p align=\"center\">BANCO MUNDIAL E AS POL\u00cdTICAS EDUCACIONAIS NO PARAN\u00c1: AN\u00c1LISE DO PROJETO MULTISSETORIAL PARA O DESENVOLVIMENTO DO PARAN\u00c1<\/p>\n<\/td>\n<td style=\"width: 23.9084%;height: 10px;background-color: #a3d5f0\" bgcolor=\"#ffffff\" width=\"161\">\n<p align=\"center\">Prof.\u00aa Dr.\u00aa Michelle Fernandes Lima<\/p>\n<\/td>\n<td style=\"width: 7.66295%;height: 10px;background-color: #a3d5f0\" bgcolor=\"#ffffff\" width=\"639\">\n<p align=\"center\"><a href=\"https:\/\/tede.unicentro.br\/jspui\/bitstream\/jspui\/2427\/2\/FERNANDA%20C%20Z%20DORNE.pdf\"><span style=\"color: #000080\"><img loading=\"lazy\" decoding=\"async\" class=\"\" src=\"http:\/\/www2.unicentro.br\/ppge\/files\/2016\/06\/d-pdf-100x100.png\" width=\"43\" height=\"43\" \/><\/span><\/a><\/p>\n<\/td>\n<\/tr>\n<tr style=\"height: 10px\" bgcolor=\"#02d2d2\">\n<td style=\"width: 22.8517%;height: 10px;background-color: #ffffff\" bgcolor=\"#ffffff\" width=\"157\">\n<p align=\"center\">MARCIA DENISE DE LIMA DIAS<\/p>\n<\/td>\n<td style=\"width: 44.6348%;height: 10px;background-color: #ffffff\" bgcolor=\"#ffffff\" width=\"313\">\n<p align=\"center\">OF\u00cdCIO DO BENZIMENTO: UBUNTU E A PR\u00c1XIS PEDAG\u00d3GICA COMUNIT\u00c1RIA ANTIRRACISTA<\/p>\n<\/td>\n<td style=\"width: 23.9084%;height: 10px;background-color: #ffffff\" bgcolor=\"#ffffff\" width=\"161\">\n<p align=\"center\">Prof. Dr. Jefferson Olivatto da<br \/>\nSilva<\/p>\n<\/td>\n<td style=\"width: 7.66295%;height: 10px;background-color: #ffffff\" bgcolor=\"#ffffff\" width=\"639\">\n<p align=\"center\"><a href=\"https:\/\/tede.unicentro.br\/jspui\/bitstream\/jspui\/2257\/2\/Marcia%20Denise%20de%20Lima%20Dias.pdf\"><span style=\"color: #000080\"><img loading=\"lazy\" decoding=\"async\" class=\"\" src=\"http:\/\/www2.unicentro.br\/ppge\/files\/2016\/06\/d-pdf-100x100.png\" width=\"43\" height=\"43\" \/><\/span><\/a><\/p>\n<\/td>\n<\/tr>\n<tr>\n<td style=\"width: 22.8517%;background-color: #a3d5f0\">\n<p align=\"center\">MARISTELA APARECIDA NUNES<\/p>\n<\/td>\n<td style=\"width: 44.6348%;background-color: #a3d5f0\">\n<p align=\"center\">PENSAMENTOS DESENHADOS: SER CRIAN\u00c7A EM TEMPOS DE PANDEMIA<\/p>\n<\/td>\n<td style=\"width: 23.9084%;background-color: #a3d5f0\">\n<p align=\"center\">Prof.\u00aa Dr.\u00aa Aliandra Cristina Mesomo Lira<\/p>\n<\/td>\n<td style=\"width: 7.66295%;background-color: #a3d5f0\">\n<p align=\"center\"><a href=\"https:\/\/tede.unicentro.br\/jspui\/bitstream\/jspui\/2431\/2\/Maristela%20Aparecida%20Nunes.pdf\"><span style=\"color: #000080\"><img loading=\"lazy\" decoding=\"async\" class=\"\" src=\"http:\/\/www2.unicentro.br\/ppge\/files\/2016\/06\/d-pdf-100x100.png\" width=\"43\" height=\"43\" \/><\/span><\/a><\/p>\n<\/td>\n<\/tr>\n<\/tbody>\n<\/table>\n","protected":false},"excerpt":{"rendered":"<p>AUTOR(A) T\u00cdTULO ORIENTADOR(A) TESE FERNANDA CRISTINA ZIMMERMANN DORNE BANCO MUNDIAL E AS POL\u00cdTICAS EDUCACIONAIS NO PARAN\u00c1: AN\u00c1LISE DO PROJETO MULTISSETORIAL PARA O DESENVOLVIMENTO DO PARAN\u00c1 Prof.\u00aa Dr.\u00aa Michelle Fernandes Lima MARCIA DENISE DE LIMA DIAS OF\u00cdCIO DO BENZIMENTO: UBUNTU E A PR\u00c1XIS PEDAG\u00d3GICA COMUNIT\u00c1RIA ANTIRRACISTA Prof. Dr. Jefferson Olivatto da Silva MARISTELA APARECIDA NUNES PENSAMENTOS [&hellip;]<\/p>\n","protected":false},"author":2,"featured_media":0,"parent":0,"menu_order":0,"comment_status":"closed","ping_status":"closed","template":"","meta":{"_exactmetrics_skip_tracking":false,"_exactmetrics_sitenote_active":false,"_exactmetrics_sitenote_note":"","_exactmetrics_sitenote_category":0,"ngg_post_thumbnail":0,"footnotes":"","_links_to":"","_links_to_target":""},"class_list":["post-6867","page","type-page","status-publish","hentry"],"publishpress_future_action":{"enabled":false,"date":"2026-04-17 10:14:07","action":"change-status","newStatus":"draft","terms":[],"taxonomy":"","extraData":[]},"publishpress_future_workflow_manual_trigger":{"enabledWorkflows":[]},"_links":{"self":[{"href":"https:\/\/www2.unicentro.br\/ppge\/wp-json\/wp\/v2\/pages\/6867","targetHints":{"allow":["GET"]}}],"collection":[{"href":"https:\/\/www2.unicentro.br\/ppge\/wp-json\/wp\/v2\/pages"}],"about":[{"href":"https:\/\/www2.unicentro.br\/ppge\/wp-json\/wp\/v2\/types\/page"}],"author":[{"embeddable":true,"href":"https:\/\/www2.unicentro.br\/ppge\/wp-json\/wp\/v2\/users\/2"}],"replies":[{"embeddable":true,"href":"https:\/\/www2.unicentro.br\/ppge\/wp-json\/wp\/v2\/comments?post=6867"}],"version-history":[{"count":7,"href":"https:\/\/www2.unicentro.br\/ppge\/wp-json\/wp\/v2\/pages\/6867\/revisions"}],"predecessor-version":[{"id":8067,"href":"https:\/\/www2.unicentro.br\/ppge\/wp-json\/wp\/v2\/pages\/6867\/revisions\/8067"}],"wp:attachment":[{"href":"https:\/\/www2.unicentro.br\/ppge\/wp-json\/wp\/v2\/media?parent=6867"}],"curies":[{"name":"wp","href":"https:\/\/api.w.org\/{rel}","templated":true}]}}