{"id":6865,"date":"2024-01-29T15:31:13","date_gmt":"2024-01-29T18:31:13","guid":{"rendered":"https:\/\/www2.unicentro.br\/ppge\/?page_id=6865"},"modified":"2025-08-11T08:49:51","modified_gmt":"2025-08-11T11:49:51","slug":"dissertacoes-2024","status":"publish","type":"page","link":"https:\/\/www2.unicentro.br\/ppge\/dissertacoes-2024\/","title":{"rendered":"Disserta\u00e7\u00f5es 2024"},"content":{"rendered":"<table style=\"height: 1789px;width: 100.189%\">\n<tbody>\n<tr style=\"background-color: #c4c4c4\">\n<td style=\"height: 50px;width: 22.8517%;text-align: center\"><strong>AUTOR(A)<\/strong><\/td>\n<td style=\"text-align: center;height: 50px;width: 42.3041%\"><strong>T\u00cdTULO<\/strong><\/td>\n<td style=\"text-align: center;height: 50px;width: 19.3579%\"><strong>ORIENTADOR(A)<\/strong><\/td>\n<td style=\"text-align: center;height: 50px;width: 14.5442%\"><strong>DISSERTA\u00c7\u00c3O<\/strong><\/td>\n<\/tr>\n<tr style=\"height: 152px\">\n<td style=\"width: 22.8517%;text-align: center;height: 152px;background-color: #a3d5f0\">ALEX SOARES DE OLIVEIRA<\/td>\n<td style=\"width: 42.3041%;height: 152px;background-color: #a3d5f0\">\n<p align=\"center\">O PENSAMENTO GEOGR\u00c1FICO E A LITERATURA INFANTIL: EXPLORA\u00c7\u00d5ES A PARTIR DE PERCURSOS DID\u00c1TICOS ELABORADOS POR DOCENTES DOS ANOS INICIAIS DO ENSINO FUNDAMENTAL<\/p>\n<\/td>\n<td style=\"width: 19.3579%;height: 152px;background-color: #a3d5f0\">\n<p align=\"center\">Prof. Dr. Daniel Luiz Stefenon<\/p>\n<\/td>\n<td style=\"width: 14.5442%;height: 152px;background-color: #a3d5f0\">\n<p align=\"center\"><a href=\"https:\/\/tede.unicentro.br\/jspui\/bitstream\/jspui\/2220\/2\/ALEX%20SOARES%20DE%20OLIVEIRA.pdf\"><span style=\"color: #000080\"><img loading=\"lazy\" decoding=\"async\" class=\"\" src=\"http:\/\/www2.unicentro.br\/ppge\/files\/2016\/06\/d-pdf-100x100.png\" width=\"43\" height=\"43\" \/><\/span><\/a><\/p>\n<\/td>\n<\/tr>\n<tr style=\"height: 104px\">\n<td style=\"width: 22.8517%;text-align: center;background-color: #ffffff;height: 104px\">ANGELA TEREZINHA OLIVEIRA BRANCHER<\/td>\n<td style=\"width: 42.3041%;background-color: #ffffff;height: 104px\">\n<p align=\"center\">RACIONALIDADE INSTRUMENTAL E EDUCA\u00c7\u00c3O INFANTIL: AN\u00c1LISE CR\u00cdTICA DO SISTEMA DE ENSINO APOSTILADO<\/p>\n<\/td>\n<td style=\"width: 19.3579%;background-color: #ffffff;height: 104px\">\n<p align=\"center\">Prof.\u00aa Dra. Luciane Neuvald<\/p>\n<\/td>\n<td style=\"width: 14.5442%;background-color: #ffffff;height: 104px\">\n<p align=\"center\"><a href=\"https:\/\/tede.unicentro.br\/jspui\/bitstream\/jspui\/2217\/2\/ANGELA%20TEREZINHA%20OLIVEIRA%20BRANCHER.pdf\"><span style=\"color: #000080\"><img loading=\"lazy\" decoding=\"async\" class=\"\" src=\"http:\/\/www2.unicentro.br\/ppge\/files\/2016\/06\/d-pdf-100x100.png\" width=\"43\" height=\"43\" \/><\/span><\/a><\/p>\n<\/td>\n<\/tr>\n<tr style=\"height: 97px\">\n<td style=\"width: 22.8517%;text-align: center;background-color: #a3d5f0;height: 97px\">BENEDITA LURDES DA SILVA<\/td>\n<td style=\"width: 42.3041%;background-color: #a3d5f0;height: 97px;text-align: center\">EDUCA\u00c7\u00c3O F\u00cdSICA ESCOLAR NA PERSPECTIVA DA CULTURA CORPORAL NA ESCOLA DE EDUCA\u00c7\u00c3O B\u00c1SICA, NA MODALIDADE EDUCA\u00c7\u00c3O ESPECIAL<\/td>\n<td style=\"width: 19.3579%;background-color: #a3d5f0;height: 97px;text-align: center\">Prof. Dr. Khaled Omar Mohamad El Tassa<\/td>\n<td style=\"width: 14.5442%;background-color: #a3d5f0;height: 97px\">\n<p align=\"center\"><a href=\"https:\/\/tede.unicentro.br\/jspui\/bitstream\/jspui\/2364\/2\/Benedita%20Lurdes%20da%20Silva.pdf\"><span style=\"color: #000080\"><img loading=\"lazy\" decoding=\"async\" class=\"\" src=\"http:\/\/www2.unicentro.br\/ppge\/files\/2016\/06\/d-pdf-100x100.png\" width=\"43\" height=\"43\" \/><\/span><\/a><\/p>\n<\/td>\n<\/tr>\n<tr style=\"height: 82px\">\n<td style=\"width: 22.8517%;background-color: #ffffff;text-align: center;height: 82px\">ELIZANDRA FYGS\u00c3NH FREITAS<\/td>\n<td style=\"width: 42.3041%;background-color: #ffffff;text-align: center;height: 82px\">A PRESEN\u00c7A DAS MULHERES DA TERRA IND\u00cdGENA RIO DAS COBRAS NO ENSINO SUPERIOR P\u00daBLICO E PRIVADO \u2013 DESAFIOS E CONQUISTAS<\/td>\n<td style=\"width: 19.3579%;background-color: #ffffff;text-align: center;height: 82px\">Prof Dr. Marcos Gerkhe<\/td>\n<td style=\"width: 14.5442%;background-color: #ffffff;height: 82px\">\n<p align=\"center\"><a href=\"https:\/\/tede.unicentro.br\/jspui\/bitstream\/jspui\/2414\/2\/ELIZANDRA%20FYGS%c3%83NH%20FREITAS.pdf\"><span style=\"color: #ffffff\"><span style=\"color: #000080\"><img loading=\"lazy\" decoding=\"async\" class=\"\" src=\"http:\/\/www2.unicentro.br\/ppge\/files\/2016\/06\/d-pdf-100x100.png\" width=\"43\" height=\"43\" \/><\/span><\/span><\/a><\/p>\n<\/td>\n<\/tr>\n<tr style=\"height: 96px\">\n<td style=\"width: 22.8517%;text-align: center;background-color: #a3d5f0;height: 96px\">FERNANDA PONTAROLLO<\/td>\n<td style=\"width: 42.3041%;text-align: center;background-color: #a3d5f0;height: 96px\">AN\u00c1LISE DA ATUA\u00c7\u00c3O DO CONSELHO DE CLASSE A PARTIR DO CONCEITO DE CAPITAL CULTURAL EM UMA INSTITUI\u00c7\u00c3O DE ENSINO P\u00daBLICA ESTADUAL DO MUNICIPIO DE PRUDENT\u00d3POLIS\/PR<\/td>\n<td style=\"width: 19.3579%;text-align: center;background-color: #a3d5f0;height: 96px\">Prof.\u00aa Dra. Marisa Schnekenberg<\/td>\n<td style=\"width: 14.5442%;background-color: #a3d5f0;height: 96px\">\n<p align=\"center\"><a href=\"https:\/\/tede.unicentro.br\/jspui\/bitstream\/jspui\/2418\/2\/FERNANDA%20PONTAROLLO.pdf\"><span style=\"color: #ffffff\"><span style=\"color: #000080\"><img loading=\"lazy\" decoding=\"async\" class=\"\" src=\"http:\/\/www2.unicentro.br\/ppge\/files\/2016\/06\/d-pdf-100x100.png\" width=\"43\" height=\"43\" \/><\/span><\/span><\/a><\/p>\n<\/td>\n<\/tr>\n<tr style=\"height: 104px\">\n<td style=\"width: 22.8517%;text-align: center;background-color: #ffffff;height: 104px\">GABRIELA CHRISTINE SCARIOTT<\/td>\n<td class=\"metadataFieldValue\" style=\"width: 42.3041%;text-align: center;background-color: #ffffff;height: 104px\">A CONTA\u00c7\u00c3O DE F\u00c1BULAS DE ESOPO ADAPTADAS COM RECURSO DA COMUNICA\u00c7\u00c3O ALTERNATIVA E AMPLIADA PARA CRIAN\u00c7AS COM TRANSTORNO DO ESPECTRO AUTISTA<\/td>\n<td style=\"width: 19.3579%;background-color: #ffffff;height: 104px\">\n<p align=\"center\">Prof.\u00aa Dra. Ana Aparecida de Oliveira Machado Barby<\/p>\n<\/td>\n<td style=\"width: 14.5442%;background-color: #ffffff;height: 104px\">\n<p align=\"center\"><a href=\"https:\/\/www2.unicentro.br\/ppge\/files\/2025\/02\/Gabriela-Christine-Scariott-D_compressed.pdf\"><span style=\"color: #000080\"><img loading=\"lazy\" decoding=\"async\" class=\"\" src=\"http:\/\/www2.unicentro.br\/ppge\/files\/2016\/06\/d-pdf-100x100.png\" width=\"43\" height=\"43\" \/><\/span><\/a><\/p>\n<\/td>\n<\/tr>\n<tr style=\"height: 104px\">\n<td style=\"width: 22.8517%;text-align: center;background-color: #a3d5f0;height: 104px\">JAQUELINE GARCIA CAVALHEIRO ALMEIDA<\/td>\n<td style=\"width: 42.3041%;background-color: #a3d5f0;height: 104px\">\n<p align=\"center\">A TEM\u00c1TICA DA CULTURA AFRICANA E AFRO-BRASILEIRA NA LITERATURA INFANTIL COMO AUX\u00cdLIO NA LUTA ANTIRRACISTA<\/p>\n<\/td>\n<td style=\"width: 19.3579%;background-color: #a3d5f0;height: 104px\">\n<p align=\"center\">Prof. Dr. Jefferson Olivatto da Silva<\/p>\n<\/td>\n<td style=\"width: 14.5442%;background-color: #a3d5f0;height: 104px\">\n<p align=\"center\"><a href=\"https:\/\/tede.unicentro.br\/jspui\/bitstream\/jspui\/2231\/2\/Jaqueline%20Garcia%20Cavalheiro%20Almeida.pdf\"><span style=\"color: #000080\"><img loading=\"lazy\" decoding=\"async\" class=\"\" src=\"http:\/\/www2.unicentro.br\/ppge\/files\/2016\/06\/d-pdf-100x100.png\" width=\"43\" height=\"43\" \/><\/span><\/a><\/p>\n<\/td>\n<\/tr>\n<tr style=\"height: 56px\">\n<td style=\"width: 22.8517%;text-align: center;background-color: #ffffff;height: 56px\">LEIDIANE APARECIDA DOS SANTOS<\/td>\n<td style=\"width: 42.3041%;background-color: #ffffff;height: 56px\">\n<p align=\"center\">AS CRIAN\u00c7AS E O BRINCAR: NARRATIVAS E PR\u00c1TICAS NO COTIDIANO DA EDUCA\u00c7\u00c3O INFANTIL DE UM CMEI DO MUNIC\u00cdPIO DE GUARAPUAVA\/PR<\/p>\n<\/td>\n<td style=\"width: 19.3579%;background-color: #ffffff;height: 56px\">\n<p align=\"center\">Prof.\u00aa Dra. Aliandra Cristina Mesomo Lira<\/p>\n<\/td>\n<td style=\"width: 14.5442%;background-color: #ffffff;height: 56px\">\n<p align=\"center\"><span style=\"color: #000080\"><a href=\"https:\/\/tede.unicentro.br\/jspui\/bitstream\/jspui\/2429\/2\/LEIDIANE%20APARECIDA%20DOS%20SANTOS.pdf\"><img loading=\"lazy\" decoding=\"async\" class=\"\" src=\"http:\/\/www2.unicentro.br\/ppge\/files\/2016\/06\/d-pdf-100x100.png\" width=\"43\" height=\"43\" \/><\/a><\/span><\/p>\n<\/td>\n<\/tr>\n<tr style=\"height: 152px\">\n<td style=\"width: 22.8517%;text-align: center;height: 152px;background-color: #a3d5f0\">LIGIANE REGINA PORUCZENYSKI<\/td>\n<td style=\"width: 42.3041%;height: 152px;background-color: #a3d5f0\">\n<p align=\"center\">EDUCA\u00c7\u00c3O E TRABALHO: DI\u00c1LOGOS A PARTIR DA PERSPECTIVA SOCIAL SOBRE EDUCA\u00c7\u00c3O CARCER\u00c1RIA PARA MULHERES EGRESSAS DO SISTEMA PRISIONAL<br \/>\nDO MUNIC\u00cdPIO DE GUARAPUAVA\/PARAN\u00c1<\/p>\n<\/td>\n<td style=\"width: 19.3579%;height: 152px;background-color: #a3d5f0\">\n<p align=\"center\">Prof.\u00aa Dra. Juliane Sachser<br \/>\nAngnes<\/p>\n<\/td>\n<td style=\"width: 14.5442%;height: 152px;background-color: #a3d5f0\">\n<p align=\"center\"><a href=\"https:\/\/tede.unicentro.br\/jspui\/bitstream\/jspui\/2216\/2\/LIGIANE%20REGINA%20PORUCZENYSKI.pdf\"><span style=\"color: #000080\"><img loading=\"lazy\" decoding=\"async\" class=\"\" src=\"http:\/\/www2.unicentro.br\/ppge\/files\/2016\/06\/d-pdf-100x100.png\" width=\"43\" height=\"43\" \/><\/span><\/a><\/p>\n<\/td>\n<\/tr>\n<tr style=\"height: 104px\">\n<td style=\"width: 22.8517%;text-align: center;background-color: #ffffff;height: 104px\">LUCIMARA PEREIRA DUARTE<\/td>\n<td style=\"width: 42.3041%;background-color: #ffffff;height: 104px\">\n<p align=\"center\">RELA\u00c7\u00d5ES DE G\u00caNERO NO ESPORTE ESCOLAR: O CASO DOS JOGOS ESTUDANTIS MUNICIPAIS DE PONTA GROSSA\/PR (1985-2019)<\/p>\n<\/td>\n<td style=\"width: 19.3579%;background-color: #ffffff;height: 104px\">\n<p align=\"center\">Prof.\u00aa Dra. Glaucia Andreza Kronbauer<\/p>\n<\/td>\n<td style=\"width: 14.5442%;background-color: #ffffff;height: 104px\">\n<p align=\"center\"><a href=\"https:\/\/tede.unicentro.br\/jspui\/bitstream\/jspui\/2417\/2\/LUCIMARA%20PEREIRA%20DUARTE.pdf\"><span style=\"color: #000080\"><img loading=\"lazy\" decoding=\"async\" class=\"\" src=\"http:\/\/www2.unicentro.br\/ppge\/files\/2016\/06\/d-pdf-100x100.png\" width=\"43\" height=\"43\" \/><\/span><\/a><\/p>\n<\/td>\n<\/tr>\n<tr style=\"height: 200px\">\n<td style=\"width: 22.8517%;text-align: center;height: 200px;background-color: #a3d5f0\">MARIELLY DOS SANTOS PACHECO<\/td>\n<td style=\"width: 42.3041%;height: 200px;background-color: #a3d5f0\">\n<p align=\"center\">A EDUCA\u00c7\u00c3O N\u00c3O FORMAL SOB AS LENTES DA EDUCA\u00c7\u00c3O SOCIAL: UM ESTUDO DE CASO ACERCA DAS ATIVIDADES SOCIOEDUCATIVAS DESENVOLVIDAS COM CRIAN\u00c7AS E ADOLESCENTES PERTENCENTES A GRUPOS SOCIAIS VULNER\u00c1VEIS NO MUNIC\u00cdPIO DE REBOU\u00c7AS-PR E AS CONTRIBUI\u00c7\u00d5ES DESSAS NA EDIFICA\u00c7\u00c3O DE SUJEITOS<\/p>\n<\/td>\n<td style=\"width: 19.3579%;height: 200px;background-color: #a3d5f0\">\n<p align=\"center\">Prof.\u00aa Dra. Poliana Fab\u00edula Cardozo<\/p>\n<\/td>\n<td style=\"width: 14.5442%;height: 200px;background-color: #a3d5f0\">\n<p align=\"center\"><a href=\"https:\/\/tede.unicentro.br\/jspui\/bitstream\/jspui\/2415\/2\/MARIELLY%20DOS%20SANTOS%20PACHECO.pdf\"><span style=\"color: #000080\"><img loading=\"lazy\" decoding=\"async\" class=\"\" src=\"http:\/\/www2.unicentro.br\/ppge\/files\/2016\/06\/d-pdf-100x100.png\" width=\"43\" height=\"43\" \/><\/span><\/a><\/p>\n<\/td>\n<\/tr>\n<tr style=\"height: 128px\">\n<td style=\"width: 22.8517%;text-align: center;height: 128px;background-color: #ffffff\">MARYLIA GABRIELA ORTIS DA FONSECA<\/td>\n<td style=\"width: 42.3041%;height: 128px;background-color: #ffffff\">\n<p align=\"center\">PROJETO FORMATIVO PREVISTO NA BASE NACIONAL COMUM PARA A FORMA\u00c7\u00c3O INICIAL DE PROFESSORES DA EDUCA\u00c7\u00c3O B\u00c1SICA: IMPLICA\u00c7\u00d5ES PARA O CURSO DE PEDAGOGIA<\/p>\n<\/td>\n<td style=\"width: 19.3579%;height: 128px;background-color: #ffffff\">\n<p align=\"center\">Prof. Dra. Michelle Fernandes Lima<\/p>\n<\/td>\n<td style=\"width: 14.5442%;height: 128px;background-color: #ffffff\">\n<p align=\"center\"><a href=\"https:\/\/tede.unicentro.br\/jspui\/bitstream\/jspui\/2199\/2\/Disserta%c3%a7%c3%a3o%20-%20Marylia%20Gabriela%20Ortis%20da%20Fonseca.pdf\"><span style=\"color: #000080\"><img loading=\"lazy\" decoding=\"async\" class=\"\" src=\"http:\/\/www2.unicentro.br\/ppge\/files\/2016\/06\/d-pdf-100x100.png\" width=\"43\" height=\"43\" \/><\/span><\/a><\/p>\n<\/td>\n<\/tr>\n<tr style=\"height: 128px\">\n<td style=\"width: 22.8517%;height: 128px;background-color: #a3d5f0\">\n<p align=\"center\">MICHELLE FLORIANI<\/p>\n<\/td>\n<td style=\"width: 42.3041%;height: 128px;background-color: #a3d5f0\">\n<p align=\"center\">A TRANSI\u00c7\u00c3O DAS CRIAN\u00c7AS DA EDUCA\u00c7\u00c3O INFANTIL PARA O ENSINO FUNDAMENTAL: AS NARRATIVAS DAS PROFESSORAS E AS PR\u00c1TICAS PEDAG\u00d3GICAS PROPOSTAS NO \u00daLTIMO ANO DA PR\u00c9-ESCOLA<\/p>\n<\/td>\n<td style=\"width: 19.3579%;height: 128px;background-color: #a3d5f0\">\n<p align=\"center\">Prof.\u00aa Dra. Aliandra Cristina Mesomo Lira<\/p>\n<\/td>\n<td style=\"width: 14.5442%;height: 128px;background-color: #a3d5f0\">\n<p align=\"center\"><span style=\"color: #000080\"><a href=\"https:\/\/tede.unicentro.br\/jspui\/bitstream\/jspui\/2159\/2\/Disserta%c3%a7%c3%a3o%20-%20Michelle%20Floriani.pdf\"><img loading=\"lazy\" decoding=\"async\" class=\"\" src=\"http:\/\/www2.unicentro.br\/ppge\/files\/2016\/06\/d-pdf-100x100.png\" width=\"43\" height=\"43\" \/><\/a><\/span><\/p>\n<\/td>\n<\/tr>\n<tr style=\"height: 128px\">\n<td style=\"width: 22.8517%;background-color: #ffffff;height: 128px\">\n<p align=\"center\">PATR\u00cdCIA MARIA BONATO<\/p>\n<\/td>\n<td style=\"width: 42.3041%;background-color: #ffffff;height: 128px\">\n<p align=\"center\">A EDUCA\u00c7\u00c3O \u00c0 DIST\u00c2NCIA NA UNIVERSIDADE ESTADUAL DO CENTRO-OESTE: AS POL\u00cdTICAS P\u00daBLICAS E AS A\u00c7\u00d5ES DO N\u00daCLEO DE EDUCA\u00c7\u00c3O \u00c0 DIST\u00c2NCIA DE 2005-2023<\/p>\n<\/td>\n<td style=\"width: 19.3579%;background-color: #ffffff;height: 128px\">\n<p align=\"center\">Prof.\u00aa Dra. Marisa Schnekenberg<\/p>\n<\/td>\n<td style=\"width: 14.5442%;background-color: #ffffff;height: 128px\">\n<p align=\"center\"><a href=\"https:\/\/tede.unicentro.br\/jspui\/bitstream\/jspui\/2416\/2\/Patricia%20Maria%20Bonato.pdf\"><span style=\"color: #000080\"><img loading=\"lazy\" decoding=\"async\" class=\"\" src=\"http:\/\/www2.unicentro.br\/ppge\/files\/2016\/06\/d-pdf-100x100.png\" width=\"43\" height=\"43\" \/><\/span><\/a><\/p>\n<\/td>\n<\/tr>\n<tr style=\"height: 104px\">\n<td style=\"width: 22.8517%;text-align: center;height: 104px;background-color: #a3d5f0\">SAMUEL VITORIO BARBOSA<\/td>\n<td style=\"width: 42.3041%;height: 104px;background-color: #a3d5f0\">\n<p align=\"center\">PENSAMENTO E BANALIDADE DO MAL: CONSIDERA\u00c7\u00c3O SOBRE O CONCEITO DE A\u00c7\u00c3O ARENDTIANO NO CAMPO EDUCACIONAL<\/p>\n<\/td>\n<td style=\"width: 19.3579%;height: 104px;background-color: #a3d5f0\">\n<p align=\"center\">Prof. Dr. Evandro Oliveira de Brito<\/p>\n<\/td>\n<td style=\"width: 14.5442%;height: 104px;background-color: #a3d5f0\">\n<p align=\"center\"><a href=\"https:\/\/tede.unicentro.br\/jspui\/bitstream\/jspui\/2232\/2\/Samuel%20Vitorio%20Barbosa.pdf\"><span style=\"color: #000080\"><img loading=\"lazy\" decoding=\"async\" class=\"\" src=\"http:\/\/www2.unicentro.br\/ppge\/files\/2016\/06\/d-pdf-100x100.png\" width=\"43\" height=\"43\" \/><\/span><\/a><\/p>\n<\/td>\n<\/tr>\n<tr>\n<td style=\"width: 22.8517%;text-align: center;background-color: #ffffff\">S\u00c1VIO BUENO<\/td>\n<td style=\"width: 42.3041%;background-color: #ffffff\">\n<p align=\"center\">A CONTA\u00c7\u00c3O DE HIST\u00d3RIAS PARA CRIAN\u00c7AS COM TRANSTORNO DO ESPECTRO AUTISTA NOS ANOS INICIAIS<\/p>\n<\/td>\n<td style=\"width: 19.3579%;background-color: #ffffff\">\n<p align=\"center\">Prof.\u00aa Dra. Eliziane Manosso Streiechen<\/p>\n<\/td>\n<td style=\"width: 14.5442%;background-color: #ffffff\">\n<p align=\"center\"><a href=\"https:\/\/tede.unicentro.br\/jspui\/bitstream\/jspui\/2428\/2\/S%c3%a1vio%20Bueno.pdf\"><span style=\"color: #000080\"><img loading=\"lazy\" decoding=\"async\" class=\"\" src=\"http:\/\/www2.unicentro.br\/ppge\/files\/2016\/06\/d-pdf-100x100.png\" width=\"43\" height=\"43\" \/><\/span><\/a><\/p>\n<\/td>\n<\/tr>\n<\/tbody>\n<\/table>\n<p>&nbsp;<\/p>\n","protected":false},"excerpt":{"rendered":"<p>AUTOR(A) T\u00cdTULO ORIENTADOR(A) DISSERTA\u00c7\u00c3O ALEX SOARES DE OLIVEIRA O PENSAMENTO GEOGR\u00c1FICO E A LITERATURA INFANTIL: EXPLORA\u00c7\u00d5ES A PARTIR DE PERCURSOS DID\u00c1TICOS ELABORADOS POR DOCENTES DOS ANOS INICIAIS DO ENSINO FUNDAMENTAL Prof. Dr. Daniel Luiz Stefenon ANGELA TEREZINHA OLIVEIRA BRANCHER RACIONALIDADE INSTRUMENTAL E EDUCA\u00c7\u00c3O INFANTIL: AN\u00c1LISE CR\u00cdTICA DO SISTEMA DE ENSINO APOSTILADO Prof.\u00aa Dra. Luciane Neuvald [&hellip;]<\/p>\n","protected":false},"author":2,"featured_media":0,"parent":0,"menu_order":0,"comment_status":"closed","ping_status":"closed","template":"","meta":{"_exactmetrics_skip_tracking":false,"_exactmetrics_sitenote_active":false,"_exactmetrics_sitenote_note":"","_exactmetrics_sitenote_category":0,"ngg_post_thumbnail":0,"footnotes":"","_links_to":"","_links_to_target":""},"class_list":["post-6865","page","type-page","status-publish","hentry"],"publishpress_future_action":{"enabled":false,"date":"2026-04-17 13:34:58","action":"change-status","newStatus":"draft","terms":[],"taxonomy":"","extraData":[]},"publishpress_future_workflow_manual_trigger":{"enabledWorkflows":[]},"_links":{"self":[{"href":"https:\/\/www2.unicentro.br\/ppge\/wp-json\/wp\/v2\/pages\/6865","targetHints":{"allow":["GET"]}}],"collection":[{"href":"https:\/\/www2.unicentro.br\/ppge\/wp-json\/wp\/v2\/pages"}],"about":[{"href":"https:\/\/www2.unicentro.br\/ppge\/wp-json\/wp\/v2\/types\/page"}],"author":[{"embeddable":true,"href":"https:\/\/www2.unicentro.br\/ppge\/wp-json\/wp\/v2\/users\/2"}],"replies":[{"embeddable":true,"href":"https:\/\/www2.unicentro.br\/ppge\/wp-json\/wp\/v2\/comments?post=6865"}],"version-history":[{"count":51,"href":"https:\/\/www2.unicentro.br\/ppge\/wp-json\/wp\/v2\/pages\/6865\/revisions"}],"predecessor-version":[{"id":8791,"href":"https:\/\/www2.unicentro.br\/ppge\/wp-json\/wp\/v2\/pages\/6865\/revisions\/8791"}],"wp:attachment":[{"href":"https:\/\/www2.unicentro.br\/ppge\/wp-json\/wp\/v2\/media?parent=6865"}],"curies":[{"name":"wp","href":"https:\/\/api.w.org\/{rel}","templated":true}]}}