{"id":6617,"date":"2023-11-07T10:20:48","date_gmt":"2023-11-07T13:20:48","guid":{"rendered":"https:\/\/www2.unicentro.br\/ppge\/?page_id=6617"},"modified":"2025-02-26T15:59:39","modified_gmt":"2025-02-26T18:59:39","slug":"teses-2023","status":"publish","type":"page","link":"https:\/\/www2.unicentro.br\/ppge\/teses-2023\/","title":{"rendered":"Teses 2023"},"content":{"rendered":"<table style=\"height: 20px;width: 100.189%;background-color: #ffffff\">\n<tbody>\n<tr style=\"background-color: #c4c4c4\">\n<td style=\"height: 10px;width: 22.8517%;text-align: center\"><strong>AUTOR(A)<\/strong><\/td>\n<td style=\"text-align: center;height: 10px;width: 44.6348%\"><strong>T\u00cdTULO<\/strong><\/td>\n<td style=\"text-align: center;height: 10px;width: 23.9084%\"><strong>ORIENTADOR(A)<\/strong><\/td>\n<td style=\"text-align: center;height: 10px;width: 7.66295%\"><strong>TESE<\/strong><\/td>\n<\/tr>\n<tr style=\"height: 10px\" bgcolor=\"#02d2d2\">\n<td style=\"width: 22.8517%;height: 10px;background-color: #ffffff\" bgcolor=\"#ffffff\" width=\"157\">\n<p align=\"center\">ELIZIANE DE F\u00c1TIMA ALVARISTO<\/p>\n<\/td>\n<td style=\"width: 44.6348%;height: 10px;background-color: #ffffff\" bgcolor=\"#ffffff\" width=\"313\">\n<p align=\"center\">TECNOLOGIA ASSISTIVA 3M: MATERIAL MANIPUL\u00c1VEL DE<br \/>\nMULTIPLICA\u00c7\u00c3O PARA APRENDIZAGEM DO CONCEITO MATEM\u00c1TICO AO ESTUDANTE CEGO NA PERSPECTIVA INCLUSIVA<\/p>\n<\/td>\n<td style=\"width: 23.9084%;height: 10px;background-color: #ffffff\" bgcolor=\"#ffffff\" width=\"161\">\n<p align=\"center\">Prof.\u00aa Dra. Jamile Santinello<\/p>\n<\/td>\n<td style=\"width: 7.66295%;height: 10px;background-color: #ffffff\" bgcolor=\"#ffffff\" width=\"639\">\n<p align=\"center\"><a href=\"https:\/\/tede.unicentro.br\/jspui\/bitstream\/jspui\/2124\/2\/TESE%20-%20Eliziane%20de%20F%c3%a1tima%20Alvaristo.pdf\"><span style=\"color: #000080\"><img loading=\"lazy\" decoding=\"async\" class=\"\" src=\"http:\/\/www2.unicentro.br\/ppge\/files\/2016\/06\/d-pdf-100x100.png\" width=\"43\" height=\"43\" \/><\/span><\/a><\/p>\n<\/td>\n<\/tr>\n<\/tbody>\n<\/table>\n","protected":false},"excerpt":{"rendered":"<p>AUTOR(A) T\u00cdTULO ORIENTADOR(A) TESE ELIZIANE DE F\u00c1TIMA ALVARISTO TECNOLOGIA ASSISTIVA 3M: MATERIAL MANIPUL\u00c1VEL DE MULTIPLICA\u00c7\u00c3O PARA APRENDIZAGEM DO CONCEITO MATEM\u00c1TICO AO ESTUDANTE CEGO NA PERSPECTIVA INCLUSIVA Prof.\u00aa Dra. Jamile Santinello<\/p>\n","protected":false},"author":2,"featured_media":0,"parent":0,"menu_order":0,"comment_status":"closed","ping_status":"closed","template":"","meta":{"_exactmetrics_skip_tracking":false,"_exactmetrics_sitenote_active":false,"_exactmetrics_sitenote_note":"","_exactmetrics_sitenote_category":0,"ngg_post_thumbnail":0,"footnotes":"","_links_to":"","_links_to_target":""},"class_list":["post-6617","page","type-page","status-publish","hentry"],"publishpress_future_action":{"enabled":false,"date":"2026-04-17 10:20:50","action":"change-status","newStatus":"draft","terms":[],"taxonomy":"","extraData":[]},"publishpress_future_workflow_manual_trigger":{"enabledWorkflows":[]},"_links":{"self":[{"href":"https:\/\/www2.unicentro.br\/ppge\/wp-json\/wp\/v2\/pages\/6617","targetHints":{"allow":["GET"]}}],"collection":[{"href":"https:\/\/www2.unicentro.br\/ppge\/wp-json\/wp\/v2\/pages"}],"about":[{"href":"https:\/\/www2.unicentro.br\/ppge\/wp-json\/wp\/v2\/types\/page"}],"author":[{"embeddable":true,"href":"https:\/\/www2.unicentro.br\/ppge\/wp-json\/wp\/v2\/users\/2"}],"replies":[{"embeddable":true,"href":"https:\/\/www2.unicentro.br\/ppge\/wp-json\/wp\/v2\/comments?post=6617"}],"version-history":[{"count":6,"href":"https:\/\/www2.unicentro.br\/ppge\/wp-json\/wp\/v2\/pages\/6617\/revisions"}],"predecessor-version":[{"id":8060,"href":"https:\/\/www2.unicentro.br\/ppge\/wp-json\/wp\/v2\/pages\/6617\/revisions\/8060"}],"wp:attachment":[{"href":"https:\/\/www2.unicentro.br\/ppge\/wp-json\/wp\/v2\/media?parent=6617"}],"curies":[{"name":"wp","href":"https:\/\/api.w.org\/{rel}","templated":true}]}}