{"id":5904,"date":"2023-02-01T14:09:04","date_gmt":"2023-02-01T17:09:04","guid":{"rendered":"https:\/\/www2.unicentro.br\/ppge\/?page_id=5904"},"modified":"2025-02-26T14:27:14","modified_gmt":"2025-02-26T17:27:14","slug":"dissertacoes-2023","status":"publish","type":"page","link":"https:\/\/www2.unicentro.br\/ppge\/dissertacoes-2023\/","title":{"rendered":"Disserta\u00e7\u00f5es 2023"},"content":{"rendered":"<table style=\"height: 2354px;width: 100.189%;background-color: #ffffff\">\n<tbody>\n<tr style=\"background-color: #c4c4c4\">\n<td style=\"height: 47px;width: 22.8517%;text-align: center\"><strong>AUTOR(A)<\/strong><\/td>\n<td style=\"text-align: center;height: 47px;width: 42.3041%\"><strong>T\u00cdTULO<\/strong><\/td>\n<td style=\"text-align: center;height: 47px;width: 19.3579%\"><strong>ORIENTADOR(A)<\/strong><\/td>\n<td style=\"text-align: center;height: 47px;width: 14.5442%\"><strong>DISSERTA\u00c7\u00c3O<\/strong><\/td>\n<\/tr>\n<tr style=\"height: 10px\" bgcolor=\"#02d2d2\">\n<td style=\"width: 22.8517%;height: 10px;background-color: #ffffff\" bgcolor=\"#ffffff\" width=\"157\">\n<p align=\"center\">ADENAUER MARCOS DA COSTA<\/p>\n<\/td>\n<td style=\"width: 42.3041%;height: 10px;background-color: #ffffff\" bgcolor=\"#ffffff\" width=\"313\">\n<p align=\"center\">HIST\u00d3RIA DA EDUCA\u00c7\u00c3O NA GUIN\u00c9-BISSAU:<br \/>\nAN\u00c1LISE DO PROJETO EDUCATIVO DO PAIGC NO<br \/>\nPER\u00cdODO DA LUTA DA LIBERTA\u00c7\u00c3O NACIONAL<br \/>\n(1963-1973)<\/p>\n<\/td>\n<td style=\"width: 19.3579%;height: 10px;background-color: #ffffff\" bgcolor=\"#ffffff\" width=\"161\">\n<p align=\"center\">Prof. Dr. Evandro Oliveira de Brito<\/p>\n<\/td>\n<td style=\"width: 14.5442%;height: 10px;background-color: #ffffff\" bgcolor=\"#ffffff\" width=\"639\">\n<p align=\"center\"><a href=\"https:\/\/tede.unicentro.br\/jspui\/bitstream\/jspui\/2016\/2\/Disserta%c3%a7%c3%a3o%20-%20Adenauer%20Marcos%20da%20Costa.pdf\"><span style=\"color: #000080\"><img loading=\"lazy\" decoding=\"async\" class=\"\" src=\"http:\/\/www2.unicentro.br\/ppge\/files\/2016\/06\/d-pdf-100x100.png\" width=\"43\" height=\"43\" \/><\/span><\/a><\/p>\n<\/td>\n<\/tr>\n<tr style=\"height: 128px\">\n<td style=\"width: 22.8517%;text-align: center;height: 128px;background-color: #a3d5f0\">BIANCA CARRARO DUDA<\/td>\n<td style=\"width: 42.3041%;height: 128px;background-color: #a3d5f0\">\n<p align=\"center\">MARTHA NUSSBAUM E A FUN\u00c7\u00c3O DAS EMO\u00c7\u00d5ES NA<br \/>\nCONSTITUI\u00c7\u00c3O DE UMA EDUCA\u00c7\u00c3O PARA A DEMOCRACIA<\/p>\n<\/td>\n<td style=\"width: 19.3579%;height: 128px;background-color: #a3d5f0\">\n<p align=\"center\">Prof. Dr. Evandro Oliveira de Brito<\/p>\n<\/td>\n<td style=\"width: 14.5442%;height: 128px;background-color: #a3d5f0\">\n<p align=\"center\"><a href=\"https:\/\/tede.unicentro.br\/jspui\/bitstream\/jspui\/2117\/2\/Disserta%c3%a7%c3%a3o%20-%20Bianca%20Carraro%20Duda.pdf\"><span style=\"color: #000080\"><img loading=\"lazy\" decoding=\"async\" class=\"\" src=\"http:\/\/www2.unicentro.br\/ppge\/files\/2016\/06\/d-pdf-100x100.png\" width=\"43\" height=\"43\" \/><\/span><\/a><\/p>\n<\/td>\n<\/tr>\n<tr style=\"height: 160px;background-color: #a3d5f0\">\n<td style=\"width: 22.8517%;text-align: center;height: 160px;background-color: #ffffff\">&nbsp;<\/p>\n<p>CAROLINE APARECIDA SANTIAGO ALIBOSEK<\/p>\n<p align=\"center\">\n<\/td>\n<td style=\"width: 42.3041%;height: 160px;background-color: #ffffff\">\n<p align=\"center\">ATUA\u00c7\u00c3O DO INSTITUTO NATURA NAS REDES MUNICIPAIS DE ENSINO DA MICRORREGI\u00c3O DE IRATI: PROJETO TRILHAS E POL\u00cdTICAS DE FORMA\u00c7\u00c3O DE PROFESSORES<\/p>\n<\/td>\n<td style=\"width: 19.3579%;height: 160px;background-color: #ffffff\">\n<p align=\"center\">Prof.\u00aa Dra. Michelle Fernandes Lima<\/p>\n<\/td>\n<td style=\"width: 14.5442%;height: 160px;background-color: #ffffff\">\n<p align=\"center\"><a href=\"https:\/\/tede.unicentro.br\/jspui\/bitstream\/jspui\/2055\/2\/Disserta%c3%a7%c3%a3o%20-%20Caroline%20Aparecida%20%20Santiago%20Alibosek.pdf\"><span style=\"color: #000080\"><img loading=\"lazy\" decoding=\"async\" class=\"\" src=\"http:\/\/www2.unicentro.br\/ppge\/files\/2016\/06\/d-pdf-100x100.png\" width=\"43\" height=\"43\" \/><\/span><\/a><\/p>\n<\/td>\n<\/tr>\n<tr style=\"height: 104px\">\n<td style=\"width: 22.8517%;text-align: center;height: 104px;background-color: #a3d5f0\">DIOMARA R\u00c9NHR\u00c1 LOUREN\u00c7O MATHIAS<\/td>\n<td style=\"width: 42.3041%;height: 104px;background-color: #a3d5f0\">\n<p align=\"center\">CULTURA CORPORAL KANHG\u00c1G NAS AULAS DE EDUCA\u00c7\u00c3O F\u00cdSICA: UMA POSSIBILIDADE DE REAFIRIMAR A IDENTIDADE CULTURAL IND\u00cdGENA<\/p>\n<\/td>\n<td style=\"width: 19.3579%;height: 104px;background-color: #a3d5f0\">\n<p align=\"center\">Prof.\u00aa Dra. Gl\u00e1ucia Andreza Kronbauer<\/p>\n<\/td>\n<td style=\"width: 14.5442%;height: 104px;background-color: #a3d5f0\">\n<p align=\"center\"><span style=\"color: #000080\"><a href=\"https:\/\/tede.unicentro.br\/jspui\/bitstream\/jspui\/2131\/2\/DISSERTA%c3%87%c3%83O_Diomara_R%c3%a9nhr%c3%a1.pdf\"><img loading=\"lazy\" decoding=\"async\" class=\"\" src=\"http:\/\/www2.unicentro.br\/ppge\/files\/2016\/06\/d-pdf-100x100.png\" width=\"43\" height=\"43\" \/><\/a><\/span><\/p>\n<\/td>\n<\/tr>\n<tr style=\"background-color: #ffffff\">\n<td style=\"width: 22.8517%;text-align: center;background-color: #ffffff;height: 128px\">DANUSA KORIG BERNARDO FERNANDES<\/td>\n<td style=\"width: 42.3041%;background-color: #ffffff;height: 128px\">\n<p align=\"center\">POL\u00cdTICA E PR\u00c1TICA DO MATERIAL DID\u00c1TICO KANHG\u00c1G NA ESCOLA: UM ESTUDO NA TERRA IND\u00cdGENA RIO DAS COBRAS NO PARAN\u00c1<\/p>\n<\/td>\n<td style=\"width: 19.3579%;background-color: #ffffff;height: 128px\">\n<p align=\"center\">Prof. Dr. Marcos Gehrke<\/p>\n<\/td>\n<td style=\"width: 14.5442%;background-color: #ffffff;height: 128px\">\n<p align=\"center\"><span style=\"color: #000080\"><a href=\"https:\/\/tede.unicentro.br\/jspui\/bitstream\/jspui\/2142\/2\/Disserta%c3%a7%c3%a3o%20-%20Danusa%20Korig%20Bernardo%20Fernandes.pdf\"><img loading=\"lazy\" decoding=\"async\" class=\"\" src=\"http:\/\/www2.unicentro.br\/ppge\/files\/2016\/06\/d-pdf-100x100.png\" width=\"43\" height=\"43\" \/><\/a>\u00a0<\/span><\/p>\n<\/td>\n<\/tr>\n<tr style=\"height: 128px\">\n<td style=\"width: 22.8517%;height: 128px;background-color: #a3d5f0\">\n<p align=\"center\">ELIS REGINA BRODAY<\/p>\n<\/td>\n<td style=\"width: 42.3041%;height: 128px;background-color: #a3d5f0\">\n<p align=\"center\">O DISPOSITIVO DA MEDICALIZA\u00c7\u00c3O: UMA AN\u00c1LISE DOS<br \/>\nDISCURSOS PRODUZIDOS NA RELA\u00c7\u00c3O PODER\/SABER M\u00c9DICO, NUMA INSTITUI\u00c7\u00c3O ESCOLAR<\/p>\n<\/td>\n<td style=\"width: 19.3579%;height: 128px;background-color: #a3d5f0\">\n<p align=\"center\">Prof. Dr. Gilmar de Carvalho Cruz<\/p>\n<\/td>\n<td style=\"width: 14.5442%;height: 128px;background-color: #a3d5f0\">\n<p align=\"center\"><a href=\"https:\/\/tede.unicentro.br\/jspui\/bitstream\/jspui\/2043\/2\/Disserta%c3%a7%c3%a3o%20-%20ELIS%20REGINA%20BRODAY.pdf\"><span style=\"color: #000080\"><img loading=\"lazy\" decoding=\"async\" class=\"\" src=\"http:\/\/www2.unicentro.br\/ppge\/files\/2016\/06\/d-pdf-100x100.png\" width=\"43\" height=\"43\" \/><\/span><\/a><\/p>\n<\/td>\n<\/tr>\n<tr style=\"height: 121px\">\n<td style=\"width: 22.8517%;text-align: center;height: 121px;background-color: #ffffff\">&nbsp;<\/p>\n<p>ELISMARI APARECIDA LOPES DOMINGUES DE LIMA<\/p>\n<p style=\"text-align: center\" align=\"center\">\n<\/td>\n<td style=\"width: 42.3041%;height: 121px;background-color: #ffffff\">\n<p align=\"center\">TEATRO DAS OPRIMIDAS: UMA EXPERI\u00caNCIA COM O GRUPO DE MULHERES RENASCER<\/p>\n<\/td>\n<td style=\"width: 19.3579%;height: 121px;background-color: #ffffff\">\n<p align=\"center\">Prof.\u00aa Dra. Gl\u00e1ucia Andreza Kronbauer<\/p>\n<\/td>\n<td style=\"width: 14.5442%;height: 121px;background-color: #ffffff\">\n<p align=\"center\"><a href=\"https:\/\/tede.unicentro.br\/jspui\/bitstream\/jspui\/2095\/2\/Disserta%c3%a7%c3%a3o%20-%20Elismari%20Aparecida%20Lopes%20Domingues%20de%20Lima.pdf\"><span style=\"color: #000080\"><img loading=\"lazy\" decoding=\"async\" class=\"\" src=\"http:\/\/www2.unicentro.br\/ppge\/files\/2016\/06\/d-pdf-100x100.png\" width=\"43\" height=\"43\" \/><\/span><\/a><\/p>\n<\/td>\n<\/tr>\n<tr style=\"height: 104px\">\n<td style=\"width: 22.8517%;text-align: center;height: 104px;background-color: #a3d5f0\">ERIKA ELIAS DO NASCIMENTO<\/td>\n<td style=\"width: 42.3041%;text-align: center;height: 104px;background-color: #a3d5f0\">ESCOLA DO TRABALHO: CONSTRU\u00c7\u00c3O E RESIST\u00caNCIA NA ESCOLA ITINERANTE CAMINHOS DO SABER<\/td>\n<td style=\"width: 19.3579%;text-align: center;height: 104px;background-color: #a3d5f0\">Prof. Dr. Marcos Gehrke<\/td>\n<td style=\"width: 14.5442%;height: 104px;background-color: #a3d5f0\">\n<p align=\"center\"><a href=\"https:\/\/tede.unicentro.br\/jspui\/bitstream\/jspui\/2127\/2\/Disserta%c3%a7%c3%a3o%20-%20Erika%20Elias%20Do%20Nascimento.pdf\"><span style=\"color: #000080\"><img loading=\"lazy\" decoding=\"async\" class=\"\" src=\"http:\/\/www2.unicentro.br\/ppge\/files\/2016\/06\/d-pdf-100x100.png\" width=\"43\" height=\"43\" \/><\/span><\/a><\/p>\n<\/td>\n<\/tr>\n<tr style=\"height: 82px\">\n<td style=\"width: 22.8517%;text-align: center;background-color: #ffffff;height: 82px\">FELIZBELA KUYELA ALBERTO MIRANDA<\/td>\n<td style=\"width: 42.3041%;text-align: center;background-color: #ffffff;height: 82px\">AUTOETNOGRAFIA DE UMA FORMA\u00c7\u00c3O: CURR\u00cdCULO E PR\u00c1TICAS PEDAG\u00d3GICAS DECOLONIAIS NO CURSO DE PEDAGOGIA DA UNILAB-CEAR\u00c1<\/td>\n<td style=\"width: 19.3579%;text-align: center;background-color: #ffffff;height: 82px\">Prof. Dr. Jefferson Olivatto da Silva<\/td>\n<td style=\"width: 14.5442%;background-color: #ffffff;height: 82px\">\n<p align=\"center\"><a href=\"https:\/\/tede.unicentro.br\/jspui\/bitstream\/jspui\/2130\/2\/Disserta%c3%a7%c3%a3o%20-%20Felizbela%20Kuyela%20Alberto%20Miranda.pdf\"><span style=\"color: #000080\"><img loading=\"lazy\" decoding=\"async\" class=\"\" src=\"http:\/\/www2.unicentro.br\/ppge\/files\/2016\/06\/d-pdf-100x100.png\" width=\"43\" height=\"43\" \/><\/span><\/a><\/p>\n<\/td>\n<\/tr>\n<tr style=\"height: 82px;background-color: #ffffff\">\n<td style=\"width: 22.8517%;text-align: center;height: 82px;background-color: #a3d5f0\">FERNANDA AMARO<\/td>\n<td style=\"width: 42.3041%;text-align: center;height: 82px;background-color: #a3d5f0\">ESCOLAS ITINERANTES DO MST: NARRATIVAS CAMPONESAS DE LUTA, COMPROMISSO E RESIST\u00caNCIA NO ESTADO DO PARAN\u00c1<\/td>\n<td style=\"width: 19.3579%;text-align: center;height: 82px;background-color: #a3d5f0\">Prof. Dr. Alessandro de Melo<\/td>\n<td style=\"width: 14.5442%;height: 82px;background-color: #a3d5f0\">\n<p align=\"center\"><a href=\"https:\/\/tede.unicentro.br\/jspui\/bitstream\/jspui\/2051\/2\/Disserta%c3%a7%c3%a3o%20-%20FERNANDA%20AMARO.pdf\"><span style=\"color: #000080\"><img loading=\"lazy\" decoding=\"async\" class=\"\" src=\"http:\/\/www2.unicentro.br\/ppge\/files\/2016\/06\/d-pdf-100x100.png\" width=\"43\" height=\"43\" \/><\/span><\/a><\/p>\n<\/td>\n<\/tr>\n<tr style=\"height: 108px\">\n<td style=\"width: 22.8517%;height: 108px;background-color: #ffffff\">\n<p align=\"center\">FRANCIELLI CZELUSNIAK COSTA CHEPLUKI<\/p>\n<\/td>\n<td style=\"width: 42.3041%;height: 108px;background-color: #ffffff\">\n<p align=\"center\">CONCEP\u00c7\u00d5ES DE ENSINO DE HIST\u00d3RIA PRESENTES NOS INSTRUMENTOS AVALIATIVOS DE UMA ESCOLA MUNICIPAL DE IRATI-PARAN\u00c1<\/p>\n<\/td>\n<td style=\"width: 19.3579%;height: 108px;background-color: #ffffff\">\n<p align=\"center\">Prof. Dr. Geyso Dongley Germinari<\/p>\n<\/td>\n<td style=\"width: 14.5442%;height: 108px;background-color: #ffffff\">\n<p align=\"center\"><a href=\"https:\/\/tede.unicentro.br\/jspui\/bitstream\/jspui\/2063\/2\/Disserta%c3%a7%c3%a3o%20-%20Francielli%20Czelusniak%20Costa%20Chepluki.pdf\"><span style=\"color: #000080\"><img loading=\"lazy\" decoding=\"async\" class=\"\" src=\"http:\/\/www2.unicentro.br\/ppge\/files\/2016\/06\/d-pdf-100x100.png\" width=\"43\" height=\"43\" \/><\/span><\/a><\/p>\n<\/td>\n<\/tr>\n<tr style=\"height: 128px\">\n<td style=\"width: 22.8517%;background-color: #a3d5f0;text-align: center;height: 128px\">IVANA CARLA CORDEIRO DA SILVA FRANCOS<\/p>\n<p align=\"center\">\n<\/td>\n<td style=\"width: 42.3041%;background-color: #a3d5f0;height: 128px\">\n<p style=\"text-align: center\">INCLUS\u00c3O ESCOLAR: A ARTICULA\u00c7\u00c3O ENTRE EDUCA\u00c7\u00c3O ESPECIAL E O ENSINO REGULAR POR MEIO DO TRABALHO COLABORATIVO DOS PROFISSIONAIS<\/p>\n<\/td>\n<td style=\"width: 19.3579%;background-color: #a3d5f0;height: 128px\">\n<p align=\"center\">Prof. Dr. Khaled Omar Mohamad El Tassa<\/p>\n<\/td>\n<td style=\"width: 14.5442%;background-color: #a3d5f0;height: 128px\">\n<p align=\"center\"><a href=\"https:\/\/tede.unicentro.br\/jspui\/bitstream\/jspui\/2066\/2\/Disserta%c3%a7%c3%a3o%20-%20Ivana%20Carla%20Cordeiro%20da%20Silva%20Francos.pdf\"><span style=\"color: #000080\"><img loading=\"lazy\" decoding=\"async\" class=\"\" src=\"http:\/\/www2.unicentro.br\/ppge\/files\/2016\/06\/d-pdf-100x100.png\" width=\"43\" height=\"43\" \/><\/span><\/a><\/p>\n<\/td>\n<\/tr>\n<tr style=\"height: 10px;background-color: #ffffff\" bgcolor=\"#02d2d2\">\n<td style=\"width: 22.8517%;height: 10px;background-color: #ffffff\" bgcolor=\"#ffffff\" width=\"157\">\n<p align=\"center\">JOANA CRISTINA BURNATO<\/p>\n<\/td>\n<td style=\"width: 42.3041%;height: 10px;background-color: #ffffff\" bgcolor=\"#ffffff\" width=\"313\">\n<p align=\"center\">REPRESENTA\u00c7\u00d5ES DE G\u00caNERO NOS LIVROS DID\u00c1TICOS DOS ANOS INICIAIS DO ENSINO FUNDAMENTAL: AN\u00c1LISE A PARTIR DAS IMAGENS VEICULADAS<\/p>\n<\/td>\n<td style=\"width: 19.3579%;height: 10px;background-color: #ffffff\" bgcolor=\"#ffffff\" width=\"161\">\n<p align=\"center\">Prof. Dr. Emerson Lu\u00eds Velozo<\/p>\n<\/td>\n<td style=\"width: 14.5442%;height: 10px;background-color: #ffffff\" bgcolor=\"#ffffff\" width=\"639\">\n<p align=\"center\"><a href=\"https:\/\/tede.unicentro.br\/jspui\/bitstream\/jspui\/2035\/2\/Disserta%c3%a7%c3%a3o%20-%20JOANA%20CRISTINA%20BURNATO.pdf\"><span style=\"color: #000080\"><img loading=\"lazy\" decoding=\"async\" class=\"\" src=\"http:\/\/www2.unicentro.br\/ppge\/files\/2016\/06\/d-pdf-100x100.png\" width=\"43\" height=\"43\" \/><\/span><\/a><\/p>\n<\/td>\n<\/tr>\n<tr style=\"height: 128px;background-color: #a3d5f0\">\n<td style=\"width: 22.8517%;height: 128px;background-color: #a3d5f0\">\n<p style=\"text-align: center\">JUSSARA DE F\u00c1TIMA IVANSKI RUPPEL<\/p>\n<p align=\"center\">\n<\/td>\n<td style=\"width: 42.3041%;height: 128px;background-color: #a3d5f0\">\n<p align=\"center\">APARELHOS PRIVADOS DE HEGEMONIA E O PROCESSO DE IMPLEMENTA\u00c7\u00c3O DA BASE NACIONAL COMUM<br \/>\nCURRICULAR (BNCC) NO ESTADO DO PARAN\u00c1<\/p>\n<\/td>\n<td style=\"width: 19.3579%;height: 128px;background-color: #a3d5f0\">\n<p align=\"center\">Prof.\u00aa Dra. Michelle Fernandes Lima<\/p>\n<\/td>\n<td style=\"width: 14.5442%;height: 128px;background-color: #a3d5f0\">\n<p align=\"center\"><a href=\"https:\/\/tede.unicentro.br\/jspui\/bitstream\/jspui\/2040\/2\/Disserta%c3%a7%c3%a3o%20-%20JUSSARA%20DE%20F%c3%81TIMA%20IVANSKI%20RUPPEL.pdf\"><span style=\"color: #000080\"><img loading=\"lazy\" decoding=\"async\" class=\"\" src=\"http:\/\/www2.unicentro.br\/ppge\/files\/2016\/06\/d-pdf-100x100.png\" width=\"43\" height=\"43\" \/><\/span><\/a><\/p>\n<\/td>\n<\/tr>\n<tr style=\"height: 119px\">\n<td style=\"width: 22.8517%;background-color: #ffffff;text-align: center;height: 119px\">LUCAS EMANOEL LENARTOVICZ<\/td>\n<td style=\"width: 42.3041%;background-color: #ffffff;height: 119px\">\n<p align=\"center\">UM RELATO AUTOBIOGR\u00c1FICO DE UM SURDO SOB O VI\u00c9S DAS POL\u00cdTICAS EDUCACIONAIS INCLUSIVAS<\/p>\n<\/td>\n<td style=\"width: 19.3579%;background-color: #ffffff;height: 119px\">\n<p align=\"center\">Prof. Dr. Alessandro de Melo<\/p>\n<\/td>\n<td style=\"width: 14.5442%;background-color: #ffffff;height: 119px\">\n<p align=\"center\"><a href=\"https:\/\/tede.unicentro.br\/jspui\/bitstream\/jspui\/2114\/2\/Disserta%c3%a7%c3%a3o%20-%20Lucas%20Emanoel%20Lenartovicz.pdf\"><span style=\"color: #000080\"><img loading=\"lazy\" decoding=\"async\" class=\"\" src=\"http:\/\/www2.unicentro.br\/ppge\/files\/2016\/06\/d-pdf-100x100.png\" width=\"43\" height=\"43\" \/><\/span><\/a><\/p>\n<\/td>\n<\/tr>\n<tr style=\"height: 104px\">\n<td style=\"width: 22.8517%;height: 104px;background-color: #a3d5f0\">\n<p align=\"center\">LEANDRO WSZOLEK<\/p>\n<\/td>\n<td style=\"width: 42.3041%;height: 104px;background-color: #a3d5f0\">\n<p align=\"center\">PR\u00c1TICAS PEDAG\u00d3GICAS INCLUSIVAS NA EDUCA\u00c7\u00c3O F\u00cdSICA: PLANEJAMENTO E DESENVOLVIMENTO DE INTERVEN\u00c7\u00d5ES NUMA APAE<\/p>\n<\/td>\n<td style=\"width: 19.3579%;height: 104px;background-color: #a3d5f0\">\n<p align=\"center\">Prof. Dr. Gilmar de Carvalho Cruz<\/p>\n<\/td>\n<td style=\"width: 14.5442%;height: 104px;background-color: #a3d5f0\">\n<p align=\"center\"><a href=\"https:\/\/tede.unicentro.br\/jspui\/bitstream\/jspui\/2039\/2\/DISSERTA%c3%87%c3%83O%20-%20LEANDRO%20WSZOLEK.pdf\"><span style=\"color: #000080\"><img loading=\"lazy\" decoding=\"async\" class=\"\" src=\"http:\/\/www2.unicentro.br\/ppge\/files\/2016\/06\/d-pdf-100x100.png\" width=\"43\" height=\"43\" \/><\/span><\/a><\/p>\n<\/td>\n<\/tr>\n<tr style=\"height: 82px\">\n<td style=\"width: 22.8517%;height: 82px;background-color: #ffffff\">\n<p align=\"center\">LUCICLEIA KRIK ATAMANCZUK<\/p>\n<\/td>\n<td style=\"width: 42.3041%;height: 82px;background-color: #ffffff\">\n<p align=\"center\">A INCLUS\u00c3O DO ALUNO SURDO NO ENSINO REGULAR:<br \/>\nPOSSIBILIDADES DE PR\u00c1TICAS PEDAG\u00d3GICAS<\/p>\n<\/td>\n<td style=\"width: 19.3579%;height: 82px;background-color: #ffffff\">\n<p align=\"center\">Prof.\u00aa Dra. Cibele Krause Lemke<\/p>\n<\/td>\n<td style=\"width: 14.5442%;height: 82px;background-color: #ffffff\">\n<p align=\"center\"><a href=\"https:\/\/tede.unicentro.br\/jspui\/bitstream\/jspui\/2062\/2\/Disserta%c3%a7%c3%a3o%20-%20Lucicleia%20Krik%20Atamanczuk.pdf\"><span style=\"color: #000080\"><img loading=\"lazy\" decoding=\"async\" class=\"\" src=\"http:\/\/www2.unicentro.br\/ppge\/files\/2016\/06\/d-pdf-100x100.png\" width=\"43\" height=\"43\" \/><\/span><\/a><\/p>\n<\/td>\n<\/tr>\n<tr>\n<td style=\"width: 22.8517%;text-align: center;background-color: #a3d5f0\">LUIS EDUARDO BUSSOLOTTO<\/td>\n<td style=\"width: 42.3041%;text-align: center;background-color: #a3d5f0\">O USO E A APROPRIA\u00c7\u00c3O DA GAMIFICA\u00c7\u00c3O NA FORMA\u00c7\u00c3O DOCENTE INICIAL: POSSIBILIDADES, POTENCIALIDADES E LIMITA\u00c7\u00d5ES<\/td>\n<td style=\"width: 19.3579%;text-align: center;background-color: #a3d5f0\">Prof.\u00aa Dra. Jamile Santinello<\/td>\n<td style=\"width: 14.5442%;background-color: #a3d5f0\">\n<p align=\"center\"><a href=\"https:\/\/www2.unicentro.br\/ppge\/files\/2024\/03\/Dissertacao-Luis-Eduardo-Bussolotto-compactado.pdf\"><span style=\"color: #000080\"><img loading=\"lazy\" decoding=\"async\" class=\"\" src=\"http:\/\/www2.unicentro.br\/ppge\/files\/2016\/06\/d-pdf-100x100.png\" width=\"43\" height=\"43\" \/><\/span><\/a><\/p>\n<\/td>\n<\/tr>\n<tr style=\"height: 82px\">\n<td style=\"width: 22.8517%;text-align: center;height: 82px;background-color: #ffffff\">M\u00d4NICA MATOS BARBOSA<\/td>\n<td style=\"width: 42.3041%;text-align: center;height: 82px;background-color: #ffffff\">PROCESSOS EDUCATIVOS DAS MULHERES QUILOMBOLAS DE CAND\u00d3I, PARAN\u00c1<\/td>\n<td style=\"width: 19.3579%;text-align: center;height: 82px;background-color: #ffffff\">Prof. Dr. Jefferson Olivatto da Silva<\/td>\n<td style=\"width: 14.5442%;height: 82px;background-color: #ffffff\">\n<p align=\"center\"><a href=\"https:\/\/tede.unicentro.br\/jspui\/bitstream\/jspui\/2049\/2\/Disserta%c3%a7%c3%a3o%20-%20M%c3%b4nica%20Matos%20Barbosa.pdf\"><span style=\"color: #000080\"><img loading=\"lazy\" decoding=\"async\" class=\"\" src=\"http:\/\/www2.unicentro.br\/ppge\/files\/2016\/06\/d-pdf-100x100.png\" width=\"43\" height=\"43\" \/><\/span><\/a><\/p>\n<\/td>\n<\/tr>\n<tr style=\"height: 104px\">\n<td style=\"width: 22.8517%;height: 104px;background-color: #a3d5f0\">\n<p align=\"center\">NAYELE BRANDELERO<\/p>\n<\/td>\n<td style=\"width: 42.3041%;height: 104px;background-color: #a3d5f0\">\n<p align=\"center\">EDUCA\u00c7\u00c3O EM SA\u00daDE NO CONTEXTO<br \/>\nORGANIZACIONAL: UMA PROPOSTA DE<br \/>\nCONSCIENTIZA\u00c7\u00c3O PARA SA\u00daDE MENTAL<\/p>\n<\/td>\n<td style=\"width: 19.3579%;height: 104px;background-color: #a3d5f0\">\n<p align=\"center\">Prof.\u00aa Dra. Juliane Sachser<br \/>\nAngnes<\/p>\n<\/td>\n<td style=\"width: 14.5442%;height: 104px;background-color: #a3d5f0\">\n<p align=\"center\"><a href=\"https:\/\/tede.unicentro.br\/jspui\/bitstream\/jspui\/2041\/2\/Disserta%c3%a7%c3%a3o%20-%20NAYELE%20BRANDELERO.pdf\"><span style=\"color: #000080\"><img loading=\"lazy\" decoding=\"async\" class=\"\" src=\"http:\/\/www2.unicentro.br\/ppge\/files\/2016\/06\/d-pdf-100x100.png\" width=\"43\" height=\"43\" \/><\/span><\/a><\/p>\n<\/td>\n<\/tr>\n<tr>\n<td style=\"width: 22.8517%;text-align: center;background-color: #ffffff\">PALOMA APARECIDA OLIVEIRA RATUCHNE<\/td>\n<td style=\"width: 42.3041%;background-color: #ffffff\">\n<p style=\"text-align: center\">SINAIS DO TRANSTORNO DO ESPECTRO AUTISTA: FORMA\u00c7\u00c3O DE PROFESSORES E RASTREIO PRECOCE NA EDUCA\u00c7\u00c3O INFANTIL<\/p>\n<\/td>\n<td style=\"width: 19.3579%;background-color: #ffffff\">\n<p align=\"center\">Prof.\u00aa Dra. Ana Aparecida de Oliveira Machado Barby<\/p>\n<\/td>\n<td style=\"width: 14.5442%;background-color: #ffffff\">\n<p align=\"center\"><a href=\"https:\/\/www2.unicentro.br\/ppge\/files\/2024\/03\/Dissertacao-Paloma-Aparecida-Oliveira-Ratuchne_compressed.pdf\"><span style=\"color: #000080\"><img loading=\"lazy\" decoding=\"async\" class=\"\" src=\"http:\/\/www2.unicentro.br\/ppge\/files\/2016\/06\/d-pdf-100x100.png\" width=\"43\" height=\"43\" \/><\/span><\/a><\/p>\n<\/td>\n<\/tr>\n<tr style=\"height: 128px\">\n<td style=\"width: 22.8517%;text-align: center;height: 128px;background-color: #a3d5f0\">TATIANE VIEIRA DE MELLO<\/p>\n<p style=\"text-align: center\" align=\"center\">\n<\/td>\n<td style=\"width: 42.3041%;height: 128px;background-color: #a3d5f0\">\n<p style=\"text-align: center\">AS PR\u00c1TICAS PEDAG\u00d3GICAS INCLUSIVAS NO PROCESSO DE ENSINO REMOTO DOS ESTUDANTES COM TRANSTORNO DO ESPECTRO AUTISTA NOS ANOS INICIAIS.<\/p>\n<\/td>\n<td style=\"width: 19.3579%;height: 128px;background-color: #a3d5f0\">\n<p align=\"center\">Prof\u00aa. Dra. Ana Aparecida de Oliveira Machado Barby.<\/p>\n<\/td>\n<td style=\"width: 14.5442%;height: 128px;background-color: #a3d5f0\">\n<p align=\"center\"><a href=\"https:\/\/tede.unicentro.br\/jspui\/bitstream\/jspui\/2065\/2\/Disserta%c3%a7%c3%a3o%20-%20Tatiane%20Vieira%20De%20Mello.pdf\"><span style=\"color: #000080\"><img loading=\"lazy\" decoding=\"async\" class=\"\" src=\"http:\/\/www2.unicentro.br\/ppge\/files\/2016\/06\/d-pdf-100x100.png\" width=\"43\" height=\"43\" \/><\/span><\/a><\/p>\n<\/td>\n<\/tr>\n<tr style=\"height: 128px\">\n<td style=\"width: 22.8517%;text-align: center;height: 128px;background-color: #ffffff\">VANESSA DOMINGOS TOLEDO<\/p>\n<p align=\"center\">\n<\/td>\n<td style=\"width: 42.3041%;height: 128px;background-color: #ffffff\">\n<p align=\"center\">EXTENS\u00c3O UNIVERSIT\u00c1RIA: AN\u00c1LISE DA PR\u00c1XIS EXTENSIONISTA DO LABORAT\u00d3RIO DE EDUCA\u00c7\u00c3O DO CAMPO E IND\u00cdGENA DA UNICENTRO<\/p>\n<\/td>\n<td style=\"width: 19.3579%;height: 128px;background-color: #ffffff\">\n<p align=\"center\">Prof. Dr. Marcos Gehrke<\/p>\n<\/td>\n<td style=\"width: 14.5442%;height: 128px;background-color: #ffffff\">\n<p align=\"center\"><a href=\"https:\/\/tede.unicentro.br\/jspui\/bitstream\/jspui\/2094\/2\/Disserta%c3%a7%c3%a3o%20-%20Vanessa%20Domingos%20Toledo.pdf\"><span style=\"color: #000080\"><img loading=\"lazy\" decoding=\"async\" class=\"\" src=\"http:\/\/www2.unicentro.br\/ppge\/files\/2016\/06\/d-pdf-100x100.png\" width=\"43\" height=\"43\" \/><\/span><\/a><\/p>\n<\/td>\n<\/tr>\n<tr style=\"height: 139px;background-color: #ffffff\">\n<td style=\"width: 22.8517%;height: 139px;background-color: #a3d5f0\">\n<p align=\"center\">VIVIANE DE LARA<\/p>\n<\/td>\n<td style=\"width: 42.3041%;height: 139px;background-color: #a3d5f0\">\n<p align=\"center\">RESIST\u00caNCIA E (RE)EXIST\u00caNCIA: A SUBJETIVIDADE E AS INVISIBILIDADES PRODUZIDAS A PARTIR DE EXPERI\u00caNCIAS COTIDIANAS DO ESPA\u00c7O URBANO DE GUARAPUAVA (PR) RETRATADAS PELO RAP<\/p>\n<\/td>\n<td style=\"width: 19.3579%;height: 139px;background-color: #a3d5f0\">\n<p align=\"center\">Prof. Dr. Jefferson Olivatto da Silva<\/p>\n<\/td>\n<td style=\"width: 14.5442%;height: 139px;background-color: #a3d5f0\">\n<p align=\"center\"><a href=\"https:\/\/tede.unicentro.br\/jspui\/bitstream\/jspui\/2050\/2\/Disserta%c3%a7%c3%a3o%20-%20Viviane%20de%20Lara.pdf\"><span style=\"color: #000080\"><img loading=\"lazy\" decoding=\"async\" class=\"\" src=\"http:\/\/www2.unicentro.br\/ppge\/files\/2016\/06\/d-pdf-100x100.png\" width=\"43\" height=\"43\" \/><\/span><\/a><\/p>\n<\/td>\n<\/tr>\n<\/tbody>\n<\/table>\n<p>&nbsp;<\/p>\n","protected":false},"excerpt":{"rendered":"<p>AUTOR(A) T\u00cdTULO ORIENTADOR(A) DISSERTA\u00c7\u00c3O ADENAUER MARCOS DA COSTA HIST\u00d3RIA DA EDUCA\u00c7\u00c3O NA GUIN\u00c9-BISSAU: AN\u00c1LISE DO PROJETO EDUCATIVO DO PAIGC NO PER\u00cdODO DA LUTA DA LIBERTA\u00c7\u00c3O NACIONAL (1963-1973) Prof. Dr. Evandro Oliveira de Brito BIANCA CARRARO DUDA MARTHA NUSSBAUM E A FUN\u00c7\u00c3O DAS EMO\u00c7\u00d5ES NA CONSTITUI\u00c7\u00c3O DE UMA EDUCA\u00c7\u00c3O PARA A DEMOCRACIA Prof. Dr. Evandro Oliveira [&hellip;]<\/p>\n","protected":false},"author":6,"featured_media":0,"parent":0,"menu_order":0,"comment_status":"closed","ping_status":"closed","template":"","meta":{"_exactmetrics_skip_tracking":false,"_exactmetrics_sitenote_active":false,"_exactmetrics_sitenote_note":"","_exactmetrics_sitenote_category":0,"ngg_post_thumbnail":0,"footnotes":"","_links_to":"","_links_to_target":""},"class_list":["post-5904","page","type-page","status-publish","hentry"],"publishpress_future_action":{"enabled":false,"date":"2026-04-17 11:54:25","action":"change-status","newStatus":"draft","terms":[],"taxonomy":"","extraData":[]},"publishpress_future_workflow_manual_trigger":{"enabledWorkflows":[]},"_links":{"self":[{"href":"https:\/\/www2.unicentro.br\/ppge\/wp-json\/wp\/v2\/pages\/5904","targetHints":{"allow":["GET"]}}],"collection":[{"href":"https:\/\/www2.unicentro.br\/ppge\/wp-json\/wp\/v2\/pages"}],"about":[{"href":"https:\/\/www2.unicentro.br\/ppge\/wp-json\/wp\/v2\/types\/page"}],"author":[{"embeddable":true,"href":"https:\/\/www2.unicentro.br\/ppge\/wp-json\/wp\/v2\/users\/6"}],"replies":[{"embeddable":true,"href":"https:\/\/www2.unicentro.br\/ppge\/wp-json\/wp\/v2\/comments?post=5904"}],"version-history":[{"count":43,"href":"https:\/\/www2.unicentro.br\/ppge\/wp-json\/wp\/v2\/pages\/5904\/revisions"}],"predecessor-version":[{"id":8025,"href":"https:\/\/www2.unicentro.br\/ppge\/wp-json\/wp\/v2\/pages\/5904\/revisions\/8025"}],"wp:attachment":[{"href":"https:\/\/www2.unicentro.br\/ppge\/wp-json\/wp\/v2\/media?parent=5904"}],"curies":[{"name":"wp","href":"https:\/\/api.w.org\/{rel}","templated":true}]}}