{"id":524,"date":"2014-03-06T20:16:23","date_gmt":"2014-03-06T20:16:23","guid":{"rendered":"http:\/\/www2.unicentro.br\/ppge\/?page_id=524"},"modified":"2025-06-16T17:12:03","modified_gmt":"2025-06-16T20:12:03","slug":"regulamentos-e-portarias","status":"publish","type":"page","link":"https:\/\/www2.unicentro.br\/ppge\/regulamentos-e-portarias\/","title":{"rendered":"Regulamentos e Resolu\u00e7\u00f5es"},"content":{"rendered":"<ul>\n<li><a href=\"https:\/\/www2.unicentro.br\/ppge\/files\/2021\/12\/REGULAMENTO-PPGE-2021.pdf\">Regulamento do Programa de P\u00f3s-Gradua\u00e7\u00e3o em Educa\u00e7\u00e3o n\u00edvel Mestrado e Doutorado<\/a><\/li>\n<li><a href=\"https:\/\/www2.unicentro.br\/ppge\/files\/2021\/12\/Regulamento-Geral-PPGs.pdf\">Regulamento Geral da P\u00f3s-Gradua\u00e7\u00e3o<\/a> (Alterado pela <a href=\"https:\/\/www2.unicentro.br\/ppge\/files\/2025\/05\/Resolucao-no-21-CEPE-de-12-de-julho-de-2022.pdf\">Resolu\u00e7\u00e3o n\u00ba 21-CEPE\/UNICENTRO, de 12 de julho de 2022)<\/a><\/li>\n<li><a href=\"https:\/\/www2.unicentro.br\/ppge\/files\/2025\/05\/Regulamento-Estagio-Pos-Doutorado.pdf\">Regulamento do Est\u00e1gio de P\u00f3s-Doutorado<\/a><\/li>\n<li><a href=\"https:\/\/www2.unicentro.br\/ppge\/files\/2025\/05\/Processo-Eleitoral-Coordenacao-e-Vice-Coordenacao-PPGs.pdf\">Regulamento do Processo Eleitoral dos Programas de P\u00f3s-Gradua\u00e7\u00e3o Stricto Sensu\u00a0<\/a><\/li>\n<li><a href=\"https:\/\/www2.unicentro.br\/ppge\/files\/2021\/12\/REGULAMENTO-DA-POLITICA-INSTITUCIONAL-DE-INOVACAO-E-PROPRIEDADE.pdf\"> <span class=\"fontstyle0\">Regulamento da Pol\u00edtica Institucional de Inova\u00e7\u00e3o e Propriedade Intelectual<\/span><\/a><\/li>\n<li><a href=\"https:\/\/www2.unicentro.br\/ppge\/files\/2025\/05\/RESOLUCAO-No-16-CAD-UNICENTRO-Regulamenta-o-Programa-de-Professor-Senior.pdf\">Regulamento do Programa Professor S\u00eanior<\/a><\/li>\n<li><a href=\"https:\/\/www2.unicentro.br\/ppge\/files\/2025\/05\/RESOLUCAO-No-60-CEPE-UNICENTRO-Regulamento-do-Processo-de-Autoavaliacao.pdf\">Regulamento do Processo de Autoavalia\u00e7\u00e3o dos Programas de P\u00f3s-Gradua\u00e7\u00e3o Stricto Sensu<\/a><\/li>\n<li><a href=\"https:\/\/sgu.unicentro.br\/pcatooficiais\/imprimir\/18F80EE0\">RESOLU\u00c7\u00c3O N\u00ba 23-COU\/UNICENTRO, de 25\/07\/2006 &#8211; Estatuto da UNICENTRO<\/a><\/li>\n<li><a href=\"https:\/\/sgu.unicentro.br\/pcatooficiais\/imprimir\/873AC2B6\">RESOLU\u00c7\u00c3O N\u00ba 51-COU\/UNICENTRO, de 30\/06\/2010 &#8211; Aprova o Programa de P\u00f3s-Gradua\u00e7\u00e3o em Educa\u00e7\u00e3o<\/a><\/li>\n<li><a href=\"https:\/\/sgu.unicentro.br\/pcatooficiais\/imprimir\/7986929C\">RESOLU\u00c7\u00c3O N\u00ba 101-COU\/UNICENTRO, de 10\/12\/2010 &#8211; Regimento Geral da UNICENTRO<\/a><\/li>\n<li><a href=\"https:\/\/sgu.unicentro.br\/pcatooficiais\/imprimir\/65C2915F\">RESOLU\u00c7\u00c3O N\u00ba 43-COU\/UNICENTRO, de 28\/07\/2011 &#8211; Cria o Curso de Mestrado em Educa\u00e7\u00e3o<\/a><\/li>\n<li><a href=\"https:\/\/sgu.unicentro.br\/pcatooficiais\/imprimir\/B07919F5\">RESOLU\u00c7\u00c3O N\u00ba 44-COU\/UNICENTRO, de 28\/04\/2011 &#8211; Aprova o Projeto Pedag\u00f3gico do Curso de Mestrado em Educa\u00e7\u00e3o<\/a><\/li>\n<li><a href=\"https:\/\/sgu.unicentro.br\/pcatooficiais\/imprimir\/767174D1\">RESOLU\u00c7\u00c3O N\u00ba 3-COU\/UNICENTRO, de 22\/02\/2021 &#8211; Cria o Curso de Doutorado em Educa\u00e7\u00e3o<\/a><\/li>\n<li><a href=\"https:\/\/sgu.unicentro.br\/pcatooficiais\/imprimir\/ECE51E52\">RESOLU\u00c7\u00c3O N\u00ba 4-COU\/UNICENTRO, de 22\/02\/2021 &#8211; Aprova o Projeto Pedag\u00f3gico do Curso de Doutorado em Educa\u00e7\u00e3o<\/a><\/li>\n<li><a href=\"https:\/\/sgu.unicentro.br\/pcatooficiais\/imprimir\/C597F181\">RESOLU\u00c7\u00c3O N\u00ba 33-CEPE\/UNICENTRO, de 25\/09\/2023 &#8211; Diretrizes para ac\u00famulo de bolsas com atividades remuneradas ou outros rendimentos<\/a><\/li>\n<\/ul>\n","protected":false},"excerpt":{"rendered":"<p>Regulamento do Programa de P\u00f3s-Gradua\u00e7\u00e3o em Educa\u00e7\u00e3o n\u00edvel Mestrado e Doutorado Regulamento Geral da P\u00f3s-Gradua\u00e7\u00e3o (Alterado pela Resolu\u00e7\u00e3o n\u00ba 21-CEPE\/UNICENTRO, de 12 de julho de 2022) Regulamento do Est\u00e1gio de P\u00f3s-Doutorado Regulamento do Processo Eleitoral dos Programas de P\u00f3s-Gradua\u00e7\u00e3o Stricto Sensu\u00a0 Regulamento da Pol\u00edtica Institucional de Inova\u00e7\u00e3o e Propriedade Intelectual Regulamento do Programa Professor S\u00eanior [&hellip;]<\/p>\n","protected":false},"author":2,"featured_media":0,"parent":0,"menu_order":0,"comment_status":"closed","ping_status":"closed","template":"","meta":{"_exactmetrics_skip_tracking":false,"_exactmetrics_sitenote_active":false,"_exactmetrics_sitenote_note":"","_exactmetrics_sitenote_category":0,"ngg_post_thumbnail":0,"footnotes":"","_links_to":"","_links_to_target":""},"class_list":["post-524","page","type-page","status-publish","hentry"],"publishpress_future_action":{"enabled":false,"date":"2026-04-17 07:23:00","action":"change-status","newStatus":"draft","terms":[],"taxonomy":"","extraData":[]},"publishpress_future_workflow_manual_trigger":{"enabledWorkflows":[]},"_links":{"self":[{"href":"https:\/\/www2.unicentro.br\/ppge\/wp-json\/wp\/v2\/pages\/524","targetHints":{"allow":["GET"]}}],"collection":[{"href":"https:\/\/www2.unicentro.br\/ppge\/wp-json\/wp\/v2\/pages"}],"about":[{"href":"https:\/\/www2.unicentro.br\/ppge\/wp-json\/wp\/v2\/types\/page"}],"author":[{"embeddable":true,"href":"https:\/\/www2.unicentro.br\/ppge\/wp-json\/wp\/v2\/users\/2"}],"replies":[{"embeddable":true,"href":"https:\/\/www2.unicentro.br\/ppge\/wp-json\/wp\/v2\/comments?post=524"}],"version-history":[{"count":45,"href":"https:\/\/www2.unicentro.br\/ppge\/wp-json\/wp\/v2\/pages\/524\/revisions"}],"predecessor-version":[{"id":8543,"href":"https:\/\/www2.unicentro.br\/ppge\/wp-json\/wp\/v2\/pages\/524\/revisions\/8543"}],"wp:attachment":[{"href":"https:\/\/www2.unicentro.br\/ppge\/wp-json\/wp\/v2\/media?parent=524"}],"curies":[{"name":"wp","href":"https:\/\/api.w.org\/{rel}","templated":true}]}}