{"id":492,"date":"2014-02-28T13:58:24","date_gmt":"2014-02-28T13:58:24","guid":{"rendered":"http:\/\/www2.unicentro.br\/ppge\/?page_id=492"},"modified":"2025-06-16T15:22:02","modified_gmt":"2025-06-16T18:22:02","slug":"instrucoes-normativas-propesp","status":"publish","type":"page","link":"https:\/\/www2.unicentro.br\/ppge\/instrucoes-normativas-propesp\/","title":{"rendered":"Instru\u00e7\u00f5es Normativas &#8211; PROPESP"},"content":{"rendered":"<ul>\n<li><a href=\"https:\/\/www2.unicentro.br\/ppge\/files\/2025\/05\/Instru_o_Normativa_3_20_Bancas_examinadoras_60eeed85f4023.pdf\"><strong>INSTRU\u00c7\u00c3O NORMATIVA N\u00ba 03\/2020 \u2013 PROPESP\/UNICENTRO<\/strong><\/a><br \/>\nVeda a participa\u00e7\u00e3o de membros com v\u00ednculo familiar ou de parentesco em banca examinadora na P\u00f3s-Gradua\u00e7\u00e3o Stricto Sensu na UNICENTRO.<\/li>\n<li><a href=\"https:\/\/www2.unicentro.br\/ppge\/files\/2023\/07\/IN_01_23_PROPESP_Estabelece_par_metros_e_condi_es_para_comprova_o_de_profici_ncia_em_l_ngua_estrangeira_vers_o_final_643ff95a106d4.pdf\"><strong>INSTRU\u00c7\u00c3O NORMATIVA N\u00ba 01\/2023 \u2013 PROPESP\/UNICENTRO<\/strong><\/a><br \/>\nEstabelece par\u00e2metros e condi\u00e7\u00f5es para comprova\u00e7\u00e3o de profici\u00eancia em l\u00edngua estrangeira, para os discentes de p\u00f3s-gradua\u00e7\u00e3o stricto sensu.<\/li>\n<li><a href=\"https:\/\/www3.unicentro.br\/propesp\/wp-content\/uploads\/sites\/99\/2024\/02\/IN_03_23_PROPESP_ALTERADA_PELA_IN_01_24_65d64a3389f35.pdf\"><strong>INSTRU\u00c7\u00c3O NORMATIVA N\u00ba 03\/2023 \u2013 PROPESP\/UNICENTRO<\/strong><\/a><br \/>\nInstitui a ado\u00e7\u00e3o de assinatura eletr\u00f4nica em ata de exame de qualifica\u00e7\u00e3o, ata de defesa e termo de aprova\u00e7\u00e3o de disserta\u00e7\u00e3o, tese e trabalho de conclus\u00e3o de curso de p\u00f3s-gradua\u00e7\u00e3o stricto sensu (Alterada pela Instru\u00e7\u00e3o Normativa n\u00ba 01-PROPESP\/UNICENTRO, de 21\/02\/2024).<\/li>\n<li><a href=\"https:\/\/www3.unicentro.br\/propesp\/wp-content\/uploads\/sites\/99\/2024\/02\/IN_01_24_PROPESP_Altera_o_Art_4_da_IN_03_23_PROPESP_65d64a314f102.pdf\"><strong>INSTRU\u00c7\u00c3O NORMATIVA N\u00ba 01\/2024 \u2013 PROPESP\/UNICENTRO<\/strong><\/a><br \/>\nAltera o Art. 4\u00ba da Instru\u00e7\u00e3o Normativa n\u00ba 03\/2023-PROPESP\/UNICENTRO, de 20 de setembro de 2023.<\/li>\n<\/ul>\n","protected":false},"excerpt":{"rendered":"<p>INSTRU\u00c7\u00c3O NORMATIVA N\u00ba 03\/2020 \u2013 PROPESP\/UNICENTRO Veda a participa\u00e7\u00e3o de membros com v\u00ednculo familiar ou de parentesco em banca examinadora na P\u00f3s-Gradua\u00e7\u00e3o Stricto Sensu na UNICENTRO. INSTRU\u00c7\u00c3O NORMATIVA N\u00ba 01\/2023 \u2013 PROPESP\/UNICENTRO Estabelece par\u00e2metros e condi\u00e7\u00f5es para comprova\u00e7\u00e3o de profici\u00eancia em l\u00edngua estrangeira, para os discentes de p\u00f3s-gradua\u00e7\u00e3o stricto sensu. INSTRU\u00c7\u00c3O NORMATIVA N\u00ba 03\/2023 \u2013 [&hellip;]<\/p>\n","protected":false},"author":2,"featured_media":0,"parent":0,"menu_order":0,"comment_status":"closed","ping_status":"closed","template":"","meta":{"_exactmetrics_skip_tracking":false,"_exactmetrics_sitenote_active":false,"_exactmetrics_sitenote_note":"","_exactmetrics_sitenote_category":0,"ngg_post_thumbnail":0,"footnotes":"","_links_to":"","_links_to_target":""},"class_list":["post-492","page","type-page","status-publish","hentry"],"publishpress_future_action":{"enabled":false,"date":"2026-04-17 11:54:11","action":"change-status","newStatus":"draft","terms":[],"taxonomy":"","extraData":[]},"publishpress_future_workflow_manual_trigger":{"enabledWorkflows":[]},"_links":{"self":[{"href":"https:\/\/www2.unicentro.br\/ppge\/wp-json\/wp\/v2\/pages\/492","targetHints":{"allow":["GET"]}}],"collection":[{"href":"https:\/\/www2.unicentro.br\/ppge\/wp-json\/wp\/v2\/pages"}],"about":[{"href":"https:\/\/www2.unicentro.br\/ppge\/wp-json\/wp\/v2\/types\/page"}],"author":[{"embeddable":true,"href":"https:\/\/www2.unicentro.br\/ppge\/wp-json\/wp\/v2\/users\/2"}],"replies":[{"embeddable":true,"href":"https:\/\/www2.unicentro.br\/ppge\/wp-json\/wp\/v2\/comments?post=492"}],"version-history":[{"count":23,"href":"https:\/\/www2.unicentro.br\/ppge\/wp-json\/wp\/v2\/pages\/492\/revisions"}],"predecessor-version":[{"id":8513,"href":"https:\/\/www2.unicentro.br\/ppge\/wp-json\/wp\/v2\/pages\/492\/revisions\/8513"}],"wp:attachment":[{"href":"https:\/\/www2.unicentro.br\/ppge\/wp-json\/wp\/v2\/media?parent=492"}],"curies":[{"name":"wp","href":"https:\/\/api.w.org\/{rel}","templated":true}]}}