{"id":4801,"date":"2021-09-23T16:33:56","date_gmt":"2021-09-23T19:33:56","guid":{"rendered":"https:\/\/www2.unicentro.br\/ppge\/?page_id=4801"},"modified":"2025-02-26T15:10:01","modified_gmt":"2025-02-26T18:10:01","slug":"dissertacoes-2021","status":"publish","type":"page","link":"https:\/\/www2.unicentro.br\/ppge\/dissertacoes-2021\/","title":{"rendered":"Disserta\u00e7\u00f5es 2021"},"content":{"rendered":"<table style=\"width: 100%;height: 1278px\">\n<tbody>\n<tr style=\"background-color: #c4c4c4\">\n<td style=\"height: 47px;width: 238px;text-align: center\"><strong>AUTOR(A)<\/strong><\/td>\n<td style=\"text-align: center;height: 47px;width: 443.875px\"><strong>T\u00cdTULO<\/strong><\/td>\n<td style=\"text-align: center;height: 47px;width: 201.031px\"><strong>ORIENTADOR(A)<\/strong><\/td>\n<td style=\"text-align: center;height: 47px;width: 148.094px\"><strong>DISSERTA\u00c7\u00c3O<\/strong><\/td>\n<\/tr>\n<tr style=\"height: 33px;background-color: #02d2d2\">\n<td style=\"width: 238px;height: 33px;text-align: center;background-color: #ffffff\" align=\"left\" height=\"17\">ADRIANA SOCOLOSKI<\/td>\n<td style=\"text-align: center;height: 33px;width: 443.875px;background-color: #ffffff\"><span class=\"fontstyle0\">L\u00cdNGUA, CULTURA E IDENTIDADE NO DISCURSO<br \/>\nEDUCATIVO DE E PARA SU\u00c1BIOS DO DAN\u00daBIO EM<br \/>\nENTRE RIOS\/PARAN\u00c1: AN\u00c1LISES E PROPOSTAS DE<br \/>\nLEITURA<\/span><\/td>\n<td style=\"text-align: center;height: 33px;width: 201.031px;background-color: #ffffff\"><span class=\"fontstyle0\">Prof.\u00aa Dr.\u00aa Cibele Krause Lemke<\/span><\/td>\n<td style=\"text-align: center;height: 33px;width: 148.094px;background-color: #ffffff\"><a href=\"https:\/\/tede.unicentro.br\/jspui\/bitstream\/jspui\/1816\/2\/Disserta%c3%a7%c3%a3o%20Adriana%20Socoloski.pdf\"><img loading=\"lazy\" decoding=\"async\" class=\"aligncenter\" src=\"http:\/\/www2.unicentro.br\/ppge\/files\/2016\/06\/d-pdf-100x100.png\" alt=\"\" width=\"30\" height=\"30\" \/><\/a><\/td>\n<\/tr>\n<tr style=\"height: 72px\">\n<td style=\"width: 238px;text-align: center;height: 72px;background-color: #a3d5f0\">BIANCA EMANUELLY HORBUS PINHEIRO<\/td>\n<td style=\"text-align: center;width: 443.875px;height: 72px;background-color: #a3d5f0\">FORMA\u00c7\u00c3O DOCENTE PARA O POTENCIAL DAS TECNOLOGIAS DIGITAIS NO ENSINO DE ARTE<span class=\"fontstyle0\"><br \/>\n<\/span><\/td>\n<td style=\"text-align: center;width: 201.031px;height: 72px;background-color: #a3d5f0\"><span class=\"fontstyle0\">Prof.\u00aa Dr.\u00aa Jamile Santinello<\/span><\/td>\n<td style=\"text-align: center;width: 148.094px;height: 72px;background-color: #a3d5f0\"><a href=\"https:\/\/tede.unicentro.br\/jspui\/bitstream\/jspui\/1864\/2\/BIANCA%20EMANUELLY%20HORBUS%20PINHEIRO.pdf\"><img loading=\"lazy\" decoding=\"async\" class=\"aligncenter\" src=\"http:\/\/www2.unicentro.br\/ppge\/files\/2016\/06\/d-pdf-100x100.png\" alt=\"\" width=\"30\" height=\"30\" \/><\/a><\/td>\n<\/tr>\n<tr style=\"height: 24px;background-color: #02d2d2\">\n<td style=\"width: 238px;text-align: center;height: 24px;background-color: #ffffff\">CARLOS EDUARDO BITTENCOURT GOMES<\/td>\n<td style=\"text-align: center;width: 443.875px;height: 24px;background-color: #ffffff\">A REPRESENTATIVIDADE \u00c9TNICO RACIAL E DE ARTISTAS MULHERES NO ENSINO DE ARTE: UMA PROPOSTA DE OFICINA PARA FORMA\u00c7\u00c3O<br \/>\nCONTINUADA DE PROFESSORES DO ENSINO M\u00c9DIO<\/td>\n<td style=\"text-align: center;width: 201.031px;height: 24px;background-color: #ffffff\"><span class=\"fontstyle0\">\u00a0Prof.\u00aa Dr.\u00aa Margarida Gandara Rauen<\/span><\/td>\n<td style=\"text-align: center;width: 148.094px;height: 24px;background-color: #ffffff\"><a href=\"https:\/\/tede.unicentro.br\/jspui\/bitstream\/jspui\/1856\/2\/Carlos%20Eduardo%20Bittencourt%20Gomes.pdf\"><img loading=\"lazy\" decoding=\"async\" class=\"aligncenter\" src=\"http:\/\/www2.unicentro.br\/ppge\/files\/2016\/06\/d-pdf-100x100.png\" alt=\"\" width=\"30\" height=\"30\" \/><\/a><\/td>\n<\/tr>\n<tr style=\"height: 96px\">\n<td style=\"width: 238px;text-align: center;height: 96px;background-color: #a3d5f0\">CLODOALDO SHREIBER<\/td>\n<td style=\"text-align: center;width: 443.875px;height: 96px;background-color: #a3d5f0\"><span class=\"fontstyle0\">JOGOS E BRINCADEIRAS IND\u00cdGENAS NO ENSINO DA<br \/>\nEDUCA\u00c7\u00c3O F\u00cdSICA: DESAFIOS E PERSPECTIVAS NOS ANOS INICIAIS DO ENSINO FUNDAMENTAL<\/span><\/td>\n<td style=\"text-align: center;width: 201.031px;height: 96px;background-color: #a3d5f0\"><span class=\"fontstyle0\">Prof. Dr. Jefferson Olivatto da Silva<\/span><\/td>\n<td style=\"text-align: center;width: 148.094px;height: 96px;background-color: #a3d5f0\"><a href=\"https:\/\/www2.unicentro.br\/ppge\/files\/2025\/02\/CLODOALDO-SHREIBER_compressed.pdf\"><img loading=\"lazy\" decoding=\"async\" class=\"aligncenter\" src=\"http:\/\/www2.unicentro.br\/ppge\/files\/2016\/06\/d-pdf-100x100.png\" alt=\"\" width=\"30\" height=\"30\" \/><\/a><\/td>\n<\/tr>\n<tr style=\"height: 72px;background-color: #02d2d2\">\n<td style=\"width: 238px;text-align: center;height: 72px;background-color: #ffffff\">DAIANE DE OLIVEIRA<\/td>\n<td style=\"text-align: center;width: 443.875px;height: 72px;background-color: #ffffff\"><span class=\"fontstyle0\">YOUTUBERS MIRINS E A FORMA\u00c7\u00c3O DA IDENTIDADE<br \/>\nFEMININA: UMA AN\u00c1LISE DO CANAL PLANETA DAS G\u00caMEAS<\/span><\/td>\n<td style=\"text-align: center;width: 201.031px;height: 72px;background-color: #ffffff\"><span class=\"fontstyle0\">Prof.\u00aa Dr.\u00aa Aliandra Cristina Mesomo Lira <\/span><\/td>\n<td style=\"text-align: center;width: 148.094px;height: 72px;background-color: #ffffff\"><a href=\"https:\/\/tede.unicentro.br\/jspui\/bitstream\/jspui\/1862\/2\/Daiane%20de%20Oliveira.pdf\"><img loading=\"lazy\" decoding=\"async\" class=\"aligncenter\" src=\"http:\/\/www2.unicentro.br\/ppge\/files\/2016\/06\/d-pdf-100x100.png\" alt=\"\" width=\"30\" height=\"30\" \/><\/a><\/td>\n<\/tr>\n<tr style=\"height: 34px\">\n<td style=\"height: 34px;width: 238px;text-align: center;background-color: #a3d5f0\">DALVANA DOS SANTOS MEIRA<\/td>\n<td style=\"text-align: center;height: 34px;width: 443.875px;background-color: #a3d5f0\"><span class=\"fontstyle0\">APRENDIZAGEM SOCIOEMOCIONAL: A (IN)VISIBILIDADE EM<br \/>\nMEIO A VULNERABILIDADE HUMANA<\/span><\/td>\n<td style=\"text-align: center;height: 34px;width: 201.031px;background-color: #a3d5f0\"><span class=\"fontstyle0\">Prof.\u00aa Dr.\u00aa Carla Luciane<br \/>\nBlum Vestena<\/span><\/td>\n<td style=\"text-align: center;height: 34px;width: 148.094px;background-color: #a3d5f0\"><a href=\"https:\/\/tede.unicentro.br\/jspui\/bitstream\/jspui\/1817\/2\/Disserta%c3%a7%c3%a3o%20-%20Dalvana%20S.%20Meira.pdf\"><img loading=\"lazy\" decoding=\"async\" class=\"aligncenter\" src=\"http:\/\/www2.unicentro.br\/ppge\/files\/2016\/06\/d-pdf-100x100.png\" alt=\"\" width=\"30\" height=\"30\" \/><\/a><\/td>\n<\/tr>\n<tr style=\"height: 72px;background-color: #02d2d2\">\n<td style=\"width: 238px;text-align: center;height: 72px;background-color: #ffffff\">DANIELE TEREZINHA DE LIMA BAITEL<\/td>\n<td style=\"text-align: center;width: 443.875px;height: 72px;background-color: #ffffff\"><span class=\"fontstyle0\">A PEDAGOGIA REVOLUCION\u00c1RIA DE NADEZHDA<br \/>\nKONSTANTINOVNA KRUPSKAYA: CONTRIBUI\u00c7\u00d5ES DA<br \/>\nCATEGORIA COLETIVIDADE PARA A EDUCA\u00c7\u00c3O<\/span><\/td>\n<td style=\"text-align: center;width: 201.031px;height: 72px;background-color: #ffffff\"><span class=\"fontstyle0\"> Prof. Dr. Marcos Gehrke<\/span><\/td>\n<td style=\"text-align: center;width: 148.094px;height: 72px;background-color: #ffffff\"><a href=\"https:\/\/tede.unicentro.br\/jspui\/bitstream\/jspui\/1867\/2\/Daniele%20Terezinha%20de%20Lima%20Baitel.pdf\"><img loading=\"lazy\" decoding=\"async\" class=\"aligncenter\" src=\"http:\/\/www2.unicentro.br\/ppge\/files\/2016\/06\/d-pdf-100x100.png\" alt=\"\" width=\"30\" height=\"30\" \/><\/a><\/td>\n<\/tr>\n<tr style=\"height: 34px\">\n<td style=\"height: 34px;width: 238px;text-align: center;background-color: #a3d5f0\">GUILHERME ANTUNES LEITE<\/td>\n<td style=\"text-align: center;height: 34px;width: 443.875px;background-color: #a3d5f0\"><span class=\"fontstyle0\">REFORMA DO ENSINO M\u00c9DIO, PROJETO PEDAG\u00d3GICO DA CONFEDERA\u00c7\u00c3O NACIONAL DA IND\u00daSTRIA E A CRISE DO MUNDO DO TRABALHO NO BRASIL: DELINEAMENTOS PARA A FORMA\u00c7\u00c3O DE<br \/>\nESTUDANTES DA CLASSE TRABALHADORA<\/span><\/td>\n<td style=\"text-align: center;height: 34px;width: 201.031px;background-color: #a3d5f0\"><span class=\"fontstyle0\">Prof. Dr. Alessandro de Melo<\/span><\/td>\n<td style=\"text-align: center;height: 34px;width: 148.094px;background-color: #a3d5f0\"><a href=\"https:\/\/tede.unicentro.br\/jspui\/bitstream\/jspui\/1818\/2\/disserta%c3%a7%c3%a3o%20Guilherme%20Antunes%20Leite.pdf\"><img loading=\"lazy\" decoding=\"async\" class=\"aligncenter\" src=\"http:\/\/www2.unicentro.br\/ppge\/files\/2016\/06\/d-pdf-100x100.png\" alt=\"\" width=\"30\" height=\"30\" \/><\/a><\/td>\n<\/tr>\n<tr style=\"background-color: #02d2d2\">\n<td style=\"height: 34px;width: 238px;text-align: center;background-color: #ffffff\">JANA\u00cdNA SCHELL DOS SANTOS<\/td>\n<td style=\"text-align: center;height: 34px;width: 443.875px;background-color: #ffffff\"><span class=\"fontstyle0\">CONTRIBUI\u00c7\u00d5ES DO ENSINO F\u00d4NICO PARA A ALFABETIZA\u00c7\u00c3O DE CRIAN\u00c7AS COM ATRASOS NA APRENDIZAGEM DA LEITURA E ESCRITA<\/span><\/td>\n<td style=\"text-align: center;height: 34px;width: 201.031px;background-color: #ffffff\"><span class=\"fontstyle0\">Prof.\u00aa Dr.\u00aa Carla<br \/>\nLuciane Blum Vestena<\/span><\/td>\n<td style=\"text-align: center;height: 34px;width: 148.094px;background-color: #ffffff\"><a href=\"https:\/\/tede.unicentro.br\/jspui\/bitstream\/jspui\/1821\/2\/Disserta%c3%a7%c3%a3o%20Jana%c3%adna%20Schell%20dos%20Santos.pdf\"><img loading=\"lazy\" decoding=\"async\" class=\"aligncenter\" src=\"http:\/\/www2.unicentro.br\/ppge\/files\/2016\/06\/d-pdf-100x100.png\" alt=\"\" width=\"30\" height=\"30\" \/><\/a><\/td>\n<\/tr>\n<tr style=\"height: 34px\">\n<td style=\"height: 34px;width: 238px;text-align: center;background-color: #a3d5f0\">JUCELIA CASTELARI LUPEPSA<\/td>\n<td style=\"text-align: center;height: 34px;width: 443.875px;background-color: #a3d5f0\"><span class=\"fontstyle0\">PRODU\u00c7\u00c3O E USO DE MANUAIS ESCOLARES NO TRABALHO PEDAG\u00d3GICO DAS PROFESSORAS NO CICLO DE FORMA\u00c7\u00c3O HUMANA: A EXPERI\u00caNCIA DO COL\u00c9GIO ESTADUAL DO CAMPO IRACI SALETE STROZAK<\/span><\/td>\n<td style=\"text-align: center;height: 34px;width: 201.031px;background-color: #a3d5f0\"><span class=\"fontstyle0\">Prof. Dr. Marcos Gehrke<\/span><\/td>\n<td style=\"text-align: center;height: 34px;width: 148.094px;background-color: #a3d5f0\"><a href=\"https:\/\/tede.unicentro.br\/jspui\/bitstream\/jspui\/1820\/2\/Disserta%c3%a7%c3%a3o%20-%20Jucelia%20Castelari.pdf\"><img loading=\"lazy\" decoding=\"async\" class=\"aligncenter\" src=\"http:\/\/www2.unicentro.br\/ppge\/files\/2016\/06\/d-pdf-100x100.png\" alt=\"\" width=\"30\" height=\"30\" \/><\/a><\/td>\n<\/tr>\n<tr style=\"background-color: #02d2d2\">\n<td style=\"height: 34px;width: 238px;text-align: center;background-color: #ffffff\">MARCELA MAZUR<\/td>\n<td style=\"text-align: center;height: 34px;width: 443.875px;background-color: #ffffff\"><span class=\"fontstyle0\">FORMA\u00c7\u00c3O CONTINUADA E IDENTIDADE DOCENTE: UM ESTUDO SOBRE O PROGRAMA DE DESENVOLVIMENTO EDUCACIONAL MUNICIPAL EM UNI\u00c3O DA VIT\u00d3RIA<\/span><\/td>\n<td style=\"text-align: center;height: 34px;width: 201.031px;background-color: #ffffff\"><span class=\"fontstyle0\">Prof. Dr. Emerson Lu\u00eds Velozo<\/span><\/td>\n<td style=\"text-align: center;height: 34px;width: 148.094px;background-color: #ffffff\"><a href=\"https:\/\/tede.unicentro.br\/jspui\/bitstream\/jspui\/1819\/2\/Disserta%c3%a7%c3%a3o%20-%20Marcela%20Mazur.pdf\"><img loading=\"lazy\" decoding=\"async\" class=\"aligncenter\" src=\"http:\/\/www2.unicentro.br\/ppge\/files\/2016\/06\/d-pdf-100x100.png\" alt=\"\" width=\"30\" height=\"30\" \/><\/a><\/td>\n<\/tr>\n<tr style=\"height: 96px\">\n<td style=\"width: 238px;text-align: center;height: 96px;background-color: #a3d5f0\">MURILO HAS<\/td>\n<td style=\"text-align: center;width: 443.875px;height: 96px;background-color: #a3d5f0\">O CEN\u00c1RIO DA ALIMENTA\u00c7\u00c3O KAINGANG ENQUANTO<br \/>\nPATRIM\u00d4NIO HIST\u00d3RICO E CULTURAL: UM ESTUDO NA<br \/>\nCONJUNTURA DAS POL\u00cdTICAS EDUCACIONAIS E<br \/>\nINTERCULTURAIS IND\u00cdGENAS NO PARAN\u00c1 <span class=\"fontstyle0\"><br \/>\n<\/span><\/td>\n<td style=\"text-align: center;width: 201.031px;height: 96px;background-color: #a3d5f0\"><span class=\"fontstyle0\">Prof. Dr. Marcos Gehrke <\/span><\/td>\n<td style=\"text-align: center;width: 148.094px;height: 96px;background-color: #a3d5f0\"><a href=\"https:\/\/tede.unicentro.br\/jspui\/bitstream\/jspui\/1866\/2\/Murilo%20Has.pdf\"><img loading=\"lazy\" decoding=\"async\" class=\"aligncenter\" src=\"http:\/\/www2.unicentro.br\/ppge\/files\/2016\/06\/d-pdf-100x100.png\" alt=\"\" width=\"30\" height=\"30\" \/><\/a><\/td>\n<\/tr>\n<tr style=\"height: 34px;background-color: #02d2d2\">\n<td style=\"height: 34px;width: 238px;text-align: center;background-color: #ffffff\">PAULO AUGUSTO MIERJAM<\/td>\n<td style=\"text-align: center;height: 34px;width: 443.875px;background-color: #ffffff\"><span class=\"fontstyle0\">AN\u00c1LISE CR\u00cdTICA DO PROJETO POL\u00cdTICO\/IDEOLOGICO DO MOVIMENTO ESCOLA SEM PARTIDO<\/span><\/td>\n<td style=\"text-align: center;height: 34px;width: 201.031px;background-color: #ffffff\"><span class=\"fontstyle0\">Prof. Dr. Alessandro de Melo<\/span><\/td>\n<td style=\"text-align: center;height: 34px;width: 148.094px;background-color: #ffffff\"><a href=\"https:\/\/tede.unicentro.br\/jspui\/bitstream\/jspui\/1822\/2\/Disserta%c3%a7%c3%a3o%20Paulo%20Augusto%20Mierjam.pdf\"><img loading=\"lazy\" decoding=\"async\" class=\"aligncenter\" src=\"http:\/\/www2.unicentro.br\/ppge\/files\/2016\/06\/d-pdf-100x100.png\" alt=\"\" width=\"30\" height=\"30\" \/><\/a><\/td>\n<\/tr>\n<tr style=\"height: 72px\">\n<td style=\"width: 238px;text-align: center;height: 72px;background-color: #a3d5f0\">OSMIR MARQUES SOUZA<\/td>\n<td style=\"text-align: center;width: 443.875px;height: 72px;background-color: #a3d5f0\">CONSTELA\u00c7\u00d5ES DE APRENDIZAGENS NA COMUNIDADE<br \/>\nQUILOMBOLA DO CAVERNOSO EM CAND\u00d3I-PR. <span class=\"fontstyle0\"><br \/>\n<\/span><\/td>\n<td style=\"text-align: center;width: 201.031px;height: 72px;background-color: #a3d5f0\"><span class=\"fontstyle0\">Prof. Dr. Jefferson Olivatto da Silva<\/span><\/td>\n<td style=\"text-align: center;width: 148.094px;height: 72px;background-color: #a3d5f0\"><a href=\"https:\/\/tede.unicentro.br\/jspui\/bitstream\/jspui\/1861\/2\/Osmir%20Marques%20Souza.pdf\"><img loading=\"lazy\" decoding=\"async\" class=\"aligncenter\" src=\"http:\/\/www2.unicentro.br\/ppge\/files\/2016\/06\/d-pdf-100x100.png\" alt=\"\" width=\"30\" height=\"30\" \/><\/a><\/td>\n<\/tr>\n<tr style=\"background-color: #02d2d2\">\n<td style=\"height: 34px;width: 238px;text-align: center;background-color: #ffffff\">RAFAEL DE PAULA GOETTEN<\/td>\n<td class=\"metadataFieldValue\" style=\"width: 443.875px;text-align: center;height: 34px;background-color: #ffffff\"><span class=\"fontstyle0\">AUTONOMIA UNIVERSIT\u00c1RIA: UM ESTUDO SOBRE AS<br \/>\nUNIVERSIDADES ESTADUAIS DO PARAN\u00c1 ENTRE OS ANOS DE 2015 A 2018<\/span><\/td>\n<td style=\"text-align: center;height: 34px;width: 201.031px;background-color: #ffffff\"><span class=\"fontstyle0\">Prof.\u00aa Dr.\u00aa Michelle<br \/>\nFernandes Lima<\/span><\/td>\n<td style=\"text-align: center;height: 34px;width: 148.094px;background-color: #ffffff\"><a href=\"https:\/\/tede.unicentro.br\/jspui\/bitstream\/jspui\/1823\/2\/Disserta%c3%a7%c3%a3o%20-%20Rafael%20de%20Paula%20Goetten.pdf\"><img loading=\"lazy\" decoding=\"async\" class=\"aligncenter\" src=\"http:\/\/www2.unicentro.br\/ppge\/files\/2016\/06\/d-pdf-100x100.png\" alt=\"\" width=\"30\" height=\"30\" \/><\/a><\/td>\n<\/tr>\n<tr style=\"height: 72px\">\n<td style=\"width: 238px;text-align: center;height: 72px;background-color: #a3d5f0\">RAIAYNE SOUZA SANTOS<\/td>\n<td style=\"width: 443.875px;text-align: center;height: 72px;background-color: #a3d5f0\"><span class=\"fontstyle0\">CULTURA MAKER NA EDUCA\u00c7\u00c3O:<br \/>\nO ENSINO DA ROB\u00d3TICA PARA A FORMA\u00c7\u00c3O DOCENTE INICIAL <\/span><\/td>\n<td style=\"text-align: center;width: 201.031px;height: 72px;background-color: #a3d5f0\"><span class=\"fontstyle0\">Prof.\u00aa Dr.\u00aa Jamile Santinello<\/span><\/td>\n<td style=\"text-align: center;width: 148.094px;height: 72px;background-color: #a3d5f0\"><a href=\"https:\/\/tede.unicentro.br\/jspui\/bitstream\/jspui\/1859\/2\/Raiayne%20Souza%20Santos%20-.pdf\"><img loading=\"lazy\" decoding=\"async\" class=\"aligncenter\" src=\"http:\/\/www2.unicentro.br\/ppge\/files\/2016\/06\/d-pdf-100x100.png\" alt=\"\" width=\"30\" height=\"30\" \/><\/a><\/td>\n<\/tr>\n<tr style=\"height: 120px;background-color: #02d2d2\">\n<td style=\"width: 238px;text-align: center;height: 120px;background-color: #ffffff\">ROSANGELA KUSPIOSZ CALLIARI<\/td>\n<td style=\"width: 443.875px;text-align: center;height: 120px;background-color: #ffffff\"><span class=\"fontstyle0\">ENSINO DE L\u00cdNGUA ESPANHOLA EM MUNIC\u00cdPIOS DE<br \/>\nFRONTEIRA ENTRE BRASIL E ARGENTINA: UM OLHAR PARA AS POSSIBILIDADES DE EDUCA\u00c7\u00c3O INTERCULTURAL BIL\u00cdNGUE<\/span><\/td>\n<td style=\"text-align: center;width: 201.031px;height: 120px;background-color: #ffffff\"><span class=\"fontstyle0\">Prof.\u00aa Dr.\u00aa Cibele Krause Lemke<\/span><\/td>\n<td style=\"text-align: center;width: 148.094px;height: 120px;background-color: #ffffff\"><a href=\"https:\/\/tede.unicentro.br\/jspui\/bitstream\/jspui\/1868\/2\/Rosangela%20Kupiosz%20Calliari.pdf\"><img loading=\"lazy\" decoding=\"async\" class=\"aligncenter\" src=\"http:\/\/www2.unicentro.br\/ppge\/files\/2016\/06\/d-pdf-100x100.png\" alt=\"\" width=\"30\" height=\"30\" \/><\/a><\/td>\n<\/tr>\n<tr style=\"height: 120px\">\n<td style=\"width: 238px;text-align: center;height: 120px;background-color: #a3d5f0\">SAMOEL CORDEIRO DE SOUZA PRIMO<\/td>\n<td style=\"width: 443.875px;text-align: center;height: 120px;background-color: #a3d5f0\"><span class=\"fontstyle0\">A CONJUNTURA DO FECHAMENTO E NUCLEA\u00c7\u00c3O DAS ESCOLAS DO CAMPO: ASPECTOS DETERMINANTES E CONSEQU\u00caNCIAS PARA A COMUNIDADE ESCOLAR<\/span><\/td>\n<td style=\"text-align: center;width: 201.031px;height: 120px;background-color: #a3d5f0\"><span class=\"fontstyle0\">Prof. Dr. Marcos Gehrke<\/span><\/td>\n<td style=\"text-align: center;width: 148.094px;height: 120px;background-color: #a3d5f0\"><a href=\"https:\/\/tede.unicentro.br\/jspui\/bitstream\/jspui\/1860\/2\/SAMOEL%20CORDEIRO%20DE%20SOUZA%20PRIMO.pdf\"><img loading=\"lazy\" decoding=\"async\" class=\"aligncenter\" src=\"http:\/\/www2.unicentro.br\/ppge\/files\/2016\/06\/d-pdf-100x100.png\" alt=\"\" width=\"30\" height=\"30\" \/><\/a><\/td>\n<\/tr>\n<tr style=\"height: 24px;background-color: #02d2d2\">\n<td style=\"width: 238px;height: 24px;text-align: center;background-color: #ffffff\">VAN\u00caSSA DE C\u00c1SSIA OLIVEIRA<\/td>\n<td style=\"width: 443.875px;height: 24px;text-align: center;background-color: #ffffff\"><span class=\"fontstyle0\">A FORMA\u00c7\u00c3O DO PEDAGOGO NA MODALIDADE EDUCA\u00c7\u00c3O A DIST\u00c2NCIA DA UNIVERSIDADE ESTADUALDO CENTRO-OESTE (UNICENTRO): DO ASPECTO HIST\u00d3RICO DA EaD \u00c0 ORGANIZA\u00c7\u00c3O DA PROPOSTA PEDAG\u00d3GICA DO CURSO DE PEDAGOGIA<\/span><\/td>\n<td style=\"text-align: center;width: 201.031px;height: 24px;background-color: #ffffff\"><span class=\"fontstyle0\">Prof.\u00aa Dr.\u00aa Marisa<br \/>\nSchneckenberg<\/span><\/td>\n<td style=\"text-align: center;width: 148.094px;height: 24px;background-color: #ffffff\"><a href=\"https:\/\/tede.unicentro.br\/jspui\/bitstream\/jspui\/1858\/2\/Van%c3%aassa%20de%20C%c3%a1ssia%20Oliveira.pdf\"><img loading=\"lazy\" decoding=\"async\" class=\"aligncenter\" src=\"http:\/\/www2.unicentro.br\/ppge\/files\/2016\/06\/d-pdf-100x100.png\" alt=\"\" width=\"30\" height=\"30\" \/><\/a><\/td>\n<\/tr>\n<tr style=\"height: 120px\">\n<td style=\"width: 238px;text-align: center;height: 120px;background-color: #a3d5f0\">VICTA OGG JONSON GON\u00c7ALVES<\/td>\n<td style=\"width: 443.875px;height: 120px;text-align: center;background-color: #a3d5f0\"><span class=\"fontstyle0\">UM ESTUDO SOBRE O PROGRAMA DE EXECU\u00c7\u00c3O DAS ALTERNATIVAS PENAIS PATRONATO IRATI-PR: COM \u00caNFASE NO TRABALHO DA \u00c1REA DE PEDAGOGIA <\/span><\/td>\n<td style=\"text-align: center;width: 201.031px;height: 120px;background-color: #a3d5f0\"><span class=\"fontstyle0\">Prof.\u00aa Dr.\u00aa Marisa<br \/>\nSchneckenberg<\/span><\/td>\n<td style=\"text-align: center;width: 148.094px;height: 120px;background-color: #a3d5f0\"><a href=\"https:\/\/tede.unicentro.br\/jspui\/bitstream\/jspui\/1857\/2\/VICTA%20OGG%20JONSON%20GON%c3%87ALVES.pdf\"><img loading=\"lazy\" decoding=\"async\" class=\"aligncenter\" src=\"http:\/\/www2.unicentro.br\/ppge\/files\/2016\/06\/d-pdf-100x100.png\" alt=\"\" width=\"30\" height=\"30\" \/><\/a><\/td>\n<\/tr>\n<\/tbody>\n<\/table>\n<p>&nbsp;<\/p>\n","protected":false},"excerpt":{"rendered":"<p>AUTOR(A) T\u00cdTULO ORIENTADOR(A) DISSERTA\u00c7\u00c3O ADRIANA SOCOLOSKI L\u00cdNGUA, CULTURA E IDENTIDADE NO DISCURSO EDUCATIVO DE E PARA SU\u00c1BIOS DO DAN\u00daBIO EM ENTRE RIOS\/PARAN\u00c1: AN\u00c1LISES E PROPOSTAS DE LEITURA Prof.\u00aa Dr.\u00aa Cibele Krause Lemke BIANCA EMANUELLY HORBUS PINHEIRO FORMA\u00c7\u00c3O DOCENTE PARA O POTENCIAL DAS TECNOLOGIAS DIGITAIS NO ENSINO DE ARTE Prof.\u00aa Dr.\u00aa Jamile Santinello CARLOS EDUARDO BITTENCOURT [&hellip;]<\/p>\n","protected":false},"author":2,"featured_media":0,"parent":0,"menu_order":0,"comment_status":"closed","ping_status":"closed","template":"","meta":{"_exactmetrics_skip_tracking":false,"_exactmetrics_sitenote_active":false,"_exactmetrics_sitenote_note":"","_exactmetrics_sitenote_category":0,"ngg_post_thumbnail":0,"footnotes":"","_links_to":"","_links_to_target":""},"class_list":["post-4801","page","type-page","status-publish","hentry"],"publishpress_future_action":{"enabled":false,"date":"2026-04-17 16:15:08","action":"change-status","newStatus":"draft","terms":[],"taxonomy":"","extraData":[]},"publishpress_future_workflow_manual_trigger":{"enabledWorkflows":[]},"_links":{"self":[{"href":"https:\/\/www2.unicentro.br\/ppge\/wp-json\/wp\/v2\/pages\/4801","targetHints":{"allow":["GET"]}}],"collection":[{"href":"https:\/\/www2.unicentro.br\/ppge\/wp-json\/wp\/v2\/pages"}],"about":[{"href":"https:\/\/www2.unicentro.br\/ppge\/wp-json\/wp\/v2\/types\/page"}],"author":[{"embeddable":true,"href":"https:\/\/www2.unicentro.br\/ppge\/wp-json\/wp\/v2\/users\/2"}],"replies":[{"embeddable":true,"href":"https:\/\/www2.unicentro.br\/ppge\/wp-json\/wp\/v2\/comments?post=4801"}],"version-history":[{"count":13,"href":"https:\/\/www2.unicentro.br\/ppge\/wp-json\/wp\/v2\/pages\/4801\/revisions"}],"predecessor-version":[{"id":7994,"href":"https:\/\/www2.unicentro.br\/ppge\/wp-json\/wp\/v2\/pages\/4801\/revisions\/7994"}],"wp:attachment":[{"href":"https:\/\/www2.unicentro.br\/ppge\/wp-json\/wp\/v2\/media?parent=4801"}],"curies":[{"name":"wp","href":"https:\/\/api.w.org\/{rel}","templated":true}]}}